{"id":100686,"date":"2021-03-09T00:00:00","date_gmt":"2021-03-09T03:00:00","guid":{"rendered":"http:\/\/bestcars.uol.com.br\/bc\/?page_id=100686"},"modified":"2021-03-09T16:41:50","modified_gmt":"2021-03-09T19:41:50","slug":"os-melhores-nos-testes-em-desempenho-e-consumo","status":"publish","type":"page","link":"https:\/\/autolivraria.com.br\/bc\/os-melhores-nos-testes-em-desempenho-e-consumo\/","title":{"rendered":"Os melhores nos testes em desempenho e consumo"},"content":{"rendered":"\n<div class=\"wp-block-image\"><figure class=\"aligncenter size-full\"><img fetchpriority=\"high\" decoding=\"async\" width=\"526\" height=\"227\" src=\"https:\/\/autolivraria.com.br\/bc\/wp-content\/uploads\/2019\/01\/melhores.png\" alt=\"Os melhores nos testes\" class=\"wp-image-100713\" srcset=\"https:\/\/autolivraria.com.br\/bc\/wp-content\/uploads\/2019\/01\/melhores.png 526w, https:\/\/autolivraria.com.br\/bc\/wp-content\/uploads\/2019\/01\/melhores-340x147.png 340w, https:\/\/autolivraria.com.br\/bc\/wp-content\/uploads\/2019\/01\/melhores-222x96.png 222w\" sizes=\"(max-width: 526px) 100vw, 526px\" \/><\/figure><\/div>\n\n\n\n<div class=\"wp-block-group\"><div class=\"wp-block-group__inner-container is-layout-flow wp-block-group-is-layout-flow\">\n<div class=\"wp-block-group\"><div class=\"wp-block-group__inner-container is-layout-flow wp-block-group-is-layout-flow\">\n<p><br>Voc\u00ea \u00e9 daqueles que buscam, acima de tudo, um carro com bom desempenho em acelera\u00e7\u00f5es e retomadas? Ou consumo de combust\u00edvel \u00e9 sua maior prioridade na compra?<\/p>\n\n\n\n<p>Para atender a um p\u00fablico e outro, o <strong>Best Cars<\/strong> faz desde 2014 medi\u00e7\u00f5es de desempenho e consumo dos carros testados e usa desde 2017 o instrumento de aquisi\u00e7\u00e3o de dados <a href=\"https:\/\/autolivraria.com.br\/bc\/informe-se\/noticias\/best-cars-adota-equipamento-de-ponta-para-medicoes\/\" target=\"_blank\" rel=\"noreferrer noopener\">Race Capture Pro<\/a>, apto a medir acelera\u00e7\u00e3o e retomada com grande precis\u00e3o. <\/p>\n\n\n<div class='code-block code-block-7' style='margin: 28px auto; text-align: center; display: block; clear: both;'>\n<script async src=\"https:\/\/pagead2.googlesyndication.com\/pagead\/js\/adsbygoogle.js\"><\/script>\n<!-- AL-quadrado -->\n<ins class=\"adsbygoogle\"\n     style=\"display:block\"\n     data-ad-client=\"ca-pub-1914799802606213\"\n     data-ad-slot=\"5683066082\"\n     data-ad-format=\"auto\"\n     data-full-width-responsive=\"true\"><\/ins>\n<script>\n     (adsbygoogle = window.adsbygoogle || []).push({});\n<\/script><\/div>\n\n\n\n\n<p>Aqui, trazemos uma compila\u00e7\u00e3o dos principais resultados dos testes, em ordem dos melhores aos piores, em cada uma de oito categorias: carros pequenos, m\u00e9dios e grandes, carros esportivos, utilit\u00e1rios esporte e minivans compactos, m\u00e9dios e grandes e picapes.<\/p>\n\n\n\n<p>Em tabelas de r\u00e1pida visualiza\u00e7\u00e3o, voc\u00ea poder\u00e1 comparar carros equivalentes em quatro quesitos: acelera\u00e7\u00e3o de 0 a 100 km\/h, retomada de 60 a 100 km\/h, consumo em trajeto urbano leve e consumo em trajeto rodovi\u00e1rio pelos padr\u00f5es <strong>Best Cars<\/strong> (<a rel=\"noreferrer noopener\" href=\"https:\/\/autolivraria.com.br\/bc\/metodos-de-medicao-de-desempenho-e-consumo\/\" target=\"_blank\">conhe\u00e7a os m\u00e9todos de medi\u00e7\u00e3o<\/a>). Ao clicar no nome de cada um, voc\u00ea tem acesso direto \u00e0s avalia\u00e7\u00f5es e comparativos.<\/p>\n\n\n\n<div class=\"wp-block-image\"><figure class=\"aligncenter\"><a href=\"https:\/\/autolivraria.com.br\/bc\/?p=100725\"><img decoding=\"async\" data-src=\"https:\/\/autolivraria.com.br\/bc\/wp-content\/uploads\/2019\/01\/aceleracao.png\" alt=\"Acelera\u00e7\u00e3o de 0 a 100 km\/h\" src=\"data:image\/svg+xml;base64,PHN2ZyB3aWR0aD0iMSIgaGVpZ2h0PSIxIiB4bWxucz0iaHR0cDovL3d3dy53My5vcmcvMjAwMC9zdmciPjwvc3ZnPg==\" class=\"lazyload\" style=\"--smush-placeholder-width: 526px; --smush-placeholder-aspect-ratio: 526\/227;\" \/><\/a><\/figure><\/div>\n\n\n\n<div class=\"wp-block-image\"><figure class=\"aligncenter\"><a href=\"https:\/\/autolivraria.com.br\/bc\/?p=100727\"><img decoding=\"async\" data-src=\"https:\/\/autolivraria.com.br\/bc\/wp-content\/uploads\/2019\/01\/retomada.png\" alt=\"Retomada de 60 a 100 km\/h\" src=\"data:image\/svg+xml;base64,PHN2ZyB3aWR0aD0iMSIgaGVpZ2h0PSIxIiB4bWxucz0iaHR0cDovL3d3dy53My5vcmcvMjAwMC9zdmciPjwvc3ZnPg==\" class=\"lazyload\" style=\"--smush-placeholder-width: 526px; --smush-placeholder-aspect-ratio: 526\/227;\" \/><\/a><\/figure><\/div>\n\n\n\n<div class=\"wp-block-image\"><figure class=\"aligncenter\"><a href=\"https:\/\/autolivraria.com.br\/bc\/?p=100729\"><img decoding=\"async\" data-src=\"https:\/\/autolivraria.com.br\/bc\/wp-content\/uploads\/2019\/01\/consumo1.png\" alt=\"Consumo em cidade (leve)\" src=\"data:image\/svg+xml;base64,PHN2ZyB3aWR0aD0iMSIgaGVpZ2h0PSIxIiB4bWxucz0iaHR0cDovL3d3dy53My5vcmcvMjAwMC9zdmciPjwvc3ZnPg==\" class=\"lazyload\" style=\"--smush-placeholder-width: 526px; --smush-placeholder-aspect-ratio: 526\/227;\" \/><\/a><\/figure><\/div>\n\n\n\n<div class=\"wp-block-image\"><figure class=\"aligncenter\"><a href=\"https:\/\/autolivraria.com.br\/bc\/?p=100731\"><img decoding=\"async\" data-src=\"https:\/\/autolivraria.com.br\/bc\/wp-content\/uploads\/2019\/01\/consumo2.png\" alt=\"Consumo em rodovia\" src=\"data:image\/svg+xml;base64,PHN2ZyB3aWR0aD0iMSIgaGVpZ2h0PSIxIiB4bWxucz0iaHR0cDovL3d3dy53My5vcmcvMjAwMC9zdmciPjwvc3ZnPg==\" class=\"lazyload\" style=\"--smush-placeholder-width: 526px; --smush-placeholder-aspect-ratio: 526\/227;\" \/><\/a><\/figure><\/div>\n<\/div><\/div>\n\n\n\n<div style=\"height:50px\" aria-hidden=\"true\" class=\"wp-block-spacer\"><\/div>\n<\/div><\/div>\n","protected":false},"excerpt":{"rendered":"<p>Voc\u00ea \u00e9 daqueles que buscam, acima de tudo, um carro com bom desempenho em acelera\u00e7\u00f5es e retomadas? Ou consumo de combust\u00edvel \u00e9 sua maior prioridade na compra? Para atender a um p\u00fablico e outro, o Best Cars faz desde 2014 medi\u00e7\u00f5es de desempenho e consumo dos carros testados e usa desde 2017 o instrumento de<\/p>\n","protected":false},"author":6,"featured_media":0,"parent":0,"menu_order":0,"comment_status":"closed","ping_status":"closed","template":"","meta":{"_joinchat":[],"footnotes":""},"class_list":["post-100686","page","type-page","status-publish","hentry"],"amp_enabled":true,"_links":{"self":[{"href":"https:\/\/autolivraria.com.br\/bc\/wp-json\/wp\/v2\/pages\/100686","targetHints":{"allow":["GET"]}}],"collection":[{"href":"https:\/\/autolivraria.com.br\/bc\/wp-json\/wp\/v2\/pages"}],"about":[{"href":"https:\/\/autolivraria.com.br\/bc\/wp-json\/wp\/v2\/types\/page"}],"author":[{"embeddable":true,"href":"https:\/\/autolivraria.com.br\/bc\/wp-json\/wp\/v2\/users\/6"}],"replies":[{"embeddable":true,"href":"https:\/\/autolivraria.com.br\/bc\/wp-json\/wp\/v2\/comments?post=100686"}],"version-history":[{"count":0,"href":"https:\/\/autolivraria.com.br\/bc\/wp-json\/wp\/v2\/pages\/100686\/revisions"}],"wp:attachment":[{"href":"https:\/\/autolivraria.com.br\/bc\/wp-json\/wp\/v2\/media?parent=100686"}],"curies":[{"name":"wp","href":"https:\/\/api.w.org\/{rel}","templated":true}]}}