{"id":105224,"date":"2019-07-26T10:41:47","date_gmt":"2019-07-26T13:41:47","guid":{"rendered":"http:\/\/bestcars.uol.com.br\/bc\/?page_id=105224"},"modified":"2019-07-26T10:41:47","modified_gmt":"2019-07-26T13:41:47","slug":"teste-comparativo-sedas-chevrolet-cruze-honda-civic-toyota-corolla-vw-jetta","status":"publish","type":"page","link":"https:\/\/autolivraria.com.br\/bc\/teste-comparativo-sedas-chevrolet-cruze-honda-civic-toyota-corolla-vw-jetta\/","title":{"rendered":"Sed\u00e3s: novo VW Jetta diante de Cruze, Civic e Corolla"},"content":{"rendered":"<div id='gallery-1' class='gallery galleryid-105224 gallery-columns-4 gallery-size-thumbnail'><figure class='gallery-item'>\n\t\t\t<div class='gallery-icon landscape'>\n\t\t\t\t<a href='https:\/\/autolivraria.com.br\/bc\/wp-content\/uploads\/2019\/07\/Chevrolet-Cruze-LTZ-15.jpg'><img decoding=\"async\" width=\"222\" height=\"222\" data-src=\"https:\/\/autolivraria.com.br\/bc\/wp-content\/uploads\/2019\/07\/Chevrolet-Cruze-LTZ-15-222x222.jpg\" class=\"attachment-thumbnail size-thumbnail lazyload\" alt=\"\" aria-describedby=\"gallery-1-105555\" src=\"data:image\/svg+xml;base64,PHN2ZyB3aWR0aD0iMSIgaGVpZ2h0PSIxIiB4bWxucz0iaHR0cDovL3d3dy53My5vcmcvMjAwMC9zdmciPjwvc3ZnPg==\" style=\"--smush-placeholder-width: 222px; --smush-placeholder-aspect-ratio: 222\/222;\" \/><\/a>\n\t\t\t<\/div>\n\t\t\t\t<figcaption class='wp-caption-text gallery-caption' id='gallery-1-105555'>\n\t\t\t\tCruze\n\t\t\t\t<\/figcaption><\/figure><figure class='gallery-item'>\n\t\t\t<div class='gallery-icon landscape'>\n\t\t\t\t<a href='https:\/\/autolivraria.com.br\/bc\/wp-content\/uploads\/2019\/07\/Honda-Civic-Touring-15.jpg'><img decoding=\"async\" width=\"222\" height=\"222\" data-src=\"https:\/\/autolivraria.com.br\/bc\/wp-content\/uploads\/2019\/07\/Honda-Civic-Touring-15-222x222.jpg\" class=\"attachment-thumbnail size-thumbnail lazyload\" alt=\"\" aria-describedby=\"gallery-1-105556\" src=\"data:image\/svg+xml;base64,PHN2ZyB3aWR0aD0iMSIgaGVpZ2h0PSIxIiB4bWxucz0iaHR0cDovL3d3dy53My5vcmcvMjAwMC9zdmciPjwvc3ZnPg==\" style=\"--smush-placeholder-width: 222px; --smush-placeholder-aspect-ratio: 222\/222;\" \/><\/a>\n\t\t\t<\/div>\n\t\t\t\t<figcaption class='wp-caption-text gallery-caption' id='gallery-1-105556'>\n\t\t\t\tCivic\n\t\t\t\t<\/figcaption><\/figure><figure class='gallery-item'>\n\t\t\t<div class='gallery-icon landscape'>\n\t\t\t\t<a href='https:\/\/autolivraria.com.br\/bc\/wp-content\/uploads\/2019\/07\/Toyota-Corolla-XRS-15.jpg'><img decoding=\"async\" width=\"222\" height=\"222\" data-src=\"https:\/\/autolivraria.com.br\/bc\/wp-content\/uploads\/2019\/07\/Toyota-Corolla-XRS-15-222x222.jpg\" class=\"attachment-thumbnail size-thumbnail lazyload\" alt=\"\" aria-describedby=\"gallery-1-105554\" src=\"data:image\/svg+xml;base64,PHN2ZyB3aWR0aD0iMSIgaGVpZ2h0PSIxIiB4bWxucz0iaHR0cDovL3d3dy53My5vcmcvMjAwMC9zdmciPjwvc3ZnPg==\" style=\"--smush-placeholder-width: 222px; --smush-placeholder-aspect-ratio: 222\/222;\" \/><\/a>\n\t\t\t<\/div>\n\t\t\t\t<figcaption class='wp-caption-text gallery-caption' id='gallery-1-105554'>\n\t\t\t\tCorolla\n\t\t\t\t<\/figcaption><\/figure><figure class='gallery-item'>\n\t\t\t<div class='gallery-icon landscape'>\n\t\t\t\t<a href='https:\/\/autolivraria.com.br\/bc\/wp-content\/uploads\/2019\/07\/VW-Jetta-R-Line-15.jpg'><img decoding=\"async\" width=\"222\" height=\"222\" data-src=\"https:\/\/autolivraria.com.br\/bc\/wp-content\/uploads\/2019\/07\/VW-Jetta-R-Line-15-222x222.jpg\" class=\"attachment-thumbnail size-thumbnail lazyload\" alt=\"\" aria-describedby=\"gallery-1-105557\" src=\"data:image\/svg+xml;base64,PHN2ZyB3aWR0aD0iMSIgaGVpZ2h0PSIxIiB4bWxucz0iaHR0cDovL3d3dy53My5vcmcvMjAwMC9zdmciPjwvc3ZnPg==\" style=\"--smush-placeholder-width: 222px; --smush-placeholder-aspect-ratio: 222\/222;\" \/><\/a>\n\t\t\t<\/div>\n\t\t\t\t<figcaption class='wp-caption-text gallery-caption' id='gallery-1-105557'>\n\t\t\t\tJetta\n\t\t\t\t<\/figcaption><\/figure>\n\t\t<\/div>\n\n<p>&nbsp;<\/p>\n<div class='et-box et-shadow'>\n\t\t\t\t\t<div class='et-box-content'><h2>Ficha t\u00e9cnica<\/h2>\n<table id=\"table61\" style=\"width: 99.7127%;\" border=\"0\" width=\"100%\" cellspacing=\"0\" cellpadding=\"5\">\n<tbody>\n<tr>\n<td style=\"width: 25.5747%;\" valign=\"top\"><strong>Motor<\/strong><\/td>\n<td style=\"width: 18.5345%;\" valign=\"top\"><strong>Cruze<\/strong><\/td>\n<td style=\"width: 18.5345%;\" valign=\"top\"><strong>Civic<\/strong><\/td>\n<td style=\"width: 18.5345%;\" valign=\"top\"><strong>Corolla<\/strong><\/td>\n<td style=\"width: 18.5345%;\" valign=\"top\"><strong>Jetta<\/strong><\/td>\n<\/tr>\n<tr>\n<td style=\"width: 25.5747%;\" valign=\"top\">Posi\u00e7\u00e3o<\/td>\n<td style=\"width: 18.5345%;\" valign=\"top\">transversal<\/td>\n<td style=\"width: 18.5345%;\" valign=\"top\">transversal<\/td>\n<td style=\"width: 18.5345%;\" valign=\"top\">transversal<\/td>\n<td style=\"width: 18.5345%;\" valign=\"top\">transversal<\/td>\n<\/tr>\n<tr>\n<td style=\"width: 25.5747%;\" valign=\"top\">Cilindros<\/td>\n<td style=\"width: 18.5345%;\" valign=\"top\">4 em linha<\/td>\n<td style=\"width: 18.5345%;\" valign=\"top\">4 em linha<\/td>\n<td style=\"width: 18.5345%;\" valign=\"top\">4 em linha<\/td>\n<td style=\"width: 18.5345%;\" valign=\"top\">4 em linha<\/td>\n<\/tr>\n<tr>\n<td style=\"width: 25.5747%;\" valign=\"top\">Material do bloco\/cabe\u00e7ote<\/td>\n<td style=\"width: 18.5345%;\" valign=\"top\">alum\u00ednio<\/td>\n<td style=\"width: 18.5345%;\" valign=\"top\">alum\u00ednio<\/td>\n<td style=\"width: 18.5345%;\" valign=\"top\">alum\u00ednio<\/td>\n<td style=\"width: 18.5345%;\" valign=\"top\">alum\u00ednio<\/td>\n<\/tr>\n<tr>\n<td style=\"width: 25.5747%;\" valign=\"top\">Comando de v\u00e1lvulas<\/td>\n<td style=\"width: 18.5345%;\" valign=\"top\">duplo no cabe\u00e7ote<\/td>\n<td style=\"width: 18.5345%;\" valign=\"top\">duplo no cabe\u00e7ote<\/td>\n<td style=\"width: 18.5345%;\" valign=\"top\">duplo no cabe\u00e7ote<\/td>\n<td style=\"width: 18.5345%;\" valign=\"top\">duplo no cabe\u00e7ote<\/td>\n<\/tr>\n<tr>\n<td style=\"width: 25.5747%;\" valign=\"top\">V\u00e1lvulas por cilindro<\/td>\n<td style=\"width: 18.5345%;\" valign=\"top\">4, varia\u00e7\u00e3o de tempo<\/td>\n<td style=\"width: 18.5345%;\" valign=\"top\">4, varia\u00e7\u00e3o de tempo<\/td>\n<td style=\"width: 18.5345%;\" valign=\"top\">4, varia\u00e7\u00e3o de tempo<\/td>\n<td style=\"width: 18.5345%;\" valign=\"top\">4, varia\u00e7\u00e3o de tempo<\/td>\n<\/tr>\n<tr>\n<td style=\"width: 25.5747%;\" valign=\"top\">Di\u00e2metro e curso<\/td>\n<td style=\"width: 18.5345%;\" valign=\"top\">74 x 81,3 mm<\/td>\n<td style=\"width: 18.5345%;\" valign=\"top\">73 x 89,5 mm<\/td>\n<td style=\"width: 18.5345%;\" valign=\"top\">80,5 x 97,6 mm<\/td>\n<td style=\"width: 18.5345%;\" valign=\"top\">74,5 x 80 mm<\/td>\n<\/tr>\n<tr>\n<td style=\"width: 25.5747%;\" valign=\"top\">Cilindrada<\/td>\n<td style=\"width: 18.5345%;\" valign=\"top\">1.399 cm\u00b3<\/td>\n<td style=\"width: 18.5345%;\" valign=\"top\">1.498 cm\u00b3<\/td>\n<td style=\"width: 18.5345%;\" valign=\"top\">1.986 cm\u00b3<\/td>\n<td style=\"width: 18.5345%;\" valign=\"top\">1.395 cm\u00b3<\/td>\n<\/tr>\n<tr>\n<td style=\"width: 25.5747%;\" valign=\"top\">Taxa de compress\u00e3o<\/td>\n<td style=\"width: 18.5345%;\" valign=\"top\">10,0:1<\/td>\n<td style=\"width: 18.5345%;\">10,6:1<\/td>\n<td style=\"width: 18.5345%;\" valign=\"top\">12:1<\/td>\n<td style=\"width: 18.5345%;\" valign=\"top\">10:1<\/td>\n<\/tr>\n<tr>\n<td style=\"width: 25.5747%;\" valign=\"top\">Alimenta\u00e7\u00e3o<\/td>\n<td style=\"width: 18.5345%;\" valign=\"top\">inje\u00e7\u00e3o direta, turbo, resfriador de ar<\/td>\n<td style=\"width: 18.5345%;\" valign=\"top\">inje\u00e7\u00e3o direta, turbo, resfriador de ar<\/td>\n<td style=\"width: 18.5345%;\" valign=\"top\">inje\u00e7\u00e3o multiponto sequencial<\/td>\n<td style=\"width: 18.5345%;\" valign=\"top\">inje\u00e7\u00e3o direta, turbo, resfriador de ar<\/td>\n<\/tr>\n<tr>\n<td style=\"width: 25.5747%;\" valign=\"top\">Pot\u00eancia m\u00e1xima (gas.)<\/td>\n<td style=\"width: 18.5345%;\" valign=\"top\">150 cv a 5.600 rpm<\/td>\n<td style=\"width: 18.5345%;\" valign=\"top\">173 cv a 5.500 rpm<\/td>\n<td style=\"width: 18.5345%;\" valign=\"top\">143 cv a 5.600 rpm<\/td>\n<td style=\"width: 18.5345%;\" valign=\"top\">150 cv a 5.000 rpm<\/td>\n<\/tr>\n<tr>\n<td style=\"width: 25.5747%;\" valign=\"top\">Pot\u00eancia m\u00e1xima (\u00e1lc.)<\/td>\n<td style=\"width: 18.5345%;\" valign=\"top\">153 cv a 5.200 rpm<\/td>\n<td style=\"width: 18.5345%;\" valign=\"top\">NA<\/td>\n<td style=\"width: 18.5345%;\" valign=\"top\">154 cv a 5.800 rpm<\/td>\n<td style=\"width: 18.5345%;\" valign=\"top\">150 cv a 5.000 rpm<\/td>\n<\/tr>\n<tr>\n<td style=\"width: 25.5747%;\" valign=\"top\">Torque m\u00e1ximo (gas.)<\/td>\n<td style=\"width: 18.5345%;\" valign=\"top\">24,0 m.kgf a 2.100 rpm<\/td>\n<td style=\"width: 18.5345%;\" valign=\"top\">22,4 m.kgf de 1.700 a 5.500 rpm<\/td>\n<td style=\"width: 18.5345%;\" valign=\"top\">19,4 m.kgf a 4.000 rpm<\/td>\n<td style=\"width: 18.5345%;\" valign=\"top\">25,5 m.kgf de 1.400 a 3.500 rpm<\/td>\n<\/tr>\n<tr>\n<td style=\"width: 25.5747%;\" valign=\"top\">Torque m\u00e1ximo (\u00e1lc.)<\/td>\n<td style=\"width: 18.5345%;\" valign=\"top\">24,5 m.kgf a 2.000 rpm<\/td>\n<td style=\"width: 18.5345%;\" valign=\"top\">NA<\/td>\n<td style=\"width: 18.5345%;\" valign=\"top\">20,3 m.kgf a 4.800 rpm<\/td>\n<td style=\"width: 18.5345%;\" valign=\"top\">25,5 m.kgf de 1.400 a 3.500 rpm<\/td>\n<\/tr>\n<tr>\n<td style=\"width: 25.5747%;\" valign=\"top\">Pot\u00eancia espec\u00edfica (gas.\/\u00e1lc.)<\/td>\n<td style=\"width: 18.5345%;\" valign=\"top\">107,2\/109,4 cv\/l<\/td>\n<td style=\"width: 18.5345%;\" valign=\"top\">115,5 cv\/l<\/td>\n<td style=\"width: 18.5345%;\" valign=\"top\">72,0\/77,5 cv\/l<\/td>\n<td style=\"width: 18.5345%;\" valign=\"top\">107,5 cv\/l<\/td>\n<\/tr>\n<tr>\n<td style=\"width: 25.5747%;\" valign=\"top\"><strong>Transmiss\u00e3o<\/strong><\/td>\n<td style=\"width: 18.5345%;\" valign=\"top\"><strong>Cruze<\/strong><\/td>\n<td style=\"width: 18.5345%;\" valign=\"top\"><strong>Civic<\/strong><\/td>\n<td style=\"width: 18.5345%;\" valign=\"top\"><strong>Corolla<\/strong><\/td>\n<td style=\"width: 18.5345%;\" valign=\"top\"><strong>Jetta<\/strong><\/td>\n<\/tr>\n<tr>\n<td style=\"width: 25.5747%;\" valign=\"top\">Tipo de caixa e marchas<\/td>\n<td style=\"width: 18.5345%;\" valign=\"top\">autom\u00e1tica, 6<\/td>\n<td style=\"width: 18.5345%;\" valign=\"top\">autom\u00e1tica de varia\u00e7\u00e3o cont\u00ednua, simula\u00e7\u00e3o de 7 marchas<\/td>\n<td style=\"width: 18.5345%;\" valign=\"top\">autom\u00e1tica de varia\u00e7\u00e3o cont\u00ednua, simula\u00e7\u00e3o de 7 marchas<\/td>\n<td style=\"width: 18.5345%;\" valign=\"top\">autom\u00e1tica, 6<\/td>\n<\/tr>\n<tr>\n<td style=\"width: 99.7127%;\" colspan=\"5\" valign=\"top\" width=\"100%\">Rela\u00e7\u00e3o e velocidade por 1.000 rpm<\/td>\n<\/tr>\n<tr>\n<td style=\"width: 25.5747%;\" valign=\"top\" width=\"25%\">1\u00aa.<\/td>\n<td style=\"width: 18.5345%;\" valign=\"top\" width=\"15%\">4,45 \/ 9 km\/h<\/td>\n<td style=\"width: 18.5345%;\" rowspan=\"6\" valign=\"top\" width=\"15%\">varia\u00e7\u00e3o entre 2,65 a 0,41 \/ entre 10 e 62 km\/h<\/td>\n<td style=\"width: 18.5345%;\" rowspan=\"6\" valign=\"top\" width=\"15%\">varia\u00e7\u00e3o entre 2,40 e 0,43 \/ entre 11 e 60 km\/h<\/td>\n<td style=\"width: 18.5345%;\" valign=\"top\" width=\"15%\">4,46 \/ 9 km\/h<\/td>\n<\/tr>\n<tr>\n<td style=\"width: 25.5747%;\" valign=\"top\" width=\"25%\">2\u00aa.<\/td>\n<td style=\"width: 18.5345%;\" valign=\"top\" width=\"15%\">2,91 \/ 13 km\/h<\/td>\n<td style=\"width: 18.5345%;\" valign=\"top\" width=\"15%\">2,51 \/ 15 km\/h<\/td>\n<\/tr>\n<tr>\n<td style=\"width: 25.5747%;\" valign=\"top\" width=\"25%\">3\u00aa.<\/td>\n<td style=\"width: 18.5345%;\" valign=\"top\" width=\"15%\">1,89 \/ 21 km\/h<\/td>\n<td style=\"width: 18.5345%;\" valign=\"top\" width=\"15%\">1,56 \/ 25 km\/h<\/td>\n<\/tr>\n<tr>\n<td style=\"width: 25.5747%;\" valign=\"top\" width=\"25%\">4\u00aa.<\/td>\n<td style=\"width: 18.5345%;\" valign=\"top\" width=\"15%\">1,45 \/ 27 km\/h<\/td>\n<td style=\"width: 18.5345%;\" valign=\"top\" width=\"15%\">1,14 \/ 34 km\/h<\/td>\n<\/tr>\n<tr>\n<td style=\"width: 25.5747%;\" valign=\"top\" width=\"25%\">5\u00aa.<\/td>\n<td style=\"width: 18.5345%;\" valign=\"top\" width=\"15%\">1,00 \/ 39 km\/h<\/td>\n<td style=\"width: 18.5345%;\" valign=\"top\" width=\"15%\">0,85 \/ 45 km\/h<\/td>\n<\/tr>\n<tr>\n<td style=\"width: 25.5747%;\" valign=\"top\" width=\"25%\">6\u00aa.<\/td>\n<td style=\"width: 18.5345%;\" valign=\"top\" width=\"15%\">0,74 \/ 53 km\/h<\/td>\n<td style=\"width: 18.5345%;\" valign=\"top\" width=\"15%\">0,67 \/ 57 km\/h<\/td>\n<\/tr>\n<tr>\n<td style=\"width: 25.5747%;\" valign=\"top\">Rela\u00e7\u00e3o(\u00f5es) de diferencial<\/td>\n<td style=\"width: 18.5345%;\" valign=\"top\">3,14<\/td>\n<td style=\"width: 18.5345%;\" valign=\"top\">4,81<\/td>\n<td style=\"width: 18.5345%;\" valign=\"top\">4,76<\/td>\n<td style=\"width: 18.5345%;\" valign=\"top\">3,23<\/td>\n<\/tr>\n<tr>\n<td style=\"width: 25.5747%;\" valign=\"top\">Regime a 120 km\/h*<\/td>\n<td style=\"width: 18.5345%;\" valign=\"top\">2.300 rpm<\/td>\n<td style=\"width: 18.5345%;\" valign=\"top\">1.950 rpm<\/td>\n<td style=\"width: 18.5345%;\" valign=\"top\">2.000 rpm<\/td>\n<td style=\"width: 18.5345%;\" valign=\"top\">2.100 rpm<\/td>\n<\/tr>\n<tr>\n<td style=\"width: 25.5747%;\" valign=\"top\">Regime \u00e0 vel. m\u00e1x. informada<\/td>\n<td style=\"width: 18.5345%;\" valign=\"top\">ND<\/td>\n<td style=\"width: 18.5345%;\" valign=\"top\">ND<\/td>\n<td style=\"width: 18.5345%;\" valign=\"top\">ND<\/td>\n<td style=\"width: 18.5345%;\" valign=\"top\">4.650 rpm (5\u00aa.)<\/td>\n<\/tr>\n<tr>\n<td style=\"width: 25.5747%;\" valign=\"top\">Tra\u00e7\u00e3o<\/td>\n<td style=\"width: 18.5345%;\" valign=\"top\">dianteira<\/td>\n<td style=\"width: 18.5345%;\" valign=\"top\">dianteira<\/td>\n<td style=\"width: 18.5345%;\" valign=\"top\">dianteira<\/td>\n<td style=\"width: 18.5345%;\" valign=\"top\">dianteira<\/td>\n<\/tr>\n<tr>\n<td style=\"width: 99.7127%;\" colspan=\"5\" valign=\"top\">* Na \u00faltima marcha ou rela\u00e7\u00e3o da CVT<\/td>\n<\/tr>\n<tr>\n<td style=\"width: 25.5747%;\" valign=\"top\"><strong>Freios<\/strong><\/td>\n<td style=\"width: 18.5345%;\" valign=\"top\"><strong>Cruze<\/strong><\/td>\n<td style=\"width: 18.5345%;\" valign=\"top\"><strong>Civic<\/strong><\/td>\n<td style=\"width: 18.5345%;\" valign=\"top\"><strong>Corolla<\/strong><\/td>\n<td style=\"width: 18.5345%;\" valign=\"top\"><strong>Jetta<\/strong><\/td>\n<\/tr>\n<tr>\n<td style=\"width: 25.5747%;\" valign=\"top\">Dianteiros<\/td>\n<td style=\"width: 18.5345%;\" valign=\"top\">a disco ventilado<\/td>\n<td style=\"width: 18.5345%;\" valign=\"top\">a disco ventilado<\/td>\n<td style=\"width: 18.5345%;\" valign=\"top\">a disco ventilado<\/td>\n<td style=\"width: 18.5345%;\" valign=\"top\">a disco ventilado<\/td>\n<\/tr>\n<tr>\n<td style=\"width: 25.5747%;\" valign=\"top\">Traseiros<\/td>\n<td style=\"width: 18.5345%;\" valign=\"top\">a disco<\/td>\n<td style=\"width: 18.5345%;\" valign=\"top\">a disco<\/td>\n<td style=\"width: 18.5345%;\" valign=\"top\">a disco<\/td>\n<td style=\"width: 18.5345%;\" valign=\"top\">a disco<\/td>\n<\/tr>\n<tr>\n<td style=\"width: 25.5747%;\" valign=\"top\">Antitravamento (ABS)<\/td>\n<td style=\"width: 18.5345%;\" valign=\"top\">sim<\/td>\n<td style=\"width: 18.5345%;\" valign=\"top\">sim<\/td>\n<td style=\"width: 18.5345%;\" valign=\"top\">sim<\/td>\n<td style=\"width: 18.5345%;\" valign=\"top\">sim<\/td>\n<\/tr>\n<tr>\n<td style=\"width: 25.5747%;\" valign=\"top\"><strong>Dire\u00e7\u00e3o<\/strong><\/td>\n<td style=\"width: 18.5345%;\" valign=\"top\"><strong>Cruze<\/strong><\/td>\n<td style=\"width: 18.5345%;\" valign=\"top\"><strong>Civic<\/strong><\/td>\n<td style=\"width: 18.5345%;\" valign=\"top\"><strong>Corolla<\/strong><\/td>\n<td style=\"width: 18.5345%;\" valign=\"top\"><strong>Jetta<\/strong><\/td>\n<\/tr>\n<tr>\n<td style=\"width: 25.5747%;\" valign=\"top\">Sistema<\/td>\n<td style=\"width: 18.5345%;\" valign=\"top\">pinh\u00e3o e cremalheira<\/td>\n<td style=\"width: 18.5345%;\" valign=\"top\">pinh\u00e3o e cremalheira<\/td>\n<td style=\"width: 18.5345%;\" valign=\"top\">pinh\u00e3o e cremalheira<\/td>\n<td style=\"width: 18.5345%;\" valign=\"top\">pinh\u00e3o e cremalheira<\/td>\n<\/tr>\n<tr>\n<td style=\"width: 25.5747%;\" valign=\"top\">Assist\u00eancia<\/td>\n<td style=\"width: 18.5345%;\" valign=\"top\">el\u00e9trica<\/td>\n<td style=\"width: 18.5345%;\" valign=\"top\">el\u00e9trica<\/td>\n<td style=\"width: 18.5345%;\" valign=\"top\">el\u00e9trica<\/td>\n<td style=\"width: 18.5345%;\" valign=\"top\">el\u00e9trica<\/td>\n<\/tr>\n<tr>\n<td style=\"width: 25.5747%;\" valign=\"top\">Di\u00e2metro de giro<\/td>\n<td style=\"width: 18.5345%;\" valign=\"top\">10,5 m<\/td>\n<td style=\"width: 18.5345%;\" valign=\"top\">11,2 m<\/td>\n<td style=\"width: 18.5345%;\" valign=\"top\">10,8 m<\/td>\n<td style=\"width: 18.5345%;\" valign=\"top\">11,2 m<\/td>\n<\/tr>\n<tr>\n<td style=\"width: 25.5747%;\" valign=\"top\"><strong>Suspens\u00e3o\u00a0<\/strong><\/td>\n<td style=\"width: 18.5345%;\" valign=\"top\"><strong>Cruze<\/strong><\/td>\n<td style=\"width: 18.5345%;\" valign=\"top\"><strong>Civic<\/strong><\/td>\n<td style=\"width: 18.5345%;\" valign=\"top\"><strong>Corolla<\/strong><\/td>\n<td style=\"width: 18.5345%;\" valign=\"top\"><strong>Jetta<\/strong><\/td>\n<\/tr>\n<tr>\n<td style=\"width: 25.5747%;\" valign=\"top\">Dianteira<\/td>\n<td style=\"width: 18.5345%;\" valign=\"top\">independente, McPherson<\/td>\n<td style=\"width: 18.5345%;\" valign=\"top\">independente, McPherson<\/td>\n<td style=\"width: 18.5345%;\" valign=\"top\">independente, McPherson<\/td>\n<td style=\"width: 18.5345%;\" valign=\"top\">independente, McPherson<\/td>\n<\/tr>\n<tr>\n<td style=\"width: 25.5747%;\" valign=\"top\">Traseira<\/td>\n<td style=\"width: 18.5345%;\" valign=\"top\">eixo de tor\u00e7\u00e3o<\/td>\n<td style=\"width: 18.5345%;\" valign=\"top\">independente, multibra\u00e7o<\/td>\n<td style=\"width: 18.5345%;\" valign=\"top\">eixo de tor\u00e7\u00e3o<\/td>\n<td style=\"width: 18.5345%;\" valign=\"top\">eixo de tor\u00e7\u00e3o<\/td>\n<\/tr>\n<tr>\n<td style=\"width: 25.5747%;\" valign=\"top\">Elemento el\u00e1stico<\/td>\n<td style=\"width: 18.5345%;\" valign=\"top\">mola helicoidal<\/td>\n<td style=\"width: 18.5345%;\" valign=\"top\">mola helicoidal<\/td>\n<td style=\"width: 18.5345%;\" valign=\"top\">mola helicoidal<\/td>\n<td style=\"width: 18.5345%;\" valign=\"top\">mola helicoidal<\/td>\n<\/tr>\n<tr>\n<td style=\"width: 25.5747%;\" valign=\"top\">Estabilizador(es)<\/td>\n<td style=\"width: 18.5345%;\" valign=\"top\">dianteiro<\/td>\n<td style=\"width: 18.5345%;\" valign=\"top\">dianteiro e traseiro<\/td>\n<td style=\"width: 18.5345%;\" valign=\"top\">dianteiro e traseiro<\/td>\n<td style=\"width: 18.5345%;\" valign=\"top\">dianteiro<\/td>\n<\/tr>\n<tr>\n<td style=\"width: 25.5747%;\" valign=\"top\"><strong>Rodas<\/strong><\/td>\n<td style=\"width: 18.5345%;\" valign=\"top\"><strong>Cruze<\/strong><\/td>\n<td style=\"width: 18.5345%;\" valign=\"top\"><strong>Civic<\/strong><\/td>\n<td style=\"width: 18.5345%;\" valign=\"top\"><strong>Corolla<\/strong><\/td>\n<td style=\"width: 18.5345%;\" valign=\"top\"><strong>Jetta<\/strong><\/td>\n<\/tr>\n<tr>\n<td style=\"width: 25.5747%;\" valign=\"top\">Dimens\u00f5es<\/td>\n<td style=\"width: 18.5345%;\" valign=\"top\">6 x 17 pol<\/td>\n<td style=\"width: 18.5345%;\" valign=\"top\">7 x 17 pol<\/td>\n<td style=\"width: 18.5345%;\" valign=\"top\">17 pol<\/td>\n<td style=\"width: 18.5345%;\" valign=\"top\">7 x 17 pol<\/td>\n<\/tr>\n<tr>\n<td style=\"width: 25.5747%;\" valign=\"top\">Pneus<\/td>\n<td style=\"width: 18.5345%;\" valign=\"top\">215\/50 R 17 V<\/td>\n<td style=\"width: 18.5345%;\" valign=\"top\">215\/50 R 17 V<\/td>\n<td style=\"width: 18.5345%;\" valign=\"top\">205\/50 R 17 V<\/td>\n<td style=\"width: 18.5345%;\" valign=\"top\">205\/55 R 17 H<\/td>\n<\/tr>\n<tr>\n<td style=\"width: 25.5747%;\" valign=\"top\"><strong>Dimens\u00f5es<\/strong><\/td>\n<td style=\"width: 18.5345%;\" valign=\"top\"><strong>Cruze<\/strong><\/td>\n<td style=\"width: 18.5345%;\" valign=\"top\"><strong>Civic<\/strong><\/td>\n<td style=\"width: 18.5345%;\" valign=\"top\"><strong>Corolla<\/strong><\/td>\n<td style=\"width: 18.5345%;\" valign=\"top\"><strong>Jetta<\/strong><\/td>\n<\/tr>\n<tr>\n<td style=\"width: 25.5747%;\" valign=\"top\">Comprimento<\/td>\n<td style=\"width: 18.5345%;\" valign=\"top\">4,665 m<\/td>\n<td style=\"width: 18.5345%;\" valign=\"top\">4,637 m<\/td>\n<td style=\"width: 18.5345%;\" valign=\"top\">4,62 m<\/td>\n<td style=\"width: 18.5345%;\" valign=\"top\">4,702 m<\/td>\n<\/tr>\n<tr>\n<td style=\"width: 25.5747%;\" valign=\"top\">Largura<\/td>\n<td style=\"width: 18.5345%;\" valign=\"top\">1,807 m<\/td>\n<td style=\"width: 18.5345%;\" valign=\"top\">1,798 m<\/td>\n<td style=\"width: 18.5345%;\" valign=\"top\">1,775 m<\/td>\n<td style=\"width: 18.5345%;\" valign=\"top\">1,799 m<\/td>\n<\/tr>\n<tr>\n<td style=\"width: 25.5747%;\" valign=\"top\">Altura<\/td>\n<td style=\"width: 18.5345%;\" valign=\"top\">1,484 m<\/td>\n<td style=\"width: 18.5345%;\" valign=\"top\">1,433 m<\/td>\n<td style=\"width: 18.5345%;\" valign=\"top\">1,475 m<\/td>\n<td style=\"width: 18.5345%;\" valign=\"top\">1,474 m<\/td>\n<\/tr>\n<tr>\n<td style=\"width: 25.5747%;\" valign=\"top\">Entre-eixos<\/td>\n<td style=\"width: 18.5345%;\" valign=\"top\">2,70 m<\/td>\n<td style=\"width: 18.5345%;\" valign=\"top\">2,70 m<\/td>\n<td style=\"width: 18.5345%;\" valign=\"top\">2,70 m<\/td>\n<td style=\"width: 18.5345%;\" valign=\"top\">2,688 m<\/td>\n<\/tr>\n<tr>\n<td style=\"width: 25.5747%;\" valign=\"top\">Coeficiente aerodin\u00e2mico (Cx)<\/td>\n<td style=\"width: 18.5345%;\" valign=\"top\">0,30<\/td>\n<td style=\"width: 18.5345%;\" valign=\"top\">ND<\/td>\n<td style=\"width: 18.5345%;\" valign=\"top\">ND<\/td>\n<td style=\"width: 18.5345%;\" valign=\"top\">0,299<\/td>\n<\/tr>\n<tr>\n<td style=\"width: 25.5747%;\" valign=\"top\"><strong>Capacidades e peso<\/strong><\/td>\n<td style=\"width: 18.5345%;\" valign=\"top\"><strong>Cruze<\/strong><\/td>\n<td style=\"width: 18.5345%;\" valign=\"top\"><strong>Civic<\/strong><\/td>\n<td style=\"width: 18.5345%;\" valign=\"top\"><strong>Corolla<\/strong><\/td>\n<td style=\"width: 18.5345%;\" valign=\"top\"><strong>Jetta<\/strong><\/td>\n<\/tr>\n<tr>\n<td style=\"width: 25.5747%;\" valign=\"top\">Tanque de combust\u00edvel<\/td>\n<td style=\"width: 18.5345%;\" valign=\"top\">52 l<\/td>\n<td style=\"width: 18.5345%;\" valign=\"top\">56 l<\/td>\n<td style=\"width: 18.5345%;\" valign=\"top\">60 l<\/td>\n<td style=\"width: 18.5345%;\" valign=\"top\">50 l<\/td>\n<\/tr>\n<tr>\n<td style=\"width: 25.5747%;\" valign=\"top\">Compartimento de bagagem<\/td>\n<td style=\"width: 18.5345%;\" valign=\"top\">440 l<\/td>\n<td style=\"width: 18.5345%;\" valign=\"top\">519 l<\/td>\n<td style=\"width: 18.5345%;\" valign=\"top\">470 l<\/td>\n<td style=\"width: 18.5345%;\" valign=\"top\">510 l<\/td>\n<\/tr>\n<tr>\n<td style=\"width: 25.5747%;\" valign=\"top\">Peso em ordem de marcha<\/td>\n<td style=\"width: 18.5345%;\" valign=\"top\">1.321 kg<\/td>\n<td style=\"width: 18.5345%;\" valign=\"top\">1.326 kg<\/td>\n<td style=\"width: 18.5345%;\" valign=\"top\">1.290 kg<\/td>\n<td style=\"width: 18.5345%;\" valign=\"top\">1.331 kg<\/td>\n<\/tr>\n<tr>\n<td style=\"width: 25.5747%;\" valign=\"top\">Peso-pot\u00eancia (gas.\/\u00e1lc.)<\/td>\n<td style=\"width: 18.5345%;\" valign=\"top\">8,8\/8,6 kg\/cv<\/td>\n<td style=\"width: 18.5345%;\" valign=\"top\">7,7 kg\/cv<\/td>\n<td style=\"width: 18.5345%;\" valign=\"top\">9,0\/8,4 kg\/cv<\/td>\n<td style=\"width: 18.5345%;\" valign=\"top\">8,9 kg\/cv<\/td>\n<\/tr>\n<tr>\n<td style=\"width: 25.5747%;\" valign=\"top\"><strong>Garantia<\/strong><\/td>\n<td style=\"width: 18.5345%;\" valign=\"top\"><strong>Cruze<\/strong><\/td>\n<td style=\"width: 18.5345%;\" valign=\"top\"><strong>Civic<\/strong><\/td>\n<td style=\"width: 18.5345%;\" valign=\"top\"><strong>Corolla<\/strong><\/td>\n<td style=\"width: 18.5345%;\" valign=\"top\"><strong>Jetta<\/strong><\/td>\n<\/tr>\n<tr>\n<td style=\"width: 25.5747%;\" valign=\"top\">Prazo<\/td>\n<td style=\"width: 74.138%;\" colspan=\"4\" valign=\"top\">3 anos sem limite de quilometragem<\/td>\n<\/tr>\n<tr>\n<td style=\"width: 25.5747%;\" valign=\"top\"><strong>Carros avaliados<\/strong><\/td>\n<td style=\"width: 18.5345%;\" valign=\"top\"><strong>Cruze<\/strong><\/td>\n<td style=\"width: 18.5345%;\" valign=\"top\"><strong>Civic<\/strong><\/td>\n<td style=\"width: 18.5345%;\" valign=\"top\"><strong>Corolla<\/strong><\/td>\n<td style=\"width: 18.5345%;\" valign=\"top\"><strong>Jetta<\/strong><\/td>\n<\/tr>\n<tr>\n<td style=\"width: 25.5747%;\" valign=\"top\">Ano-modelo<\/td>\n<td style=\"width: 18.5345%;\" valign=\"top\">2019<\/td>\n<td style=\"width: 18.5345%;\" valign=\"top\">2019<\/td>\n<td style=\"width: 18.5345%;\" valign=\"top\">2019<\/td>\n<td style=\"width: 18.5345%;\" valign=\"top\">2019<\/td>\n<\/tr>\n<tr>\n<td style=\"width: 25.5747%;\" valign=\"top\">Pneus<\/td>\n<td style=\"width: 18.5345%;\" valign=\"top\">Pirelli Cinturato P7<\/td>\n<td style=\"width: 18.5345%;\" valign=\"top\">Bridgestone Turanza ER33<\/td>\n<td style=\"width: 18.5345%;\" valign=\"top\">Pirelli Cinturato P7<\/td>\n<td style=\"width: 18.5345%;\" valign=\"top\">Bridgestone Ecopia EP422 Plus<\/td>\n<\/tr>\n<tr>\n<td style=\"width: 25.5747%;\" valign=\"top\">Quilometragem inicial<\/td>\n<td style=\"width: 18.5345%;\" valign=\"top\">14.000 km<\/td>\n<td style=\"width: 18.5345%;\" valign=\"top\">3.000 km<\/td>\n<td style=\"width: 18.5345%;\" valign=\"top\">14.000 km<\/td>\n<td style=\"width: 18.5345%;\" valign=\"top\">11.000 km<\/td>\n<\/tr>\n<tr>\n<td style=\"width: 99.7127%;\" colspan=\"5\" valign=\"top\">Dados do fabricante; NA = n\u00e3o aplic\u00e1vel; ND = n\u00e3o dispon\u00edvel<\/td>\n<\/tr>\n<\/tbody>\n<\/table><\/div><\/div>\n<a href='https:\/\/autolivraria.com.br\/bc\/informe-se\/avaliacao\/teste-comparativo-sedas-chevrolet-cruze-honda-civic-toyota-corolla-vw-jetta\/' class='small-button smallsilver' target=\"_blank\">Volta ao comparativo<\/a>\n<p>&nbsp;<\/p>\n","protected":false},"excerpt":{"rendered":"<p>&nbsp; &nbsp;<\/p>\n","protected":false},"author":6,"featured_media":0,"parent":0,"menu_order":0,"comment_status":"closed","ping_status":"closed","template":"","meta":{"_joinchat":[],"footnotes":""},"class_list":["post-105224","page","type-page","status-publish","hentry"],"amp_enabled":true,"_links":{"self":[{"href":"https:\/\/autolivraria.com.br\/bc\/wp-json\/wp\/v2\/pages\/105224","targetHints":{"allow":["GET"]}}],"collection":[{"href":"https:\/\/autolivraria.com.br\/bc\/wp-json\/wp\/v2\/pages"}],"about":[{"href":"https:\/\/autolivraria.com.br\/bc\/wp-json\/wp\/v2\/types\/page"}],"author":[{"embeddable":true,"href":"https:\/\/autolivraria.com.br\/bc\/wp-json\/wp\/v2\/users\/6"}],"replies":[{"embeddable":true,"href":"https:\/\/autolivraria.com.br\/bc\/wp-json\/wp\/v2\/comments?post=105224"}],"version-history":[{"count":0,"href":"https:\/\/autolivraria.com.br\/bc\/wp-json\/wp\/v2\/pages\/105224\/revisions"}],"wp:attachment":[{"href":"https:\/\/autolivraria.com.br\/bc\/wp-json\/wp\/v2\/media?parent=105224"}],"curies":[{"name":"wp","href":"https:\/\/api.w.org\/{rel}","templated":true}]}}