{"id":10840,"date":"2012-09-27T00:00:23","date_gmt":"2012-09-27T03:00:23","guid":{"rendered":"http:\/\/bestcars.uol.com.br\/bc\/?page_id=10840"},"modified":"2014-09-30T14:54:46","modified_gmt":"2014-09-30T17:54:46","slug":"salao-de-paris-2012","status":"publish","type":"page","link":"https:\/\/autolivraria.com.br\/bc\/salao-de-paris-2012\/","title":{"rendered":"Sal\u00e3o de Paris 2012"},"content":{"rendered":"\n\t\t<div class='et-simple-slider et_sliderfx_slide et_sliderauto_true et_sliderauto_speed_4000 et_slidertype_simple'>\n\t\t\t<div class='et-simple-slides'>\n\t\t\t\t<div class='et-tabs-content-wrapper'>\n\t\t\t\t\t<div class='et_slidecontent'>\n\t\t\t<a href=\"https:\/\/autolivraria.com.br\/bc\/informe-se\/noticias\/mercedes-sls-eletrico-quatro-motores-e-750-cv\/\"><img fetchpriority=\"high\" decoding=\"async\" class=\"aligncenter size-post-thumb wp-image-12880\" title=\"Mercedes-Benz SLS AMG Electric Drive\" src=\"https:\/\/autolivraria.com.br\/bc\/wp-content\/uploads\/2012\/09\/Mercedes-Benz-SLS-AMG-Electric-Drive-10-470x313.jpg\" alt=\"\" width=\"470\" height=\"313\" srcset=\"https:\/\/autolivraria.com.br\/bc\/wp-content\/uploads\/2012\/09\/Mercedes-Benz-SLS-AMG-Electric-Drive-10-470x313.jpg 470w, https:\/\/autolivraria.com.br\/bc\/wp-content\/uploads\/2012\/09\/Mercedes-Benz-SLS-AMG-Electric-Drive-10-560x373.jpg 560w, https:\/\/autolivraria.com.br\/bc\/wp-content\/uploads\/2012\/09\/Mercedes-Benz-SLS-AMG-Electric-Drive-10-270x179.jpg 270w, https:\/\/autolivraria.com.br\/bc\/wp-content\/uploads\/2012\/09\/Mercedes-Benz-SLS-AMG-Electric-Drive-10.jpg 1280w\" sizes=\"(max-width: 470px) 100vw, 470px\" \/><\/a>\n\t\t<\/div>\n\n\t\t<div class='et_slidecontent'>\n\t\t\t<a href=\"https:\/\/autolivraria.com.br\/bc\/informe-se\/noticias\/audi-crosslane-pode-prever-estilo-de-seus-utilitarios\/\"><img decoding=\"async\" class=\"aligncenter size-post-thumb wp-image-12828 lazyload\" title=\"Audi Crosslane\" data-src=\"https:\/\/autolivraria.com.br\/bc\/wp-content\/uploads\/2012\/09\/Audi-Crosslane-08a-470x313.jpg\" alt=\"\" width=\"470\" height=\"313\" src=\"data:image\/svg+xml;base64,PHN2ZyB3aWR0aD0iMSIgaGVpZ2h0PSIxIiB4bWxucz0iaHR0cDovL3d3dy53My5vcmcvMjAwMC9zdmciPjwvc3ZnPg==\" style=\"--smush-placeholder-width: 470px; --smush-placeholder-aspect-ratio: 470\/313;\" \/><\/a>\n\t\t<\/div>\n\n\t\t<div class='et_slidecontent'>\n\t\t\t<a href=\"https:\/\/autolivraria.com.br\/bc\/informe-se\/noticias\/jaguar-f-type-as-fotos-oficiais-do-novo-roadster\/\"><img decoding=\"async\" class=\"aligncenter size-post-thumb wp-image-12769 lazyload\" title=\"Jaguar F-Type\" data-src=\"https:\/\/autolivraria.com.br\/bc\/wp-content\/uploads\/2012\/09\/Jaguar-F-Type-03b-470x313.jpg\" alt=\"\" width=\"470\" height=\"313\" src=\"data:image\/svg+xml;base64,PHN2ZyB3aWR0aD0iMSIgaGVpZ2h0PSIxIiB4bWxucz0iaHR0cDovL3d3dy53My5vcmcvMjAwMC9zdmciPjwvc3ZnPg==\" style=\"--smush-placeholder-width: 470px; --smush-placeholder-aspect-ratio: 470\/313;\" \/><\/a>\n\t\t<\/div>\n\n\t\t<div class='et_slidecontent'>\n\t\t\t<a href=\"https:\/\/autolivraria.com.br\/bc\/informe-se\/noticias\/sport-turismo-a-porsche-adere-as-shooting-brakes\/\"><img decoding=\"async\" class=\"aligncenter size-post-thumb wp-image-12753 lazyload\" title=\"Porsche Panamera Sport Turismo\" data-src=\"https:\/\/autolivraria.com.br\/bc\/wp-content\/uploads\/2012\/09\/Porsche-Panamera-Sport-Turismo-06-470x313.jpg\" alt=\"\" width=\"470\" height=\"313\" data-srcset=\"https:\/\/autolivraria.com.br\/bc\/wp-content\/uploads\/2012\/09\/Porsche-Panamera-Sport-Turismo-06-470x313.jpg 470w, https:\/\/autolivraria.com.br\/bc\/wp-content\/uploads\/2012\/09\/Porsche-Panamera-Sport-Turismo-06-560x373.jpg 560w, https:\/\/autolivraria.com.br\/bc\/wp-content\/uploads\/2012\/09\/Porsche-Panamera-Sport-Turismo-06-270x179.jpg 270w, https:\/\/autolivraria.com.br\/bc\/wp-content\/uploads\/2012\/09\/Porsche-Panamera-Sport-Turismo-06.jpg 1280w\" data-sizes=\"(max-width: 470px) 100vw, 470px\" src=\"data:image\/svg+xml;base64,PHN2ZyB3aWR0aD0iMSIgaGVpZ2h0PSIxIiB4bWxucz0iaHR0cDovL3d3dy53My5vcmcvMjAwMC9zdmciPjwvc3ZnPg==\" style=\"--smush-placeholder-width: 470px; --smush-placeholder-aspect-ratio: 470\/313;\" \/><\/a>\n\t\t<\/div>\n\n\t\t<div class='et_slidecontent'>\n\t\t\t<a href=\"https:\/\/autolivraria.com.br\/bc\/destaques\/mini-paceman-de-tres-portas-aparece-por-inteiro\/\"><img decoding=\"async\" class=\"aligncenter size-post-thumb wp-image-11809 lazyload\" title=\"Mini Paceman\" data-src=\"https:\/\/autolivraria.com.br\/bc\/wp-content\/uploads\/2012\/09\/Mini-Paceman-01-470x313.jpg\" alt=\"\" width=\"470\" height=\"313\" data-srcset=\"https:\/\/autolivraria.com.br\/bc\/wp-content\/uploads\/2012\/09\/Mini-Paceman-01-470x313.jpg 470w, https:\/\/autolivraria.com.br\/bc\/wp-content\/uploads\/2012\/09\/Mini-Paceman-01-560x373.jpg 560w, https:\/\/autolivraria.com.br\/bc\/wp-content\/uploads\/2012\/09\/Mini-Paceman-01-270x179.jpg 270w, https:\/\/autolivraria.com.br\/bc\/wp-content\/uploads\/2012\/09\/Mini-Paceman-01.jpg 1280w\" data-sizes=\"(max-width: 470px) 100vw, 470px\" src=\"data:image\/svg+xml;base64,PHN2ZyB3aWR0aD0iMSIgaGVpZ2h0PSIxIiB4bWxucz0iaHR0cDovL3d3dy53My5vcmcvMjAwMC9zdmciPjwvc3ZnPg==\" style=\"--smush-placeholder-width: 470px; --smush-placeholder-aspect-ratio: 470\/313;\" \/><\/a>\n\t\t<\/div>\n\n\t\t<div class='et_slidecontent'>\n\t\t\t<a href=\"https:\/\/autolivraria.com.br\/bc\/informe-se\/noticias\/lexus-lf-cc-antecipa-cupe-medio-de-tracao-traseira\/\"><img decoding=\"async\" class=\"aligncenter lazyload\" title=\"Lexus LF-CC\" data-src=\"https:\/\/autolivraria.com.br\/bc\/wp-content\/uploads\/2012\/09\/Lexus-LF-CC-01-470x313.jpg\" alt=\"\" width=\"470\" height=\"313\" src=\"data:image\/svg+xml;base64,PHN2ZyB3aWR0aD0iMSIgaGVpZ2h0PSIxIiB4bWxucz0iaHR0cDovL3d3dy53My5vcmcvMjAwMC9zdmciPjwvc3ZnPg==\" style=\"--smush-placeholder-width: 470px; --smush-placeholder-aspect-ratio: 470\/313;\" \/><\/a>\n\t\t<\/div>\n\n\t\t<div class='et_slidecontent'>\n\t\t\t<a href=\"https:\/\/autolivraria.com.br\/bc\/informe-se\/noticias\/volkswagen-golf-conheca-a-setima-geracao\/\"><img decoding=\"async\" class=\"aligncenter size-post-thumb wp-image-10990 lazyload\" title=\"VW Golf\" data-src=\"https:\/\/autolivraria.com.br\/bc\/wp-content\/uploads\/2012\/09\/VW-Golf-15-470x313.jpg\" alt=\"\" width=\"470\" height=\"313\" src=\"data:image\/svg+xml;base64,PHN2ZyB3aWR0aD0iMSIgaGVpZ2h0PSIxIiB4bWxucz0iaHR0cDovL3d3dy53My5vcmcvMjAwMC9zdmciPjwvc3ZnPg==\" style=\"--smush-placeholder-width: 470px; --smush-placeholder-aspect-ratio: 470\/313;\" \/><\/a>\n\t\t<\/div>\n\t\t\t\t<\/div>\n\t\t\t<\/div>\n\t\t<\/div> <!-- .et-simple-slider -->\n\t\t\n<h2>Com tecnologia para conciliar prazer de dirigir e preserva\u00e7\u00e3o<br \/>\nambiental,\u00a0o evento franc\u00eas promete antecipar o amanh\u00e3<\/h2>\n<p>&nbsp;<\/p>\n<div class='one_half'>\n\t\t\t\t\t<p>&#8220;O futuro, hoje&#8221; \u00e9 o mote do Mondial de l&#8217;Automobile, ou Sal\u00e3o de Paris, em sua edi\u00e7\u00e3o de 2012. O tema \u00e9 f\u00e1cil de entender: com as crescentes restri\u00e7\u00f5es \u00e0 emiss\u00e3o de g\u00e1s carb\u00f4nico (CO2), os fabricantes europeus e de outras proced\u00eancias precisam avan\u00e7ar cada vez mais r\u00e1pido em tecnologia, sem o que os carros ofereceriam menos desempenho e prazer de dirigir para atender aos novos limites.<\/p>\n<p>O evento que acontece a cada dois anos no Paris Expo, em Porte de Versailles, est\u00e1 entre os maiores sal\u00f5es do autom\u00f3vel do mundo: na edi\u00e7\u00e3o de 2010, recebeu 1,26 milh\u00e3o de visitantes, que foram conhecer lan\u00e7amentos como Audi A7, Citro\u00ebn C4, Ford Focus e Peugeot 508 e admirar carros-conceito, a exemplo de Jaguar C-X75, Lamborghini Sesto Elemento e Renault DeZir. N\u00e3o ser\u00e1 diferente nesta 80\u00aa. edi\u00e7\u00e3o.<\/p>\n\t\t\t\t<\/div>\n<div class='one_half last'>\n\t\t\t\t\t<a style=\"font-size: 11px; line-height: normal; text-align: -webkit-right;\" href=\"https:\/\/www.autolivraria.com.br\/saloes2\/historia-salao-paris-1.htm\"><img decoding=\"async\" class=\"alignright lazyload\" title=\"Sal\u00e3o de Paris\" data-src=\"https:\/\/autolivraria.com.br\/bc\/wp-content\/uploads\/2012\/09\/Salao-de-Paris-historia1.jpg\" alt=\"\" width=\"220\" height=\"314\" src=\"data:image\/svg+xml;base64,PHN2ZyB3aWR0aD0iMSIgaGVpZ2h0PSIxIiB4bWxucz0iaHR0cDovL3d3dy53My5vcmcvMjAwMC9zdmciPjwvc3ZnPg==\" style=\"--smush-placeholder-width: 220px; --smush-placeholder-aspect-ratio: 220\/314;\" \/><\/a>\n\t\t\t\t<\/div><div class='clear'><\/div>\n<p>&nbsp;<\/p>\n<p style=\"text-align: center;\"><img decoding=\"async\" class=\"aligncenter lazyload\" title=\"Sal\u00e3o de Paris\" data-src=\"https:\/\/autolivraria.com.br\/bc\/wp-content\/uploads\/2012\/09\/Salao-de-Paris-barra.jpg\" alt=\"\" width=\"560\" height=\"108\" src=\"data:image\/svg+xml;base64,PHN2ZyB3aWR0aD0iMSIgaGVpZ2h0PSIxIiB4bWxucz0iaHR0cDovL3d3dy53My5vcmcvMjAwMC9zdmciPjwvc3ZnPg==\" style=\"--smush-placeholder-width: 560px; --smush-placeholder-aspect-ratio: 560\/108;\" \/><\/p>\n<p>&nbsp;<\/p>\n","protected":false},"excerpt":{"rendered":"<p>Com tecnologia para conciliar prazer de dirigir e preserva\u00e7\u00e3o ambiental, o evento franc\u00eas promete antecipar o amanh\u00e3 do autom\u00f3vel<\/p>\n","protected":false},"author":6,"featured_media":10841,"parent":0,"menu_order":0,"comment_status":"open","ping_status":"closed","template":"page-template-portfolio.php","meta":{"_joinchat":[],"footnotes":""},"class_list":["post-10840","page","type-page","status-publish","has-post-thumbnail","hentry"],"amp_enabled":false,"_links":{"self":[{"href":"https:\/\/autolivraria.com.br\/bc\/wp-json\/wp\/v2\/pages\/10840","targetHints":{"allow":["GET"]}}],"collection":[{"href":"https:\/\/autolivraria.com.br\/bc\/wp-json\/wp\/v2\/pages"}],"about":[{"href":"https:\/\/autolivraria.com.br\/bc\/wp-json\/wp\/v2\/types\/page"}],"author":[{"embeddable":true,"href":"https:\/\/autolivraria.com.br\/bc\/wp-json\/wp\/v2\/users\/6"}],"replies":[{"embeddable":true,"href":"https:\/\/autolivraria.com.br\/bc\/wp-json\/wp\/v2\/comments?post=10840"}],"version-history":[{"count":0,"href":"https:\/\/autolivraria.com.br\/bc\/wp-json\/wp\/v2\/pages\/10840\/revisions"}],"wp:featuredmedia":[{"embeddable":true,"href":"https:\/\/autolivraria.com.br\/bc\/wp-json\/wp\/v2\/media\/10841"}],"wp:attachment":[{"href":"https:\/\/autolivraria.com.br\/bc\/wp-json\/wp\/v2\/media?parent=10840"}],"curies":[{"name":"wp","href":"https:\/\/api.w.org\/{rel}","templated":true}]}}