{"id":109967,"date":"2020-01-22T15:28:26","date_gmt":"2020-01-22T18:28:26","guid":{"rendered":"https:\/\/bestcars.uol.com.br\/bc\/?page_id=109967"},"modified":"2021-06-02T11:13:57","modified_gmt":"2021-06-02T14:13:57","slug":"como-comprar-na-auto-livraria","status":"publish","type":"page","link":"https:\/\/autolivraria.com.br\/bc\/como-comprar-na-auto-livraria\/","title":{"rendered":"Como comprar na Auto Livraria"},"content":{"rendered":"<p>Existem duas formas de pagamento na <strong>Auto Livraria<\/strong>:<\/p>\n<p><strong><br \/>Boleto, dep\u00f3sito ou transfer\u00eancia banc\u00e1ria e Pix<\/strong><\/p>\n<p>\u2022 Voc\u00ea escolhe os produtos e faz seu pedido pelo formul\u00e1rio.<\/p>\n<p>\u2022 Por e-mail ou Whatspp (como voc\u00ea tiver indicado), enviamos informa\u00e7\u00f5es, valor total com frete e dados banc\u00e1rios.<\/p>\n<p>\u2022 Se voc\u00ea estiver de acordo, efetua o Pix, dep\u00f3sito ou transfer\u00eancia banc\u00e1ria ou paga o boleto enviado. Pedimos que nos informe em seguida.<\/p>\n<p>\u2022 Assim que o pagamento for confirmado, agendamos o envio do pedido.<\/p>\n<p>\u2022 Voc\u00ea recebe o c\u00f3digo dos Correios para acompanhar a entrega (no caso de envio de Impressos, que \u00e9 mais barato, o c\u00f3digo informa apenas sobre o envio e a entrega final, sem as etapas entre eles).<\/p>\n<p><strong><br \/>Pelo Mercado Pago<\/strong><\/p>\n<p>\u2022 Voc\u00ea escolhe os produtos e faz seu pedido pelo formul\u00e1rio, marcando &#8220;comprar pelo Mercado Pago&#8221;.<\/p>\n<p>\u2022 Por e-mail ou Whatspp (como voc\u00ea tiver indicado), enviamos informa\u00e7\u00f5es, valor total com frete e o atalho para pagamento pelo Mercado Pago (servi\u00e7o do Mercado Livre). Voc\u00ea pode usar cart\u00e3o de cr\u00e9dito, d\u00e9bito e outras op\u00e7\u00f5es, incluindo parcelamento.<\/p>\n<p>\u2022 Nesse formato h\u00e1 um valor adicional, mencionado no an\u00fancio.<\/p>\n<p>\u2022 Assim que a compra for confirmada pelo Mercado Pago, agendamos o envio do pedido.<\/p>\n<p>\u2022 Voc\u00ea recebe o c\u00f3digo dos Correios para acompanhar a entrega (no caso de envio de Impressos, que \u00e9 mais barato, o c\u00f3digo informa apenas sobre o envio e a entrega final, sem as etapas entre eles).<\/p>\n<p><a href=\"https:\/\/autolivraria.com.br\/bc\/contato-com-a-auto-livraria\/\"><strong>\u2022 Tem d\u00favidas? Entre em contato<\/strong><\/a><\/p>\n\n\n<div style=\"height:50px\" aria-hidden=\"true\" class=\"wp-block-spacer\"><\/div>\n","protected":false},"excerpt":{"rendered":"<p>Existem duas formas de pagamento na Auto Livraria: Boleto, dep\u00f3sito ou transfer\u00eancia banc\u00e1ria e Pix \u2022 Voc\u00ea escolhe os produtos e faz seu pedido pelo formul\u00e1rio. \u2022 Por e-mail ou Whatspp (como voc\u00ea tiver indicado), enviamos informa\u00e7\u00f5es, valor total com frete e dados banc\u00e1rios. \u2022 Se voc\u00ea estiver de acordo, efetua o Pix, dep\u00f3sito ou<\/p>\n","protected":false},"author":6,"featured_media":0,"parent":0,"menu_order":0,"comment_status":"closed","ping_status":"closed","template":"","meta":{"_joinchat":[],"footnotes":""},"class_list":["post-109967","page","type-page","status-publish","hentry"],"amp_enabled":true,"_links":{"self":[{"href":"https:\/\/autolivraria.com.br\/bc\/wp-json\/wp\/v2\/pages\/109967","targetHints":{"allow":["GET"]}}],"collection":[{"href":"https:\/\/autolivraria.com.br\/bc\/wp-json\/wp\/v2\/pages"}],"about":[{"href":"https:\/\/autolivraria.com.br\/bc\/wp-json\/wp\/v2\/types\/page"}],"author":[{"embeddable":true,"href":"https:\/\/autolivraria.com.br\/bc\/wp-json\/wp\/v2\/users\/6"}],"replies":[{"embeddable":true,"href":"https:\/\/autolivraria.com.br\/bc\/wp-json\/wp\/v2\/comments?post=109967"}],"version-history":[{"count":0,"href":"https:\/\/autolivraria.com.br\/bc\/wp-json\/wp\/v2\/pages\/109967\/revisions"}],"wp:attachment":[{"href":"https:\/\/autolivraria.com.br\/bc\/wp-json\/wp\/v2\/media?parent=109967"}],"curies":[{"name":"wp","href":"https:\/\/api.w.org\/{rel}","templated":true}]}}