{"id":110335,"date":"2021-01-01T14:33:00","date_gmt":"2021-01-01T17:33:00","guid":{"rendered":"https:\/\/bestcars.uol.com.br\/bc\/?page_id=110335"},"modified":"2021-06-02T11:37:11","modified_gmt":"2021-06-02T14:37:11","slug":"inscricao-no-boletim-da-auto-livraria","status":"publish","type":"page","link":"https:\/\/autolivraria.com.br\/bc\/inscricao-no-boletim-da-auto-livraria\/","title":{"rendered":"Inscri\u00e7\u00e3o no boletim da Auto Livraria"},"content":{"rendered":"<p>Inscrever-se para receber por e-mail as novidades da <strong>Auto Livraria<\/strong>. O boletim \u00e9 gratuito e enviado duas vezes por semana.<\/p>\n<p>Para a inscri\u00e7\u00e3o, digite seu e-mail no campo e clique em <em>Subscribe<\/em>. Depois, verifique em sua caixa a mensagem de confirma\u00e7\u00e3o. Ela pode estar tamb\u00e9m em seu filtro de spam.<\/p>\n<p>Tem d\u00favidas sobre a compra ou o boletim? <a href=\"https:\/\/autolivraria.com.br\/bc\/contato-com-a-auto-livraria\/\">Escreva-nos<\/a>.<\/p>\n<p>\u00a0<\/p>\n<p>[newsletter]<\/p>\n<p>\u00a0<\/p>\n\n\n<p><\/p>\n","protected":false},"excerpt":{"rendered":"<p>Inscrever-se para receber por e-mail as novidades da Auto Livraria. O boletim \u00e9 gratuito e enviado duas vezes por semana. Para a inscri\u00e7\u00e3o, digite seu e-mail no campo e clique em Subscribe. Depois, verifique em sua caixa a mensagem de confirma\u00e7\u00e3o. Ela pode estar tamb\u00e9m em seu filtro de spam. Tem d\u00favidas sobre a compra<\/p>\n","protected":false},"author":6,"featured_media":0,"parent":0,"menu_order":0,"comment_status":"closed","ping_status":"closed","template":"","meta":{"_joinchat":[],"footnotes":""},"class_list":["post-110335","page","type-page","status-publish","hentry"],"amp_enabled":true,"_links":{"self":[{"href":"https:\/\/autolivraria.com.br\/bc\/wp-json\/wp\/v2\/pages\/110335","targetHints":{"allow":["GET"]}}],"collection":[{"href":"https:\/\/autolivraria.com.br\/bc\/wp-json\/wp\/v2\/pages"}],"about":[{"href":"https:\/\/autolivraria.com.br\/bc\/wp-json\/wp\/v2\/types\/page"}],"author":[{"embeddable":true,"href":"https:\/\/autolivraria.com.br\/bc\/wp-json\/wp\/v2\/users\/6"}],"replies":[{"embeddable":true,"href":"https:\/\/autolivraria.com.br\/bc\/wp-json\/wp\/v2\/comments?post=110335"}],"version-history":[{"count":0,"href":"https:\/\/autolivraria.com.br\/bc\/wp-json\/wp\/v2\/pages\/110335\/revisions"}],"wp:attachment":[{"href":"https:\/\/autolivraria.com.br\/bc\/wp-json\/wp\/v2\/media?parent=110335"}],"curies":[{"name":"wp","href":"https:\/\/api.w.org\/{rel}","templated":true}]}}