{"id":115073,"date":"2021-01-01T14:17:00","date_gmt":"2021-01-01T17:17:00","guid":{"rendered":"https:\/\/bestcars.uol.com.br\/bc\/?page_id=115073"},"modified":"2021-06-02T10:48:46","modified_gmt":"2021-06-02T13:48:46","slug":"razoes-para-voce-comprar-na-auto-livraria","status":"publish","type":"page","link":"https:\/\/autolivraria.com.br\/bc\/razoes-para-voce-comprar-na-auto-livraria\/","title":{"rendered":"Raz\u00f5es para voc\u00ea comprar na Auto Livraria"},"content":{"rendered":"<h2>\u2022\u00a0\u00c9 confi\u00e1vel<\/h2>\n<p>A <strong>Auto Livraria <\/strong>desfruta da mesma confian\u00e7a que voc\u00ea deposita, desde 1997, no<strong> Best Cars<\/strong>. Isso representa qualidade nos produtos e no atendimento para sua tranquilidade na compra.<\/p>\n<h2>\u2022 \u00c9 pr\u00e1tico<\/h2>\n<p>Na <strong>Auto Livraria\u00a0<\/strong>voc\u00ea encontra facilmente o livro, cat\u00e1logo ou revista que procura. Cada p\u00e1gina traz informa\u00e7\u00f5es detalhadas sobre o produto e fotos que n\u00e3o deixam d\u00favidas.<\/p>\n<h2>\u2022\u00a0\u00c9 diversificado<\/h2>\n<p>A <strong>Auto Livraria <\/strong>oferece um grande e variado acervo, que recebe novidades com frequ\u00eancia. \u00c9 f\u00e1cil encontrar aqui o item que voc\u00ea deseja sobre qualquer marca, modelo e ano de fabrica\u00e7\u00e3o.<\/p>\n<h2>\u2022\u00a0\u00c9 acess\u00edvel<\/h2>\n<p>Na <strong>Auto Livraria\u00a0<\/strong>sua compra n\u00e3o tem intermedi\u00e1rios que cobram comiss\u00e3o para promover os produtos. Assim, voc\u00ea paga o pre\u00e7o justo por um produto de qualidade. E ainda disp\u00f5e de frete \u00fanico e acess\u00edvel para todo o Brasil para a maioria dos itens.<\/p>\n<h2>\u2022\u00a0\u00c9 seguro<\/h2>\n<p>Seu pagamento \u00e9 feito diretamente a quem vende os produtos: a <strong>Auto Livraria. <\/strong>N\u00e3o h\u00e1 o risco de comprar com um mau vendedor ou de ficar sem atendimento em caso de d\u00favidas ou problemas.<\/p>\n<h2>\u2022\u00a0\u00c9 \u00e1gil<\/h2>\n<p>A <strong>Auto Livraria\u00a0<\/strong>empenha-se por atender voc\u00ea com rapidez, cordialidade e efici\u00eancia, desde o primeiro contato at\u00e9 o envio dos produtos.<\/p>\n<h2>\u2022 \u00c9 especial<\/h2>\n<p>Aqui voc\u00ea n\u00e3o recebe atendimento de um rob\u00f4. Quem atende voc\u00ea \u00e9 Fabr\u00edcio Samah\u00e1, o criador do <strong>Best Cars<\/strong> e da<strong> Auto Livraria<\/strong>, que tem prazer em lhe oferecer o produto certo por um pre\u00e7o justo.<\/p>\n<p><strong>\u2022 <\/strong><a href=\"https:\/\/autolivraria.com.br\/bc\/contato-com-a-auto-livraria\/\"><strong>Tem d\u00favidas? Entre em contato<\/strong><\/a><\/p>\n<p><strong>\u2022\u00a0<\/strong><a href=\"https:\/\/autolivraria.com.br\/bc\/auto-livraria\/\"><strong>Confira as ofertas da Auto Livraria<\/strong><\/a><\/p>\n\n\n<div style=\"height:50px\" aria-hidden=\"true\" class=\"wp-block-spacer\"><\/div>\n","protected":false},"excerpt":{"rendered":"<p>\u2022\u00a0\u00c9 confi\u00e1vel A Auto Livraria desfruta da mesma confian\u00e7a que voc\u00ea deposita, desde 1997, no Best Cars. Isso representa qualidade nos produtos e no atendimento para sua tranquilidade na compra. \u2022 \u00c9 pr\u00e1tico Na Auto Livraria\u00a0voc\u00ea encontra facilmente o livro, cat\u00e1logo ou revista que procura. Cada p\u00e1gina traz informa\u00e7\u00f5es detalhadas sobre o produto e fotos<\/p>\n","protected":false},"author":6,"featured_media":0,"parent":0,"menu_order":0,"comment_status":"closed","ping_status":"closed","template":"","meta":{"_joinchat":[],"footnotes":""},"class_list":["post-115073","page","type-page","status-publish","hentry"],"amp_enabled":true,"_links":{"self":[{"href":"https:\/\/autolivraria.com.br\/bc\/wp-json\/wp\/v2\/pages\/115073","targetHints":{"allow":["GET"]}}],"collection":[{"href":"https:\/\/autolivraria.com.br\/bc\/wp-json\/wp\/v2\/pages"}],"about":[{"href":"https:\/\/autolivraria.com.br\/bc\/wp-json\/wp\/v2\/types\/page"}],"author":[{"embeddable":true,"href":"https:\/\/autolivraria.com.br\/bc\/wp-json\/wp\/v2\/users\/6"}],"replies":[{"embeddable":true,"href":"https:\/\/autolivraria.com.br\/bc\/wp-json\/wp\/v2\/comments?post=115073"}],"version-history":[{"count":0,"href":"https:\/\/autolivraria.com.br\/bc\/wp-json\/wp\/v2\/pages\/115073\/revisions"}],"wp:attachment":[{"href":"https:\/\/autolivraria.com.br\/bc\/wp-json\/wp\/v2\/media?parent=115073"}],"curies":[{"name":"wp","href":"https:\/\/api.w.org\/{rel}","templated":true}]}}