{"id":127802,"date":"2021-01-01T15:07:00","date_gmt":"2021-01-01T18:07:00","guid":{"rendered":"https:\/\/bestcars.uol.com.br\/bc\/?page_id=127802"},"modified":"2021-06-02T10:46:20","modified_gmt":"2021-06-02T13:46:20","slug":"quem-somos-auto-livraria","status":"publish","type":"page","link":"https:\/\/autolivraria.com.br\/bc\/quem-somos-auto-livraria\/","title":{"rendered":"Quem somos: Auto Livraria"},"content":{"rendered":"<p>A <b>Auto Livraria <\/b>nasceu em janeiro de 2020 quando Fabr\u00edcio Samah\u00e1, fundador e editor desde 1997 do <b>Best Cars<\/b>, decidiu compartilhar com seus leitores parte do grande acervo que reuniu desde a inf\u00e2ncia como apaixonado por autom\u00f3veis.<\/p>\n<p>Eram livros e revistas nacionais e importados, cole\u00e7\u00f5es hist\u00f3ricas, manuais e cat\u00e1logos raros at\u00e9 mesmo no exterior. O \u00eaxito da iniciativa fez a <strong>Auto Livraria<\/strong> crescer r\u00e1pido. F\u00e3s do <strong>Best Cars <\/strong>passaram a oferecer itens de suas cole\u00e7\u00f5es, enquanto Fabr\u00edcio iniciou buscas para obter itens diversificados e repor estoques, sempre prezando pela qualidade dos produtos.<\/p>\n<p>Hoje, a unidade em Pindamonhangaba, SP (que oferece atendimento apenas pela internet) armazena um acervo amplo e variado para que voc\u00ea encontre, em um \u00fanico site, tudo o que procura em publica\u00e7\u00f5es sobre carros, motos e caminh\u00f5es atuais e antigos.<\/p>\n<p>E o mais importante: a\u00a0<strong>Auto Livraria<\/strong> desfruta da mesma confian\u00e7a que voc\u00ea deposita, desde 1997, no <strong>Best Cars<\/strong>.<\/p>\n<p><strong>\u2022 <\/strong><a href=\"https:\/\/autolivraria.com.br\/bc\/contato-com-a-auto-livraria\/\"><strong>Tem d\u00favidas? Entre em contato<\/strong><\/a><\/p>\n<p><strong>\u2022\u00a0<\/strong><a href=\"https:\/\/autolivraria.com.br\/bc\/auto-livraria\/\"><strong>Confira as ofertas da Auto Livraria<\/strong><\/a><\/p>\n\n\n<div style=\"height:50px\" aria-hidden=\"true\" class=\"wp-block-spacer\"><\/div>\n","protected":false},"excerpt":{"rendered":"<p>A Auto Livraria nasceu em janeiro de 2020 quando Fabr\u00edcio Samah\u00e1, fundador e editor desde 1997 do Best Cars, decidiu compartilhar com seus leitores parte do grande acervo que reuniu desde a inf\u00e2ncia como apaixonado por autom\u00f3veis. Eram livros e revistas nacionais e importados, cole\u00e7\u00f5es hist\u00f3ricas, manuais e cat\u00e1logos raros at\u00e9 mesmo no exterior. O<\/p>\n","protected":false},"author":6,"featured_media":0,"parent":0,"menu_order":0,"comment_status":"closed","ping_status":"closed","template":"","meta":{"_joinchat":[],"footnotes":""},"class_list":["post-127802","page","type-page","status-publish","hentry"],"amp_enabled":true,"_links":{"self":[{"href":"https:\/\/autolivraria.com.br\/bc\/wp-json\/wp\/v2\/pages\/127802","targetHints":{"allow":["GET"]}}],"collection":[{"href":"https:\/\/autolivraria.com.br\/bc\/wp-json\/wp\/v2\/pages"}],"about":[{"href":"https:\/\/autolivraria.com.br\/bc\/wp-json\/wp\/v2\/types\/page"}],"author":[{"embeddable":true,"href":"https:\/\/autolivraria.com.br\/bc\/wp-json\/wp\/v2\/users\/6"}],"replies":[{"embeddable":true,"href":"https:\/\/autolivraria.com.br\/bc\/wp-json\/wp\/v2\/comments?post=127802"}],"version-history":[{"count":0,"href":"https:\/\/autolivraria.com.br\/bc\/wp-json\/wp\/v2\/pages\/127802\/revisions"}],"wp:attachment":[{"href":"https:\/\/autolivraria.com.br\/bc\/wp-json\/wp\/v2\/media?parent=127802"}],"curies":[{"name":"wp","href":"https:\/\/api.w.org\/{rel}","templated":true}]}}