{"id":127986,"date":"2021-01-01T14:19:03","date_gmt":"2021-01-01T17:19:03","guid":{"rendered":"https:\/\/bestcars.uol.com.br\/bc\/?page_id=127986"},"modified":"2021-05-26T14:19:29","modified_gmt":"2021-05-26T17:19:29","slug":"teste-do-leitor-envie-opiniao-sobre-sua-moto","status":"publish","type":"page","link":"https:\/\/autolivraria.com.br\/bc\/teste-do-leitor-envie-opiniao-sobre-sua-moto\/","title":{"rendered":"Teste do Leitor: envie opini\u00e3o sobre sua moto"},"content":{"rendered":"<p>O envio de opini\u00f5es ao <em>Teste do Leitor<\/em> est\u00e1 suspenso.<\/p>\n<p>Aproveite as opini\u00f5es publicadas. Boa leitura!<\/p>\n","protected":false},"excerpt":{"rendered":"<p>O envio de opini\u00f5es ao Teste do Leitor est\u00e1 suspenso. Aproveite as opini\u00f5es publicadas. Boa leitura!<\/p>\n","protected":false},"author":6,"featured_media":0,"parent":0,"menu_order":0,"comment_status":"closed","ping_status":"closed","template":"","meta":{"_joinchat":[],"footnotes":""},"class_list":["post-127986","page","type-page","status-publish","hentry"],"amp_enabled":true,"_links":{"self":[{"href":"https:\/\/autolivraria.com.br\/bc\/wp-json\/wp\/v2\/pages\/127986","targetHints":{"allow":["GET"]}}],"collection":[{"href":"https:\/\/autolivraria.com.br\/bc\/wp-json\/wp\/v2\/pages"}],"about":[{"href":"https:\/\/autolivraria.com.br\/bc\/wp-json\/wp\/v2\/types\/page"}],"author":[{"embeddable":true,"href":"https:\/\/autolivraria.com.br\/bc\/wp-json\/wp\/v2\/users\/6"}],"replies":[{"embeddable":true,"href":"https:\/\/autolivraria.com.br\/bc\/wp-json\/wp\/v2\/comments?post=127986"}],"version-history":[{"count":0,"href":"https:\/\/autolivraria.com.br\/bc\/wp-json\/wp\/v2\/pages\/127986\/revisions"}],"wp:attachment":[{"href":"https:\/\/autolivraria.com.br\/bc\/wp-json\/wp\/v2\/media?parent=127986"}],"curies":[{"name":"wp","href":"https:\/\/api.w.org\/{rel}","templated":true}]}}