{"id":128069,"date":"2021-05-31T19:47:11","date_gmt":"2021-05-31T22:47:11","guid":{"rendered":"https:\/\/bestcars.uol.com.br\/bc\/?page_id=128069"},"modified":"2021-05-31T19:48:32","modified_gmt":"2021-05-31T22:48:32","slug":"politica-de-privacidade","status":"publish","type":"page","link":"https:\/\/autolivraria.com.br\/bc\/politica-de-privacidade\/","title":{"rendered":"Pol\u00edtica de privacidade"},"content":{"rendered":"\n<h2 class=\"wp-block-heading\"><strong>Quem somos<\/strong><\/h2>\n\n\n\n<p>A <strong>Auto Livraria<\/strong> respeita sua privacidade. Esta pol\u00edtica de privacidade foi criada para esclarecer aos clientes o tipo de informa\u00e7\u00f5es pessoais que recebemos quando voc\u00ea visita o site.<\/p>\n\n\n\n<p>Os endere\u00e7os que levam a nosso site s\u00e3o:<\/p>\n\n\n\n<p>https:\/\/autolivraria.com.br<br>https:\/\/autolivraria.com.br<br>https:\/\/bestcarswebsite.com.br<br>https:\/\/bcws.com.br<br>https:\/\/autocomercio.com.br<\/p>\n\n\n\n<p><strong>Informa\u00e7\u00f5es<\/strong><\/p>\n\n\n\n<p>Durante sua navega\u00e7\u00e3o pelo site, o servidor n\u00e3o armazena qualquer informa\u00e7\u00e3o pessoal sua, como nome, endere\u00e7o ou qualquer outro dado que possa identific\u00e1-lo fora da internet.<\/p>\n\n\n\n<p>O servidor da <strong>Auto Livraria<\/strong> armazena automaticamente seu endere\u00e7o IP e as informa\u00e7\u00f5es de navegador, sistema operacional, idioma, data e URL usada para navega\u00e7\u00e3o. Esse procedimento \u00e9 padr\u00e3o nos sites da internet, que o fazem automaticamente para fins estat\u00edsticos.<\/p>\n\n\n\n<p><strong>Usos<\/strong><\/p>\n\n\n\n<p>Os dados que coletamos automaticamente s\u00e3o usados, \u00fanica e exclusivamente, para fins de estat\u00edstica interna e em nenhuma hip\u00f3tese s\u00e3o divulgados ao p\u00fablico.<\/p>\n\n\n\n<p><strong>Cookies e web beacons<\/strong><\/p>\n\n\n\n<p>A <strong>Auto Livraria<\/strong> usa cookies para armazenar informa\u00e7\u00f5es, tais como suas prefer\u00eancias pessoais quando visita o site. A Google faz uso do DART cookie para servir an\u00fancios baseados em seus interesses e em sua visita \u00e0 <strong>Auto Livraria<\/strong> e a outros endere\u00e7os na internet. Voc\u00ea pode optar por n\u00e3o utilizar o DART cookie, visitando a p\u00e1gina de an\u00fancios Google Ad e o programa de policiamento da empresa.<\/p>\n\n\n\n<p>A <strong>Auto Livraria<\/strong> tamb\u00e9m veicula publicidade de terceiros. Alguns publicit\u00e1rios podem usar tecnologias como os cookies e web beacons ao publicarem an\u00fancios no site, o que far\u00e1 com que esses publicit\u00e1rios (como a Google por meio do Google AdSense) tamb\u00e9m recebam suas informa\u00e7\u00f5es pessoais, como endere\u00e7o IP, provedor de internet e navegador.<\/p>\n\n\n\n<p>Essa fun\u00e7\u00e3o \u00e9, em geral, usada para geotargeting (como exemplo, para exibir publicidade de S\u00e3o Paulo apenas a leitores de S\u00e3o Paulo) ou para apresentar publicidade direcionada a um tipo de utilizador (como mostrar publicidade de restaurante a um utilizador que visite sites de culin\u00e1ria regularmente, por exemplo).<\/p>\n\n\n\n<p>Voc\u00ea pode desligar seus cookies, nas op\u00e7\u00f5es de seu navegador, ou efetuar altera\u00e7\u00f5es nas ferramentas de programas antiv\u00edrus. No entanto, isso pode alterar a forma como interage com a <strong>Auto Livraria<\/strong> e outros sites. Isso pode afetar ou n\u00e3o permitir o acesso a programas, sites ou f\u00f3runs.<\/p>\n\n\n\n<h2 class=\"wp-block-heading\"><strong>Dados em contatos comerciais<\/strong><\/h2>\n\n\n\n<p>Quando o visitante envia mensagem por um formul\u00e1rio de contato comercial, coletamos os dados mostrados no formul\u00e1rio, o endere\u00e7o de IP e dados do navegador do visitante para auxiliar na detec\u00e7\u00e3o de spam.<\/p>\n\n\n\n<p>Os dados que voc\u00ea envia pelo formul\u00e1rio (nome, CEP, endere\u00e7o de e-mail, telefone\/Whatsapp e outros) s\u00e3o armazenados pela <strong>Auto Livraria<\/strong> apenas para que possamos entrar em contato com voc\u00ea e enviar o produto ou os produtos que adquirir. Esses dados podem ser fornecidos aos Correios ou \u00e0 transportadora respons\u00e1vel pelo envio. Eles n\u00e3o s\u00e3o cedidos ou vendidos a terceiros com outras finalidades.<\/p>\n\n\n\n<h2 class=\"wp-block-heading\"><strong>Quais os seus direitos sobre seus dados<\/strong><\/h2>\n\n\n\n<p>Se voc\u00ea tiver enviado coment\u00e1rios ou dados de interesse em produtos por um formul\u00e1rio da <strong>Auto Livraria<\/strong>, pode solicitar que removamos qualquer dado pessoal que mantemos sobre voc\u00ea. Isto n\u00e3o inclui dados que somos obrigados a manter para prop\u00f3sitos administrativos, legais ou de seguran\u00e7a.<\/p>\n\n\n\n<h2 class=\"wp-block-heading\"><strong>Contatos acerca de dados<\/strong><\/h2>\n\n\n\n<p>Estamos \u00e0 disposi\u00e7\u00e3o pelo formul\u00e1rio de contato do site (atalho &#8220;Escreva-nos&#8221;).<\/p>\n\n\n\n<div style=\"height:50px\" aria-hidden=\"true\" class=\"wp-block-spacer\"><\/div>\n","protected":false},"excerpt":{"rendered":"<p>Quem somos A Auto Livraria respeita sua privacidade. Esta pol\u00edtica de privacidade foi criada para esclarecer aos clientes o tipo de informa\u00e7\u00f5es pessoais que recebemos quando voc\u00ea visita o site. Os endere\u00e7os que levam a nosso site s\u00e3o: https:\/\/autolivraria.com.brhttps:\/\/autolivraria.com.brhttps:\/\/bestcarswebsite.com.brhttps:\/\/bcws.com.brhttps:\/\/autocomercio.com.br Informa\u00e7\u00f5es Durante sua navega\u00e7\u00e3o pelo site, o servidor n\u00e3o armazena qualquer informa\u00e7\u00e3o pessoal sua, como nome,<\/p>\n","protected":false},"author":6,"featured_media":0,"parent":0,"menu_order":0,"comment_status":"closed","ping_status":"closed","template":"","meta":{"_joinchat":[],"footnotes":""},"class_list":["post-128069","page","type-page","status-publish","hentry"],"amp_enabled":true,"_links":{"self":[{"href":"https:\/\/autolivraria.com.br\/bc\/wp-json\/wp\/v2\/pages\/128069","targetHints":{"allow":["GET"]}}],"collection":[{"href":"https:\/\/autolivraria.com.br\/bc\/wp-json\/wp\/v2\/pages"}],"about":[{"href":"https:\/\/autolivraria.com.br\/bc\/wp-json\/wp\/v2\/types\/page"}],"author":[{"embeddable":true,"href":"https:\/\/autolivraria.com.br\/bc\/wp-json\/wp\/v2\/users\/6"}],"replies":[{"embeddable":true,"href":"https:\/\/autolivraria.com.br\/bc\/wp-json\/wp\/v2\/comments?post=128069"}],"version-history":[{"count":0,"href":"https:\/\/autolivraria.com.br\/bc\/wp-json\/wp\/v2\/pages\/128069\/revisions"}],"wp:attachment":[{"href":"https:\/\/autolivraria.com.br\/bc\/wp-json\/wp\/v2\/media?parent=128069"}],"curies":[{"name":"wp","href":"https:\/\/api.w.org\/{rel}","templated":true}]}}