{"id":14737,"date":"2013-01-25T00:00:02","date_gmt":"2013-01-25T03:00:02","guid":{"rendered":"http:\/\/bestcars.uol.com.br\/bc\/?page_id=14737"},"modified":"2013-02-05T09:20:15","modified_gmt":"2013-02-05T12:20:15","slug":"15a-eleicao-dos-melhores-carros","status":"publish","type":"page","link":"https:\/\/autolivraria.com.br\/bc\/15a-eleicao-dos-melhores-carros\/","title":{"rendered":"Elei\u00e7\u00e3o: os prediletos dos internautas em 27 categorias"},"content":{"rendered":"<p><img fetchpriority=\"high\" decoding=\"async\" class=\"aligncenter size-full wp-image-14740\" title=\"15a. Elei\u00e7\u00e3o dos Melhores Carros\" src=\"https:\/\/autolivraria.com.br\/bc\/wp-content\/uploads\/2012\/10\/15a-Eleicao-dos-Melhores-Carros-abre.jpg\" alt=\"\" width=\"560\" height=\"199\" srcset=\"https:\/\/autolivraria.com.br\/bc\/wp-content\/uploads\/2012\/10\/15a-Eleicao-dos-Melhores-Carros-abre.jpg 560w, https:\/\/autolivraria.com.br\/bc\/wp-content\/uploads\/2012\/10\/15a-Eleicao-dos-Melhores-Carros-abre-470x167.jpg 470w, https:\/\/autolivraria.com.br\/bc\/wp-content\/uploads\/2012\/10\/15a-Eleicao-dos-Melhores-Carros-abre-270x95.jpg 270w\" sizes=\"(max-width: 560px) 100vw, 560px\" \/><\/p>\n<p><a href=\"https:\/\/autolivraria.com.br\/bc\/15a-eleicao-dos-melhores-carros-os-resultados\/\"><img decoding=\"async\" class=\"aligncenter size-full wp-image-20520 lazyload\" title=\"Vencedores\" data-src=\"https:\/\/autolivraria.com.br\/bc\/wp-content\/uploads\/2013\/01\/Vencedores.jpg\" alt=\"\" width=\"558\" height=\"186\" data-srcset=\"https:\/\/autolivraria.com.br\/bc\/wp-content\/uploads\/2013\/01\/Vencedores.jpg 558w, https:\/\/autolivraria.com.br\/bc\/wp-content\/uploads\/2013\/01\/Vencedores-470x156.jpg 470w, https:\/\/autolivraria.com.br\/bc\/wp-content\/uploads\/2013\/01\/Vencedores-270x90.jpg 270w\" data-sizes=\"(max-width: 558px) 100vw, 558px\" src=\"data:image\/svg+xml;base64,PHN2ZyB3aWR0aD0iMSIgaGVpZ2h0PSIxIiB4bWxucz0iaHR0cDovL3d3dy53My5vcmcvMjAwMC9zdmciPjwvc3ZnPg==\" style=\"--smush-placeholder-width: 558px; --smush-placeholder-aspect-ratio: 558\/186;\" \/><\/a><\/p>\n<p>&nbsp;<\/p>\n<p>Quais s\u00e3o os autom\u00f3veis e utilit\u00e1rios mais desejados do mercado brasileiro? Que modelos fora de produ\u00e7\u00e3o tiveram papel mais destacado em cada d\u00e9cada que passou? E qual, afinal, o carro que os leitores do <strong>Best Cars<\/strong> aceleram em seus sonhos?<\/p>\n<p><img decoding=\"async\" class=\"alignright size-full wp-image-20356 lazyload\" title=\"Votos\" data-src=\"https:\/\/autolivraria.com.br\/bc\/wp-content\/uploads\/2012\/10\/Votos.png\" alt=\"\" width=\"220\" height=\"170\" src=\"data:image\/svg+xml;base64,PHN2ZyB3aWR0aD0iMSIgaGVpZ2h0PSIxIiB4bWxucz0iaHR0cDovL3d3dy53My5vcmcvMjAwMC9zdmciPjwvc3ZnPg==\" style=\"--smush-placeholder-width: 220px; --smush-placeholder-aspect-ratio: 220\/170;\" \/>Responder a essas quest\u00f5es foi a miss\u00e3o da <em>15\u00aa. Elei\u00e7\u00e3o dos Melhores Carros<\/em>, a nova edi\u00e7\u00e3o da mais tradicional e prestigiada vota\u00e7\u00e3o sobre autom\u00f3veis na internet brasileira, realizada desde 1998.<\/p>\n<p>S\u00e3o 21 categorias que abrangem os segmentos mais importantes do mercado atual, seis classes dedicadas a carros fora de linha (separados pelas d\u00e9cadas nas quais estiveram \u00e0 venda) e a exclusiva categoria <em>O Carro dos Meus Sonhos<\/em>, na qual voc\u00ea escolhe qualquer modelo que estiver em produ\u00e7\u00e3o hoje. Afinal, para sonhar n\u00e3o h\u00e1 limites.<\/p>\n<p>Conhe\u00e7a agora os vencedores em cada categoria e os modelos escolhidos pelos membros da equipe <strong>Best Cars<\/strong>, que votam em separado. Voc\u00ea pode ainda saber mais do funcionamento da Elei\u00e7\u00e3o e ver a rela\u00e7\u00e3o de modelos concorrentes com fotos e conte\u00fados sobre cada um.<\/p>\n<p>&nbsp;<\/p>\n<table style=\"width: 100%;\" border=\"0\" align=\"center\">\n<tbody>\n<tr>\n<td style=\"width: 50%;\"><a title=\"Os vencedores\" href=\"https:\/\/autolivraria.com.br\/bc\/15a-eleicao-dos-melhores-carros-os-resultados\/\"><img decoding=\"async\" class=\"alignnone size-full wp-image-20352 lazyload\" title=\"Os vencedores\" data-src=\"https:\/\/autolivraria.com.br\/bc\/wp-content\/uploads\/2012\/10\/Os-vencedores1.png\" alt=\"\" width=\"270\" height=\"165\" src=\"data:image\/svg+xml;base64,PHN2ZyB3aWR0aD0iMSIgaGVpZ2h0PSIxIiB4bWxucz0iaHR0cDovL3d3dy53My5vcmcvMjAwMC9zdmciPjwvc3ZnPg==\" style=\"--smush-placeholder-width: 270px; --smush-placeholder-aspect-ratio: 270\/165;\" \/><\/a><\/td>\n<td style=\"width: 50%;\"><a title=\"O voto da equipe\" href=\"https:\/\/autolivraria.com.br\/bc\/participe\/eleicoes\/15a-eleicao-dos-melhores-carros-o-voto-da-equipe\/\"><img decoding=\"async\" class=\"alignnone size-full wp-image-20355 lazyload\" title=\"Voto da equipe\" data-src=\"https:\/\/autolivraria.com.br\/bc\/wp-content\/uploads\/2012\/10\/Voto-da-equipe.png\" alt=\"\" width=\"270\" height=\"165\" src=\"data:image\/svg+xml;base64,PHN2ZyB3aWR0aD0iMSIgaGVpZ2h0PSIxIiB4bWxucz0iaHR0cDovL3d3dy53My5vcmcvMjAwMC9zdmciPjwvc3ZnPg==\" style=\"--smush-placeholder-width: 270px; --smush-placeholder-aspect-ratio: 270\/165;\" \/><\/a><\/td>\n<\/tr>\n<tr>\n<td style=\"width: 50%;\"><a href=\"https:\/\/autolivraria.com.br\/bc\/15a-eleicao-dos-melhores-carros-envie-seu-voto\/\"><img decoding=\"async\" class=\"alignnone size-full wp-image-20354 lazyload\" title=\"Concorrentes\" data-src=\"https:\/\/autolivraria.com.br\/bc\/wp-content\/uploads\/2012\/10\/Concorrentes.png\" alt=\"\" width=\"270\" height=\"165\" src=\"data:image\/svg+xml;base64,PHN2ZyB3aWR0aD0iMSIgaGVpZ2h0PSIxIiB4bWxucz0iaHR0cDovL3d3dy53My5vcmcvMjAwMC9zdmciPjwvc3ZnPg==\" style=\"--smush-placeholder-width: 270px; --smush-placeholder-aspect-ratio: 270\/165;\" \/><\/a><\/td>\n<td style=\"width: 50%;\"><span style=\"color: #333333; font-size: 13px; line-height: 19px;\"><a href=\"https:\/\/autolivraria.com.br\/bc\/15a-eleicao-dos-melhores-carros-como-funciona\/\"><img decoding=\"async\" class=\"alignnone size-full wp-image-20353 lazyload\" title=\"Como funciona\" data-src=\"https:\/\/autolivraria.com.br\/bc\/wp-content\/uploads\/2012\/10\/Como-funciona.png\" alt=\"\" width=\"270\" height=\"165\" src=\"data:image\/svg+xml;base64,PHN2ZyB3aWR0aD0iMSIgaGVpZ2h0PSIxIiB4bWxucz0iaHR0cDovL3d3dy53My5vcmcvMjAwMC9zdmciPjwvc3ZnPg==\" style=\"--smush-placeholder-width: 270px; --smush-placeholder-aspect-ratio: 270\/165;\" \/><\/a><\/span><\/td>\n<\/tr>\n<\/tbody>\n<\/table>\n<p>&nbsp;<\/p>\n","protected":false},"excerpt":{"rendered":"<p>Mostre quais os autom\u00f3veis e utilit\u00e1rios mais desejados do mercado, os modelos fora de produ\u00e7\u00e3o que mais se destacaram e o carro que voc\u00ea acelera em seus sonhos<\/p>\n","protected":false},"author":6,"featured_media":14738,"parent":0,"menu_order":0,"comment_status":"closed","ping_status":"closed","template":"","meta":{"_joinchat":[],"footnotes":""},"class_list":["post-14737","page","type-page","status-publish","has-post-thumbnail","hentry"],"amp_enabled":true,"_links":{"self":[{"href":"https:\/\/autolivraria.com.br\/bc\/wp-json\/wp\/v2\/pages\/14737","targetHints":{"allow":["GET"]}}],"collection":[{"href":"https:\/\/autolivraria.com.br\/bc\/wp-json\/wp\/v2\/pages"}],"about":[{"href":"https:\/\/autolivraria.com.br\/bc\/wp-json\/wp\/v2\/types\/page"}],"author":[{"embeddable":true,"href":"https:\/\/autolivraria.com.br\/bc\/wp-json\/wp\/v2\/users\/6"}],"replies":[{"embeddable":true,"href":"https:\/\/autolivraria.com.br\/bc\/wp-json\/wp\/v2\/comments?post=14737"}],"version-history":[{"count":0,"href":"https:\/\/autolivraria.com.br\/bc\/wp-json\/wp\/v2\/pages\/14737\/revisions"}],"wp:featuredmedia":[{"embeddable":true,"href":"https:\/\/autolivraria.com.br\/bc\/wp-json\/wp\/v2\/media\/14738"}],"wp:attachment":[{"href":"https:\/\/autolivraria.com.br\/bc\/wp-json\/wp\/v2\/media?parent=14737"}],"curies":[{"name":"wp","href":"https:\/\/api.w.org\/{rel}","templated":true}]}}