{"id":14756,"date":"2012-10-19T19:44:20","date_gmt":"2012-10-19T22:44:20","guid":{"rendered":"http:\/\/bestcars.uol.com.br\/bc\/?page_id=14756"},"modified":"2012-10-19T19:44:20","modified_gmt":"2012-10-19T22:44:20","slug":"15a-eleicao-dos-melhores-carros-como-funciona","status":"publish","type":"page","link":"https:\/\/autolivraria.com.br\/bc\/15a-eleicao-dos-melhores-carros-como-funciona\/","title":{"rendered":"15\u00aa. Elei\u00e7\u00e3o dos Melhores Carros: como funciona"},"content":{"rendered":"<p><a href=\"https:\/\/autolivraria.com.br\/bc\/15a-eleicao-dos-melhores-carros\"><img decoding=\"async\" class=\"alignnone size-full wp-image-14759 lazyload\" title=\"15a. Elei\u00e7\u00e3o dos Melhores Carros\" data-src=\"https:\/\/autolivraria.com.br\/bc\/wp-content\/uploads\/2012\/10\/15a-Eleicao-dos-Melhores-Carros-300.jpg\" alt=\"\" width=\"300\" height=\"141\" data-srcset=\"https:\/\/autolivraria.com.br\/bc\/wp-content\/uploads\/2012\/10\/15a-Eleicao-dos-Melhores-Carros-300.jpg 300w, https:\/\/autolivraria.com.br\/bc\/wp-content\/uploads\/2012\/10\/15a-Eleicao-dos-Melhores-Carros-300-270x126.jpg 270w\" data-sizes=\"(max-width: 300px) 100vw, 300px\" src=\"data:image\/svg+xml;base64,PHN2ZyB3aWR0aD0iMSIgaGVpZ2h0PSIxIiB4bWxucz0iaHR0cDovL3d3dy53My5vcmcvMjAwMC9zdmciPjwvc3ZnPg==\" style=\"--smush-placeholder-width: 300px; --smush-placeholder-aspect-ratio: 300\/141;\" \/><\/a><\/p>\n<p>\u2022\u00a0A <em>15\u00aa Elei\u00e7\u00e3o dos Melhores Carros<\/em> do <strong>Best Cars<\/strong> \u00e9 um concurso de car\u00e1ter cultural, com o fim de proporcionar aos participantes a escolha dos melhores autom\u00f3veis em 27 categorias.<\/p>\n<p>\u2022\u00a0A participa\u00e7\u00e3o nesta elei\u00e7\u00e3o \u00e9 aberta a qualquer pessoa com acesso \u00e0 internet, no Brasil ou no exterior, e n\u00e3o requer a aquisi\u00e7\u00e3o ou compromisso de aquisi\u00e7\u00e3o de qualquer produto ou servi\u00e7o. Constitui-se, portanto, em evento totalmente gratuito.<\/p>\n<p>&nbsp;<\/p>\n<h2>Datas<\/h2>\n<p><strong><\/strong>\u2022\u00a0A elei\u00e7\u00e3o realiza-se em \u00fanico turno, do in\u00edcio da edi\u00e7\u00e3o n\u00ba 389, em 19 de outubro de 2012, ao t\u00e9rmino da edi\u00e7\u00e3o n\u00ba 392, em 14 de dezembro de 2012.<\/p>\n<p>\u2022\u00a0O formul\u00e1rio de vota\u00e7\u00e3o permanecer\u00e1 dispon\u00edvel at\u00e9 o hor\u00e1rio da publica\u00e7\u00e3o da edi\u00e7\u00e3o n\u00ba 393, em 14 de dezembro de 2012. Ser\u00e3o desconsiderados os votos recebidos ap\u00f3s as 24 h desta data, mesmo que o formul\u00e1rio de vota\u00e7\u00e3o eventualmente permane\u00e7a dispon\u00edvel ap\u00f3s esta data e hora.<\/p>\n<p>\u2022\u00a0O <strong>Best Cars<\/strong> divulgar\u00e1 na edi\u00e7\u00e3o n\u00ba 395, em 25 de janeiro de 2013, o resultado final da elei\u00e7\u00e3o e os votos atribu\u00eddos pelos membros de sua equipe.<\/p>\n<p><strong>\u00a0<\/strong><\/p>\n<h2>Votos<\/h2>\n<p><strong><\/strong><strong>\u2022\u00a0<\/strong>Ser\u00e3o considerados apenas os formul\u00e1rios com todos os campos de identifica\u00e7\u00e3o e de vota\u00e7\u00e3o preenchidos de forma v\u00e1lida.<\/p>\n<p>\u2022\u00a0Ser\u00e1 considerado apenas um voto de cada leitor, identificado por nome e endere\u00e7o de e-mail. No caso de recebimento de dois ou mais votos do mesmo nome e\/ou endere\u00e7o de e-mail, ser\u00e1 considerado apenas o primeiro.<\/p>\n<p>\u2022\u00a0Na categoria <em>O Carro dos Meus Sonhos<\/em>, de escolha livre, o leitor deve selecionar marca e modelo, sem uma vers\u00e3o espec\u00edfica. Ser\u00e3o desprezadas as vers\u00f5es.<\/p>\n<p>\u2022\u00a0Na mesma categoria, na hip\u00f3tese de ser mencionado apenas o fabricante, o voto ser\u00e1 computado para o modelo da marca que obtiver maior vota\u00e7\u00e3o.<\/p>\n<p>\u2022\u00a0A equipe do <strong>Best Cars<\/strong> publica seus votos individuais junto do resultado da elei\u00e7\u00e3o. Os votos dos membros n\u00e3o influem no resultado, sendo publicados apenas a t\u00edtulo de curiosidade.<\/p>\n<p><strong>\u00a0<\/strong><\/p>\n<h2>Categorias<\/h2>\n<p>\u2022\u00a0A <em>15\u00aa Elei\u00e7\u00e3o dos Melhores Carros<\/em> traz 27 categorias de classifica\u00e7\u00e3o dos ve\u00edculos:<\/p>\n<p>&nbsp;<\/p>\n<table style=\"width: 100%;\" border=\"0\">\n<tbody>\n<tr>\n<td style=\"width: 50%;\" valign=\"top\">\u2022\u00a0Hatch Pequeno &#8211; Classe 1\u2022\u00a0Hatch Pequeno &#8211; Classe 2<\/p>\n<p>\u2022\u00a0Hatch Pequeno &#8211; Classe 3<\/p>\n<p>\u2022\u00a0Sed\u00e3 Pequeno<\/p>\n<p>\u2022\u00a0Hatch M\u00e9dio<\/p>\n<p>\u2022\u00a0Hatch M\u00e9dio de Luxo<\/p>\n<p>\u2022\u00a0Sed\u00e3 M\u00e9dio<\/p>\n<p>\u2022\u00a0Sed\u00e3 M\u00e9dio de Luxo<\/p>\n<p>\u2022\u00a0Sed\u00e3 Grande<\/p>\n<p>\u2022\u00a0Sed\u00e3 Grande de Luxo<\/p>\n<p>\u2022\u00a0Sed\u00e3 de Alto Luxo<\/p>\n<p>\u2022\u00a0Utilit\u00e1rio Esporte &#8211; Classe 1<\/p>\n<p>\u2022\u00a0Utilit\u00e1rio Esporte &#8211; Classe 2<\/p>\n<p>\u2022\u00a0Utilit\u00e1rio Esporte &#8211; Classe 3<\/p>\n<p>\u2022\u00a0Utilit\u00e1rio Esporte &#8211; Classe 4<\/td>\n<td style=\"width: 50%;\" valign=\"top\">\u2022\u00a0Picape Pequena\u2022\u00a0Picape M\u00e9dia\/Grande<\/p>\n<p>\u2022\u00a0Minivan Compacta<\/p>\n<p>\u2022 Carro Esporte &#8211; Classe 1<\/p>\n<p>\u2022\u00a0Carro Esporte &#8211; Classe 2<\/p>\n<p>\u2022\u00a0Carro Esporte &#8211; Classe 3<\/p>\n<p>\u2022\u00a0Carro Fora de Linha &#8211; D\u00e9cadas de 1950 e 1960<\/p>\n<p>\u2022\u00a0Carro Fora de Linha &#8211; D\u00e9cada de 1970<\/p>\n<p>\u2022\u00a0Carro Fora de Linha &#8211; D\u00e9cada de 1980<\/p>\n<p>\u2022\u00a0Carro Fora de Linha &#8211; D\u00e9cada de 1990<\/p>\n<p>\u2022\u00a0Carro Fora de Linha &#8211; D\u00e9cada de 2000<\/p>\n<p>\u2022\u00a0O Carro dos Meus Sonhos<\/td>\n<\/tr>\n<\/tbody>\n<\/table>\n<p>&nbsp;<\/p>\n<p>\u2022\u00a0Concorrem nas categorias <em>Hatch Pequeno &#8211; Classe 1, Classe 2 e Classe 3; Sed\u00e3 Pequeno; Hatch M\u00e9dio; Hatch M\u00e9dio de Luxo; Sed\u00e3 M\u00e9dio; Sed\u00e3 M\u00e9dio de Luxo; Sed\u00e3 Grande, Sed\u00e3 Grande de Luxo; Sed\u00e3 de Alto Luxo; Utilit\u00e1rio Esporte &#8211; Classe 1, Classe 2, Classe 3 e Classe 4; Picape Pequena; Picape M\u00e9dia\/Grande; Minivan Compacta;<\/em> e <em>Carro Esporte &#8211; Classe 1, Classe 2 e Classe 3<\/em> os modelos nacionais e importados atualmente em produ\u00e7\u00e3o, mesmo que em escala reduzida, dispon\u00edveis no mercado brasileiro em 15 de outubro de 2012.<\/p>\n<p>\u2022\u00a0No caso de modelos importados, consideram-se apenas aqueles trazidos por representa\u00e7\u00e3o oficial do fabricante.<\/p>\n<p>\u2022\u00a0Os modelos foram selecionados e enquadrados pelo <strong>Best Cars<\/strong> considerando-se crit\u00e9rios de porte, configura\u00e7\u00e3o de carroceria, faixa de pre\u00e7o, motoriza\u00e7\u00e3o, acabamento e posicionamento no mercado. O peso de cada fator no enquadramento dos modelos varia conforme a categoria.<\/p>\n<p>\u2022\u00a0Concorrem nas categorias <em>Carro Fora de Linha &#8211; d\u00e9cadas de 1950 e 1960; d\u00e9cada de 1970; d\u00e9cada de 1980; d\u00e9cada de 1990;<\/em> e <em>d\u00e9cada de 2000<\/em> os autom\u00f3veis que tiveram fabrica\u00e7\u00e3o regular no Brasil e j\u00e1 estavam fora de produ\u00e7\u00e3o em 15 de outubro de 2012. N\u00e3o se incluem utilit\u00e1rios, peruas, modelos &#8220;fora de s\u00e9rie&#8221; (isto \u00e9, de produ\u00e7\u00e3o reduzida por pequenos fabricantes) ou produzidos em outros pa\u00edses.<\/p>\n<p>\u2022\u00a0Enquadram-se nessas categorias modelos substitu\u00eddos por uma nova gera\u00e7\u00e3o, mesmo que o nome se mantenha em modelo atualmente em produ\u00e7\u00e3o.<\/p>\n<p>\u2022\u00a0O mesmo modelo pode constar de duas ou mais destas categorias, conforme o tempo de perman\u00eancia no mercado. Para que conste em uma das categorias, \u00e9 necess\u00e1ria sua produ\u00e7\u00e3o pelo tempo m\u00ednimo de 12 meses em uma das d\u00e9cadas citadas.<\/p>\n<p>\u2022\u00a0Concorrem na categoria <em>O Carro dos Meus Sonhos<\/em> os autom\u00f3veis e utilit\u00e1rios nacionais e estrangeiros em produ\u00e7\u00e3o em 15 de outubro de 2012, mesmo que em escala reduzida, dispon\u00edveis ou n\u00e3o no mercado brasileiro.<\/p>\n<p>&nbsp;<\/p>\n<table border=\"0\" align=\"center\">\n<tbody>\n<tr>\n<td align=\"left\"><a href='https:\/\/autolivraria.com.br\/bc\/15a-eleicao-dos-melhores-carros-envie-seu-voto\/' class='small-button smallred'>Escolha os modelos e vote<\/a><\/td>\n<\/tr>\n<\/tbody>\n<\/table>\n<p>&nbsp;<\/p>\n","protected":false},"excerpt":{"rendered":"<p>\u2022\u00a0A 15\u00aa Elei\u00e7\u00e3o dos Melhores Carros do Best Cars \u00e9 um concurso de car\u00e1ter cultural, com o fim de proporcionar aos participantes a escolha dos melhores autom\u00f3veis em 27 categorias. \u2022\u00a0A participa\u00e7\u00e3o nesta elei\u00e7\u00e3o \u00e9 aberta a qualquer pessoa com acesso \u00e0 internet, no Brasil ou no exterior, e n\u00e3o requer a aquisi\u00e7\u00e3o ou compromisso<\/p>\n","protected":false},"author":6,"featured_media":0,"parent":0,"menu_order":0,"comment_status":"closed","ping_status":"closed","template":"","meta":{"_joinchat":[],"footnotes":""},"class_list":["post-14756","page","type-page","status-publish","hentry"],"amp_enabled":true,"_links":{"self":[{"href":"https:\/\/autolivraria.com.br\/bc\/wp-json\/wp\/v2\/pages\/14756","targetHints":{"allow":["GET"]}}],"collection":[{"href":"https:\/\/autolivraria.com.br\/bc\/wp-json\/wp\/v2\/pages"}],"about":[{"href":"https:\/\/autolivraria.com.br\/bc\/wp-json\/wp\/v2\/types\/page"}],"author":[{"embeddable":true,"href":"https:\/\/autolivraria.com.br\/bc\/wp-json\/wp\/v2\/users\/6"}],"replies":[{"embeddable":true,"href":"https:\/\/autolivraria.com.br\/bc\/wp-json\/wp\/v2\/comments?post=14756"}],"version-history":[{"count":0,"href":"https:\/\/autolivraria.com.br\/bc\/wp-json\/wp\/v2\/pages\/14756\/revisions"}],"wp:attachment":[{"href":"https:\/\/autolivraria.com.br\/bc\/wp-json\/wp\/v2\/media?parent=14756"}],"curies":[{"name":"wp","href":"https:\/\/api.w.org\/{rel}","templated":true}]}}