{"id":15161,"date":"2012-10-23T10:59:11","date_gmt":"2012-10-23T13:59:11","guid":{"rendered":"http:\/\/bestcars.uol.com.br\/bc\/?page_id=15161"},"modified":"2014-07-03T20:29:42","modified_gmt":"2014-07-03T23:29:42","slug":"salao-de-sao-paulo","status":"publish","type":"page","link":"https:\/\/autolivraria.com.br\/bc\/salao-de-sao-paulo\/","title":{"rendered":"Sal\u00e3o de S\u00e3o Paulo: acompanhe aqui a cobertura"},"content":{"rendered":"\n\t\t<div class='et-simple-slider et_sliderfx_fade et_sliderauto_true et_sliderauto_speed_5000 et_slidertype_simple'>\n\t\t\t<div class='et-simple-slides'>\n\t\t\t\t<div class='et-tabs-content-wrapper'>\n\t\t\t\t\t<div class='et_slidecontent'>\n\t\t\t<a href=\"https:\/\/autolivraria.com.br\/bc\/informe-se\/noticias\/salao-chrysler-tem-viper-charger-durango-e-mais\/\"><img fetchpriority=\"high\" decoding=\"async\" class=\"alignnone size-post-thumb wp-image-15718\" title=\"SRT Viper\" src=\"https:\/\/autolivraria.com.br\/bc\/wp-content\/uploads\/2012\/10\/SRT-Viper-04-470x313.jpg\" alt=\"\" width=\"470\" height=\"313\" srcset=\"https:\/\/autolivraria.com.br\/bc\/wp-content\/uploads\/2012\/10\/SRT-Viper-04-470x313.jpg 470w, https:\/\/autolivraria.com.br\/bc\/wp-content\/uploads\/2012\/10\/SRT-Viper-04-560x373.jpg 560w, https:\/\/autolivraria.com.br\/bc\/wp-content\/uploads\/2012\/10\/SRT-Viper-04-270x179.jpg 270w, https:\/\/autolivraria.com.br\/bc\/wp-content\/uploads\/2012\/10\/SRT-Viper-04.jpg 1280w\" sizes=\"(max-width: 470px) 100vw, 470px\" \/><\/a>\n\t\t<\/div>\n\n\t\t<div class='et_slidecontent'>\n\t\t\t<a href=\"https:\/\/autolivraria.com.br\/bc\/informe-se\/noticias\/salao-mercedes-tem-style-coupe-sls-sl65-e-classe-b\/\"><img decoding=\"async\" class=\"alignnone size-post-thumb wp-image-15481 lazyload\" title=\"Mercedes-Benz SLS GT3\" data-src=\"https:\/\/autolivraria.com.br\/bc\/wp-content\/uploads\/2012\/10\/Mercedes-Benz-SLS-GT3-01-470x313.jpg\" alt=\"\" width=\"470\" height=\"313\" data-srcset=\"https:\/\/autolivraria.com.br\/bc\/wp-content\/uploads\/2012\/10\/Mercedes-Benz-SLS-GT3-01-470x313.jpg 470w, https:\/\/autolivraria.com.br\/bc\/wp-content\/uploads\/2012\/10\/Mercedes-Benz-SLS-GT3-01-560x373.jpg 560w, https:\/\/autolivraria.com.br\/bc\/wp-content\/uploads\/2012\/10\/Mercedes-Benz-SLS-GT3-01-270x179.jpg 270w, https:\/\/autolivraria.com.br\/bc\/wp-content\/uploads\/2012\/10\/Mercedes-Benz-SLS-GT3-01.jpg 1280w\" data-sizes=\"(max-width: 470px) 100vw, 470px\" src=\"data:image\/svg+xml;base64,PHN2ZyB3aWR0aD0iMSIgaGVpZ2h0PSIxIiB4bWxucz0iaHR0cDovL3d3dy53My5vcmcvMjAwMC9zdmciPjwvc3ZnPg==\" style=\"--smush-placeholder-width: 470px; --smush-placeholder-aspect-ratio: 470\/313;\" \/><\/a>\n\t\t<\/div>\n\n\t\t<div class='et_slidecontent'>\n\t\t\t<a href=\"https:\/\/autolivraria.com.br\/bc\/informe-se\/noticias\/salao-hyundai-hb20x-e-os-novos-i30-e-santa-fe\/\"><img decoding=\"async\" class=\"alignnone size-post-thumb wp-image-15582 lazyload\" title=\"Hyundai HB20X\" data-src=\"https:\/\/autolivraria.com.br\/bc\/wp-content\/uploads\/2012\/10\/Hyundai-HB20X-03-470x313.jpg\" alt=\"\" width=\"470\" height=\"313\" data-srcset=\"https:\/\/autolivraria.com.br\/bc\/wp-content\/uploads\/2012\/10\/Hyundai-HB20X-03-470x313.jpg 470w, https:\/\/autolivraria.com.br\/bc\/wp-content\/uploads\/2012\/10\/Hyundai-HB20X-03-560x373.jpg 560w, https:\/\/autolivraria.com.br\/bc\/wp-content\/uploads\/2012\/10\/Hyundai-HB20X-03-270x179.jpg 270w, https:\/\/autolivraria.com.br\/bc\/wp-content\/uploads\/2012\/10\/Hyundai-HB20X-03.jpg 1280w\" data-sizes=\"(max-width: 470px) 100vw, 470px\" src=\"data:image\/svg+xml;base64,PHN2ZyB3aWR0aD0iMSIgaGVpZ2h0PSIxIiB4bWxucz0iaHR0cDovL3d3dy53My5vcmcvMjAwMC9zdmciPjwvc3ZnPg==\" style=\"--smush-placeholder-width: 470px; --smush-placeholder-aspect-ratio: 470\/313;\" \/><\/a>\n\t\t<\/div>\n\n\t\t<div class='et_slidecontent'>\n\t\t\t<a href=\"https:\/\/autolivraria.com.br\/bc\/informe-se\/noticias\/salao-fiat-expoe-ferrari-458-e-maserati-grancabrio\/\"><img decoding=\"async\" class=\"alignnone size-post-thumb wp-image-15385 lazyload\" title=\"Ferrari 458 Spider\" data-src=\"https:\/\/autolivraria.com.br\/bc\/wp-content\/uploads\/2012\/10\/Ferrari-458-03-470x313.jpg\" alt=\"\" width=\"470\" height=\"313\" data-srcset=\"https:\/\/autolivraria.com.br\/bc\/wp-content\/uploads\/2012\/10\/Ferrari-458-03-470x313.jpg 470w, https:\/\/autolivraria.com.br\/bc\/wp-content\/uploads\/2012\/10\/Ferrari-458-03-560x373.jpg 560w, https:\/\/autolivraria.com.br\/bc\/wp-content\/uploads\/2012\/10\/Ferrari-458-03-270x179.jpg 270w, https:\/\/autolivraria.com.br\/bc\/wp-content\/uploads\/2012\/10\/Ferrari-458-03.jpg 1280w\" data-sizes=\"(max-width: 470px) 100vw, 470px\" src=\"data:image\/svg+xml;base64,PHN2ZyB3aWR0aD0iMSIgaGVpZ2h0PSIxIiB4bWxucz0iaHR0cDovL3d3dy53My5vcmcvMjAwMC9zdmciPjwvc3ZnPg==\" style=\"--smush-placeholder-width: 470px; --smush-placeholder-aspect-ratio: 470\/313;\" \/><\/a>\n\t\t<\/div>\n\n\t\t<div class='et_slidecontent'>\n\t\t\t<a href=\"https:\/\/autolivraria.com.br\/bc\/informe-se\/noticias\/salao-vw-tem-conceitos-taigun-cross-coupe-buggy-up-e-gt-up\/\"><img decoding=\"async\" class=\"alignnone size-post-thumb wp-image-15313 lazyload\" title=\"VW Taigun\" data-src=\"https:\/\/autolivraria.com.br\/bc\/wp-content\/uploads\/2012\/10\/VW-Taigun-02-470x313.jpg\" alt=\"\" width=\"470\" height=\"313\" data-srcset=\"https:\/\/autolivraria.com.br\/bc\/wp-content\/uploads\/2012\/10\/VW-Taigun-02-470x313.jpg 470w, https:\/\/autolivraria.com.br\/bc\/wp-content\/uploads\/2012\/10\/VW-Taigun-02-560x373.jpg 560w, https:\/\/autolivraria.com.br\/bc\/wp-content\/uploads\/2012\/10\/VW-Taigun-02-270x179.jpg 270w, https:\/\/autolivraria.com.br\/bc\/wp-content\/uploads\/2012\/10\/VW-Taigun-02.jpg 1280w\" data-sizes=\"(max-width: 470px) 100vw, 470px\" src=\"data:image\/svg+xml;base64,PHN2ZyB3aWR0aD0iMSIgaGVpZ2h0PSIxIiB4bWxucz0iaHR0cDovL3d3dy53My5vcmcvMjAwMC9zdmciPjwvc3ZnPg==\" style=\"--smush-placeholder-width: 470px; --smush-placeholder-aspect-ratio: 470\/313;\" \/><\/a>\n\t\t<\/div>\n\n\t\t<div class='et_slidecontent'>\n\t\t\t<a href=\"https:\/\/autolivraria.com.br\/bc\/informe-se\/noticias\/salao-honda-civic-20-e-si-fit-twist-novo-accord-cr-v-flex\/\"><img decoding=\"async\" class=\"alignnone size-post-thumb wp-image-15519 lazyload\" title=\"Honda Civic Si\" data-src=\"https:\/\/autolivraria.com.br\/bc\/wp-content\/uploads\/2012\/10\/Honda-Civic-Si-01-470x313.jpg\" alt=\"\" width=\"470\" height=\"313\" data-srcset=\"https:\/\/autolivraria.com.br\/bc\/wp-content\/uploads\/2012\/10\/Honda-Civic-Si-01-470x313.jpg 470w, https:\/\/autolivraria.com.br\/bc\/wp-content\/uploads\/2012\/10\/Honda-Civic-Si-01-560x373.jpg 560w, https:\/\/autolivraria.com.br\/bc\/wp-content\/uploads\/2012\/10\/Honda-Civic-Si-01-270x179.jpg 270w, https:\/\/autolivraria.com.br\/bc\/wp-content\/uploads\/2012\/10\/Honda-Civic-Si-01.jpg 1280w\" data-sizes=\"(max-width: 470px) 100vw, 470px\" src=\"data:image\/svg+xml;base64,PHN2ZyB3aWR0aD0iMSIgaGVpZ2h0PSIxIiB4bWxucz0iaHR0cDovL3d3dy53My5vcmcvMjAwMC9zdmciPjwvc3ZnPg==\" style=\"--smush-placeholder-width: 470px; --smush-placeholder-aspect-ratio: 470\/313;\" \/><\/a>\n\t\t<\/div>\n\n\t\t<div class='et_slidecontent'>\n\t\t\t<a href=\"https:\/\/autolivraria.com.br\/bc\/informe-se\/noticias\/salao-ford-expoe-hibrido-evos-e-versao-boss-302-do-mustang\/\"><img decoding=\"async\" class=\"alignnone size-post-thumb wp-image-15207 lazyload\" title=\"Ford Evos\" data-src=\"https:\/\/autolivraria.com.br\/bc\/wp-content\/uploads\/2012\/10\/Ford-Evos-03-470x313.jpg\" alt=\"\" width=\"470\" height=\"313\" data-srcset=\"https:\/\/autolivraria.com.br\/bc\/wp-content\/uploads\/2012\/10\/Ford-Evos-03-470x313.jpg 470w, https:\/\/autolivraria.com.br\/bc\/wp-content\/uploads\/2012\/10\/Ford-Evos-03-560x373.jpg 560w, https:\/\/autolivraria.com.br\/bc\/wp-content\/uploads\/2012\/10\/Ford-Evos-03-270x179.jpg 270w, https:\/\/autolivraria.com.br\/bc\/wp-content\/uploads\/2012\/10\/Ford-Evos-03.jpg 1280w\" data-sizes=\"(max-width: 470px) 100vw, 470px\" src=\"data:image\/svg+xml;base64,PHN2ZyB3aWR0aD0iMSIgaGVpZ2h0PSIxIiB4bWxucz0iaHR0cDovL3d3dy53My5vcmcvMjAwMC9zdmciPjwvc3ZnPg==\" style=\"--smush-placeholder-width: 470px; --smush-placeholder-aspect-ratio: 470\/313;\" \/><\/a>\n\t\t<\/div>\n\n\t\t<div class='et_slidecontent'>\n\t\t\t<a href=\"https:\/\/autolivraria.com.br\/bc\/informe-se\/noticias\/salao-peugeot-mostra-208-nacional-e-gti-conceitual\/\"><img decoding=\"async\" class=\"alignnone size-post-thumb wp-image-15366 lazyload\" title=\"Peugeot 208\" data-src=\"https:\/\/autolivraria.com.br\/bc\/wp-content\/uploads\/2012\/10\/Peugeot-208-011-470x313.jpg\" alt=\"\" width=\"470\" height=\"313\" data-srcset=\"https:\/\/autolivraria.com.br\/bc\/wp-content\/uploads\/2012\/10\/Peugeot-208-011-470x313.jpg 470w, https:\/\/autolivraria.com.br\/bc\/wp-content\/uploads\/2012\/10\/Peugeot-208-011-560x373.jpg 560w, https:\/\/autolivraria.com.br\/bc\/wp-content\/uploads\/2012\/10\/Peugeot-208-011-270x179.jpg 270w, https:\/\/autolivraria.com.br\/bc\/wp-content\/uploads\/2012\/10\/Peugeot-208-011.jpg 1280w\" data-sizes=\"(max-width: 470px) 100vw, 470px\" src=\"data:image\/svg+xml;base64,PHN2ZyB3aWR0aD0iMSIgaGVpZ2h0PSIxIiB4bWxucz0iaHR0cDovL3d3dy53My5vcmcvMjAwMC9zdmciPjwvc3ZnPg==\" style=\"--smush-placeholder-width: 470px; --smush-placeholder-aspect-ratio: 470\/313;\" \/><\/a>\n\t\t<\/div>\n\n\t\t<div class='et_slidecontent'>\n\t\t\t<a href=\"https:\/\/autolivraria.com.br\/bc\/informe-se\/noticias\/salao-porsche-tem-novidades-em-quatro-de-suas-linhas\/\"><img decoding=\"async\" class=\"alignnone size-post-thumb wp-image-15221 lazyload\" title=\"Porsche 911 Cabriolet\" data-src=\"https:\/\/autolivraria.com.br\/bc\/wp-content\/uploads\/2012\/10\/Porsche-911-Cabriolet-02-470x313.jpg\" alt=\"\" width=\"470\" height=\"313\" data-srcset=\"https:\/\/autolivraria.com.br\/bc\/wp-content\/uploads\/2012\/10\/Porsche-911-Cabriolet-02-470x313.jpg 470w, https:\/\/autolivraria.com.br\/bc\/wp-content\/uploads\/2012\/10\/Porsche-911-Cabriolet-02-560x373.jpg 560w, https:\/\/autolivraria.com.br\/bc\/wp-content\/uploads\/2012\/10\/Porsche-911-Cabriolet-02-270x179.jpg 270w, https:\/\/autolivraria.com.br\/bc\/wp-content\/uploads\/2012\/10\/Porsche-911-Cabriolet-02.jpg 1280w\" data-sizes=\"(max-width: 470px) 100vw, 470px\" src=\"data:image\/svg+xml;base64,PHN2ZyB3aWR0aD0iMSIgaGVpZ2h0PSIxIiB4bWxucz0iaHR0cDovL3d3dy53My5vcmcvMjAwMC9zdmciPjwvc3ZnPg==\" style=\"--smush-placeholder-width: 470px; --smush-placeholder-aspect-ratio: 470\/313;\" \/><\/a>\n\t\t<\/div>\n\t\t\t\t<\/div>\n\t\t\t<\/div>\n\t\t<\/div> <!-- .et-simple-slider -->\n\t\t\n<p>&nbsp;<\/p>\n<p>O cinquenten\u00e1rio Sal\u00e3o do Autom\u00f3vel, realizado desde 1960 na capital paulista, chega \u00e0 27\u00aa. edi\u00e7\u00e3o com grandes atra\u00e7\u00f5es. O Pavilh\u00e3o de Exposi\u00e7\u00f5es do Anhembi exp\u00f5e mais de 400 ve\u00edculos no per\u00edodo de 24 de outubro a 3 de novembro, com expectativa de repetir o volume de visitas registrado em 2010, quando compareceram 750 mil pessoas.<\/p>\n<p>Depois da <a href=\"https:\/\/autolivraria.com.br\/bc\/mais\/saloes\/salao-de-sao-paulo-o-que-conferir-na-27a-edicao\/\">pr\u00e9via com as novidades j\u00e1 antecipadas pelas marcas<\/a>, o <strong>Best Cars<\/strong> traz sua cobertura do evento, produzida com atualiza\u00e7\u00f5es frequentes direto do Anhembi. Confira abaixo alguns dos lan\u00e7amentos, carros-conceito e modelos de exposi\u00e7\u00e3o que fazem a festa em S\u00e3o Paulo e <a href=\"https:\/\/autolivraria.com.br\/bc\/salao-de-sao-paulo-as-dicas-para-sua-visita\/\">aqui as dicas para sua visita<\/a>.<\/p>\n<table border=\"0\">\n<tbody>\n<tr>\n<td><a href='https:\/\/www.autolivraria.com.br\/saloes2\/saopaulo-historia-1.htm' class='small-button smallsilver' target=\"_blank\">Confira tamb\u00e9m: a hist\u00f3ria do Sal\u00e3o<\/a><\/td>\n<\/tr>\n<\/tbody>\n<\/table>\n<p>&nbsp;<\/p>\n<p><img decoding=\"async\" class=\"aligncenter lazyload\" title=\"Salao do Automovel\" data-src=\"https:\/\/autolivraria.com.br\/bc\/wp-content\/uploads\/2012\/10\/Salao-do-Automovel-logo.jpg\" alt=\"\" width=\"560\" height=\"151\" src=\"data:image\/svg+xml;base64,PHN2ZyB3aWR0aD0iMSIgaGVpZ2h0PSIxIiB4bWxucz0iaHR0cDovL3d3dy53My5vcmcvMjAwMC9zdmciPjwvc3ZnPg==\" style=\"--smush-placeholder-width: 560px; --smush-placeholder-aspect-ratio: 560\/151;\" \/><\/p>\n<p>&nbsp;<\/p>\n","protected":false},"excerpt":{"rendered":"<p>&nbsp; O cinquenten\u00e1rio Sal\u00e3o do Autom\u00f3vel, realizado desde 1960 na capital paulista, chega \u00e0 27\u00aa. edi\u00e7\u00e3o com grandes atra\u00e7\u00f5es. O Pavilh\u00e3o de Exposi\u00e7\u00f5es do Anhembi exp\u00f5e mais de 400 ve\u00edculos no per\u00edodo de 24 de outubro a 3 de novembro, com expectativa de repetir o volume de visitas registrado em 2010, quando compareceram 750 mil<\/p>\n","protected":false},"author":6,"featured_media":0,"parent":0,"menu_order":0,"comment_status":"open","ping_status":"closed","template":"page-template-portfolio.php","meta":{"_joinchat":[],"footnotes":""},"class_list":["post-15161","page","type-page","status-publish","hentry"],"amp_enabled":false,"_links":{"self":[{"href":"https:\/\/autolivraria.com.br\/bc\/wp-json\/wp\/v2\/pages\/15161","targetHints":{"allow":["GET"]}}],"collection":[{"href":"https:\/\/autolivraria.com.br\/bc\/wp-json\/wp\/v2\/pages"}],"about":[{"href":"https:\/\/autolivraria.com.br\/bc\/wp-json\/wp\/v2\/types\/page"}],"author":[{"embeddable":true,"href":"https:\/\/autolivraria.com.br\/bc\/wp-json\/wp\/v2\/users\/6"}],"replies":[{"embeddable":true,"href":"https:\/\/autolivraria.com.br\/bc\/wp-json\/wp\/v2\/comments?post=15161"}],"version-history":[{"count":0,"href":"https:\/\/autolivraria.com.br\/bc\/wp-json\/wp\/v2\/pages\/15161\/revisions"}],"wp:attachment":[{"href":"https:\/\/autolivraria.com.br\/bc\/wp-json\/wp\/v2\/media?parent=15161"}],"curies":[{"name":"wp","href":"https:\/\/api.w.org\/{rel}","templated":true}]}}