{"id":15166,"date":"2012-10-20T20:49:26","date_gmt":"2012-10-20T23:49:26","guid":{"rendered":"http:\/\/bestcars.uol.com.br\/bc\/?page_id=15166"},"modified":"2012-10-20T20:49:26","modified_gmt":"2012-10-20T23:49:26","slug":"salao-de-sao-paulo-as-dicas-para-sua-visita","status":"publish","type":"page","link":"https:\/\/autolivraria.com.br\/bc\/salao-de-sao-paulo-as-dicas-para-sua-visita\/","title":{"rendered":"Sal\u00e3o de S\u00e3o Paulo: as dicas para sua visita"},"content":{"rendered":"<p><strong>Local:<\/strong>\u00a0Pavilh\u00e3o de Exposi\u00e7\u00f5es do Anhembi.\u00a0Endere\u00e7o:\u00a0Av. Olavo Fontoura, 1.209, Santana, S\u00e3o Paulo, SP.<\/p>\n<p><strong>Hor\u00e1rios:<\/strong>\u00a024\/10,\u00a0das 14h \u00e0s 22h (entrada at\u00e9 21h);\u00a025\/10 a 3\/11,\u00a0das 13h \u00e0s 22h (entrada at\u00e9 21h); e\u00a04\/11, das 11h \u00e0s 19h (entrada at\u00e9 17h).<\/p>\n<p><strong>Ingressos:<\/strong>\u00a0pelos sites\u00a0<a href=\"http:\/\/www.salaodoautomovel.com.br\" target=\"_blank\">www.salaodoautomovel.com.br<\/a>\u00a0e\u00a0<a href=\"http:\/\/www.ingressorapido.com.br\" target=\"_blank\">www.ingressorapido.com.br<\/a>. Este \u00faltimo aceita todos\u00a0os cart\u00f5es de d\u00e9bito e cr\u00e9dito. Ingressos no local pela bilheteria, que funciona do hor\u00e1rio de abertura da feira at\u00e9 uma hora antes do seu t\u00e9rmino, com exceto do \u00faltimo dia. Valor dos ingressos na bilheteria:\u00a0\u00a01\u00ba dia, inteira R$ 45,00 e meia R$ 22,50; dias de semana (exceto feriado), inteira R$ 55,00 e meia R$27,50; fins de semana e feriado, inteira R$ 80,00 e meia R$ 40,00.<\/p>\n<p>Meia entrada para crian\u00e7as com idade entre 6 e 12 anos; estudantes regularmente matriculados junto \u00e0 rede p\u00fablica ou privada de ensino fundamental, m\u00e9dio ou superior; professores da rede publica municipal; aposentados; e idosos acima de 60 anos.<\/p>\n<p><strong>Transporte gratuito<\/strong>: \u00f4nibus circular\u00e3o com ida e volta ao Parque Anhembi na esta\u00e7\u00e3o Tiet\u00ea do Metr\u00f4 (Linha Norte-Sul), Terminal Rodovi\u00e1rio, funcionando uma hora antes da abertura at\u00e9 uma hora ap\u00f3s o fechamento do Sal\u00e3o.<\/p>\n<p><strong>Dica:<\/strong>\u00a0use roupas leves e cal\u00e7ados confort\u00e1veis, pois o Anhembi \u00e9 bastante quente nessa \u00e9poca do ano e uma boa visita requer algumas horas de caminhada.<\/p>\n<p>Outras d\u00favidas? Esclare\u00e7a no site\u00a0<a href=\"http:\/\/www.salaodoautomovel.com.br\" target=\"_blank\">www.salaodoautomovel.com.br<\/a>.<\/p>\n<p>&nbsp;<\/p>\n","protected":false},"excerpt":{"rendered":"<p>Local:\u00a0Pavilh\u00e3o de Exposi\u00e7\u00f5es do Anhembi.\u00a0Endere\u00e7o:\u00a0Av. Olavo Fontoura, 1.209, Santana, S\u00e3o Paulo, SP. Hor\u00e1rios:\u00a024\/10,\u00a0das 14h \u00e0s 22h (entrada at\u00e9 21h);\u00a025\/10 a 3\/11,\u00a0das 13h \u00e0s 22h (entrada at\u00e9 21h); e\u00a04\/11, das 11h \u00e0s 19h (entrada at\u00e9 17h). Ingressos:\u00a0pelos sites\u00a0www.salaodoautomovel.com.br\u00a0e\u00a0www.ingressorapido.com.br. Este \u00faltimo aceita todos\u00a0os cart\u00f5es de d\u00e9bito e cr\u00e9dito. Ingressos no local pela bilheteria, que funciona do hor\u00e1rio<\/p>\n","protected":false},"author":6,"featured_media":0,"parent":0,"menu_order":0,"comment_status":"closed","ping_status":"closed","template":"","meta":{"_joinchat":[],"footnotes":""},"class_list":["post-15166","page","type-page","status-publish","hentry"],"amp_enabled":true,"_links":{"self":[{"href":"https:\/\/autolivraria.com.br\/bc\/wp-json\/wp\/v2\/pages\/15166","targetHints":{"allow":["GET"]}}],"collection":[{"href":"https:\/\/autolivraria.com.br\/bc\/wp-json\/wp\/v2\/pages"}],"about":[{"href":"https:\/\/autolivraria.com.br\/bc\/wp-json\/wp\/v2\/types\/page"}],"author":[{"embeddable":true,"href":"https:\/\/autolivraria.com.br\/bc\/wp-json\/wp\/v2\/users\/6"}],"replies":[{"embeddable":true,"href":"https:\/\/autolivraria.com.br\/bc\/wp-json\/wp\/v2\/comments?post=15166"}],"version-history":[{"count":0,"href":"https:\/\/autolivraria.com.br\/bc\/wp-json\/wp\/v2\/pages\/15166\/revisions"}],"wp:attachment":[{"href":"https:\/\/autolivraria.com.br\/bc\/wp-json\/wp\/v2\/media?parent=15166"}],"curies":[{"name":"wp","href":"https:\/\/api.w.org\/{rel}","templated":true}]}}