{"id":19403,"date":"2013-01-15T00:00:05","date_gmt":"2013-01-15T03:00:05","guid":{"rendered":"http:\/\/bestcars.uol.com.br\/bc\/?page_id=19403"},"modified":"2013-01-15T18:20:50","modified_gmt":"2013-01-15T21:20:50","slug":"salao-de-detroit-2013","status":"publish","type":"page","link":"https:\/\/autolivraria.com.br\/bc\/salao-de-detroit-2013\/","title":{"rendered":"Sal\u00e3o de Detroit 2013"},"content":{"rendered":"\n\t\t<div class='et-simple-slider et_sliderfx_slide et_sliderauto_true et_sliderauto_speed_4000 et_slidertype_simple'>\n\t\t\t<div class='et-simple-slides'>\n\t\t\t\t<div class='et-tabs-content-wrapper'>\n\t\t\t\t\t<div class='et_slidecontent'>\n\t\t\t<a href=\"https:\/\/autolivraria.com.br\/bc\/informe-se\/noticias\/chevrolet-corvette-os-detalhes-da-setima-geracao\/\"><img fetchpriority=\"high\" decoding=\"async\" class=\"aligncenter size-post-thumb wp-image-19472\" title=\"Corvette Stingray\" src=\"https:\/\/autolivraria.com.br\/bc\/wp-content\/uploads\/2013\/01\/Corvette-Stingray-01-470x313.jpg\" alt=\"\" width=\"470\" height=\"313\" srcset=\"https:\/\/autolivraria.com.br\/bc\/wp-content\/uploads\/2013\/01\/Corvette-Stingray-01-470x313.jpg 470w, https:\/\/autolivraria.com.br\/bc\/wp-content\/uploads\/2013\/01\/Corvette-Stingray-01-560x373.jpg 560w, https:\/\/autolivraria.com.br\/bc\/wp-content\/uploads\/2013\/01\/Corvette-Stingray-01-270x179.jpg 270w, https:\/\/autolivraria.com.br\/bc\/wp-content\/uploads\/2013\/01\/Corvette-Stingray-01.jpg 1280w\" sizes=\"(max-width: 470px) 100vw, 470px\" \/><\/a>\n\t\t<\/div>\n\n\t\t<div class='et_slidecontent'>\n\t\t\t<a href=\"https:\/\/autolivraria.com.br\/bc\/informe-se\/noticias\/toyota-corolla-furia-pode-ser-assim-a-nova-geracao\/\"><img decoding=\"async\" class=\"aligncenter size-post-thumb wp-image-19626 lazyload\" title=\"Toyota Corolla Furia\" data-src=\"https:\/\/autolivraria.com.br\/bc\/wp-content\/uploads\/2013\/01\/Toyota-Corolla-Furia-01-470x313.jpg\" alt=\"\" width=\"470\" height=\"313\" src=\"data:image\/svg+xml;base64,PHN2ZyB3aWR0aD0iMSIgaGVpZ2h0PSIxIiB4bWxucz0iaHR0cDovL3d3dy53My5vcmcvMjAwMC9zdmciPjwvc3ZnPg==\" style=\"--smush-placeholder-width: 470px; --smush-placeholder-aspect-ratio: 470\/313;\" \/><\/a>\n\t\t<\/div>\n\n\t\t<div class='et_slidecontent'>\n\t\t\t<a href=\"https:\/\/autolivraria.com.br\/bc\/informe-se\/noticias\/vw-crossblue-utilitario-hibrido-de-seis-lugares\/\"><img decoding=\"async\" class=\"aligncenter size-post-thumb wp-image-19571 lazyload\" title=\"VW CrossBlue\" data-src=\"https:\/\/autolivraria.com.br\/bc\/wp-content\/uploads\/2013\/01\/VW-CrossBlue-01-470x313.jpg\" alt=\"\" width=\"470\" height=\"313\" src=\"data:image\/svg+xml;base64,PHN2ZyB3aWR0aD0iMSIgaGVpZ2h0PSIxIiB4bWxucz0iaHR0cDovL3d3dy53My5vcmcvMjAwMC9zdmciPjwvc3ZnPg==\" style=\"--smush-placeholder-width: 470px; --smush-placeholder-aspect-ratio: 470\/313;\" \/><\/a>\n\t\t<\/div>\n\n\t\t<div class='et_slidecontent'>\n\t\t\t<a href=\"https:\/\/autolivraria.com.br\/bc\/informe-se\/noticias\/cls-amg-da-mercedes-tracao-nas-quatro-e-mais-potencia\/\"><img decoding=\"async\" class=\"aligncenter lazyload\" title=\"Mercedes-Benz CLS 63 AMG S-Model\" data-src=\"https:\/\/autolivraria.com.br\/bc\/wp-content\/uploads\/2013\/01\/Mercedes-Benz-CLS-63-AMG-S-Model-01-470x313.jpg\" alt=\"\" width=\"470\" height=\"313\" src=\"data:image\/svg+xml;base64,PHN2ZyB3aWR0aD0iMSIgaGVpZ2h0PSIxIiB4bWxucz0iaHR0cDovL3d3dy53My5vcmcvMjAwMC9zdmciPjwvc3ZnPg==\" style=\"--smush-placeholder-width: 470px; --smush-placeholder-aspect-ratio: 470\/313;\" \/><\/a>\n\t\t<\/div>\n\n\t\t<div class='et_slidecontent'>\n\t\t\t<a href=\"https:\/\/autolivraria.com.br\/bc\/informe-se\/noticias\/lexus-is-ganha-linhas-fortes-inspiradas-em-conceito\/\"><img decoding=\"async\" class=\"aligncenter size-post-thumb wp-image-19263 lazyload\" title=\"Lexus IS\" data-src=\"https:\/\/autolivraria.com.br\/bc\/wp-content\/uploads\/2013\/01\/Lexus-IS-2014-03-470x313.jpg\" alt=\"\" width=\"470\" height=\"313\" src=\"data:image\/svg+xml;base64,PHN2ZyB3aWR0aD0iMSIgaGVpZ2h0PSIxIiB4bWxucz0iaHR0cDovL3d3dy53My5vcmcvMjAwMC9zdmciPjwvc3ZnPg==\" style=\"--smush-placeholder-width: 470px; --smush-placeholder-aspect-ratio: 470\/313;\" \/><\/a>\n\t\t<\/div>\n\n\t\t<div class='et_slidecontent'>\n\t\t\t<p><a href=\"https:\/\/autolivraria.com.br\/bc\/informe-se\/noticias\/bmw-anuncia-serie-4-coupe-para-salao-de-detroit\/\"><img decoding=\"async\" class=\"aligncenter lazyload\" title=\"BMW S\u00e9rie 4\" data-src=\"https:\/\/autolivraria.com.br\/bc\/wp-content\/uploads\/2012\/12\/BMW-Serie-4-11-470x313.jpg\" alt=\"\" width=\"470\" height=\"313\" src=\"data:image\/svg+xml;base64,PHN2ZyB3aWR0aD0iMSIgaGVpZ2h0PSIxIiB4bWxucz0iaHR0cDovL3d3dy53My5vcmcvMjAwMC9zdmciPjwvc3ZnPg==\" style=\"--smush-placeholder-width: 470px; --smush-placeholder-aspect-ratio: 470\/313;\" \/><\/a>\n\t\t<\/div>\n\t\t\t\t<\/div>\n\t\t\t<\/div>\n\t\t<\/div> <!-- .et-simple-slider -->\n\t\t\n<p>&nbsp;<\/p>\n<h2>Acompanhe por aqui os lan\u00e7amentos e carros-conceito<br \/>\nde um dos mais importantes eventos do mundo do carro<\/h2>\n<p>&nbsp;<\/p>\n<div class='one_half'>\n\t\t\t\t\t<p>Nove dias, 38 lan\u00e7amentos mundiais, 771 mil visitantes, 5.000 jornalistas de 58 pa\u00edses: os n\u00fameros da edi\u00e7\u00e3o de 2012 contam muito sobre a import\u00e2ncia do NAIAS, North American International Auto Show, mais conhecido entre n\u00f3s como Sal\u00e3o de Detroit.<\/p>\n<p>Esse evento com 105 anos de hist\u00f3ria, que se tornou internacional em 1989, tem sido respons\u00e1vel por grandes lan\u00e7amentos e pela estreia de atraentes carros-conceito. Realizado no Cobo Center, na &#8220;capital norte-americana do autom\u00f3vel&#8221;, o sal\u00e3o deste ano recebe o p\u00fablico geral de 19 a 27 de janeiro.<\/p>\n<p>O <strong>Best Cars<\/strong> re\u00fane nesta p\u00e1gina as principais atra\u00e7\u00f5es do evento.<\/p>\n\t\t\t\t<\/div>\n<div class='one_half last'>\n\t\t\t\t\t<a href=\"https:\/\/www.autolivraria.com.br\/saloes2\/detroit-historia-1.htm\" target=\"_blank\"><img decoding=\"async\" class=\"size-medium wp-image-19404 alignright lazyload\" title=\"A hist\u00f3ria do evento\" data-src=\"https:\/\/autolivraria.com.br\/bc\/wp-content\/uploads\/2013\/01\/A-historia-do-evento.jpg\" alt=\"\" width=\"220\" height=\"320\" src=\"data:image\/svg+xml;base64,PHN2ZyB3aWR0aD0iMSIgaGVpZ2h0PSIxIiB4bWxucz0iaHR0cDovL3d3dy53My5vcmcvMjAwMC9zdmciPjwvc3ZnPg==\" style=\"--smush-placeholder-width: 220px; --smush-placeholder-aspect-ratio: 220\/320;\" \/><\/a>\n\t\t\t\t<\/div><div class='clear'><\/div>\n<p>&nbsp;<\/p>\n<p style=\"text-align: center;\"><img decoding=\"async\" class=\"aligncenter size-medium wp-image-19410 lazyload\" title=\"Logotipo\" data-src=\"https:\/\/autolivraria.com.br\/bc\/wp-content\/uploads\/2013\/01\/Logotipo1.jpg\" alt=\"\" width=\"400\" height=\"188\" data-srcset=\"https:\/\/autolivraria.com.br\/bc\/wp-content\/uploads\/2013\/01\/Logotipo1.jpg 400w, https:\/\/autolivraria.com.br\/bc\/wp-content\/uploads\/2013\/01\/Logotipo1-270x126.jpg 270w\" data-sizes=\"(max-width: 400px) 100vw, 400px\" src=\"data:image\/svg+xml;base64,PHN2ZyB3aWR0aD0iMSIgaGVpZ2h0PSIxIiB4bWxucz0iaHR0cDovL3d3dy53My5vcmcvMjAwMC9zdmciPjwvc3ZnPg==\" style=\"--smush-placeholder-width: 400px; --smush-placeholder-aspect-ratio: 400\/188;\" \/><\/p>\n<p style=\"text-align: center;\">\n<p style=\"text-align: center;\"><a href=\"https:\/\/autolivraria.com.br\/bc\/mais\/saloes\/salao-de-detroit-a-galeria-de-imagens-do-evento\/\"><img decoding=\"async\" class=\"aligncenter size-full wp-image-19869 lazyload\" title=\"As imagens do Sal\u00e3o\" data-src=\"https:\/\/autolivraria.com.br\/bc\/wp-content\/uploads\/2013\/01\/As-imagens-do-evento.jpg\" alt=\"\" width=\"560\" height=\"101\" src=\"data:image\/svg+xml;base64,PHN2ZyB3aWR0aD0iMSIgaGVpZ2h0PSIxIiB4bWxucz0iaHR0cDovL3d3dy53My5vcmcvMjAwMC9zdmciPjwvc3ZnPg==\" style=\"--smush-placeholder-width: 560px; --smush-placeholder-aspect-ratio: 560\/101;\" \/><\/a><\/p>\n<table border=\"0\" align=\"center\">\n<tbody>\n<tr>\n<td><script type=\"text\/javascript\">\/\/ <![CDATA[\ngoogle_ad_client = \"ca-pub-1914799802606213\"; \/* 336 TUNING *\/ google_ad_slot = \"9672056487\"; google_ad_width = 336; google_ad_height = 280;\n\/\/ ]]><\/script><br \/>\n<script type=\"text\/javascript\" src=\"http:\/\/pagead2.googlesyndication.com\/pagead\/show_ads.js\">\/\/ <![CDATA[\n\n\n\/\/ ]]><\/script><\/td>\n<\/tr>\n<\/tbody>\n<\/table>\n<p>&nbsp;<\/p>\n","protected":false},"excerpt":{"rendered":"<p>&nbsp; Acompanhe por aqui os lan\u00e7amentos e carros-conceito de um dos mais importantes eventos do mundo do carro &nbsp; &nbsp; &nbsp;<\/p>\n","protected":false},"author":6,"featured_media":0,"parent":0,"menu_order":0,"comment_status":"closed","ping_status":"closed","template":"page-template-portfolio.php","meta":{"_joinchat":[],"footnotes":""},"class_list":["post-19403","page","type-page","status-publish","hentry"],"amp_enabled":false,"_links":{"self":[{"href":"https:\/\/autolivraria.com.br\/bc\/wp-json\/wp\/v2\/pages\/19403","targetHints":{"allow":["GET"]}}],"collection":[{"href":"https:\/\/autolivraria.com.br\/bc\/wp-json\/wp\/v2\/pages"}],"about":[{"href":"https:\/\/autolivraria.com.br\/bc\/wp-json\/wp\/v2\/types\/page"}],"author":[{"embeddable":true,"href":"https:\/\/autolivraria.com.br\/bc\/wp-json\/wp\/v2\/users\/6"}],"replies":[{"embeddable":true,"href":"https:\/\/autolivraria.com.br\/bc\/wp-json\/wp\/v2\/comments?post=19403"}],"version-history":[{"count":0,"href":"https:\/\/autolivraria.com.br\/bc\/wp-json\/wp\/v2\/pages\/19403\/revisions"}],"wp:attachment":[{"href":"https:\/\/autolivraria.com.br\/bc\/wp-json\/wp\/v2\/media?parent=19403"}],"curies":[{"name":"wp","href":"https:\/\/api.w.org\/{rel}","templated":true}]}}