{"id":22269,"date":"2013-03-12T00:00:06","date_gmt":"2013-03-12T03:00:06","guid":{"rendered":"http:\/\/bestcars.uol.com.br\/bc\/?page_id=22269"},"modified":"2013-03-12T10:18:43","modified_gmt":"2013-03-12T13:18:43","slug":"salao-de-genebra-2013","status":"publish","type":"page","link":"https:\/\/autolivraria.com.br\/bc\/salao-de-genebra-2013\/","title":{"rendered":"Sal\u00e3o de Genebra 2013"},"content":{"rendered":"\n\t\t<div class='et-simple-slider et_sliderfx_slide et_sliderauto_true et_sliderauto_speed_4000 et_slidertype_simple'>\n\t\t\t<div class='et-simple-slides'>\n\t\t\t\t<div class='et-tabs-content-wrapper'>\n\t\t\t\t\t<div class='et_slidecontent'>\n\t\t\t<a href=\"https:\/\/autolivraria.com.br\/bc\/informe-se\/noticias\/la-ferrari-soma-motores-v12-e-eletrico-para-963-cv\/\"><img fetchpriority=\"high\" decoding=\"async\" class=\"aligncenter size-post-thumb wp-image-22525\" title=\"Ferrari LaFerrari\" src=\"https:\/\/autolivraria.com.br\/bc\/wp-content\/uploads\/2013\/03\/Ferrari-LaFerrari-03-470x313.jpg\" alt=\"\" width=\"470\" height=\"313\" \/><\/a>\n\t\t<\/div>\n\n\t\t<div class='et_slidecontent'>\n\t\t\t<a href=\"https:\/\/autolivraria.com.br\/bc\/informe-se\/noticias\/lamborghini-veneno-supercarro-celebra-50-anos-da-marca\/\"><img decoding=\"async\" class=\"aligncenter size-post-thumb wp-image-22325 lazyload\" title=\"Lamborghini Veneno\" data-src=\"https:\/\/autolivraria.com.br\/bc\/wp-content\/uploads\/2013\/03\/Lamborghini-Veneno-03-470x313.jpg\" alt=\"\" width=\"470\" height=\"313\" src=\"data:image\/svg+xml;base64,PHN2ZyB3aWR0aD0iMSIgaGVpZ2h0PSIxIiB4bWxucz0iaHR0cDovL3d3dy53My5vcmcvMjAwMC9zdmciPjwvc3ZnPg==\" style=\"--smush-placeholder-width: 470px; --smush-placeholder-aspect-ratio: 470\/313;\" \/><\/a><\/p>\n\t\t<\/div>\n\n\t\t<div class='et_slidecontent'>\n\t\t\t<img decoding=\"async\" class=\"size-post-thumb wp-image-22138 aligncenter lazyload\" title=\"McLaren P1\" data-src=\"https:\/\/autolivraria.com.br\/bc\/wp-content\/uploads\/2013\/02\/McLaren-P1-011-470x313.jpg\" alt=\"\" width=\"470\" height=\"313\" src=\"data:image\/svg+xml;base64,PHN2ZyB3aWR0aD0iMSIgaGVpZ2h0PSIxIiB4bWxucz0iaHR0cDovL3d3dy53My5vcmcvMjAwMC9zdmciPjwvc3ZnPg==\" style=\"--smush-placeholder-width: 470px; --smush-placeholder-aspect-ratio: 470\/313;\" \/>\n\t\t<\/div>\n\n\t\t<div class='et_slidecontent'>\n\t\t\t<a href=\"https:\/\/autolivraria.com.br\/bc\/informe-se\/noticias\/porsche-911-gt3-deixa-serie-991-ainda-mais-picante\/\"><img decoding=\"async\" class=\"aligncenter size-post-thumb wp-image-22501 lazyload\" title=\"Porsche 911 GT3\" data-src=\"https:\/\/autolivraria.com.br\/bc\/wp-content\/uploads\/2013\/03\/Porsche-911-GT3-05-470x313.jpg\" alt=\"\" width=\"470\" height=\"313\" src=\"data:image\/svg+xml;base64,PHN2ZyB3aWR0aD0iMSIgaGVpZ2h0PSIxIiB4bWxucz0iaHR0cDovL3d3dy53My5vcmcvMjAwMC9zdmciPjwvc3ZnPg==\" style=\"--smush-placeholder-width: 470px; --smush-placeholder-aspect-ratio: 470\/313;\" \/><\/a>\n\t\t<\/div>\n\n\t\t<div class='et_slidecontent'>\n\t\t\t<a href=\"https:\/\/autolivraria.com.br\/bc\/informe-se\/noticias\/alfa-romeo-4c-de-producao-vem-leve-rapido-e-atraente\/\"><img decoding=\"async\" class=\"aligncenter size-post-thumb wp-image-21809 lazyload\" title=\"Volkswagen XL1\" data-src=\"https:\/\/autolivraria.com.br\/bc\/wp-content\/uploads\/2013\/02\/Volkswagen-XL1-05-470x313.jpg\" alt=\"\" width=\"470\" height=\"313\" src=\"data:image\/svg+xml;base64,PHN2ZyB3aWR0aD0iMSIgaGVpZ2h0PSIxIiB4bWxucz0iaHR0cDovL3d3dy53My5vcmcvMjAwMC9zdmciPjwvc3ZnPg==\" style=\"--smush-placeholder-width: 470px; --smush-placeholder-aspect-ratio: 470\/313;\" \/><\/a>\n\t\t<\/div>\n\n\t\t<div class='et_slidecontent'>\n\t\t\t<p><a href=\"https:\/\/autolivraria.com.br\/bc\/informe-se\/noticias\/alfa-romeo-4c-de-producao-vem-leve-rapido-e-atraente\/\"><img decoding=\"async\" class=\"size-post-thumb wp-image-21351 aligncenter lazyload\" title=\"Alfa Romeo 4C\" data-src=\"https:\/\/autolivraria.com.br\/bc\/wp-content\/uploads\/2013\/02\/Alfa-Romeo-4C-02-470x313.jpg\" alt=\"\" width=\"470\" height=\"313\" src=\"data:image\/svg+xml;base64,PHN2ZyB3aWR0aD0iMSIgaGVpZ2h0PSIxIiB4bWxucz0iaHR0cDovL3d3dy53My5vcmcvMjAwMC9zdmciPjwvc3ZnPg==\" style=\"--smush-placeholder-width: 470px; --smush-placeholder-aspect-ratio: 470\/313;\" \/><\/a>\n\t\t<\/div>\n\n\t\t<div class='et_slidecontent'>\n\t\t\t<p><a href=\"https:\/\/autolivraria.com.br\/bc\/informe-se\/noticias\/bmw-serie-3-gran-turismo-os-detalhes-do-novo-hatch\/\"><img decoding=\"async\" class=\"aligncenter size-post-thumb wp-image-21062 lazyload\" title=\"BMW 3 Gran Turismo\" data-src=\"https:\/\/autolivraria.com.br\/bc\/wp-content\/uploads\/2013\/02\/BMW-3-Gran-Turismo-of-09-470x313.jpg\" alt=\"\" width=\"470\" height=\"313\" src=\"data:image\/svg+xml;base64,PHN2ZyB3aWR0aD0iMSIgaGVpZ2h0PSIxIiB4bWxucz0iaHR0cDovL3d3dy53My5vcmcvMjAwMC9zdmciPjwvc3ZnPg==\" style=\"--smush-placeholder-width: 470px; --smush-placeholder-aspect-ratio: 470\/313;\" \/><\/a>\n\t\t<\/div>\n\n\t\t<div class='et_slidecontent'>\n\t\t\t<a href=\"https:\/\/autolivraria.com.br\/bc\/informe-se\/noticias\/mercedes-benz-a45-amg-de-360-cv-faz-recorde-em-cv-por-litro\/\"><img decoding=\"async\" class=\"aligncenter size-post-thumb wp-image-21372 lazyload\" title=\"Mercedes-Benz A45 AMG \" data-src=\"https:\/\/autolivraria.com.br\/bc\/wp-content\/uploads\/2013\/02\/Mercedes-Benz-A45-AMG-15-470x313.jpg\" alt=\"\" width=\"470\" height=\"313\" src=\"data:image\/svg+xml;base64,PHN2ZyB3aWR0aD0iMSIgaGVpZ2h0PSIxIiB4bWxucz0iaHR0cDovL3d3dy53My5vcmcvMjAwMC9zdmciPjwvc3ZnPg==\" style=\"--smush-placeholder-width: 470px; --smush-placeholder-aspect-ratio: 470\/313;\" \/><\/a>\n\t\t<\/div>\n\t\t\t\t<\/div>\n\t\t\t<\/div>\n\t\t<\/div> <!-- .et-simple-slider -->\n\t\t\n<p>&nbsp;<\/p>\n<h2>Em &#8220;territ\u00f3rio neutro&#8221;, fabricantes europeus e de outras<br \/>\norigens revelam novidades e carros-conceito de meia esta\u00e7\u00e3o<\/h2>\n<p>&nbsp;<\/p>\n<div class='one_half'>\n\t\t\t\t\t<p>Apesar da crise econ\u00f4mica que a Europa atravessa, ou justamente por causa dela, a 83\u00aa. edi\u00e7\u00e3o do Salon International de l&#8217;Auto e Accessoires, ou Sal\u00e3o de Genebra, mant\u00e9m seu brilho.<\/p>\n<p>O evento realizado na cidade su\u00ed\u00e7a a cada m\u00eas de mar\u00e7o, que come\u00e7ou em 1905 (<a href=\"https:\/\/www.autolivraria.com.br\/saloes2\/historia-salao-genebra-1.htm\" target=\"_blank\">leia sua hist\u00f3ria<\/a>), representa um &#8220;territ\u00f3rio neutro&#8221; para a ind\u00fastria europeia ou mesmo a de outras origens, pois o pa\u00eds n\u00e3o tem fabricantes de autom\u00f3veis, salvo pequenos construtores como a Rinspeed. \u00c9 tamb\u00e9m a oportunidade de lan\u00e7ar os modelos de &#8220;meia esta\u00e7\u00e3o&#8221;, aproveitando que ainda faltam seis meses para outro importante sal\u00e3o no continente, o de Frankfurt (Paris nos anos pares). Este ano o pavilh\u00e3o Palexpo recebe 260 expositores de 30 pa\u00edses.<\/p>\n<p>O <strong>Best Cars<\/strong> re\u00fane nesta p\u00e1gina as principais atra\u00e7\u00f5es do evento em lan\u00e7amentos e carros-conceito.<\/p>\n\t\t\t\t<\/div>\n<div class='one_half last'>\n\t\t\t\t\t<img decoding=\"async\" class=\"aligncenter size-meia-largura-post wp-image-22270 lazyload\" title=\"Sal\u00e3o de Genebra 2013\" data-src=\"https:\/\/autolivraria.com.br\/bc\/wp-content\/uploads\/2013\/03\/Salao-de-Genebra-2013-logo-270x382.jpg\" alt=\"\" width=\"270\" height=\"382\" src=\"data:image\/svg+xml;base64,PHN2ZyB3aWR0aD0iMSIgaGVpZ2h0PSIxIiB4bWxucz0iaHR0cDovL3d3dy53My5vcmcvMjAwMC9zdmciPjwvc3ZnPg==\" style=\"--smush-placeholder-width: 270px; --smush-placeholder-aspect-ratio: 270\/382;\" \/>\n\t\t\t\t<\/div><div class='clear'><\/div>\n<p>&nbsp;<\/p>\n<p style=\"text-align: center;\"><a href=\"https:\/\/www.autolivraria.com.br\/saloes2\/historia-salao-genebra-1.htm\" target=\"_blank\"><img decoding=\"async\" class=\"aligncenter size-full wp-image-22275 lazyload\" title=\"Hist\u00f3ria do Sal\u00e3o de Genebra\" data-src=\"https:\/\/autolivraria.com.br\/bc\/wp-content\/uploads\/2013\/03\/Historia-do-Salao-de-Genebr.jpg\" alt=\"\" width=\"560\" height=\"170\" src=\"data:image\/svg+xml;base64,PHN2ZyB3aWR0aD0iMSIgaGVpZ2h0PSIxIiB4bWxucz0iaHR0cDovL3d3dy53My5vcmcvMjAwMC9zdmciPjwvc3ZnPg==\" style=\"--smush-placeholder-width: 560px; --smush-placeholder-aspect-ratio: 560\/170;\" \/><\/a><\/p>\n<p>&nbsp;<\/p>\n<table border=\"0\" align=\"center\">\n<tbody>\n<tr>\n<td style=\"width: 336px; height: 300px;\"><script type=\"text\/javascript\">\/\/ <![CDATA[\ngoogle_ad_client = \"ca-pub-1914799802606213\"; \/* 336 TEXTO E IMAGEM *\/ google_ad_slot = \"0377185373\"; google_ad_width = 336; google_ad_height = 280;\n\/\/ ]]><\/script><br \/>\n<script type=\"text\/javascript\" src=\"http:\/\/pagead2.googlesyndication.com\/pagead\/show_ads.js\">\/\/ <![CDATA[\n\n\n\/\/ ]]><\/script><\/td>\n<\/tr>\n<\/tbody>\n<\/table>\n<p>&nbsp;<\/p>\n","protected":false},"excerpt":{"rendered":"<p>Em &#8220;territ\u00f3rio neutro&#8221;, fabricantes europeus e de outras origens revelam novidades e carros-conceito de meia esta\u00e7\u00e3o<\/p>\n","protected":false},"author":6,"featured_media":0,"parent":0,"menu_order":0,"comment_status":"closed","ping_status":"closed","template":"page-template-portfolio.php","meta":{"_joinchat":[],"footnotes":""},"class_list":["post-22269","page","type-page","status-publish","hentry"],"amp_enabled":false,"_links":{"self":[{"href":"https:\/\/autolivraria.com.br\/bc\/wp-json\/wp\/v2\/pages\/22269","targetHints":{"allow":["GET"]}}],"collection":[{"href":"https:\/\/autolivraria.com.br\/bc\/wp-json\/wp\/v2\/pages"}],"about":[{"href":"https:\/\/autolivraria.com.br\/bc\/wp-json\/wp\/v2\/types\/page"}],"author":[{"embeddable":true,"href":"https:\/\/autolivraria.com.br\/bc\/wp-json\/wp\/v2\/users\/6"}],"replies":[{"embeddable":true,"href":"https:\/\/autolivraria.com.br\/bc\/wp-json\/wp\/v2\/comments?post=22269"}],"version-history":[{"count":0,"href":"https:\/\/autolivraria.com.br\/bc\/wp-json\/wp\/v2\/pages\/22269\/revisions"}],"wp:attachment":[{"href":"https:\/\/autolivraria.com.br\/bc\/wp-json\/wp\/v2\/media?parent=22269"}],"curies":[{"name":"wp","href":"https:\/\/api.w.org\/{rel}","templated":true}]}}