{"id":31787,"date":"2013-09-12T00:00:32","date_gmt":"2013-09-12T03:00:32","guid":{"rendered":"http:\/\/bestcars.uol.com.br\/bc\/?page_id=31787"},"modified":"2013-09-18T21:48:34","modified_gmt":"2013-09-19T00:48:34","slug":"salao-de-frankfurt-2013","status":"publish","type":"page","link":"https:\/\/autolivraria.com.br\/bc\/salao-de-frankfurt-2013\/","title":{"rendered":"Sal\u00e3o de Frankfurt 2013"},"content":{"rendered":"\n\t\t<div class='et-simple-slider et_sliderfx_slide et_sliderauto_true et_sliderauto_speed_4000 et_slidertype_simple'>\n\t\t\t<div class='et-simple-slides'>\n\t\t\t\t<div class='et-tabs-content-wrapper'>\n\t\t\t\t\t<div class='et_slidecontent'>\n\t\t\t<a href=\"https:\/\/autolivraria.com.br\/bc\/informe-se\/noticias\/frankfurt-mercedes-benz-s-coupe-antecipa-o-sucessor-do-cupe-cl\/\"><img fetchpriority=\"high\" decoding=\"async\" class=\"aligncenter size-post-thumb wp-image-32376\" title=\"Mercedes-Benz S Coup\u00e9\" src=\"https:\/\/autolivraria.com.br\/bc\/wp-content\/uploads\/2013\/09\/Mercedes-Benz-S-Coupe-03-470x313.jpg\" alt=\"\" width=\"470\" height=\"313\" \/><\/a>\n\t\t<\/div>\n\n\t\t<div class='et_slidecontent'>\n\t\t\t<a href=\"https:\/\/autolivraria.com.br\/bc\/informe-se\/noticias\/frankfurt-audi-mostra-nanuk-esportivo-v10-para-qualquer-terreno\/\"><img decoding=\"async\" class=\"aligncenter size-post-thumb wp-image-32314 lazyload\" title=\"Audi Nanuk\" data-src=\"https:\/\/autolivraria.com.br\/bc\/wp-content\/uploads\/2013\/09\/Audi-Nanuk-08-470x313.jpg\" alt=\"\" width=\"470\" height=\"313\" src=\"data:image\/svg+xml;base64,PHN2ZyB3aWR0aD0iMSIgaGVpZ2h0PSIxIiB4bWxucz0iaHR0cDovL3d3dy53My5vcmcvMjAwMC9zdmciPjwvc3ZnPg==\" style=\"--smush-placeholder-width: 470px; --smush-placeholder-aspect-ratio: 470\/313;\" \/><\/a>\n\t\t<\/div>\n\n\t\t<div class='et_slidecontent'>\n\t\t\t<a href=\"https:\/\/autolivraria.com.br\/bc\/informe-se\/noticias\/frankfurt-porsche-918-spyder-supercarro-hibrido-com-880-cv\/\"><img decoding=\"async\" class=\"aligncenter size-post-thumb wp-image-32464 lazyload\" title=\"Porsche 918 Spyder\" data-src=\"https:\/\/autolivraria.com.br\/bc\/wp-content\/uploads\/2013\/09\/Porsche-918-Spyder-20-470x313.jpg\" alt=\"\" width=\"470\" height=\"313\" src=\"data:image\/svg+xml;base64,PHN2ZyB3aWR0aD0iMSIgaGVpZ2h0PSIxIiB4bWxucz0iaHR0cDovL3d3dy53My5vcmcvMjAwMC9zdmciPjwvc3ZnPg==\" style=\"--smush-placeholder-width: 470px; --smush-placeholder-aspect-ratio: 470\/313;\" \/><\/a>\n\t\t<\/div>\n\n\t\t<div class='et_slidecontent'>\n\t\t\t<a href=\"https:\/\/autolivraria.com.br\/bc\/informe-se\/noticias\/frankfurt-jaguar-c-x17-pode-ser-primeiro-utilitario-esporte-da-marca\/\"><img decoding=\"async\" class=\"aligncenter size-post-thumb wp-image-32339 lazyload\" title=\"Jaguar C-X17\" data-src=\"https:\/\/autolivraria.com.br\/bc\/wp-content\/uploads\/2013\/09\/Jaguar-C-X17-21-470x313.jpg\" alt=\"\" width=\"470\" height=\"313\" src=\"data:image\/svg+xml;base64,PHN2ZyB3aWR0aD0iMSIgaGVpZ2h0PSIxIiB4bWxucz0iaHR0cDovL3d3dy53My5vcmcvMjAwMC9zdmciPjwvc3ZnPg==\" style=\"--smush-placeholder-width: 470px; --smush-placeholder-aspect-ratio: 470\/313;\" \/><\/a>\n\t\t<\/div>\n\n\t\t<div class='et_slidecontent'>\n\t\t\t<a href=\"https:\/\/autolivraria.com.br\/bc\/informe-se\/noticias\/supercarros-vw-revela-detalhes-do-golf-r-o-esportivo-de-300-cv\/\"><img decoding=\"async\" class=\"aligncenter size-post-thumb wp-image-32435 lazyload\" title=\"Volkswagen Golf R\" data-src=\"https:\/\/autolivraria.com.br\/bc\/wp-content\/uploads\/2013\/09\/Volkswagen-Golf-R-011-470x313.jpg\" alt=\"\" width=\"470\" height=\"313\" src=\"data:image\/svg+xml;base64,PHN2ZyB3aWR0aD0iMSIgaGVpZ2h0PSIxIiB4bWxucz0iaHR0cDovL3d3dy53My5vcmcvMjAwMC9zdmciPjwvc3ZnPg==\" style=\"--smush-placeholder-width: 470px; --smush-placeholder-aspect-ratio: 470\/313;\" \/><\/a>\n\t\t<\/div>\n\n\t\t<div class='et_slidecontent'>\n\t\t\t<a href=\"https:\/\/autolivraria.com.br\/bc\/salao-de-frankfurt-2013-2\/galerias-de-imagens-do-salao-de-frankfurt-bmw\/\"><img decoding=\"async\" class=\"aligncenter size-post-thumb wp-image-32406 lazyload\" title=\"BMW I8\" data-src=\"https:\/\/autolivraria.com.br\/bc\/wp-content\/uploads\/2013\/09\/BMW-I8-03-470x313.jpg\" alt=\"\" width=\"470\" height=\"313\" src=\"data:image\/svg+xml;base64,PHN2ZyB3aWR0aD0iMSIgaGVpZ2h0PSIxIiB4bWxucz0iaHR0cDovL3d3dy53My5vcmcvMjAwMC9zdmciPjwvc3ZnPg==\" style=\"--smush-placeholder-width: 470px; --smush-placeholder-aspect-ratio: 470\/313;\" \/><\/a>\n\t\t<\/div>\n\n\t\t<div class='et_slidecontent'>\n\t\t\t<a href=\"https:\/\/autolivraria.com.br\/bc\/informe-se\/noticias\/frankfurt-edicao-do-veyron-faz-homenagem-a-jean-bugatti\/\"><img decoding=\"async\" class=\"aligncenter size-post-thumb wp-image-32687 lazyload\" title=\"Bugatti Veyron Jean Bugatti\" data-src=\"https:\/\/autolivraria.com.br\/bc\/wp-content\/uploads\/2013\/09\/Bugatti-Veyron-Jean-Bugatti-171-470x313.jpg\" alt=\"\" width=\"470\" height=\"313\" src=\"data:image\/svg+xml;base64,PHN2ZyB3aWR0aD0iMSIgaGVpZ2h0PSIxIiB4bWxucz0iaHR0cDovL3d3dy53My5vcmcvMjAwMC9zdmciPjwvc3ZnPg==\" style=\"--smush-placeholder-width: 470px; --smush-placeholder-aspect-ratio: 470\/313;\" \/><\/a>\n\t\t<\/div>\n\t\t\t\t<\/div>\n\t\t\t<\/div>\n\t\t<\/div> <!-- .et-simple-slider -->\n\t\t\n<p>&nbsp;<\/p>\n<h2>Confira aqui as atra\u00e7\u00f5es do evento alem\u00e3o, promovido desde<br \/>\no s\u00e9culo XIX, com lan\u00e7amentos, conceitos e personaliza\u00e7\u00e3o<\/h2>\n<p>&nbsp;<\/p>\n<p><img decoding=\"async\" class=\"alignright lazyload\" style=\"--smush-placeholder-width: 200px; --smush-placeholder-aspect-ratio: 200\/239;margin-top: 15px; margin-bottom: 15px;\" title=\"Sal\u00e3o de Frankfurt\" data-src=\"https:\/\/autolivraria.com.br\/bc\/wp-content\/uploads\/2013\/09\/Salao-de-Frankfurt-logo-peq.jpg\" alt=\"\" width=\"200\" height=\"239\" src=\"data:image\/svg+xml;base64,PHN2ZyB3aWR0aD0iMSIgaGVpZ2h0PSIxIiB4bWxucz0iaHR0cDovL3d3dy53My5vcmcvMjAwMC9zdmciPjwvc3ZnPg==\" \/>O mais tradicional sal\u00e3o de autom\u00f3veis do mundo j\u00e1 tem mais de 115 anos: foi em 1897 a primeira edi\u00e7\u00e3o da exposi\u00e7\u00e3o de carros de Berlim, cidade que mais tarde deu lugar a Frankfurt. A 65\u00aa edi\u00e7\u00e3o do Internationale Automobil-Ausstellung (IAA), ou sal\u00e3o internacional do autom\u00f3vel em alem\u00e3o, re\u00fane mais de 300 expositores de 12 a 22 de setembro, com os dias 10 e 11 reservados \u00e0 cobertura pela imprensa. Na edi\u00e7\u00e3o anterior (2011) o evento recebeu 928 mil visitantes de 105 pa\u00edses e mais de 12 mil jornalistas.<\/p>\n<p>O <strong>Best Cars<\/strong>\u00a0traz nesta p\u00e1gina seu \u00edndice das principais atra\u00e7\u00f5es do sal\u00e3o, seja em lan\u00e7amentos, carros-conceito ou personaliza\u00e7\u00e3o.<\/p>\n<p>&nbsp;<\/p>\n<p>&nbsp;<\/p>\n<p style=\"text-align: center;\"><a href=\"https:\/\/www.autolivraria.com.br\/saloes2\/frankfurt-historia-1.htm\" target=\"_blank\"><img decoding=\"async\" class=\"aligncenter size-full wp-image-31790 lazyload\" title=\"Hist\u00f3ria do evento\" data-src=\"https:\/\/autolivraria.com.br\/bc\/wp-content\/uploads\/2013\/09\/Historia.jpg\" alt=\"\" width=\"560\" height=\"204\" data-srcset=\"https:\/\/autolivraria.com.br\/bc\/wp-content\/uploads\/2013\/09\/Historia.jpg 560w, https:\/\/autolivraria.com.br\/bc\/wp-content\/uploads\/2013\/09\/Historia-470x171.jpg 470w, https:\/\/autolivraria.com.br\/bc\/wp-content\/uploads\/2013\/09\/Historia-270x98.jpg 270w\" data-sizes=\"(max-width: 560px) 100vw, 560px\" src=\"data:image\/svg+xml;base64,PHN2ZyB3aWR0aD0iMSIgaGVpZ2h0PSIxIiB4bWxucz0iaHR0cDovL3d3dy53My5vcmcvMjAwMC9zdmciPjwvc3ZnPg==\" style=\"--smush-placeholder-width: 560px; --smush-placeholder-aspect-ratio: 560\/204;\" \/><\/a><\/p>\n<p>&nbsp;<\/p>\n<table border=\"0\" align=\"center\">\n<tbody>\n<tr>\n<td style=\"width: 336px; height: 300px;\"><script type=\"text\/javascript\">\/\/ <![CDATA[\ngoogle_ad_client = \"ca-pub-1914799802606213\"; \/* 336 TEXTO E IMAGEM *\/ google_ad_slot = \"0377185373\"; google_ad_width = 336; google_ad_height = 280;\n\/\/ ]]><\/script><br \/>\n<script type=\"text\/javascript\" src=\"http:\/\/pagead2.googlesyndication.com\/pagead\/show_ads.js\">\/\/ <![CDATA[\n\n\n\/\/ ]]><\/script><\/td>\n<\/tr>\n<\/tbody>\n<\/table>\n<p>&nbsp;<\/p>\n","protected":false},"excerpt":{"rendered":"<p>Confira aqui as atra\u00e7\u00f5es do evento alem\u00e3o, promovido desde o s\u00e9culo XIX, com lan\u00e7amentos, conceitos e personaliza\u00e7\u00e3o<\/p>\n","protected":false},"author":6,"featured_media":0,"parent":0,"menu_order":0,"comment_status":"closed","ping_status":"closed","template":"page-template-portfolio.php","meta":{"_joinchat":[],"footnotes":""},"class_list":["post-31787","page","type-page","status-publish","hentry"],"amp_enabled":false,"_links":{"self":[{"href":"https:\/\/autolivraria.com.br\/bc\/wp-json\/wp\/v2\/pages\/31787","targetHints":{"allow":["GET"]}}],"collection":[{"href":"https:\/\/autolivraria.com.br\/bc\/wp-json\/wp\/v2\/pages"}],"about":[{"href":"https:\/\/autolivraria.com.br\/bc\/wp-json\/wp\/v2\/types\/page"}],"author":[{"embeddable":true,"href":"https:\/\/autolivraria.com.br\/bc\/wp-json\/wp\/v2\/users\/6"}],"replies":[{"embeddable":true,"href":"https:\/\/autolivraria.com.br\/bc\/wp-json\/wp\/v2\/comments?post=31787"}],"version-history":[{"count":0,"href":"https:\/\/autolivraria.com.br\/bc\/wp-json\/wp\/v2\/pages\/31787\/revisions"}],"wp:attachment":[{"href":"https:\/\/autolivraria.com.br\/bc\/wp-json\/wp\/v2\/media?parent=31787"}],"curies":[{"name":"wp","href":"https:\/\/api.w.org\/{rel}","templated":true}]}}