{"id":3994,"date":"2012-01-01T13:37:32","date_gmt":"2012-01-01T16:37:32","guid":{"rendered":"http:\/\/bestcars.uol.com.br\/bc\/?page_id=3994"},"modified":"2021-06-10T14:54:36","modified_gmt":"2021-06-10T17:54:36","slug":"glossario-f","status":"publish","type":"page","link":"https:\/\/autolivraria.com.br\/bc\/glossario-f\/","title":{"rendered":"Gloss\u00e1rio &#8211; F"},"content":{"rendered":"<p><em>O gloss\u00e1rio de termos t\u00e9cnicos pretende esclarecer termos citados em artigos do site, evitando a repeti\u00e7\u00e3o de seu significado a cada cita\u00e7\u00e3o. N\u00e3o \u00e9 seu objetivo definir todos os incont\u00e1veis termos t\u00e9cnicos relacionados ao autom\u00f3vel.<\/em><\/p>\n<p><a name=\"fach\"><\/a><\/p>\n<p>&nbsp;<\/p>\n<p><strong>Facho assim\u00e9trico<\/strong>: padr\u00e3o de far\u00f3is nos carros brasileiros em que a ilumina\u00e7\u00e3o \u00e9 diferente entre os lados, com maior alcance no direito que no esquerdo. O objetivo \u00e9 obter maior campo de vis\u00e3o noturna \u00e0 direita da pista e na divisa com o acostamento, sem causar ofuscamento em motoristas que v\u00eam no sentido inverso \u00e0 esquerda. Nos Estados Unidos o padr\u00e3o \u00e9 sim\u00e9trico, ou seja, facho igual para ambos os lados.<\/p>\n<p><a name=\"faro\"><\/a><\/p>\n<p>&nbsp;<\/p>\n<p><strong>Far\u00f3is autodirecionais<\/strong>: trazem um sistema autom\u00e1tico de orienta\u00e7\u00e3o do facho nas curvas, de modo a ilumin\u00e1-las conforme a velocidade do carro e o movimento do volante. Embora j\u00e1 existissem no Tucker norte-americano de 1948 e no Citro\u00ebn DS franc\u00eas de 1955, s\u00f3 h\u00e1 alguns anos voltaram a ser permitidos pela legisla\u00e7\u00e3o de alguns pa\u00edses, tendo sido o Audi A8 de 2002 o primeiro carro moderno a oferec\u00ea-los.<\/p>\n<p><a name=\"fast\"><\/a><\/p>\n<p>&nbsp;<\/p>\n<p><strong>Fastback<\/strong>: traduz\u00edvel por &#8220;traseira de queda r\u00e1pida&#8221;, \u00e9 uma configura\u00e7\u00e3o de carroceria de dois volumes e com a traseira inclinada, tanto quanto num hatchback. A diferen\u00e7a entre estes \u00e9 que no fastback o vidro traseiro n\u00e3o est\u00e1 incorporado \u00e0 tampa do porta-malas. S\u00e3o exemplos: Volkswagen TL e Passat (primeira gera\u00e7\u00e3o) de duas e quatro portas.<\/p>\n<p><a name=\"flex\"><\/a><\/p>\n<p>&nbsp;<\/p>\n<p><strong>Flex\u00edvel em combust\u00edvel<\/strong>: motor apto a rodar, com funcionamento perfeito e sem necessidade de interven\u00e7\u00f5es mec\u00e2nicas, com gasolina ou \u00e1lcool, puros ou em qualquer propor\u00e7\u00e3o. Em geral a gasolina prevista \u00e9 a E22, com 22% de \u00e1lcool, mas h\u00e1 casos de flex\u00edveis que podem usar E0, ou gasolina sem \u00e1lcool. O primeiro flex\u00edvel no mercado nacional foi o Gol Total Flex 1,6, em 2003.<\/p>\n<p><a name=\"flut\"><\/a><\/p>\n<p>&nbsp;<\/p>\n<p><strong>Flutua\u00e7\u00e3o de v\u00e1lvulas<\/strong>: fen\u00f4meno que ocorre em rota\u00e7\u00f5es excessivamente altas, em que as v\u00e1lvulas n\u00e3o conseguem abrir e fechar com a rapidez necess\u00e1ria, tornando ent\u00e3o irregular o enchimento e a exaust\u00e3o de gases dos cilindros. Nos tempos em que n\u00e3o havia limitador eletr\u00f4nico de rota\u00e7\u00e3o nos motores, a flutua\u00e7\u00e3o costumava representar o limite para a rota\u00e7\u00e3o.<\/p>\n<p><a name=\"flux\"><\/a><\/p>\n<p>&nbsp;<\/p>\n<p><strong>Fluxo cruzado<\/strong>: cross flow em ingl\u00eas, \u00e9 a configura\u00e7\u00e3o do cabe\u00e7ote em que a admiss\u00e3o se processa por um lado e o escapamento pelo outro. Permite uma combust\u00e3o mais perfeita e menores emiss\u00f5es poluentes.<\/p>\n","protected":false},"excerpt":{"rendered":"<p>O gloss\u00e1rio de termos t\u00e9cnicos pretende esclarecer termos citados em artigos do site, evitando a repeti\u00e7\u00e3o de seu significado a cada cita\u00e7\u00e3o. N\u00e3o \u00e9 seu objetivo definir todos os incont\u00e1veis termos t\u00e9cnicos relacionados ao autom\u00f3vel. &nbsp; Facho assim\u00e9trico: padr\u00e3o de far\u00f3is nos carros brasileiros em que a ilumina\u00e7\u00e3o \u00e9 diferente entre os lados, com maior<\/p>\n","protected":false},"author":6,"featured_media":0,"parent":0,"menu_order":0,"comment_status":"closed","ping_status":"closed","template":"","meta":{"_joinchat":[],"footnotes":""},"class_list":["post-3994","page","type-page","status-publish","hentry"],"amp_enabled":true,"_links":{"self":[{"href":"https:\/\/autolivraria.com.br\/bc\/wp-json\/wp\/v2\/pages\/3994","targetHints":{"allow":["GET"]}}],"collection":[{"href":"https:\/\/autolivraria.com.br\/bc\/wp-json\/wp\/v2\/pages"}],"about":[{"href":"https:\/\/autolivraria.com.br\/bc\/wp-json\/wp\/v2\/types\/page"}],"author":[{"embeddable":true,"href":"https:\/\/autolivraria.com.br\/bc\/wp-json\/wp\/v2\/users\/6"}],"replies":[{"embeddable":true,"href":"https:\/\/autolivraria.com.br\/bc\/wp-json\/wp\/v2\/comments?post=3994"}],"version-history":[{"count":0,"href":"https:\/\/autolivraria.com.br\/bc\/wp-json\/wp\/v2\/pages\/3994\/revisions"}],"wp:attachment":[{"href":"https:\/\/autolivraria.com.br\/bc\/wp-json\/wp\/v2\/media?parent=3994"}],"curies":[{"name":"wp","href":"https:\/\/api.w.org\/{rel}","templated":true}]}}