{"id":3999,"date":"2012-01-01T00:00:21","date_gmt":"2012-01-01T03:00:21","guid":{"rendered":"http:\/\/bestcars.uol.com.br\/bc\/?page_id=3999"},"modified":"2021-06-10T14:54:44","modified_gmt":"2021-06-10T17:54:44","slug":"glossario-h","status":"publish","type":"page","link":"https:\/\/autolivraria.com.br\/bc\/glossario-h\/","title":{"rendered":"Gloss\u00e1rio &#8211; H"},"content":{"rendered":"<p><em>O gloss\u00e1rio de termos t\u00e9cnicos pretende esclarecer termos citados em artigos do site, evitando a repeti\u00e7\u00e3o de seu significado a cada cita\u00e7\u00e3o. N\u00e3o \u00e9 seu objetivo definir todos os incont\u00e1veis termos t\u00e9cnicos relacionados ao autom\u00f3vel.<\/em><\/p>\n<p><a name=\"hard\"><\/a><\/p>\n<p>&nbsp;<\/p>\n<p><strong>Hardtop<\/strong>: significa teto r\u00edgido em ingl\u00eas, mas \u00e9 usado para identificar modelos cup\u00ea cujo perfil se assemelha ao de um convers\u00edvel com a capota fechada. No Chevrolet Corvette de quinta gera\u00e7\u00e3o, por exemplo, a vers\u00e3o Hardtop tinha teto mais curto, tampa do porta-malas mais ampla e vidro traseiro mais pr\u00f3ximo da vertical que a vers\u00e3o Coup\u00e9.<\/p>\n<p><a name=\"hibr\"><\/a><\/p>\n<p>&nbsp;<\/p>\n<p><strong>H\u00edbrido<\/strong>: embora o termo tenha sentido amplo, \u00e9 como se denominam os ve\u00edculos que possuem dois motores de tipos diferentes, sendo um el\u00e9trico e outro a combust\u00e3o (a gasolina ou a diesel, por exemplo). Trabalham em sinergia: em geral o el\u00e9trico movimenta o ve\u00edculo em baixas velocidades e o motor a combust\u00e3o (com o aux\u00edlio do el\u00e9trico) em altas. Em alguns casos o motor el\u00e9trico \u00e9 apenas auxiliar e incapaz de mover o ve\u00edculo por si s\u00f3.&nbsp;As baterias s\u00e3o recarregadas nas desacelera\u00e7\u00f5es e frenagens por um sistema <a href=\"https:\/\/autolivraria.com.br\/bc\/glossario-r\/#rege\">regenerativo<\/a>, o que dispensa a recarga por meio externo, embora esta tamb\u00e9m possa estar prevista. Autom\u00f3veis h\u00edbridos est\u00e3o \u00e0 venda desde 1997 no Jap\u00e3o com o Toyota Prius. No Brasil, os primeiros foram o Mercedes-Benz S400 Hybrid e o Ford Fusion Hybrid, em 2010. <a href=\"https:\/\/www.autolivraria.com.br\/tecprep\/carro-hibrido-1.htm\">Saiba mais sobre os h\u00edbridos.<\/a><\/p>\n","protected":false},"excerpt":{"rendered":"<p>O gloss\u00e1rio de termos t\u00e9cnicos pretende esclarecer termos citados em artigos do site, evitando a repeti\u00e7\u00e3o de seu significado a cada cita\u00e7\u00e3o. N\u00e3o \u00e9 seu objetivo definir todos os incont\u00e1veis termos t\u00e9cnicos relacionados ao autom\u00f3vel. &nbsp; Hardtop: significa teto r\u00edgido em ingl\u00eas, mas \u00e9 usado para identificar modelos cup\u00ea cujo perfil se assemelha ao de<\/p>\n","protected":false},"author":6,"featured_media":0,"parent":0,"menu_order":0,"comment_status":"closed","ping_status":"closed","template":"","meta":{"_joinchat":[],"footnotes":""},"class_list":["post-3999","page","type-page","status-publish","hentry"],"amp_enabled":true,"_links":{"self":[{"href":"https:\/\/autolivraria.com.br\/bc\/wp-json\/wp\/v2\/pages\/3999","targetHints":{"allow":["GET"]}}],"collection":[{"href":"https:\/\/autolivraria.com.br\/bc\/wp-json\/wp\/v2\/pages"}],"about":[{"href":"https:\/\/autolivraria.com.br\/bc\/wp-json\/wp\/v2\/types\/page"}],"author":[{"embeddable":true,"href":"https:\/\/autolivraria.com.br\/bc\/wp-json\/wp\/v2\/users\/6"}],"replies":[{"embeddable":true,"href":"https:\/\/autolivraria.com.br\/bc\/wp-json\/wp\/v2\/comments?post=3999"}],"version-history":[{"count":0,"href":"https:\/\/autolivraria.com.br\/bc\/wp-json\/wp\/v2\/pages\/3999\/revisions"}],"wp:attachment":[{"href":"https:\/\/autolivraria.com.br\/bc\/wp-json\/wp\/v2\/media?parent=3999"}],"curies":[{"name":"wp","href":"https:\/\/api.w.org\/{rel}","templated":true}]}}