{"id":4003,"date":"2017-01-01T00:00:41","date_gmt":"2017-01-01T03:00:41","guid":{"rendered":"http:\/\/bestcars.uol.com.br\/bc\/?page_id=4003"},"modified":"2021-06-10T14:54:53","modified_gmt":"2021-06-10T17:54:53","slug":"glossario-l","status":"publish","type":"page","link":"https:\/\/autolivraria.com.br\/bc\/glossario-l\/","title":{"rendered":"Gloss\u00e1rio &#8211; L"},"content":{"rendered":"<p><em>O gloss\u00e1rio de termos t\u00e9cnicos pretende esclarecer termos citados em artigos do site, evitando a repeti\u00e7\u00e3o de seu significado a cada cita\u00e7\u00e3o. N\u00e3o \u00e9 seu objetivo definir todos os incont\u00e1veis termos t\u00e9cnicos relacionados ao autom\u00f3vel.<\/em><br \/>\n<a name=\"lamp\"><\/a><\/p>\n<p>&nbsp;<\/p>\n<p><strong>L\u00e2mpadas de xen\u00f4nio<\/strong>: tamb\u00e9m chamadas de l\u00e2mpadas de descarga de alta intensidade (HID na sigla em ingl\u00eas), s\u00e3o preenchidas pelo g\u00e1s xen\u00f4nio, que resulta em ilumina\u00e7\u00e3o mais intensa e branca. Consomem menor energia que as convencionais, exceto nos segundos iniciais de funcionamento, e s\u00e3o mais usadas no facho baixo. A legisla\u00e7\u00e3o da maioria dos pa\u00edses requer corre\u00e7\u00e3o autom\u00e1tica de altura e sistema de lavagem para evitar o ofuscamento&nbsp;de motoristas no sentido contr\u00e1rio. Usa-se a express\u00e3o bixen\u00f4nio quando essas l\u00e2mpadas respondem pelos fachos alto e baixo.<br \/>\n<a name=\"lamb\"><\/a><\/p>\n<p>&nbsp;<\/p>\n<p><strong>Lambda 1<\/strong>: rela\u00e7\u00e3o estequiom\u00e9trica ou rela\u00e7\u00e3o ideal entre ar e combust\u00edvel para o motor. Essa rela\u00e7\u00e3o&nbsp;garante ao motor de ciclo Otto que o combust\u00edvel seja queimado de forma t\u00e3o completa e eficiente quanto poss\u00edvel. Lambda menor de 1 indica excesso de combust\u00edvel (mistura rica) e lambda maior de 1 indica excesso de ar (mistura pobre). Faz-se controle constante da rela\u00e7\u00e3o por meio do <a href=\"https:\/\/autolivraria.com.br\/bc\/glossario-s\/#sens\" target=\"_blank\" rel=\"noopener\">sensor de oxig\u00eanio<\/a> (sonda lambda).<\/p>\n<p><a name=\"led\"><\/a><\/p>\n<p>&nbsp;<\/p>\n<p><strong>Led<\/strong>: sigla para <em>light emitting diod<\/em>, em ingl\u00eas, ou diodo emissor de luz. \u00c9 um sistema de ilumina\u00e7\u00e3o bastante compacto, de acendimento mais r\u00e1pido e de vida \u00fatil muito mais longa do que qualquer l\u00e2mpada convencional. Nos carros \u00e9 usado em luzes suplementares de freio, luzes-piloto do painel de instrumentos, luzes indicativas de sistemas (como alarme), luzes dianteiras de uso diurno, lanternas traseiras e at\u00e9 mesmo far\u00f3is.<br \/>\n<a name=\"limi\"><\/a><\/p>\n<p>&nbsp;<\/p>\n<p><strong>Limitador de velocidade<\/strong>: dispositivo que, ao ser acionado pelo motorista, impede que o carro ultrapasse a velocidade previamente escolhida, fechando a borboleta de acelera\u00e7\u00e3o mesmo que o pedal acelerador seja mais pressionado (em geral, acionar o pedal at\u00e9 o fim de curso desarma o limitador por quest\u00e3o de seguran\u00e7a), o que pode evitar multas por distra\u00e7\u00e3o. Ao contr\u00e1rio do <a href=\"https:\/\/autolivraria.com.br\/bc\/glossario-c\/#cont\" target=\"_blank\" rel=\"noopener\">controlador de velocidade<\/a>, o limitador n\u00e3o mant\u00e9m a velocidade, que cair\u00e1 se o motorista acelerar menos ou n\u00e3o acelerar. Existe tamb\u00e9m o limitador estabelecido pelo fabricante como velocidade m\u00e1xima do autom\u00f3vel, que o motorista n\u00e3o tem como desabilitar, salvo por meio de <a href=\"https:\/\/autolivraria.com.br\/bc\/glossario-r\/#rema\" target=\"_blank\" rel=\"noopener\">reprograma\u00e7\u00e3o<\/a> da central eletr\u00f4nica. Em v\u00e1rios carros alem\u00e3es esse limitador atua a 250 km\/h.<br \/>\n<a name=\"limp\"><\/a><\/p>\n<p>&nbsp;<\/p>\n<p><strong>Limpador de para-brisa autom\u00e1tico<\/strong>: sistema que aciona o limpador quando necess\u00e1rio, com o intervalo e a velocidade mais adequados. O para-brisa possui um sensor que analisa a refra\u00e7\u00e3o da luz e detecta a presen\u00e7a de \u00e1gua sobre ele. O comando do limpador, em geral, possui uma posi\u00e7\u00e3o autom\u00e1tica que substitui a do temporizador, mantendo as velocidades usuais do sistema.<\/p>\n<p>&nbsp;<\/p>\n","protected":false},"excerpt":{"rendered":"<p>O gloss\u00e1rio de termos t\u00e9cnicos pretende esclarecer termos citados em artigos do site, evitando a repeti\u00e7\u00e3o de seu significado a cada cita\u00e7\u00e3o. N\u00e3o \u00e9 seu objetivo definir todos os incont\u00e1veis termos t\u00e9cnicos relacionados ao autom\u00f3vel. &nbsp; L\u00e2mpadas de xen\u00f4nio: tamb\u00e9m chamadas de l\u00e2mpadas de descarga de alta intensidade (HID na sigla em ingl\u00eas), s\u00e3o preenchidas<\/p>\n","protected":false},"author":6,"featured_media":0,"parent":0,"menu_order":0,"comment_status":"closed","ping_status":"closed","template":"","meta":{"_joinchat":[],"footnotes":""},"class_list":["post-4003","page","type-page","status-publish","hentry"],"amp_enabled":true,"_links":{"self":[{"href":"https:\/\/autolivraria.com.br\/bc\/wp-json\/wp\/v2\/pages\/4003","targetHints":{"allow":["GET"]}}],"collection":[{"href":"https:\/\/autolivraria.com.br\/bc\/wp-json\/wp\/v2\/pages"}],"about":[{"href":"https:\/\/autolivraria.com.br\/bc\/wp-json\/wp\/v2\/types\/page"}],"author":[{"embeddable":true,"href":"https:\/\/autolivraria.com.br\/bc\/wp-json\/wp\/v2\/users\/6"}],"replies":[{"embeddable":true,"href":"https:\/\/autolivraria.com.br\/bc\/wp-json\/wp\/v2\/comments?post=4003"}],"version-history":[{"count":0,"href":"https:\/\/autolivraria.com.br\/bc\/wp-json\/wp\/v2\/pages\/4003\/revisions"}],"wp:attachment":[{"href":"https:\/\/autolivraria.com.br\/bc\/wp-json\/wp\/v2\/media?parent=4003"}],"curies":[{"name":"wp","href":"https:\/\/api.w.org\/{rel}","templated":true}]}}