{"id":4030,"date":"2012-01-01T15:39:21","date_gmt":"2012-01-01T18:39:21","guid":{"rendered":"http:\/\/bestcars.uol.com.br\/bc\/?page_id=4030"},"modified":"2021-06-10T14:55:37","modified_gmt":"2021-06-10T17:55:37","slug":"glossario-u","status":"publish","type":"page","link":"https:\/\/autolivraria.com.br\/bc\/glossario-u\/","title":{"rendered":"Gloss\u00e1rio &#8211; U"},"content":{"rendered":"<p><em>O gloss\u00e1rio de termos t\u00e9cnicos pretende esclarecer termos citados em artigos do site, evitando a repeti\u00e7\u00e3o de seu significado a cada cita\u00e7\u00e3o. N\u00e3o \u00e9 seu objetivo definir todos os incont\u00e1veis termos t\u00e9cnicos relacionados ao autom\u00f3vel.<\/em><\/p>\n<p><a name=\"umto\"><\/a><\/p>\n<p>&nbsp;<\/p>\n<p><strong>Um-toque<\/strong>: fun\u00e7\u00e3o do controle el\u00e9trico de vidros que efetua a subida ou descida completa da janela a um \u00fanico toque da tecla, podendo o movimento ser interrompido com outro toque. \u00c9 \u00fatil, por exemplo, em paradas para pagamento de ped\u00e1gio, pois permite mudar marchas e manter as m\u00e3os no volante por mais tempo. A fun\u00e7\u00e3o existe tamb\u00e9m para o teto solar. Por quest\u00e3o de seguran\u00e7a, deve vir associada ao sensor <a href=\"https:\/\/autolivraria.com.br\/bc\/glossario-a\/#anti\">antiesmagamento<\/a>&nbsp;quando n\u00e3o se trata do vidro do motorista.<\/p>\n","protected":false},"excerpt":{"rendered":"<p>O gloss\u00e1rio de termos t\u00e9cnicos pretende esclarecer termos citados em artigos do site, evitando a repeti\u00e7\u00e3o de seu significado a cada cita\u00e7\u00e3o. N\u00e3o \u00e9 seu objetivo definir todos os incont\u00e1veis termos t\u00e9cnicos relacionados ao autom\u00f3vel. &nbsp; Um-toque: fun\u00e7\u00e3o do controle el\u00e9trico de vidros que efetua a subida ou descida completa da janela a um \u00fanico<\/p>\n","protected":false},"author":6,"featured_media":0,"parent":0,"menu_order":0,"comment_status":"closed","ping_status":"closed","template":"","meta":{"_joinchat":[],"footnotes":""},"class_list":["post-4030","page","type-page","status-publish","hentry"],"amp_enabled":true,"_links":{"self":[{"href":"https:\/\/autolivraria.com.br\/bc\/wp-json\/wp\/v2\/pages\/4030","targetHints":{"allow":["GET"]}}],"collection":[{"href":"https:\/\/autolivraria.com.br\/bc\/wp-json\/wp\/v2\/pages"}],"about":[{"href":"https:\/\/autolivraria.com.br\/bc\/wp-json\/wp\/v2\/types\/page"}],"author":[{"embeddable":true,"href":"https:\/\/autolivraria.com.br\/bc\/wp-json\/wp\/v2\/users\/6"}],"replies":[{"embeddable":true,"href":"https:\/\/autolivraria.com.br\/bc\/wp-json\/wp\/v2\/comments?post=4030"}],"version-history":[{"count":0,"href":"https:\/\/autolivraria.com.br\/bc\/wp-json\/wp\/v2\/pages\/4030\/revisions"}],"wp:attachment":[{"href":"https:\/\/autolivraria.com.br\/bc\/wp-json\/wp\/v2\/media?parent=4030"}],"curies":[{"name":"wp","href":"https:\/\/api.w.org\/{rel}","templated":true}]}}