{"id":4032,"date":"2016-01-01T00:00:06","date_gmt":"2016-01-01T03:00:06","guid":{"rendered":"http:\/\/bestcars.uol.com.br\/bc\/?page_id=4032"},"modified":"2021-06-10T14:55:41","modified_gmt":"2021-06-10T17:55:41","slug":"glossario-v","status":"publish","type":"page","link":"https:\/\/autolivraria.com.br\/bc\/glossario-v\/","title":{"rendered":"Gloss\u00e1rio &#8211; V"},"content":{"rendered":"<p><em>O gloss\u00e1rio de termos t\u00e9cnicos pretende esclarecer termos citados em artigos do site, evitando a repeti\u00e7\u00e3o de seu significado a cada cita\u00e7\u00e3o. N\u00e3o \u00e9 seu objetivo definir todos os incont\u00e1veis termos t\u00e9cnicos relacionados ao autom\u00f3vel.<\/em><\/p>\n<p><a name=\"valv\"><\/a><\/p>\n<p>&nbsp;<\/p>\n<p><strong>V\u00e1lvula de al\u00edvio<\/strong>: v\u00e1lvula usada para limitar a press\u00e3o de sobrealimenta\u00e7\u00e3o do turbo. Como a turbina \u00e9 acionada pelos gases de escapamento, a v\u00e1lvula de al\u00edvio cria um desvio para esses gases quando o turbo atinge a press\u00e3o m\u00e1xima preajustada, impedindo que a press\u00e3o suba al\u00e9m deste patamar. Veja <em>v\u00e1lvula pop-off<\/em>, abaixo.<\/p>\n<p><a name=\"val2\"><\/a><\/p>\n<p>&nbsp;<\/p>\n<p><strong>V\u00e1lvula pop-off<\/strong>: v\u00e1lvula usada para limitar a press\u00e3o de sobrealimenta\u00e7\u00e3o do turbo. Quando a press\u00e3o m\u00e1xima regulada \u00e9 atingida, a v\u00e1lvula pop-off abre a linha de sobrealimenta\u00e7\u00e3o, desviando o ar comprimido para atmosfera e limitando assim a press\u00e3o m\u00e1xima. A vantagem deste sistema em rela\u00e7\u00e3o \u00e0 v\u00e1lvula de al\u00edvio&nbsp;(<em>veja acima<\/em>) \u00e9 que ele mant\u00e9m o turbo sempre em alta rota\u00e7\u00e3o, reduzindo o retardo do turbo (turbo-lag) e tornando as rea\u00e7\u00f5es do motor mais r\u00e1pidas. Mas isso provoca um desgaste excessivo do turbo, pois ele trabalhar\u00e1 sempre em rota\u00e7\u00e3o m\u00e1xima.<\/p>\n<p><a name=\"vari\"><\/a><\/p>\n<p>&nbsp;<\/p>\n<p><strong>Variador de tempo de v\u00e1lvulas<\/strong>: sistema mais simples e barato que o <a href=\"https:\/\/autolivraria.com.br\/bc\/glossario-c\/#coma\">comando vari\u00e1vel<\/a>&nbsp;com a fun\u00e7\u00e3o de fazer variar os tempos de abertura e fechamento das v\u00e1lvulas. Isso pode ser obtido pela altera\u00e7\u00e3o de posicionamento do comando (em geral apenas o das v\u00e1lvulas de admiss\u00e3o, mas em alguns casos tamb\u00e9m o de escapamento) para aumentar o enchimento dos cilindros em alta rota\u00e7\u00e3o. Nesse tipo de sistema, o levantamento das v\u00e1lvulas n\u00e3o \u00e9 alterado.<\/p>\n<p><a name=\"veto\"><\/a><\/p>\n<p>&nbsp;<\/p>\n<p><strong>Vetoriza\u00e7\u00e3o de torque:<\/strong> sistema de controle eletr\u00f4nico, associado ao controle de estabilidade, que busca&nbsp;evitar a patina\u00e7\u00e3o da(s) roda(s) interna(s) em uma curva e facilitar o contorno da curva. Atua por meio de frenagem apenas da roda desejada, em geral com o objetivo de&nbsp;fechar a curva e evitar o <a href=\"https:\/\/autolivraria.com.br\/bc\/glossario-s\/#sube\" target=\"_blank\" rel=\"noopener\">subester\u00e7o<\/a>. Pode ser aplicado a modelos de tra\u00e7\u00e3o dianteira, traseira ou integral.<\/p>\n<p>&nbsp;<\/p>\n","protected":false},"excerpt":{"rendered":"<p>O gloss\u00e1rio de termos t\u00e9cnicos pretende esclarecer termos citados em artigos do site, evitando a repeti\u00e7\u00e3o de seu significado a cada cita\u00e7\u00e3o. N\u00e3o \u00e9 seu objetivo definir todos os incont\u00e1veis termos t\u00e9cnicos relacionados ao autom\u00f3vel. &nbsp; V\u00e1lvula de al\u00edvio: v\u00e1lvula usada para limitar a press\u00e3o de sobrealimenta\u00e7\u00e3o do turbo. Como a turbina \u00e9 acionada pelos<\/p>\n","protected":false},"author":6,"featured_media":0,"parent":0,"menu_order":0,"comment_status":"closed","ping_status":"closed","template":"","meta":{"_joinchat":[],"footnotes":""},"class_list":["post-4032","page","type-page","status-publish","hentry"],"amp_enabled":true,"_links":{"self":[{"href":"https:\/\/autolivraria.com.br\/bc\/wp-json\/wp\/v2\/pages\/4032","targetHints":{"allow":["GET"]}}],"collection":[{"href":"https:\/\/autolivraria.com.br\/bc\/wp-json\/wp\/v2\/pages"}],"about":[{"href":"https:\/\/autolivraria.com.br\/bc\/wp-json\/wp\/v2\/types\/page"}],"author":[{"embeddable":true,"href":"https:\/\/autolivraria.com.br\/bc\/wp-json\/wp\/v2\/users\/6"}],"replies":[{"embeddable":true,"href":"https:\/\/autolivraria.com.br\/bc\/wp-json\/wp\/v2\/comments?post=4032"}],"version-history":[{"count":0,"href":"https:\/\/autolivraria.com.br\/bc\/wp-json\/wp\/v2\/pages\/4032\/revisions"}],"wp:attachment":[{"href":"https:\/\/autolivraria.com.br\/bc\/wp-json\/wp\/v2\/media?parent=4032"}],"curies":[{"name":"wp","href":"https:\/\/api.w.org\/{rel}","templated":true}]}}