{"id":4140,"date":"2013-05-10T00:00:44","date_gmt":"2013-05-10T03:00:44","guid":{"rendered":"http:\/\/bestcars.uol.com.br\/bc\/?page_id=4140"},"modified":"2013-05-10T16:36:01","modified_gmt":"2013-05-10T19:36:01","slug":"interface","status":"publish","type":"page","link":"https:\/\/autolivraria.com.br\/bc\/interface\/","title":{"rendered":"Interface"},"content":{"rendered":"<p><img fetchpriority=\"high\" decoding=\"async\" class=\"aligncenter size-full wp-image-4141\" title=\"Interface\" src=\"https:\/\/autolivraria.com.br\/bc\/wp-content\/uploads\/2012\/07\/interface-abre.jpg\" alt=\"\" width=\"355\" height=\"315\" \/><\/p>\n<h2><span style=\"color: #ffffff;\">_<\/span><br \/>\nSeu espa\u00e7o para\u00a0debater assuntos atuais\u00a0com outros leitores<\/h2>\n<p><span style=\"color: #ffffff;\">_<\/span><br \/>\nLegisla\u00e7\u00e3o, mercado, tr\u00e2nsito, comportamento dos motoristas: muitos fatores afetam o dia-a-dia de quem tem e curte autom\u00f3vel. Para estimular o debate sobre essas quest\u00f5es e as solu\u00e7\u00f5es para os problemas de cada uma, o\u00a0<strong>Best Cars<\/strong>\u00a0prop\u00f5e\u00a0<em>Interface<\/em>.<!--more--><\/p>\n<p>Para participar, basta enviar sua opini\u00e3o sobre o tema escolhido, Voc\u00ea pode tamb\u00e9m responder a coment\u00e1rios de outros leitores e sugerir temas.<\/p>\n<h3><strong><span style=\"color: #ffffff;\">_<\/span><br \/>\n<span style=\"color: #cc0000;\"><br \/>\n<\/span><span style=\"color: #cc0000;\">Em<\/span><span style=\"color: #cc0000;\"> deb<\/span><span style=\"color: #cc0000;\">ate<\/span><\/strong><\/h3>\n<h2><a href=\"https:\/\/autolivraria.com.br\/bc\/participe\/interface\/oficinas-independentes-e-pecas-paralelas-voce-usa\/\"><span style=\"color: #333333; background-color: #ffffff;\"><span style=\"background-color: #ffffff; color: #333333;\">Oficinas independentes e pe\u00e7as do mercado<br \/>\n<\/span><\/span><span style=\"color: #333333; background-color: #ffffff;\"><span style=\"background-color: #ffffff; color: #333333;\">paralelo: voc\u00ea usa? Quais as vantagens e os riscos?<\/span><\/span><\/a><\/h2>\n<h2><\/h2>\n<table style=\"width: 100%;\" border=\"0\" align=\"center\">\n<tbody>\n<tr>\n<td align=\"center\"><a href=\"https:\/\/autolivraria.com.br\/bc\/regras-de-participacao-nos-comentarios\/\" target=\"_blank\"><img decoding=\"async\" title=\"Regras para participar\" data-src=\"https:\/\/autolivraria.com.br\/bc\/wp-content\/uploads\/2012\/08\/Interface-Regras-para-participar.gif\" alt=\"\" width=\"165\" height=\"130\" src=\"data:image\/svg+xml;base64,PHN2ZyB3aWR0aD0iMSIgaGVpZ2h0PSIxIiB4bWxucz0iaHR0cDovL3d3dy53My5vcmcvMjAwMC9zdmciPjwvc3ZnPg==\" class=\"lazyload\" style=\"--smush-placeholder-width: 165px; --smush-placeholder-aspect-ratio: 165\/130;\" \/><\/a><\/td>\n<td align=\"center\"><a href=\"https:\/\/autolivraria.com.br\/bc\/escreva-nos\/\" target=\"_blank\"><img decoding=\"async\" title=\"Envie suas sugest\u00f5es\" data-src=\"https:\/\/autolivraria.com.br\/bc\/wp-content\/uploads\/2012\/08\/Interface-Envie-suas-sugestoes.gif\" alt=\"\" width=\"165\" height=\"130\" src=\"data:image\/svg+xml;base64,PHN2ZyB3aWR0aD0iMSIgaGVpZ2h0PSIxIiB4bWxucz0iaHR0cDovL3d3dy53My5vcmcvMjAwMC9zdmciPjwvc3ZnPg==\" class=\"lazyload\" style=\"--smush-placeholder-width: 165px; --smush-placeholder-aspect-ratio: 165\/130;\" \/><\/a><\/td>\n<\/tr>\n<\/tbody>\n<\/table>\n<p>&nbsp;<\/p>\n<p style=\"text-align: center;\"><script type=\"text\/javascript\">\/\/ <![CDATA[\ngoogle_ad_client = \"ca-pub-1914799802606213\"; \/* 336 TEXTO E IMAGEM *\/ google_ad_slot = \"0377185373\"; google_ad_width = 336; google_ad_height = 280;\n\/\/ ]]><\/script><br \/>\n<script type=\"text\/javascript\" src=\"http:\/\/pagead2.googlesyndication.com\/pagead\/show_ads.js\">\/\/ <![CDATA[\n\n\n\/\/ ]]><\/script><\/p>\n<p><strong><span style=\"color: #cc0000;\">\u00a0<\/span><\/strong><\/p>\n<p><strong style=\"font-size: 1.17em;\"><span style=\"color: #cc0000;\">Temas anteriores<\/span><\/strong><\/p>\n<p>&nbsp;<\/p>\n<ul>\n<li><strong>Mercado e prefer\u00eancias<\/strong><\/li>\n<\/ul>\n<p><span style=\"color: #000000;\"><a href=\"https:\/\/autolivraria.com.br\/bc\/participe\/interface\/motores-de-maior-cilindrada-sao-raros-quais-as-razoes\/\"><span style=\"color: #000000;\">Motores de maior cilindrada hoje s\u00e3o raros: quais as raz\u00f5es?<\/span><\/a><\/span><\/p>\n<p><span style=\"color: #000000;\"><a href=\"https:\/\/www.autolivraria.com.br\/interface\/381-opcao-carros-mais-vendidos.htm\"><span style=\"color: #000000;\">A aceita\u00e7\u00e3o de um modelo afeta sua decis\u00e3o de compra?<\/span><\/a><\/span><\/p>\n<p><span style=\"color: #000000;\"><a href=\"https:\/\/www.autolivraria.com.br\/interface\/377-menor-imposto-carro-1000.htm\"><span style=\"color: #000000;\">Menor imposto para carro 1.000 est\u00e1 correto?<\/span><\/a><\/span><\/p>\n<p><span style=\"color: #000000;\"><a href=\"https:\/\/www.autolivraria.com.br\/interface\/375-marcas-modelos-pneus.htm\"><span style=\"color: #000000;\">Pneus: conte experi\u00eancias de marca e modelo<\/span><\/a><\/span><\/p>\n<p><span style=\"color: #000000;\"><a href=\"https:\/\/www.autolivraria.com.br\/interface\/373-potencia-motor-alta-baixa-rotacao.htm\"><span style=\"color: #000000;\">Motor: pot\u00eancia em alta ou em baixa rota\u00e7\u00e3o<\/span><\/a><\/span><\/p>\n<p><span style=\"color: #000000;\"><a href=\"https:\/\/www.autolivraria.com.br\/interface\/371-fidelidade-a-marca.htm\"><span style=\"color: #000000;\">Fidelidade \u00e0 marca: isso existe em seu caso?<\/span><\/a><\/span><\/p>\n<p><span style=\"color: #000000;\"><a href=\"https:\/\/www.autolivraria.com.br\/interface\/370-carro-novo-ou-usado.htm\"><span style=\"color: #000000;\">Carro novo, ou um usado mais equipado?<\/span><\/a><\/span><\/p>\n<p><span style=\"color: #000000;\"><a href=\"https:\/\/www.autolivraria.com.br\/interface\/368-cambio-manual-automatico.htm\"><span style=\"color: #000000;\">C\u00e2mbios manual e autom\u00e1tico: sua escolha<\/span><\/a><\/span><\/p>\n<p><span style=\"color: #000000;\"><a href=\"https:\/\/www.autolivraria.com.br\/interface\/367-carros-chineses.htm\"><span style=\"color: #000000;\">Deixaria de comprar um carro por ser chin\u00eas?<\/span><\/a><\/span><\/p>\n<p><span style=\"color: #000000;\"><a href=\"https:\/\/www.autolivraria.com.br\/interface\/366-revisao-concessionaria.htm\"><span style=\"color: #000000;\">Concession\u00e1rias: voc\u00ea ainda usa depois da garantia?<\/span><\/a><\/span><\/p>\n<p><span style=\"color: #000000;\"><a href=\"https:\/\/www.autolivraria.com.br\/interface\/364a-consumidor-exigente.htm\"><span style=\"color: #000000;\">O consumidor est\u00e1 mais exigente ao comprar?<\/span><\/a><\/span><\/p>\n<p><em>\u00a0<\/em><\/p>\n<ul>\n<li><strong>Tr\u00e2nsito e comportamento<\/strong><\/li>\n<\/ul>\n<p><span style=\"color: #000000;\"><a href=\"https:\/\/autolivraria.com.br\/bc\/participe\/interface\/mais-restricoes-ao-alcool-ao-volante-voce-concorda\/\"><span style=\"color: #000000;\">Restri\u00e7\u00f5es severas ao consumo de \u00e1lcool: concorda?<\/span><\/a><\/span><\/p>\n<p><span style=\"color: #000000;\"><a href=\"https:\/\/autolivraria.com.br\/bc\/participe\/interface\/o-salao-do-automovel-em-sao-paulo-vale-a-visita\/\"><span style=\"color: #000000;\">Voc\u00ea foi ao Sal\u00e3o em S\u00e3o Paulo? Ele valeu a visita?<\/span><\/a><\/span><\/p>\n<p><a href=\" https:\/\/autolivraria.com.br\/bc\/participe\/interface\/motoristas-e-motociclistas-como-esse-convivio-pode-melhorar\"><span style=\"color: #000000;\">Motoristas e motociclistas: como melhorar o conv\u00edvio<\/span><\/a><\/p>\n<p><span style=\"color: #000000;\"><a href=\"https:\/\/www.autolivraria.com.br\/interface\/379-filme-vidros-seguranca.htm\"><span style=\"color: #000000;\">Os filmes nos vidros prejudicam a seguran\u00e7a<\/span><\/a><a href=\"https:\/\/www.autolivraria.com.br\/interface\/379-filme-vidros-seguranca.htm\"><span style=\"color: #000000;\">?<\/span><\/a><\/span><\/p>\n<p><span style=\"color: #000000;\"><a href=\"https:\/\/www.autolivraria.com.br\/interface\/376-limites-velocidade.htm\"><span style=\"color: #000000;\">Limites de velocidade: coer\u00eancia ou armadilha?<\/span><\/a><\/span><\/p>\n<p><span style=\"color: #000000;\"><a href=\"https:\/\/www.autolivraria.com.br\/interface\/374-transito-brasileiro-mais-seguro.htm\"><span style=\"color: #000000;\">Como tornar o tr\u00e2nsito no Brasil mais seguro<\/span><\/a><\/span><\/p>\n<p><span style=\"color: #000000;\"><a href=\"https:\/\/www.autolivraria.com.br\/interface\/372-idade-maxima-para-dirigir.htm\"><span style=\"color: #000000;\">Idosos: um limite de idade para os motoristas<\/span><\/a><\/span><\/p>\n<p><span style=\"color: #000000;\"><a href=\"https:\/\/www.autolivraria.com.br\/interface\/369-habilitacao-dirigir-16-anos.htm\"><span style=\"color: #000000;\">Habilita\u00e7\u00e3o aos 16 anos: contra ou a favor?<\/span><\/a><\/span><\/p>\n<p><span style=\"color: #000000;\"><a href=\"https:\/\/www.autolivraria.com.br\/interface\/368-pedido-papai-noel.htm\"><span style=\"color: #000000;\">Mercado e tr\u00e2nsito: seus pedidos a Papai Noel<\/span><\/a><\/span><\/p>\n<p><span style=\"color: #000000;\"><a href=\"https:\/\/www.autolivraria.com.br\/interface\/364b-lombadas.htm\"><span style=\"color: #000000;\">Lombadas s\u00e3o necess\u00e1rias para o tr\u00e2nsito?<\/span><\/a><\/span><\/p>\n<p>&nbsp;<\/p>\n","protected":false},"excerpt":{"rendered":"<p>Legisla\u00e7\u00e3o, mercado, tr\u00e2nsito, comportamento dos motoristas: muitos fatores afetam o dia-a-dia de quem tem e curte autom\u00f3vel. Para estimular o debate sobre essas quest\u00f5es e as solu\u00e7\u00f5es para os problemas de cada uma, o Best Cars prop\u00f5e Interface.<\/p>\n","protected":false},"author":6,"featured_media":4141,"parent":0,"menu_order":0,"comment_status":"closed","ping_status":"closed","template":"","meta":{"_joinchat":[],"footnotes":""},"class_list":["post-4140","page","type-page","status-publish","has-post-thumbnail","hentry"],"amp_enabled":true,"_links":{"self":[{"href":"https:\/\/autolivraria.com.br\/bc\/wp-json\/wp\/v2\/pages\/4140","targetHints":{"allow":["GET"]}}],"collection":[{"href":"https:\/\/autolivraria.com.br\/bc\/wp-json\/wp\/v2\/pages"}],"about":[{"href":"https:\/\/autolivraria.com.br\/bc\/wp-json\/wp\/v2\/types\/page"}],"author":[{"embeddable":true,"href":"https:\/\/autolivraria.com.br\/bc\/wp-json\/wp\/v2\/users\/6"}],"replies":[{"embeddable":true,"href":"https:\/\/autolivraria.com.br\/bc\/wp-json\/wp\/v2\/comments?post=4140"}],"version-history":[{"count":0,"href":"https:\/\/autolivraria.com.br\/bc\/wp-json\/wp\/v2\/pages\/4140\/revisions"}],"wp:featuredmedia":[{"embeddable":true,"href":"https:\/\/autolivraria.com.br\/bc\/wp-json\/wp\/v2\/media\/4141"}],"wp:attachment":[{"href":"https:\/\/autolivraria.com.br\/bc\/wp-json\/wp\/v2\/media?parent=4140"}],"curies":[{"name":"wp","href":"https:\/\/api.w.org\/{rel}","templated":true}]}}