{"id":4147,"date":"2012-01-01T00:00:44","date_gmt":"2012-01-01T03:00:44","guid":{"rendered":"http:\/\/bestcars.uol.com.br\/bc\/?page_id=4147"},"modified":"2013-10-15T13:47:28","modified_gmt":"2013-10-15T16:47:28","slug":"regras-de-participacao-nos-comentarios","status":"publish","type":"page","link":"https:\/\/autolivraria.com.br\/bc\/regras-de-participacao-nos-comentarios\/","title":{"rendered":"Regras de participa\u00e7\u00e3o nos coment\u00e1rios"},"content":{"rendered":"<p><span style=\"color: #ffffff;\">_<\/span><br \/>\nTodos os coment\u00e1rios enviados s\u00e3o lidos pela equipe de modera\u00e7\u00e3o, que remove aqueles em desacordo com as regras abaixo. Filtros autom\u00e1ticos s\u00e3o usados para que mensagens com determinadas palavras sejam colocadas em espera de modera\u00e7\u00e3o, podendo ent\u00e3o ser publicadas ou n\u00e3o.<\/p>\n<p>1) Trate com respeito os demais leitores. Evite coment\u00e1rios e termos grosseiros, agressivos ou que possam ser interpretados como tais.<\/p>\n<p>2) Palavras impr\u00f3prias, palavr\u00f5es e termos de conota\u00e7\u00e3o racista ou preconceituosa n\u00e3o ser\u00e3o tolerados.<\/p>\n<p>3) Fa\u00e7a coment\u00e1rios interessantes, que acrescentem ao que foi escrito por outros leitores.<\/p>\n<p>4) Siga o assunto da mat\u00e9ria publicada, evitando discutir temas que n\u00e3o tenham rela\u00e7\u00e3o com ela. O site abre espa\u00e7o para coment\u00e1rios em diversas se\u00e7\u00f5es: aproveite-o.<\/p>\n<p>5) Escreva em linguagem clara. Evite termos de dif\u00edcil compreens\u00e3o e uso de linguagem abreviada em excesso. Respeite o bom portugu\u00eas.<\/p>\n<p>6) N\u00e3o escreva totalmente em mai\u00fasculas, o que \u00e9 interpretado como se voc\u00ea gritasse.<\/p>\n<p>7) Evite inserir links de qualquer tipo ou men\u00e7\u00f5es a outros sites e \u00f3rg\u00e3os de imprensa. N\u00e3o s\u00e3o permitidas mensagens com fins publicit\u00e1rios.<\/p>\n<p>8) N\u00e3o mencione fatos relacionados a pessoas ou empresas que n\u00e3o estejam publicamente comprovados. Sua opini\u00e3o \u00e9 livre, mas n\u00e3o \u00e9 aceito atribuir atos il\u00edcitos a quem n\u00e3o possa se defender.<\/p>\n<p>Recomendamos cuidado ao fornecer dados pessoais no corpo da mensagem. O\u00a0<strong>Best Cars<\/strong>\u00a0n\u00e3o se responsabiliza pelo uso dessas informa\u00e7\u00f5es por terceiros. Seu endere\u00e7o de e-mail deve ser inserido no campo espec\u00edfico, mas n\u00e3o ser\u00e1 divulgado nem cedido a terceiros.<\/p>\n<p>&nbsp;<\/p>\n<p>&nbsp;<\/p>\n","protected":false},"excerpt":{"rendered":"<p>_ Todos os coment\u00e1rios enviados s\u00e3o lidos pela equipe de modera\u00e7\u00e3o, que remove aqueles em desacordo com as regras abaixo. Filtros autom\u00e1ticos s\u00e3o usados para que mensagens com determinadas palavras sejam colocadas em espera de modera\u00e7\u00e3o, podendo ent\u00e3o ser publicadas ou n\u00e3o. 1) Trate com respeito os demais leitores. Evite coment\u00e1rios e termos grosseiros, agressivos<\/p>\n","protected":false},"author":6,"featured_media":0,"parent":0,"menu_order":0,"comment_status":"closed","ping_status":"closed","template":"","meta":{"_joinchat":[],"footnotes":""},"class_list":["post-4147","page","type-page","status-publish","hentry"],"amp_enabled":true,"_links":{"self":[{"href":"https:\/\/autolivraria.com.br\/bc\/wp-json\/wp\/v2\/pages\/4147","targetHints":{"allow":["GET"]}}],"collection":[{"href":"https:\/\/autolivraria.com.br\/bc\/wp-json\/wp\/v2\/pages"}],"about":[{"href":"https:\/\/autolivraria.com.br\/bc\/wp-json\/wp\/v2\/types\/page"}],"author":[{"embeddable":true,"href":"https:\/\/autolivraria.com.br\/bc\/wp-json\/wp\/v2\/users\/6"}],"replies":[{"embeddable":true,"href":"https:\/\/autolivraria.com.br\/bc\/wp-json\/wp\/v2\/comments?post=4147"}],"version-history":[{"count":0,"href":"https:\/\/autolivraria.com.br\/bc\/wp-json\/wp\/v2\/pages\/4147\/revisions"}],"wp:attachment":[{"href":"https:\/\/autolivraria.com.br\/bc\/wp-json\/wp\/v2\/media?parent=4147"}],"curies":[{"name":"wp","href":"https:\/\/api.w.org\/{rel}","templated":true}]}}