{"id":51710,"date":"2015-01-23T00:00:04","date_gmt":"2015-01-23T03:00:04","guid":{"rendered":"http:\/\/bestcars.uol.com.br\/bc\/?page_id=51710"},"modified":"2016-02-06T09:40:16","modified_gmt":"2016-02-06T12:40:16","slug":"17a-eleicao-dos-melhores-carros","status":"publish","type":"page","link":"https:\/\/autolivraria.com.br\/bc\/17a-eleicao-dos-melhores-carros\/","title":{"rendered":"17\u00aa. Elei\u00e7\u00e3o dos Melhores Carros: os vencedores"},"content":{"rendered":"<p>[vc_row][vc_column width=&#8221;2\/3&#8243;][vc_column_text]<img fetchpriority=\"high\" decoding=\"async\" class=\"alignnone size-full wp-image-53161\" src=\"https:\/\/autolivraria.com.br\/bc\/wp-content\/uploads\/2014\/10\/17a-Eleicao-dos-Melhores-Carros-home.jpg\" alt=\"17a. Elei\u00e7\u00e3o dos Melhores Carros\" width=\"958\" height=\"340\" \/><\/p>\n<p>Quais s\u00e3o os autom\u00f3veis e utilit\u00e1rios mais desejados do mercado brasileiro? Que modelos fora de produ\u00e7\u00e3o tiveram papel mais destacado em cada d\u00e9cada que passou? E qual, afinal, o carro que os leitores do <strong>Best Cars<\/strong> aceleram em seus sonhos?<\/p>\n<p>Responder a essas quest\u00f5es foi a miss\u00e3o da <em>17\u00aa. Elei\u00e7\u00e3o dos Melhores Carros<\/em>, mais uma edi\u00e7\u00e3o da mais tradicional e prestigiada vota\u00e7\u00e3o sobre autom\u00f3veis na internet brasileira, realizada desde 1998.<\/p>\n<p>S\u00e3o 24 categorias que abrangem os segmentos mais importantes do mercado atual, cinco classes dedicadas a carros fora de linha (separados pelas d\u00e9cadas nas quais estiveram \u00e0 venda) e a exclusiva categoria <em>O Carro dos Meus Sonhos<\/em>, \u00a0na qual voc\u00ea escolhe qualquer modelo que estiver em produ\u00e7\u00e3o hoje. Afinal, para sonhar n\u00e3o h\u00e1 limites.<\/p>\n<p>Conhe\u00e7a agora os vencedores em cada categoria, eleitos por um total de 23.821 leitores entre novembro e dezembro de 2014. Voc\u00ea pode tamb\u00e9m\u00a0visitar avalia\u00e7\u00f5es e not\u00edcias sobre os concorrentes por meio da <a href=\"https:\/\/autolivraria.com.br\/bc\/17a-eleicao-dos-melhores-carros-os-concorrentes\/\" target=\"_blank\">p\u00e1gina de candidatos<\/a>.[\/vc_column_text][td_block_15 custom_title=&#8221;Os vencedores&#8221; header_color=&#8221;#ab0000&#8243; category_id=&#8221;3412&#8243; limit=&#8221;9&#8243;][td_block_ad_box spot_id=&#8221;custom_ad_1&#8243;][td_block_15 custom_title=&#8221;&#8221; category_id=&#8221;3412&#8243; limit=&#8221;0&#8243; offset=&#8221;9&#8243;][\/vc_column][vc_column width=&#8221;1\/3&#8243;][vc_widget_sidebar sidebar_id=&#8221;td-default&#8221;][\/vc_column][\/vc_row]<\/p>\n","protected":false},"excerpt":{"rendered":"<p>[vc_row][vc_column width=&#8221;2\/3&#8243;][vc_column_text] Quais s\u00e3o os autom\u00f3veis e utilit\u00e1rios mais desejados do mercado brasileiro? Que modelos fora de produ\u00e7\u00e3o tiveram papel mais destacado em cada d\u00e9cada que passou? E qual, afinal, o carro que os leitores do Best Cars aceleram em seus sonhos? Responder a essas quest\u00f5es foi a miss\u00e3o da 17\u00aa. Elei\u00e7\u00e3o dos Melhores Carros,<\/p>\n","protected":false},"author":6,"featured_media":0,"parent":0,"menu_order":0,"comment_status":"closed","ping_status":"closed","template":"","meta":{"_joinchat":[],"footnotes":""},"class_list":["post-51710","page","type-page","status-publish","hentry"],"amp_enabled":true,"_links":{"self":[{"href":"https:\/\/autolivraria.com.br\/bc\/wp-json\/wp\/v2\/pages\/51710","targetHints":{"allow":["GET"]}}],"collection":[{"href":"https:\/\/autolivraria.com.br\/bc\/wp-json\/wp\/v2\/pages"}],"about":[{"href":"https:\/\/autolivraria.com.br\/bc\/wp-json\/wp\/v2\/types\/page"}],"author":[{"embeddable":true,"href":"https:\/\/autolivraria.com.br\/bc\/wp-json\/wp\/v2\/users\/6"}],"replies":[{"embeddable":true,"href":"https:\/\/autolivraria.com.br\/bc\/wp-json\/wp\/v2\/comments?post=51710"}],"version-history":[{"count":0,"href":"https:\/\/autolivraria.com.br\/bc\/wp-json\/wp\/v2\/pages\/51710\/revisions"}],"wp:attachment":[{"href":"https:\/\/autolivraria.com.br\/bc\/wp-json\/wp\/v2\/media?parent=51710"}],"curies":[{"name":"wp","href":"https:\/\/api.w.org\/{rel}","templated":true}]}}