{"id":5487,"date":"2012-07-16T15:02:49","date_gmt":"2012-07-16T18:02:49","guid":{"rendered":"http:\/\/bestcars.uol.com.br\/bc\/?page_id=5487"},"modified":"2014-01-03T21:18:54","modified_gmt":"2014-01-04T00:18:54","slug":"papeis-de-parede","status":"publish","type":"page","link":"https:\/\/autolivraria.com.br\/bc\/papeis-de-parede\/","title":{"rendered":"Pap\u00e9is de parede"},"content":{"rendered":"<p>&nbsp;<\/p>\n<p><img fetchpriority=\"high\" decoding=\"async\" class=\"size-medium wp-image-5488 aligncenter\" title=\"McLaren MP4-12C Spider\" src=\"https:\/\/autolivraria.com.br\/bc\/wp-content\/uploads\/2012\/07\/McLaren-MP4-12C-Spider-560x420.jpg\" alt=\"\" width=\"560\" height=\"420\" srcset=\"https:\/\/autolivraria.com.br\/bc\/wp-content\/uploads\/2012\/07\/McLaren-MP4-12C-Spider-560x420.jpg 560w, https:\/\/autolivraria.com.br\/bc\/wp-content\/uploads\/2012\/07\/McLaren-MP4-12C-Spider-150x112.jpg 150w, https:\/\/autolivraria.com.br\/bc\/wp-content\/uploads\/2012\/07\/McLaren-MP4-12C-Spider-280x210.jpg 280w, https:\/\/autolivraria.com.br\/bc\/wp-content\/uploads\/2012\/07\/McLaren-MP4-12C-Spider.jpg 1024w\" sizes=\"(max-width: 560px) 100vw, 560px\" \/><\/p>\n<p>&nbsp;<\/p>\n<p>O <strong>Best Cars<\/strong> oferece fotos de alta qualidade de grandes carros e motos para o papel de parede de seu computador. As imagens s\u00e3o apropriadas \u00e0s resolu\u00e7\u00f5es de v\u00eddeo 1.024 x 768, 1.280 x 800, 1.280 x 1.024 e 1.440 x 900 pixels (algumas resolu\u00e7\u00f5es est\u00e3o dispon\u00edveis apenas nas fotos mais recentes). Ap\u00f3s selecionar o tamanho adequado, clique com o bot\u00e3o direito do mouse sobre a foto e escolha &#8220;definir como papel de parede&#8221;, &#8220;definir como plano de fundo&#8221; ou op\u00e7\u00e3o similar.<\/p>\n<p>&nbsp;<\/p>\n<ul>\n<li><span style=\"color: #000000;\">Carros esportivos:\u00a0<a href=\"https:\/\/www.autolivraria.com.br\/poster2a.htm\"><span style=\"color: #000000;\">A<\/span><\/a>\u00a0\u00a0<a href=\"https:\/\/www.autolivraria.com.br\/poster2b.htm\"><span style=\"color: #000000;\">B<\/span><\/a>\u00a0\u00a0<a href=\"https:\/\/www.autolivraria.com.br\/poster2c.htm\"><span style=\"color: #000000;\">C<\/span><\/a>\u00a0\u00a0<a href=\"https:\/\/www.autolivraria.com.br\/poster2d.htm\"><span style=\"color: #000000;\">D<\/span><\/a>\u00a0\u00a0<a href=\"https:\/\/www.autolivraria.com.br\/poster2f.htm\"><span style=\"color: #000000;\">F\/G<\/span><\/a>\u00a0\u00a0<a href=\"https:\/\/www.autolivraria.com.br\/poster2h.htm\"><span style=\"color: #000000;\">H\/I<\/span><\/a>\u00a0\u00a0<a href=\"https:\/\/www.autolivraria.com.br\/poster2j.htm\"><span style=\"color: #000000;\">J<\/span><\/a>\u00a0\u00a0<a href=\"https:\/\/www.autolivraria.com.br\/poster2k.htm\"><span style=\"color: #000000;\">K<\/span><\/a>\u00a0\u00a0<a href=\"https:\/\/www.autolivraria.com.br\/poster2l.htm\"><span style=\"color: #000000;\">L<\/span><\/a>\u00a0\u00a0<a href=\"https:\/\/www.autolivraria.com.br\/poster2m.htm\"><span style=\"color: #000000;\">M<\/span><\/a>\u00a0\u00a0<a href=\"https:\/\/www.autolivraria.com.br\/poster2n.htm\"><span style=\"color: #000000;\">N<\/span><\/a>\u00a0\u00a0<a href=\"https:\/\/www.autolivraria.com.br\/poster2o.htm\"><span style=\"color: #000000;\">O<\/span><\/a>\u00a0\u00a0<a href=\"https:\/\/www.autolivraria.com.br\/poster2p.htm\"><span style=\"color: #000000;\">P<\/span><\/a>\u00a0\u00a0<a href=\"https:\/\/www.autolivraria.com.br\/poster2r.htm\"><span style=\"color: #000000;\">R<\/span><\/a>\u00a0\u00a0<a href=\"https:\/\/www.autolivraria.com.br\/poster2s.htm\"><span style=\"color: #000000;\">S<\/span><\/a>\u00a0\u00a0<a href=\"https:\/\/www.autolivraria.com.br\/poster2t.htm\"><span style=\"color: #000000;\">T\/U<\/span><\/a>\u00a0\u00a0<a href=\"https:\/\/www.autolivraria.com.br\/poster2v.htm\"><span style=\"color: #000000;\">V\/W\/Y<\/span><\/a><\/span><\/li>\n<li><span style=\"color: #000000;\">Carros-conceito:\u00a0<a href=\"https:\/\/www.autolivraria.com.br\/poster3a.htm\"><span style=\"color: #000000;\">A<\/span><\/a>\u00a0\u00a0<a href=\"https:\/\/www.autolivraria.com.br\/poster3b.htm\"><span style=\"color: #000000;\">B<\/span><\/a>\u00a0\u00a0<a href=\"https:\/\/www.autolivraria.com.br\/poster3c.htm\"><span style=\"color: #000000;\">C<\/span><\/a>\u00a0\u00a0<a href=\"https:\/\/www.autolivraria.com.br\/poster3d.htm\"><span style=\"color: #000000;\">D\/E<\/span><\/a>\u00a0\u00a0<a href=\"https:\/\/www.autolivraria.com.br\/poster3f.htm\"><span style=\"color: #000000;\">F<\/span><\/a>\u00a0\u00a0<a href=\"https:\/\/www.autolivraria.com.br\/poster3g.htm\"><span style=\"color: #000000;\">G<\/span><\/a>\u00a0\u00a0<a href=\"https:\/\/www.autolivraria.com.br\/poster3h.htm\"><span style=\"color: #000000;\">H<\/span><\/a>\u00a0\u00a0<a href=\"https:\/\/www.autolivraria.com.br\/poster3i.htm\"><span style=\"color: #000000;\">I<\/span><\/a>\u00a0\u00a0<a href=\"https:\/\/www.autolivraria.com.br\/poster3j.htm\"><span style=\"color: #000000;\">J\/K<\/span><\/a>\u00a0\u00a0<a href=\"https:\/\/www.autolivraria.com.br\/poster3l.htm\"><span style=\"color: #000000;\">L<\/span><\/a>\u00a0\u00a0<a href=\"https:\/\/www.autolivraria.com.br\/poster3m.htm\"><span style=\"color: #000000;\">M<\/span><\/a>\u00a0\u00a0<a href=\"https:\/\/www.autolivraria.com.br\/poster3n.htm\"><span style=\"color: #000000;\">N<\/span><\/a>\u00a0\u00a0<a href=\"https:\/\/www.autolivraria.com.br\/poster3o.htm\"><span style=\"color: #000000;\">O<\/span><\/a>\u00a0\u00a0<a href=\"https:\/\/www.autolivraria.com.br\/poster3p.htm\"><span style=\"color: #000000;\">P<\/span><\/a>\u00a0\u00a0<a href=\"https:\/\/www.autolivraria.com.br\/poster3r.htm\"><span style=\"color: #000000;\">R<\/span><\/a>\u00a0\u00a0<a href=\"https:\/\/www.autolivraria.com.br\/poster3s.htm\"><span style=\"color: #000000;\">S<\/span><\/a>\u00a0\u00a0<a href=\"https:\/\/www.autolivraria.com.br\/poster3t.htm\"><span style=\"color: #000000;\">T\/U<\/span><\/a>\u00a0\u00a0<a href=\"https:\/\/www.autolivraria.com.br\/poster3v.htm\"><span style=\"color: #000000;\">V<\/span><\/a><\/span><\/li>\n<li><span style=\"color: #000000;\">Carros preparados:\u00a0<a href=\"https:\/\/www.autolivraria.com.br\/poster11a.htm\"><span style=\"color: #000000;\">A<\/span><\/a>\u00a0\u00a0\u00a0<a href=\"https:\/\/www.autolivraria.com.br\/poster11b.htm\"><span style=\"color: #000000;\">B<\/span><\/a>\u00a0\u00a0\u00a0<a href=\"https:\/\/www.autolivraria.com.br\/poster11c.htm\"><span style=\"color: #000000;\">C<\/span><\/a>\u00a0\u00a0\u00a0<a href=\"https:\/\/www.autolivraria.com.br\/poster11d.htm\"><span style=\"color: #000000;\">D<\/span><\/a>\u00a0\u00a0\u00a0<a href=\"https:\/\/www.autolivraria.com.br\/poster11f.htm\"><span style=\"color: #000000;\">F<\/span><\/a>\u00a0\u00a0\u00a0<a href=\"https:\/\/www.autolivraria.com.br\/poster11h.htm\"><span style=\"color: #000000;\">H<\/span><\/a>\u00a0\u00a0\u00a0<a href=\"https:\/\/www.autolivraria.com.br\/poster11j.htm\"><span style=\"color: #000000;\">J\/K\/L<\/span><\/a>\u00a0\u00a0\u00a0<a href=\"https:\/\/www.autolivraria.com.br\/poster11m.htm\"><span style=\"color: #000000;\">M\/N<\/span><\/a>\u00a0\u00a0\u00a0<a href=\"https:\/\/www.autolivraria.com.br\/poster11o.htm\"><span style=\"color: #000000;\">O<\/span><\/a>\u00a0\u00a0\u00a0<a href=\"https:\/\/www.autolivraria.com.br\/poster11p.htm\"><span style=\"color: #000000;\">P\/R\/S<\/span><\/a>\u00a0\u00a0<a href=\"https:\/\/www.autolivraria.com.br\/poster11v.htm\"><span style=\"color: #000000;\">T\/V<\/span><\/a><\/span><\/li>\n<li><span style=\"color: #000000;\">Carros do passado:\u00a0<a href=\"https:\/\/www.autolivraria.com.br\/poster9a.htm\"><span style=\"color: #000000;\">A<\/span><\/a>\u00a0\u00a0\u00a0<a href=\"https:\/\/www.autolivraria.com.br\/poster9b.htm\"><span style=\"color: #000000;\">B<\/span><\/a>\u00a0\u00a0\u00a0<a href=\"https:\/\/www.autolivraria.com.br\/poster9c.htm\"><span style=\"color: #000000;\">C\/D<\/span><\/a>\u00a0\u00a0\u00a0<a href=\"https:\/\/www.autolivraria.com.br\/poster9f.htm\"><span style=\"color: #000000;\">F<\/span><\/a>\u00a0\u00a0\u00a0<a href=\"https:\/\/www.autolivraria.com.br\/poster9g.htm\"><span style=\"color: #000000;\">G\/J<\/span><\/a>\u00a0\u00a0\u00a0<a href=\"https:\/\/www.autolivraria.com.br\/poster9l.htm\"><span style=\"color: #000000;\">L<\/span><\/a>\u00a0\u00a0\u00a0<a href=\"https:\/\/www.autolivraria.com.br\/poster9m.htm\"><span style=\"color: #000000;\">M\/N<\/span><\/a>\u00a0\u00a0\u00a0<a href=\"https:\/\/www.autolivraria.com.br\/poster9p.htm\"><span style=\"color: #000000;\">O\/P\/R\/S\/V<\/span><\/a><\/span><\/li>\n<li><span style=\"color: #000000;\">Carros de competi\u00e7\u00e3o:\u00a0<a href=\"https:\/\/www.autolivraria.com.br\/poster8.htm\"><span style=\"color: #000000;\">A\/B<\/span><\/a>\u00a0\u00a0\u00a0<a href=\"https:\/\/www.autolivraria.com.br\/poster8b.htm\"><span style=\"color: #000000;\">C\/D<\/span><\/a>\u00a0\u00a0\u00a0<a href=\"https:\/\/www.autolivraria.com.br\/poster8c.htm\"><span style=\"color: #000000;\">F\/H<\/span><\/a>\u00a0\u00a0\u00a0<a href=\"https:\/\/www.autolivraria.com.br\/poster8d.htm\"><span style=\"color: #000000;\">J\/L\/M\/N<\/span><\/a>\u00a0\u00a0\u00a0<a href=\"https:\/\/www.autolivraria.com.br\/poster8o.htm\"><span style=\"color: #000000;\">O\/P\/R<\/span><\/a>\u00a0\u00a0\u00a0<a href=\"https:\/\/www.autolivraria.com.br\/poster8s.htm\"><span style=\"color: #000000;\">S\/T\/V\/W<\/span><\/a><\/span><\/li>\n<li><span style=\"color: #000000;\">Motos esportivas:\u00a0<a href=\"https:\/\/www.autolivraria.com.br\/papelparede-moto-esportiva-a.htm\"><span style=\"color: #000000;\">A<\/span><\/a>\u00a0\u00a0\u00a0<a href=\"https:\/\/www.autolivraria.com.br\/papelparede-moto-esportiva-b.htm\"><span style=\"color: #000000;\">B<\/span><\/a>\u00a0\u00a0\u00a0<a href=\"https:\/\/www.autolivraria.com.br\/papelparede-moto-esportiva-c.htm\"><span style=\"color: #000000;\">C<\/span><\/a>\u00a0\u00a0\u00a0<a href=\"https:\/\/www.autolivraria.com.br\/papelparede-moto-esportiva-d.htm\"><span style=\"color: #000000;\">D\/G\u00a0\u00a0\u00a0<\/span><\/a><a href=\"https:\/\/www.autolivraria.com.br\/papelparede-moto-esportiva-h.htm\"><span style=\"color: #000000;\">H<\/span><\/a>\u00a0\u00a0\u00a0<a href=\"https:\/\/www.autolivraria.com.br\/papelparede-moto-esportiva-k.htm\"><span style=\"color: #000000;\">K<\/span><\/a>\u00a0\u00a0\u00a0<a href=\"https:\/\/www.autolivraria.com.br\/papelparede-moto-esportiva-m.htm\"><span style=\"color: #000000;\">M<\/span><\/a>\u00a0\u00a0\u00a0<a href=\"https:\/\/www.autolivraria.com.br\/papelparede-moto-esportiva-r.htm\"><span style=\"color: #000000;\">R\/S<\/span><\/a>\u00a0\u00a0\u00a0<a href=\"https:\/\/www.autolivraria.com.br\/papelparede-moto-esportiva-t.htm\"><span style=\"color: #000000;\">T<\/span><\/a>\u00a0\u00a0\u00a0<a href=\"https:\/\/www.autolivraria.com.br\/papelparede-moto-esportiva-v.htm\"><span style=\"color: #000000;\">V\/Y<\/span><\/a><\/span><\/li>\n<li><span style=\"color: #000000;\">Motos estradeiras, custom e cruiser:\u00a0<a href=\"https:\/\/www.autolivraria.com.br\/papelparede-moto-estradeira-b.htm\"><span style=\"color: #000000;\">B\/D<\/span><\/a>\u00a0\u00a0\u00a0<a href=\"https:\/\/www.autolivraria.com.br\/papelparede-moto-estradeira-h.htm\"><span style=\"color: #000000;\">H\/I<\/span><\/a>\u00a0\u00a0\u00a0<a href=\"https:\/\/www.autolivraria.com.br\/papelparede-moto-estradeira-k.htm\"><span style=\"color: #000000;\">K<\/span><\/a>\u00a0\u00a0\u00a0<a href=\"https:\/\/www.autolivraria.com.br\/papelparede-moto-estradeira-m.htm\"><span style=\"color: #000000;\">M<\/span><\/a>\u00a0\u00a0\u00a0<a href=\"https:\/\/www.autolivraria.com.br\/papelparede-moto-estradeira-s.htm\"><span style=\"color: #000000;\">S\/T<\/span><\/a>\u00a0\u00a0\u00a0<a href=\"https:\/\/www.autolivraria.com.br\/papelparede-moto-estradeira-y.htm\"><span style=\"color: #000000;\">V\/Y<\/span><\/a><\/span><\/li>\n<li><span style=\"color: #000000;\">Motos de uso misto:\u00a0<a href=\"https:\/\/www.autolivraria.com.br\/papelparede-moto-usomisto-a.htm\"><span style=\"color: #000000;\">A\/B<\/span><\/a>\u00a0\u00a0\u00a0<a href=\"https:\/\/www.autolivraria.com.br\/papelparede-moto-usomisto-d.htm\"><span style=\"color: #000000;\">D\/H<\/span><\/a>\u00a0\u00a0\u00a0\u00a0<a href=\"https:\/\/www.autolivraria.com.br\/papelparede-moto-usomisto-k.htm\"><span style=\"color: #000000;\">K<\/span><\/a>\u00a0\u00a0\u00a0<a href=\"https:\/\/www.autolivraria.com.br\/papelparede-moto-usomisto-m.htm\"><span style=\"color: #000000;\">M\/S\/T\/Y<\/span><\/a><\/span><\/li>\n<li><span style=\"color: #000000;\">Utilit\u00e1rios esporte e picapes:\u00a0<a href=\"https:\/\/www.autolivraria.com.br\/poster5a.htm\"><span style=\"color: #000000;\">A\/B\/C<\/span><\/a>\u00a0\u00a0\u00a0<a href=\"https:\/\/www.autolivraria.com.br\/poster5d.htm\"><span style=\"color: #000000;\">D\/E<\/span><\/a>\u00a0\u00a0\u00a0<a href=\"https:\/\/www.autolivraria.com.br\/poster5f.htm\"><span style=\"color: #000000;\">F<\/span><\/a>\u00a0\u00a0\u00a0<a href=\"https:\/\/www.autolivraria.com.br\/poster5g.htm\"><span style=\"color: #000000;\">G\/H\u00a0\u00a0\u00a0<\/span><\/a><a href=\"https:\/\/www.autolivraria.com.br\/poster5i.htm\"><span style=\"color: #000000;\">I\/J\u00a0\u00a0\u00a0<\/span><\/a><a href=\"https:\/\/www.autolivraria.com.br\/poster5l.htm\"><span style=\"color: #000000;\">L<\/span><\/a>\u00a0\u00a0\u00a0<a href=\"https:\/\/www.autolivraria.com.br\/poster5m.htm\"><span style=\"color: #000000;\">M\u00a0\u00a0\u00a0<\/span><\/a><a href=\"https:\/\/www.autolivraria.com.br\/poster5n.htm\"><span style=\"color: #000000;\">N<\/span><\/a>\u00a0<a href=\"https:\/\/www.autolivraria.com.br\/poster5p.htm\"><span style=\"color: #000000;\">\u00a0 P\/R\/S<\/span><\/a>\u00a0\u00a0\u00a0<a href=\"https:\/\/www.autolivraria.com.br\/poster5t.htm\"><span style=\"color: #000000;\">T\/V<\/span><\/a><\/span><\/li>\n<li><span style=\"color: #000000;\">Carros de luxo:\u00a0<a href=\"https:\/\/www.autolivraria.com.br\/poster6a.htm\"><span style=\"color: #000000;\">A\/B<\/span><\/a>\u00a0\u00a0\u00a0<a href=\"https:\/\/www.autolivraria.com.br\/poster6c.htm\"><span style=\"color: #000000;\">C\/D\/F<\/span><\/a>\u00a0\u00a0\u00a0<a href=\"https:\/\/www.autolivraria.com.br\/poster6h.htm\"><span style=\"color: #000000;\">H\/I\/J<\/span><\/a>\u00a0\u00a0\u00a0<a href=\"https:\/\/www.autolivraria.com.br\/poster6l.htm\"><span style=\"color: #000000;\">L<\/span><\/a>\u00a0\u00a0\u00a0<a href=\"https:\/\/www.autolivraria.com.br\/poster6m.htm\"><span style=\"color: #000000;\">M<\/span><\/a>\u00a0\u00a0\u00a0<a href=\"https:\/\/www.autolivraria.com.br\/poster6o.htm\"><span style=\"color: #000000;\">O\/P\/R<\/span><\/a>\u00a0\u00a0\u00a0<a href=\"https:\/\/www.autolivraria.com.br\/poster6t.htm\"><span style=\"color: #000000;\">T\/V<\/span><\/a><\/span><\/li>\n<li><a href=\"https:\/\/www.autolivraria.com.br\/poster7.htm#om\"><span style=\"color: #000000;\">Outros autom\u00f3veis<\/span><\/a><\/li>\n<\/ul>\n<p><em>A ordem alfab\u00e9tica refere-se ao fabricante<\/em><\/p>\n","protected":false},"excerpt":{"rendered":"<p>O Best Cars oferece fotos de alta qualidade de grandes carros e motos para o papel de parede de seu computador.<\/p>\n","protected":false},"author":6,"featured_media":5488,"parent":0,"menu_order":0,"comment_status":"closed","ping_status":"closed","template":"","meta":{"_joinchat":[],"footnotes":""},"class_list":["post-5487","page","type-page","status-publish","has-post-thumbnail","hentry"],"amp_enabled":true,"_links":{"self":[{"href":"https:\/\/autolivraria.com.br\/bc\/wp-json\/wp\/v2\/pages\/5487","targetHints":{"allow":["GET"]}}],"collection":[{"href":"https:\/\/autolivraria.com.br\/bc\/wp-json\/wp\/v2\/pages"}],"about":[{"href":"https:\/\/autolivraria.com.br\/bc\/wp-json\/wp\/v2\/types\/page"}],"author":[{"embeddable":true,"href":"https:\/\/autolivraria.com.br\/bc\/wp-json\/wp\/v2\/users\/6"}],"replies":[{"embeddable":true,"href":"https:\/\/autolivraria.com.br\/bc\/wp-json\/wp\/v2\/comments?post=5487"}],"version-history":[{"count":0,"href":"https:\/\/autolivraria.com.br\/bc\/wp-json\/wp\/v2\/pages\/5487\/revisions"}],"wp:featuredmedia":[{"embeddable":true,"href":"https:\/\/autolivraria.com.br\/bc\/wp-json\/wp\/v2\/media\/5488"}],"wp:attachment":[{"href":"https:\/\/autolivraria.com.br\/bc\/wp-json\/wp\/v2\/media?parent=5487"}],"curies":[{"name":"wp","href":"https:\/\/api.w.org\/{rel}","templated":true}]}}