{"id":5513,"date":"2017-12-01T00:00:21","date_gmt":"2017-12-01T03:00:21","guid":{"rendered":"http:\/\/bestcars.uol.com.br\/bc\/?page_id=5513"},"modified":"2017-12-15T16:17:05","modified_gmt":"2017-12-15T19:17:05","slug":"eleicao-dos-melhores-carros","status":"publish","type":"page","link":"https:\/\/autolivraria.com.br\/bc\/eleicao-dos-melhores-carros\/","title":{"rendered":"Elei\u00e7\u00e3o dos Melhores Carros"},"content":{"rendered":"<p>O\u00a0<strong>Best Cars<\/strong>\u00a0realiza anualmente a\u00a0<em>Elei\u00e7\u00e3o dos Melhores<\/em>\u00a0<em>Carros<\/em>, a maior do g\u00eanero na internet brasileira. Confira os detalhes e os vencedores de cada edi\u00e7\u00e3o desse importante evento.<\/p>\n<p>&nbsp;<\/p>\n<p><a href=\"https:\/\/autolivraria.com.br\/bc\/20a-eleicao-dos-melhores-carros\/\" rel=\"attachment wp-att-90007\"><img decoding=\"async\" class=\"aligncenter size-full wp-image-90007 lazyload\" data-src=\"https:\/\/autolivraria.com.br\/bc\/wp-content\/uploads\/2017\/10\/20a-Eleicao-dos-Melhores-Carros-selo-696.jpg\" alt=\"20a-Eleicao-dos-Melhores-Carros-selo-696\" width=\"500\" data-srcset=\"https:\/\/autolivraria.com.br\/bc\/wp-content\/uploads\/2017\/10\/20a-Eleicao-dos-Melhores-Carros-selo-696.jpg 696w, https:\/\/autolivraria.com.br\/bc\/wp-content\/uploads\/2017\/10\/20a-Eleicao-dos-Melhores-Carros-selo-696-222x222.jpg 222w, https:\/\/autolivraria.com.br\/bc\/wp-content\/uploads\/2017\/10\/20a-Eleicao-dos-Melhores-Carros-selo-696-340x340.jpg 340w, https:\/\/autolivraria.com.br\/bc\/wp-content\/uploads\/2017\/10\/20a-Eleicao-dos-Melhores-Carros-selo-696-420x420.jpg 420w\" data-sizes=\"(max-width: 696px) 100vw, 696px\" src=\"data:image\/svg+xml;base64,PHN2ZyB3aWR0aD0iMSIgaGVpZ2h0PSIxIiB4bWxucz0iaHR0cDovL3d3dy53My5vcmcvMjAwMC9zdmciPjwvc3ZnPg==\" style=\"--smush-placeholder-width: 696px; --smush-placeholder-aspect-ratio: 696\/696;\" \/><\/a><\/p>\n<p>&nbsp;<\/p>\n<ul>\n<li><span style=\"color: #000000;\"><a style=\"color: #000000;\" href=\"https:\/\/autolivraria.com.br\/bc\/20a-eleicao-dos-melhores-carros\/\">20\u00aa. Elei\u00e7\u00e3o dos Melhores Carros (2017\/2018)<\/a><\/span><\/li>\n<li><span style=\"color: #000000;\"><a style=\"color: #000000;\" href=\"https:\/\/autolivraria.com.br\/bc\/19a-eleicao-dos-melhores-carros\/\">19\u00aa. Elei\u00e7\u00e3o dos Melhores Carros (2017)<\/a><\/span><\/li>\n<li><span style=\"color: #000000;\"><a style=\"color: #000000;\" href=\"https:\/\/autolivraria.com.br\/bc\/18a-eleicao-dos-melhores-carros\/\">18\u00aa. Elei\u00e7\u00e3o dos Melhores Carros (2016)<\/a><\/span><\/li>\n<li><span style=\"color: #000000;\"><a style=\"color: #000000;\" href=\"https:\/\/autolivraria.com.br\/bc\/17a-eleicao-dos-melhores-carros\/\">17\u00aa. Elei\u00e7\u00e3o dos Melhores Carros (2015)<\/a><\/span><\/li>\n<li><span style=\"color: #000000;\"><a style=\"color: #000000;\" href=\"https:\/\/autolivraria.com.br\/bc\/16a-eleicao-dos-melhores-carros\/\">16\u00aa. Elei\u00e7\u00e3o dos Melhores Carros (2014)<\/a><\/span><\/li>\n<li><span style=\"color: #000000;\"><a style=\"color: #000000;\" href=\"https:\/\/autolivraria.com.br\/bc\/15a-eleicao-dos-melhores-carros\/\">15\u00aa. Elei\u00e7\u00e3o dos Melhores Carros (2013)<\/a><\/span><\/li>\n<li><span style=\"color: #000000;\"><a style=\"color: #000000;\" href=\"https:\/\/www.autolivraria.com.br\/eleicao\/14\/principal.htm\">14\u00aa. Elei\u00e7\u00e3o dos Melhores Carros (2012)<\/a><\/span><\/li>\n<li><span style=\"color: #000000;\"><a style=\"color: #000000;\" href=\"https:\/\/www.autolivraria.com.br\/eleicao\/13\/principal.htm\">13\u00aa. Elei\u00e7\u00e3o dos Melhores Carros (2011)<\/a><\/span><\/li>\n<li><span style=\"color: #000000;\"><a style=\"color: #000000;\" href=\"https:\/\/www.autolivraria.com.br\/eleicao\/12\/principal.htm\">12\u00aa. Elei\u00e7\u00e3o dos Melhores Carros (2010)<\/a><\/span><\/li>\n<li><span style=\"color: #000000;\"><a style=\"color: #000000;\" href=\"https:\/\/www.autolivraria.com.br\/eleicao\/11\/principal.htm\">11\u00aa. Elei\u00e7\u00e3o dos Melhores Carros (2009)<\/a><\/span><\/li>\n<li><span style=\"color: #000000;\"><a style=\"color: #000000;\" href=\"https:\/\/www.autolivraria.com.br\/eleicao\/melhor2008\/principal.htm\">10\u00aa. Elei\u00e7\u00e3o dos Melhores Carros (2008)<\/a><\/span><\/li>\n<li><span style=\"color: #000000;\"><a style=\"color: #000000;\" href=\"https:\/\/www.autolivraria.com.br\/eleicao\/melhor2007\/principal.htm\">9\u00aa. Elei\u00e7\u00e3o dos Melhores Carros (2007)<\/a><\/span><\/li>\n<li><span style=\"color: #000000;\"><a style=\"color: #000000;\" href=\"https:\/\/www.autolivraria.com.br\/eleicao\/melhor2006\/principal.htm\">8\u00aa. Elei\u00e7\u00e3o dos Melhores Carros (2006)<\/a><\/span><\/li>\n<li><span style=\"color: #000000;\"><a style=\"color: #000000;\" href=\"https:\/\/www.autolivraria.com.br\/eleicao\/melhor2005\/principal.htm\">7\u00aa. Elei\u00e7\u00e3o dos Melhores Carros (2005)<\/a><\/span><\/li>\n<li><span style=\"color: #000000;\"><a style=\"color: #000000;\" href=\"https:\/\/www.autolivraria.com.br\/eleicao\/melhor2004\/principal.htm\">6\u00aa. Elei\u00e7\u00e3o dos Melhores Carros (2004)<\/a><\/span><\/li>\n<li><span style=\"color: #000000;\"><a style=\"color: #000000;\" href=\"https:\/\/www.autolivraria.com.br\/eleicao\/melhor2003\/principal.htm\">5\u00aa. Elei\u00e7\u00e3o dos Melhores Carros (2003)<\/a><\/span><\/li>\n<li><span style=\"color: #000000;\"><a style=\"color: #000000;\" href=\"https:\/\/www.autolivraria.com.br\/eleicao\/melhor2002\/\">4\u00aa. Elei\u00e7\u00e3o dos Melhores Carros (2002)<\/a><\/span><\/li>\n<li><span style=\"color: #000000;\"><a style=\"color: #000000;\" href=\"https:\/\/www.autolivraria.com.br\/eleicao\/melhor2001\">3\u00aa. Elei\u00e7\u00e3o dos Melhores Carros (2001)<\/a><\/span><\/li>\n<li><span style=\"color: #000000;\"><a style=\"color: #000000;\" href=\"https:\/\/www.autolivraria.com.br\/eleicao\/melhor1.htm\">2\u00aa. Elei\u00e7\u00e3o dos Melhores Carros (2000)<\/a><\/span><\/li>\n<li><span style=\"color: #000000;\"><a style=\"color: #000000;\" href=\"https:\/\/www.autolivraria.com.br\/eleicao\/eleicao-bonito.htm\">Elei\u00e7\u00e3o dos Carros Mais Bonitos (1999)<\/a><\/span><\/li>\n<li><span style=\"color: #000000;\"><a style=\"color: #000000;\" href=\"https:\/\/www.autolivraria.com.br\/eleicao98.htm\">1\u00aa. Elei\u00e7\u00e3o dos Melhores Carros (1999)<\/a><\/span><\/li>\n<\/ul>\n<p>&nbsp;<\/p>\n<div class='code-block code-block-7' style='margin: 28px auto; text-align: center; display: block; clear: both;'>\n<br>\n<div align=\"center\">\n<a target=\"_blank\" href=\"https:\/\/bestcars.com.br\/bc\/\">\n<img decoding=\"async\" data-src=\"https:\/\/bestcars.com.br\/bc\/wp-content\/uploads\/2021\/07\/Auto-Livraria-450x300-quadros.jpg\" alt=\"Auto Livraria\" src=\"data:image\/svg+xml;base64,PHN2ZyB3aWR0aD0iMSIgaGVpZ2h0PSIxIiB4bWxucz0iaHR0cDovL3d3dy53My5vcmcvMjAwMC9zdmciPjwvc3ZnPg==\" class=\"lazyload\"><\/a>\n<\/div>\n<br><\/div>\n\n<p>&nbsp;<\/p>\n","protected":false},"excerpt":{"rendered":"<p>O\u00a0Best Cars\u00a0realiza anualmente a\u00a0Elei\u00e7\u00e3o dos Melhores\u00a0Carros, a maior do g\u00eanero na internet brasileira. Confira os detalhes e os vencedores de cada edi\u00e7\u00e3o desse importante evento. &nbsp; &nbsp; 20\u00aa. Elei\u00e7\u00e3o dos Melhores Carros (2017\/2018) 19\u00aa. Elei\u00e7\u00e3o dos Melhores Carros (2017) 18\u00aa. Elei\u00e7\u00e3o dos Melhores Carros (2016) 17\u00aa. Elei\u00e7\u00e3o dos Melhores Carros (2015) 16\u00aa. Elei\u00e7\u00e3o dos Melhores<\/p>\n","protected":false},"author":6,"featured_media":0,"parent":0,"menu_order":0,"comment_status":"closed","ping_status":"closed","template":"","meta":{"_joinchat":[],"footnotes":""},"class_list":["post-5513","page","type-page","status-publish","hentry"],"amp_enabled":true,"_links":{"self":[{"href":"https:\/\/autolivraria.com.br\/bc\/wp-json\/wp\/v2\/pages\/5513","targetHints":{"allow":["GET"]}}],"collection":[{"href":"https:\/\/autolivraria.com.br\/bc\/wp-json\/wp\/v2\/pages"}],"about":[{"href":"https:\/\/autolivraria.com.br\/bc\/wp-json\/wp\/v2\/types\/page"}],"author":[{"embeddable":true,"href":"https:\/\/autolivraria.com.br\/bc\/wp-json\/wp\/v2\/users\/6"}],"replies":[{"embeddable":true,"href":"https:\/\/autolivraria.com.br\/bc\/wp-json\/wp\/v2\/comments?post=5513"}],"version-history":[{"count":0,"href":"https:\/\/autolivraria.com.br\/bc\/wp-json\/wp\/v2\/pages\/5513\/revisions"}],"wp:attachment":[{"href":"https:\/\/autolivraria.com.br\/bc\/wp-json\/wp\/v2\/media?parent=5513"}],"curies":[{"name":"wp","href":"https:\/\/api.w.org\/{rel}","templated":true}]}}