{"id":64569,"date":"2015-10-01T00:00:19","date_gmt":"2015-10-01T03:00:19","guid":{"rendered":"http:\/\/bestcars.uol.com.br\/bc\/?page_id=64569"},"modified":"2018-11-26T12:48:03","modified_gmt":"2018-11-26T15:48:03","slug":"consultorio-tecnico-envie-sua-duvida","status":"publish","type":"page","link":"https:\/\/autolivraria.com.br\/bc\/consultorio-tecnico-envie-sua-duvida\/","title":{"rendered":"Consult\u00f3rio T\u00e9cnico: envie sua d\u00favida"},"content":{"rendered":"<p>&nbsp;<\/p>\n<p>Agradecemos pelo interesse, mas o Consult\u00f3rio T\u00e9cnico n\u00e3o mais recebe consultas.<\/p>\n<p><a href=\"https:\/\/autolivraria.com.br\/bc\/consultorio-tecnico-a-mecanica-bem-explicada\/\" target=\"_blank\" rel=\"noopener\">Consulte aqui o arquivo de consultas<\/a>. Talvez sua d\u00favida j\u00e1 tenha sido esclarecida.<\/p>\n<p>Para outras comunica\u00e7\u00f5es com o site, <a href=\"https:\/\/autolivraria.com.br\/bc\/escreva-nos\/\" target=\"_blank\" rel=\"noopener\">use o formul\u00e1rio geral<\/a>.<\/p>\n<p>&nbsp;<\/p>\n<div class='code-block code-block-2' style='margin: 8px auto; text-align: center; display: block; clear: both;'>\n<script async src=\"https:\/\/pagead2.googlesyndication.com\/pagead\/js\/adsbygoogle.js\"><\/script>\n<!-- AL-quadrado -->\n<ins class=\"adsbygoogle\"\n     style=\"display:block\"\n     data-ad-client=\"ca-pub-1914799802606213\"\n     data-ad-slot=\"5683066082\"\n     data-ad-format=\"auto\"\n     data-full-width-responsive=\"true\"><\/ins>\n<script>\n     (adsbygoogle = window.adsbygoogle || []).push({});\n<\/script><\/div>\n\n<p>&nbsp;<\/p>\n<table border=\"0\">\n<tbody>\n<tr>\n<td><a href='https:\/\/autolivraria.com.br\/bc\/consultorio-tecnico-a-mecanica-bem-explicada\/' class='small-button smallsilver'>Voltar ao\u00a0Consult\u00f3rio T\u00e9cnico<\/a><\/td>\n<\/tr>\n<\/tbody>\n<\/table>\n<p>&nbsp;<\/p>\n<p>&nbsp;<\/p>\n","protected":false},"excerpt":{"rendered":"<p>&nbsp; Agradecemos pelo interesse, mas o Consult\u00f3rio T\u00e9cnico n\u00e3o mais recebe consultas. Consulte aqui o arquivo de consultas. Talvez sua d\u00favida j\u00e1 tenha sido esclarecida. Para outras comunica\u00e7\u00f5es com o site, use o formul\u00e1rio geral. &nbsp; &nbsp; &nbsp; &nbsp;<\/p>\n","protected":false},"author":6,"featured_media":0,"parent":0,"menu_order":0,"comment_status":"closed","ping_status":"closed","template":"","meta":{"_joinchat":[],"footnotes":""},"class_list":["post-64569","page","type-page","status-publish","hentry"],"amp_enabled":true,"_links":{"self":[{"href":"https:\/\/autolivraria.com.br\/bc\/wp-json\/wp\/v2\/pages\/64569","targetHints":{"allow":["GET"]}}],"collection":[{"href":"https:\/\/autolivraria.com.br\/bc\/wp-json\/wp\/v2\/pages"}],"about":[{"href":"https:\/\/autolivraria.com.br\/bc\/wp-json\/wp\/v2\/types\/page"}],"author":[{"embeddable":true,"href":"https:\/\/autolivraria.com.br\/bc\/wp-json\/wp\/v2\/users\/6"}],"replies":[{"embeddable":true,"href":"https:\/\/autolivraria.com.br\/bc\/wp-json\/wp\/v2\/comments?post=64569"}],"version-history":[{"count":0,"href":"https:\/\/autolivraria.com.br\/bc\/wp-json\/wp\/v2\/pages\/64569\/revisions"}],"wp:attachment":[{"href":"https:\/\/autolivraria.com.br\/bc\/wp-json\/wp\/v2\/media?parent=64569"}],"curies":[{"name":"wp","href":"https:\/\/api.w.org\/{rel}","templated":true}]}}