{"id":6629,"date":"2017-12-01T00:00:57","date_gmt":"2017-12-01T03:00:57","guid":{"rendered":"http:\/\/bestcars.uol.com.br\/bc\/?page_id=6629"},"modified":"2017-12-27T13:05:40","modified_gmt":"2017-12-27T16:05:40","slug":"nossa-metodologia-de-notas","status":"publish","type":"page","link":"https:\/\/autolivraria.com.br\/bc\/nossa-metodologia-de-notas\/","title":{"rendered":"Nossa metodologia de notas"},"content":{"rendered":"<h2>Entenda como s\u00e3o atribu\u00eddas as notas nos comparativos<\/h2>\n<p>&nbsp;<\/p>\n<p>A atribui\u00e7\u00e3o de notas \u00e9 um fator primordial para a defini\u00e7\u00e3o dos melhores colocados em um comparativo do <strong>Best Cars<\/strong>. Da\u00ed a import\u00e2ncia de o leitor conhecer esse procedimento com detalhes.<\/p>\n<p>Os 18 quesitos (desde 2012) empregam crit\u00e9rios subjetivos de atribui\u00e7\u00e3o de notas, pois\u00a0n\u00e3o seria vi\u00e1vel\u00a0definir crit\u00e9rios objetivos para\u00a0v\u00e1rios dos quesitos.<\/p>\n<p>Tomando como exemplo o desempenho, o crit\u00e9rio subjetivo permite que um autom\u00f3vel com motor de 1,0 litro que obtenha certo desempenho possa obter uma nota igual, ou mesmo superior, \u00e0 de um equipado com motor de 1,6 litro e desempenho pouco superior, em comparativos distintos, desde que o modelo de 1,0 litro tenha se destacado com maior express\u00e3o <em>dentro de sua categoria<\/em>. Estabelecer um crit\u00e9rio objetivo implicaria um julgamento injusto dessa virtude, atribuindo-lhe nota inferior \u00e0 do modelo de maior cilindrada.<\/p>\n<p>O mesmo se aplica a item como porta-malas, em que um hatchback com capacidade de 400 litros seria considerado inferior a uma perua de 450, embora, na realidade, a capacidade desse hatchback seja mais expressiva por sua proposta que a da perua.<\/p>\n<p>Saiba mais sobre os crit\u00e9rios de cada quesito:<\/p>\n<p><em>Estilo <\/em>&#8211; Analisamos se o modelo se insere nas tend\u00eancias atuais, se apresenta equil\u00edbrio de linhas e se tem obtido boa aceita\u00e7\u00e3o entre o p\u00fablico consultado pelo site durante as avalia\u00e7\u00f5es.<\/p>\n<p><em>Acabamento<\/em> &#8211; S\u00e3o julgados os materiais empregados no acabamento interno e a qualidade de sua montagem, como a regularidade de encaixes e a presen\u00e7a de rebarbas em pl\u00e1sticos.<\/p>\n<p><em>Posi\u00e7\u00e3o de dirigir<\/em> &#8211; Analisamos se os ajustes do banco e do volante (caso existentes) s\u00e3o suficientes para se obter a posi\u00e7\u00e3o mais adequada, se o desenho desses elementos e os materiais empregados s\u00e3o adequados, se o espa\u00e7o permite acomoda\u00e7\u00e3o correta de motoristas de diversas estaturas, se os pedais e alavanca de transmiss\u00e3o est\u00e3o em posi\u00e7\u00e3o adequada, se \u00e9 f\u00e1cil e intuitivo o acionamento dos comandos.<\/p>\n<p><em>Instrumentos<\/em> &#8211; O painel \u00e9 julgado tanto pelo volume de informa\u00e7\u00f5es fornecidas quanto pela efici\u00eancia com que as disp\u00f5e: a clareza de leitura, a ilumina\u00e7\u00e3o, a presen\u00e7a de informa\u00e7\u00f5es em portugu\u00eas (e de unidades de medida usuais no Brasil) nos sistemas de verifica\u00e7\u00e3o e computadores de bordo.<\/p>\n<p><em>Itens de conveni\u00eancia<\/em> &#8211; Todos os equipamentos que possam facilitar a vida do motorista ao volante e dos passageiros a bordo s\u00e3o considerados nesse quesito. O site considera a unidade avaliada: n\u00e3o importa se alguns itens s\u00e3o opcionais ou se o fabricante oferece outros, ausentes do carro avaliado.<\/p>\n<p><em>Espa\u00e7o interno<\/em> &#8211; Por meio de julgamento do espa\u00e7o dispon\u00edvel nos bancos dianteiros e traseiro(s), o site estabelece a compara\u00e7\u00e3o desse fator dentro do segmento em que o ve\u00edculo se insere. As exig\u00eancias de espa\u00e7o em um carro de maiores dimens\u00f5es externas, portanto, s\u00e3o maiores.<\/p>\n<p><em>Porta-malas<\/em> &#8211; A nota baseia-se na capacidade, com o banco traseiro em posi\u00e7\u00e3o normal, e tamb\u00e9m considera o porte do ve\u00edculo e o segmento em que se insere. Em uma perua ou minivan, por exemplo, as exig\u00eancias s\u00e3o maiores que em um carro pequeno. No caso de picapes, o item \u00e9 denominado <em>espa\u00e7o de carga<\/em>\u00a0e inclui tanto a ca\u00e7amba quanto eventual espa\u00e7o interno para bagagem.<\/p>\n<p><em>Motor<\/em> &#8211; S\u00e3o analisados a modernidade de projeto, a pot\u00eancia e o torque fornecidos nos variados regimes de rota\u00e7\u00e3o (considerando-se sempre a cilindrada e a presen\u00e7a ou n\u00e3o de superalimenta\u00e7\u00e3o), a suavidade de funcionamento, o n\u00edvel de ru\u00eddo.<\/p>\n<p><em>Desempenho<\/em> &#8211; A an\u00e1lise baseia-se tanto nos \u00edndices de acelera\u00e7\u00e3o e retomada, obtidos pelo <strong>Best Cars<\/strong>\u00a0em testes de pista, quanto nas sensa\u00e7\u00f5es experimentadas ao volante. Dois carros equivalentes nesses \u00edndices podem receber notas distintas se apresentarem comportamentos muito diferentes no uso pr\u00e1tico.<\/p>\n<p><em>Consumo<\/em> &#8211; Tamb\u00e9m baseado nas medi\u00e7\u00f5es em trajetos urbanos (dois) e rodovi\u00e1rio (um). Considera-se sempre o segmento em que o ve\u00edculo se insere; portanto, ve\u00edculos de mesmos \u00edndices podem receber notas distintas se pertencerem a segmentos diferentes.<\/p>\n<p><em>Transmiss\u00e3o<\/em>\u00a0&#8211; Analisamos se os engates s\u00e3o leves e precisos, incluindo o da marcha \u00e0 r\u00e9. No caso de caixa autom\u00e1tica, julgamos a qualidade das mudan\u00e7as, as respostas ao comando do motorista, a calibra\u00e7\u00e3o a cada condi\u00e7\u00e3o e as op\u00e7\u00f5es dispon\u00edveis, ou n\u00e3o, para sele\u00e7\u00e3o manual.<\/p>\n<p><em>Freios<\/em> &#8211; S\u00e3o julgadas a efici\u00eancia de frenagem, a facilidade de modular a press\u00e3o no pedal, a presen\u00e7a ou n\u00e3o de recursos de aux\u00edlio (como sistemas antitravamento e de assist\u00eancia adicional em emerg\u00eancia) e a resist\u00eancia ao uso intensivo.<\/p>\n<p><em>Dire\u00e7\u00e3o<\/em> &#8211; Consideram-se o esfor\u00e7o em manobras e em baixa velocidade e a precis\u00e3o de respostas em alta velocidade. Fatores como posi\u00e7\u00e3o e desenho do volante n\u00e3o s\u00e3o levados em conta, pois cabem ao item <em>Posi\u00e7\u00e3o de Dirigir<\/em>.<\/p>\n<p><em>Suspens\u00e3o<\/em> &#8211; Neste quesito influem basicamente a efici\u00eancia das disposi\u00e7\u00f5es adotadas, o conforto e o n\u00edvel de ru\u00eddo de rodagem. A estabilidade \u00e9 julgada em quesito pr\u00f3prio.<\/p>\n<p><em>Estabilidade<\/em> &#8211; Julga-se o comportamento din\u00e2mico do ve\u00edculo em situa\u00e7\u00f5es variadas de uso. N\u00e3o se considera apenas a velocidade m\u00e1xima em curva (acelera\u00e7\u00e3o lateral), mas com que seguran\u00e7a o ve\u00edculo a atinge e com que facilidade o motorista mant\u00e9m o controle do ve\u00edculo em manobras de emerg\u00eancia. A presen\u00e7a de <a title=\"Gloss\u00e1rio \u2013 C\" href=\"https:\/\/autolivraria.com.br\/bc\/glossario-c\/#esp\">controle de estabilidade<\/a> \u00e9 positiva.<\/p>\n<p><em>Visibilidade<\/em> &#8211; Faz-se aqui um julgamento amplo de tudo o que afeta a vis\u00e3o do motorista e dos demais condutores: campo visual pelas janelas, tamanho e efic\u00e1cia dos retrovisores, efici\u00eancia dos far\u00f3is, dispositivos auxiliares de ilumina\u00e7\u00e3o e sinaliza\u00e7\u00e3o (far\u00f3is e luz traseira de neblina, repetidores laterais de luzes de dire\u00e7\u00e3o, entre outros).<\/p>\n<p><em>Seguran\u00e7a passiva<\/em> &#8211; Trata-se da seguran\u00e7a que procura minimizar as conseq\u00fc\u00eancias de eventual acidente, sendo os aspectos de seguran\u00e7a ativa julgados nos quesitos <em>Freios<\/em> e <em>Estabilidade<\/em>. Assim, analisamos a presen\u00e7a de bolsas infl\u00e1veis de seus diversos tipos, cintos de seguran\u00e7a de tr\u00eas pontos e encostos de cabe\u00e7a para todos os ocupantes e fixa\u00e7\u00e3o <a title=\"Gloss\u00e1rio \u2013 I\" href=\"https:\/\/autolivraria.com.br\/bc\/glossario-i\/#isof\">Isofix<\/a> para cadeiras infantis, entre outros fatores. Por enquanto, n\u00e3o consideramos os resultados de testes de colis\u00e3o: \u00e9 preciso haver maior leque de testes pelo Latin NCap para isso, de modo a cobrir todos os modelos avaliados pelo site.<\/p>\n<p><em>Custo-benef\u00edcio<\/em> &#8211; Julgar apenas o pre\u00e7o tornaria injusta a an\u00e1lise dos melhores autom\u00f3veis, em geral mais caros. Por isso, o site adota o crit\u00e9rio da rela\u00e7\u00e3o entre custo e benef\u00edcio, isto \u00e9, o pre\u00e7o do ve\u00edculo avaliado (com eventuais opcionais) confrontado \u00e0s qualidades demonstradas nos quesitos anteriores. Modelos de mesmo pre\u00e7o podem, assim, receber notas distintas de acordo com suas qualidades constatadas nas demais notas.<\/p>\n<p>&nbsp;<\/p>\n","protected":false},"excerpt":{"rendered":"<p>Entenda como s\u00e3o atribu\u00eddas as notas nos comparativos &nbsp; A atribui\u00e7\u00e3o de notas \u00e9 um fator primordial para a defini\u00e7\u00e3o dos melhores colocados em um comparativo do Best Cars. Da\u00ed a import\u00e2ncia de o leitor conhecer esse procedimento com detalhes. Os 18 quesitos (desde 2012) empregam crit\u00e9rios subjetivos de atribui\u00e7\u00e3o de notas, pois\u00a0n\u00e3o seria vi\u00e1vel\u00a0definir<\/p>\n","protected":false},"author":6,"featured_media":0,"parent":0,"menu_order":0,"comment_status":"closed","ping_status":"closed","template":"","meta":{"_joinchat":[],"footnotes":""},"class_list":["post-6629","page","type-page","status-publish","hentry"],"amp_enabled":true,"_links":{"self":[{"href":"https:\/\/autolivraria.com.br\/bc\/wp-json\/wp\/v2\/pages\/6629","targetHints":{"allow":["GET"]}}],"collection":[{"href":"https:\/\/autolivraria.com.br\/bc\/wp-json\/wp\/v2\/pages"}],"about":[{"href":"https:\/\/autolivraria.com.br\/bc\/wp-json\/wp\/v2\/types\/page"}],"author":[{"embeddable":true,"href":"https:\/\/autolivraria.com.br\/bc\/wp-json\/wp\/v2\/users\/6"}],"replies":[{"embeddable":true,"href":"https:\/\/autolivraria.com.br\/bc\/wp-json\/wp\/v2\/comments?post=6629"}],"version-history":[{"count":0,"href":"https:\/\/autolivraria.com.br\/bc\/wp-json\/wp\/v2\/pages\/6629\/revisions"}],"wp:attachment":[{"href":"https:\/\/autolivraria.com.br\/bc\/wp-json\/wp\/v2\/media?parent=6629"}],"curies":[{"name":"wp","href":"https:\/\/api.w.org\/{rel}","templated":true}]}}