{"id":68054,"date":"2016-02-01T00:00:32","date_gmt":"2016-02-01T03:00:32","guid":{"rendered":"http:\/\/bestcars.uol.com.br\/bc\/?page_id=68054"},"modified":"2016-02-06T09:28:41","modified_gmt":"2016-02-06T12:28:41","slug":"18a-eleicao-dos-melhores-carros-os-vencedores","status":"publish","type":"page","link":"https:\/\/autolivraria.com.br\/bc\/18a-eleicao-dos-melhores-carros-os-vencedores\/","title":{"rendered":"18\u00aa. Elei\u00e7\u00e3o dos Melhores Carros: os vencedores"},"content":{"rendered":"<p>[vc_row][vc_column width=&#8221;2\/3&#8243;][vc_column_text]<img fetchpriority=\"high\" decoding=\"async\" class=\"alignnone size-full wp-image-65903\" src=\"https:\/\/autolivraria.com.br\/bc\/wp-content\/uploads\/2015\/11\/18a-Eleicao-dos-Melhores-Carros-sumario.jpg\" alt=\"18a Eleicao dos Melhores Carros\" width=\"743\" height=\"367\" srcset=\"https:\/\/autolivraria.com.br\/bc\/wp-content\/uploads\/2015\/11\/18a-Eleicao-dos-Melhores-Carros-sumario.jpg 743w, https:\/\/autolivraria.com.br\/bc\/wp-content\/uploads\/2015\/11\/18a-Eleicao-dos-Melhores-Carros-sumario-356x176.jpg 356w, https:\/\/autolivraria.com.br\/bc\/wp-content\/uploads\/2015\/11\/18a-Eleicao-dos-Melhores-Carros-sumario-227x112.jpg 227w, https:\/\/autolivraria.com.br\/bc\/wp-content\/uploads\/2015\/11\/18a-Eleicao-dos-Melhores-Carros-sumario-270x133.jpg 270w\" sizes=\"(max-width: 743px) 100vw, 743px\" \/><\/p>\n<p>Quais s\u00e3o os autom\u00f3veis e utilit\u00e1rios mais desejados do mercado brasileiro? Que modelos fora de produ\u00e7\u00e3o tiveram papel mais destacado em cada d\u00e9cada que passou? E qual, afinal, o carro que os leitores do <strong>Best Cars<\/strong> aceleram em seus sonhos?<\/p>\n<p>Responder a essas quest\u00f5es foi a miss\u00e3o da <em>18\u00aa. Elei\u00e7\u00e3o dos Melhores Carros<\/em>, mais uma edi\u00e7\u00e3o da mais tradicional e prestigiada vota\u00e7\u00e3o sobre autom\u00f3veis na internet brasileira, realizada desde 1998.<\/p>\n<p>S\u00e3o 24 categorias que abrangem os segmentos mais importantes do mercado atual, cinco classes dedicadas a carros fora de linha (separados pelas d\u00e9cadas nas quais estiveram \u00e0 venda) e a exclusiva categoria <em>O Carro dos Meus Sonhos<\/em>, \u00a0na qual voc\u00ea escolhe qualquer modelo que estiver em produ\u00e7\u00e3o hoje. Afinal, para sonhar n\u00e3o h\u00e1 limites.<\/p>\n<p>Conhe\u00e7a agora os vencedores em cada categoria, eleitos por um total de 22.394 leitores entre novembro e dezembro de 2015. Voc\u00ea pode tamb\u00e9m\u00a0visitar avalia\u00e7\u00f5es e not\u00edcias sobre os concorrentes por meio da <a href=\"https:\/\/autolivraria.com.br\/bc\/18a-eleicao-dos-melhores-carros-os-concorrentes\/\" target=\"_blank\">p\u00e1gina de candidatos<\/a>.[\/vc_column_text][td_block_15 custom_title=&#8221;Os vencedores&#8221; header_color=&#8221;#ab0000&#8243; category_id=&#8221;3936&#8243; limit=&#8221;9&#8243;][td_block_ad_box spot_id=&#8221;custom_ad_1&#8243;][td_block_15 custom_title=&#8221;&#8221; category_id=&#8221;3936&#8243; limit=&#8221;0&#8243; offset=&#8221;9&#8243;][\/vc_column][vc_column width=&#8221;1\/3&#8243;][vc_widget_sidebar sidebar_id=&#8221;td-default&#8221;][\/vc_column][\/vc_row]<\/p>\n","protected":false},"excerpt":{"rendered":"<p>[vc_row][vc_column width=&#8221;2\/3&#8243;][vc_column_text] Quais s\u00e3o os autom\u00f3veis e utilit\u00e1rios mais desejados do mercado brasileiro? Que modelos fora de produ\u00e7\u00e3o tiveram papel mais destacado em cada d\u00e9cada que passou? E qual, afinal, o carro que os leitores do Best Cars aceleram em seus sonhos? Responder a essas quest\u00f5es foi a miss\u00e3o da 18\u00aa. Elei\u00e7\u00e3o dos Melhores Carros,<\/p>\n","protected":false},"author":6,"featured_media":0,"parent":0,"menu_order":0,"comment_status":"closed","ping_status":"closed","template":"","meta":{"_joinchat":[],"footnotes":""},"class_list":["post-68054","page","type-page","status-publish","hentry"],"amp_enabled":true,"_links":{"self":[{"href":"https:\/\/autolivraria.com.br\/bc\/wp-json\/wp\/v2\/pages\/68054","targetHints":{"allow":["GET"]}}],"collection":[{"href":"https:\/\/autolivraria.com.br\/bc\/wp-json\/wp\/v2\/pages"}],"about":[{"href":"https:\/\/autolivraria.com.br\/bc\/wp-json\/wp\/v2\/types\/page"}],"author":[{"embeddable":true,"href":"https:\/\/autolivraria.com.br\/bc\/wp-json\/wp\/v2\/users\/6"}],"replies":[{"embeddable":true,"href":"https:\/\/autolivraria.com.br\/bc\/wp-json\/wp\/v2\/comments?post=68054"}],"version-history":[{"count":0,"href":"https:\/\/autolivraria.com.br\/bc\/wp-json\/wp\/v2\/pages\/68054\/revisions"}],"wp:attachment":[{"href":"https:\/\/autolivraria.com.br\/bc\/wp-json\/wp\/v2\/media?parent=68054"}],"curies":[{"name":"wp","href":"https:\/\/api.w.org\/{rel}","templated":true}]}}