{"id":7777,"date":"2012-07-01T00:00:26","date_gmt":"2012-07-01T03:00:26","guid":{"rendered":"http:\/\/bestcars.uol.com.br\/bc\/?page_id=7777"},"modified":"2012-07-31T11:25:20","modified_gmt":"2012-07-31T14:25:20","slug":"perfis-para-cotacoes-de-seguro","status":"publish","type":"page","link":"https:\/\/autolivraria.com.br\/bc\/perfis-para-cotacoes-de-seguro\/","title":{"rendered":"Perfis para cota\u00e7\u00f5es de seguro"},"content":{"rendered":"<p>&nbsp;<\/p>\n<p>O <strong>Best Cars<\/strong> adota, nas cota\u00e7\u00f5es de seguro realizadas para os <em>Guias de Compra<\/em>, tr\u00eas perfis de segurado que representam diferentes n\u00edveis de risco:<\/p>\n<p>&#8211; Perfil de alto risco: homem de 19 anos, solteiro, rec\u00e9m-habilitado, residente em S\u00e3o Paulo, SP, sem b\u00f4nus, sem garagem para o carro.<\/p>\n<p>&#8211; Perfil de m\u00e9dio risco: homem de 26 anos, solteiro, habilitado h\u00e1 oito anos, residente em S\u00e3o Paulo, SP, com classe de b\u00f4nus 5, morador em edif\u00edcio com port\u00e3o autom\u00e1tico e estacionamento no local de trabalho.<\/p>\n<p>&#8211; Perfil de baixo risco: homem de 40 anos, casado, habilitado h\u00e1 mais de 20 anos, residente em S\u00e3o Paulo, SP, com classe m\u00e1xima de b\u00f4nus, morador em edif\u00edcio com port\u00e3o autom\u00e1tico e estacionamento no local de trabalho.<\/p>\n<p>Os valores informados s\u00e3o v\u00e1lidos para pagamento \u00e0 vista.<\/p>\n<p>Para todos os perfis s\u00e3o considerados:<\/p>\n<p>&#8211; Tabela FIPE (100%) para o valor do carro.<\/p>\n<p>&#8211; Quilometragem m\u00e1xima anual de 20.000 km.<\/p>\n<p>&#8211; Cobertura b\u00e1sica para vidros.<\/p>\n<p>&#8211; Cobertura de responsabilidade civil contra terceiros no valor de R$ 50.000 para danos materiais, R$ 100.000 para danos corporais e R$ 15.000 para danos morais.<\/p>\n<p>&#8211; Cobertura aos passageiros, em caso de morte ou invalidez, no valor de R$ 10.000.<\/p>\n<p>As cota\u00e7\u00f5es publicadas s\u00e3o apenas refer\u00eancias. Um usu\u00e1rio com perfil diferente pode obter cota\u00e7\u00f5es muito diversas, assim como \u00e9 poss\u00edvel obter menor custo de seguro em pesquisa com v\u00e1rias seguradoras. O site divulga o valor m\u00e9dio encontrado.<\/p>\n<p>\u00c9 importante observar a data de publica\u00e7\u00e3o do<em> Guia de Compra<\/em>, publicada em sua primeira p\u00e1gina, pois os valores publicados n\u00e3o recebem atualiza\u00e7\u00f5es.<\/p>\n<p><strong>Cota\u00e7\u00f5es anteriores<\/strong><\/p>\n<p>Para os artigos publicados at\u00e9 2005 foi usado um \u00fanico perfil: homem de mais de 35 anos, casado, sem b\u00f4nus, com garagem fechada dia e noite, em S\u00e3o Paulo, SP.<\/p>\n<p>&nbsp;<\/p>\n","protected":false},"excerpt":{"rendered":"<p>&nbsp; O Best Cars adota, nas cota\u00e7\u00f5es de seguro realizadas para os Guias de Compra, tr\u00eas perfis de segurado que representam diferentes n\u00edveis de risco: &#8211; Perfil de alto risco: homem de 19 anos, solteiro, rec\u00e9m-habilitado, residente em S\u00e3o Paulo, SP, sem b\u00f4nus, sem garagem para o carro. &#8211; Perfil de m\u00e9dio risco: homem de<\/p>\n","protected":false},"author":6,"featured_media":0,"parent":0,"menu_order":0,"comment_status":"closed","ping_status":"closed","template":"","meta":{"_joinchat":[],"footnotes":""},"class_list":["post-7777","page","type-page","status-publish","hentry"],"amp_enabled":true,"_links":{"self":[{"href":"https:\/\/autolivraria.com.br\/bc\/wp-json\/wp\/v2\/pages\/7777","targetHints":{"allow":["GET"]}}],"collection":[{"href":"https:\/\/autolivraria.com.br\/bc\/wp-json\/wp\/v2\/pages"}],"about":[{"href":"https:\/\/autolivraria.com.br\/bc\/wp-json\/wp\/v2\/types\/page"}],"author":[{"embeddable":true,"href":"https:\/\/autolivraria.com.br\/bc\/wp-json\/wp\/v2\/users\/6"}],"replies":[{"embeddable":true,"href":"https:\/\/autolivraria.com.br\/bc\/wp-json\/wp\/v2\/comments?post=7777"}],"version-history":[{"count":0,"href":"https:\/\/autolivraria.com.br\/bc\/wp-json\/wp\/v2\/pages\/7777\/revisions"}],"wp:attachment":[{"href":"https:\/\/autolivraria.com.br\/bc\/wp-json\/wp\/v2\/media?parent=7777"}],"curies":[{"name":"wp","href":"https:\/\/api.w.org\/{rel}","templated":true}]}}