{"id":79248,"date":"2016-10-28T00:00:16","date_gmt":"2016-10-28T03:00:16","guid":{"rendered":"http:\/\/bestcars.uol.com.br\/bc\/?page_id=79248"},"modified":"2016-10-26T13:48:07","modified_gmt":"2016-10-26T16:48:07","slug":"comparativo-sedas-quatro-oponentes-lancam-desafio-a-novo-civic","status":"publish","type":"page","link":"https:\/\/autolivraria.com.br\/bc\/comparativo-sedas-quatro-oponentes-lancam-desafio-a-novo-civic\/","title":{"rendered":"Sed\u00e3s: quatro oponentes lan\u00e7am desafio a novo Civic"},"content":{"rendered":"<div class='et-box et-shadow'>\n\t\t\t\t\t<div class='et-box-content'><h2>Ficha t\u00e9cnica<\/h2>\n<table id=\"table61\" border=\"0\" width=\"100%\" cellspacing=\"0\" cellpadding=\"5\">\n<tbody>\n<tr>\n<td valign=\"top\"><\/td>\n<td valign=\"top\"><strong>Focus<\/strong><\/td>\n<td valign=\"top\"><strong>Civic<\/strong><\/td>\n<td valign=\"top\"><strong>Sentra<\/strong><\/td>\n<td valign=\"top\"><strong>Corolla<\/strong><\/td>\n<td valign=\"top\"><strong>Jetta<\/strong><\/td>\n<\/tr>\n<tr>\n<td colspan=\"6\" valign=\"top\"><strong>Motor<\/strong><\/td>\n<\/tr>\n<tr>\n<td valign=\"top\">Posi\u00e7\u00e3o<\/td>\n<td colspan=\"5\" valign=\"top\">transversal<\/td>\n<\/tr>\n<tr>\n<td valign=\"top\">Cilindros<\/td>\n<td colspan=\"5\" valign=\"top\">4 em linha<\/td>\n<\/tr>\n<tr>\n<td valign=\"top\">Material do bloco\/cabe\u00e7ote<\/td>\n<td colspan=\"5\" valign=\"top\">alum\u00ednio<\/td>\n<\/tr>\n<tr>\n<td valign=\"top\">Comando de v\u00e1lvulas<\/td>\n<td valign=\"top\">duplo no cabe\u00e7ote<\/td>\n<td valign=\"top\">no cabe\u00e7ote<\/td>\n<td colspan=\"3\" valign=\"top\">duplo no cabe\u00e7ote<\/td>\n<\/tr>\n<tr>\n<td valign=\"top\">V\u00e1lvulas por cilindro<\/td>\n<td colspan=\"5\" valign=\"top\">4, varia\u00e7\u00e3o de tempo (Civic: tamb\u00e9m\u00a0levantamento)<\/td>\n<\/tr>\n<tr>\n<td valign=\"top\">Di\u00e2metro e curso<\/td>\n<td valign=\"top\">87,5 x 83,1 mm<\/td>\n<td valign=\"top\">81 x 96,9 mm<\/td>\n<td valign=\"top\">84 x 90,1 mm<\/td>\n<td valign=\"top\">80,5 x 97,6 mm<\/td>\n<td valign=\"top\">74,5 x 80 mm<\/td>\n<\/tr>\n<tr>\n<td valign=\"top\">Cilindrada<\/td>\n<td valign=\"top\">1.999 cm\u00b3<\/td>\n<td colspan=\"2\" valign=\"top\">1.997 cm\u00b3<\/td>\n<td valign=\"top\">1.986 cm\u00b3<\/td>\n<td valign=\"top\">1.395 cm\u00b3<\/td>\n<\/tr>\n<tr>\n<td valign=\"top\">Taxa de compress\u00e3o<\/td>\n<td valign=\"top\">12:1<\/td>\n<td>11:0<\/td>\n<td valign=\"top\">9,7:1<\/td>\n<td valign=\"top\">12:1<\/td>\n<td valign=\"top\">10:1<\/td>\n<\/tr>\n<tr>\n<td valign=\"top\">Alimenta\u00e7\u00e3o<\/td>\n<td valign=\"top\">inje\u00e7\u00e3o direta<\/td>\n<td colspan=\"3\" valign=\"top\">inje\u00e7\u00e3o multiponto sequencial<\/td>\n<td valign=\"top\">inje\u00e7\u00e3o direta, turbo, resfriador de ar<\/td>\n<\/tr>\n<tr>\n<td valign=\"top\">Pot\u00eancia m\u00e1xima (gas.)<\/td>\n<td valign=\"top\">175 cv a 6.500 rpm<\/td>\n<td valign=\"top\">150 cv a 6.300 rpm<\/td>\n<td valign=\"top\">140 cv a 5.100 rpm<\/td>\n<td valign=\"top\">143 cv a 5.600 rpm<\/td>\n<td valign=\"top\">150 cv a 5.000 rpm<\/td>\n<\/tr>\n<tr>\n<td valign=\"top\">Pot\u00eancia m\u00e1xima (\u00e1lc.)<\/td>\n<td valign=\"top\">178 cv a 6.500 rpm<\/td>\n<td valign=\"top\">155 cv a 6.300 rpm<\/td>\n<td valign=\"top\">140 cv a 5.100 rpm<\/td>\n<td valign=\"top\">154 cv a 5.800 rpm<\/td>\n<td valign=\"top\">NA<\/td>\n<\/tr>\n<tr>\n<td valign=\"top\">Torque m\u00e1ximo (gas.)<\/td>\n<td valign=\"top\">21,5 m.kgf a 4.500 rpm<\/td>\n<td valign=\"top\">19,3 m.kgf a 4.700 rpm<\/td>\n<td valign=\"top\">20 m.kgf a 4.800 rpm<\/td>\n<td valign=\"top\">19,4 m.kgf a 4.000 rpm<\/td>\n<td valign=\"top\">25,5 m.kgf a 1.500 rpm<\/td>\n<\/tr>\n<tr>\n<td valign=\"top\">Torque m\u00e1ximo (\u00e1lc.)<\/td>\n<td valign=\"top\">22,5 m.kgf a 4.500 rpm<\/td>\n<td valign=\"top\">19,5 m.kgf a 4.800 rpm<\/td>\n<td valign=\"top\">20 m.kgf a 4.800 rpm<\/td>\n<td valign=\"top\">20,3 m.kgf a 4.800 rpm<\/td>\n<td valign=\"top\">NA<\/td>\n<\/tr>\n<tr>\n<td valign=\"top\">Pot\u00eancia espec\u00edfica (gas.\/\u00e1lc.)<\/td>\n<td valign=\"top\">87,5\/89,0 cv\/l<\/td>\n<td valign=\"top\">75,1\/77,7 cv\/l<\/td>\n<td valign=\"top\">70,1 cv\/l<\/td>\n<td valign=\"top\">72,0\/77,5 cv\/l<\/td>\n<td valign=\"top\">107,5 cv\/l<\/td>\n<\/tr>\n<tr>\n<td colspan=\"6\" valign=\"top\"><strong>Transmiss\u00e3o<\/strong><\/td>\n<\/tr>\n<tr>\n<td valign=\"top\">Tipo de caixa e marchas<\/td>\n<td valign=\"top\">automatizada de dupla embreagem, 6<\/td>\n<td colspan=\"3\" valign=\"top\">autom\u00e1tica de varia\u00e7\u00e3o cont\u00ednua<\/td>\n<td valign=\"top\">autom\u00e1tica, 6<\/td>\n<\/tr>\n<tr>\n<td colspan=\"6\" valign=\"top\" width=\"100%\">Rela\u00e7\u00e3o e velocidade por 1.000 rpm<\/td>\n<\/tr>\n<tr>\n<td valign=\"top\" width=\"25%\">1\u00aa.<\/td>\n<td valign=\"top\" width=\"15%\">3,92 \/\u00a08 km\/h<\/td>\n<td rowspan=\"6\" valign=\"top\" width=\"15%\">varia\u00e7\u00e3o entre 2,53 e 0,41 \/ entre 10 e 64 km\/h<\/td>\n<td rowspan=\"6\" valign=\"top\" width=\"15%\">varia\u00e7\u00e3o entre 2,63 e 0,38 \/ entre 9 e 63 km\/h<\/td>\n<td rowspan=\"6\" valign=\"top\" width=\"15%\">varia\u00e7\u00e3o entre 2,40 e 0,43 \/ entre 10 e 58 km\/h<\/td>\n<td valign=\"top\" width=\"15%\">4,46 \/ 8 km\/h<\/td>\n<\/tr>\n<tr>\n<td valign=\"top\" width=\"25%\">2\u00aa.<\/td>\n<td valign=\"top\" width=\"15%\">2,43 \/ 13 km\/h<\/td>\n<td valign=\"top\" width=\"15%\">2,51 \/ 15 km\/h<\/td>\n<\/tr>\n<tr>\n<td valign=\"top\" width=\"25%\">3\u00aa.<\/td>\n<td valign=\"top\" width=\"15%\">1,44 \/ 20 km\/h<\/td>\n<td valign=\"top\" width=\"15%\">1,56 \/ 24 km\/h<\/td>\n<\/tr>\n<tr>\n<td valign=\"top\" width=\"25%\">4\u00aa.<\/td>\n<td valign=\"top\" width=\"15%\">1,02 \/ 28 km\/h<\/td>\n<td valign=\"top\" width=\"15%\">1,14 \/ 33 km\/h<\/td>\n<\/tr>\n<tr>\n<td valign=\"top\" width=\"25%\">5\u00aa.<\/td>\n<td valign=\"top\" width=\"15%\">0,87 \/ 37 km\/h<\/td>\n<td valign=\"top\" width=\"15%\">0,85 \/ 44 km\/h<\/td>\n<\/tr>\n<tr>\n<td valign=\"top\" width=\"25%\">6\u00aa.<\/td>\n<td valign=\"top\" width=\"15%\">0,70 \/ 45 km\/h<\/td>\n<td valign=\"top\" width=\"15%\">0,67 \/ 55 km\/h<\/td>\n<\/tr>\n<tr>\n<td valign=\"top\">Rela\u00e7\u00e3o(\u00f5es) de diferencial<\/td>\n<td valign=\"top\">3,85 e 4,28*<\/td>\n<td valign=\"top\">4,68<\/td>\n<td valign=\"top\">5,10<\/td>\n<td valign=\"top\">4,76<\/td>\n<td valign=\"top\">3,23<\/td>\n<\/tr>\n<tr>\n<td valign=\"top\">Regime a 120 km\/h**<\/td>\n<td valign=\"top\">2.650 rpm<\/td>\n<td valign=\"top\">1.900 rpm<\/td>\n<td valign=\"top\">1.950 rpm<\/td>\n<td valign=\"top\">2.100 rpm<\/td>\n<td valign=\"top\">2.175 rpm<\/td>\n<\/tr>\n<tr>\n<td valign=\"top\">Regime \u00e0 vel. m\u00e1x. informada**<\/td>\n<td valign=\"top\">5.550 rpm (5\u00aa.)<\/td>\n<td valign=\"top\">ND<\/td>\n<td valign=\"top\">3.000 rpm<\/td>\n<td valign=\"top\">ND<\/td>\n<td valign=\"top\"><\/td>\n<\/tr>\n<tr>\n<td valign=\"top\">Tra\u00e7\u00e3o<\/td>\n<td valign=\"top\">dianteira<\/td>\n<td valign=\"top\"><\/td>\n<td valign=\"top\"><\/td>\n<td valign=\"top\"><\/td>\n<td valign=\"top\"><\/td>\n<\/tr>\n<tr>\n<td colspan=\"6\" valign=\"top\">* A segunda rela\u00e7\u00e3o aplica-se apenas a 3\u00aa. e 4\u00aa. marchas\n** Considerada a \u00faltima marcha ou rela\u00e7\u00e3o da CVT<\/td>\n<\/tr>\n<tr>\n<td colspan=\"6\" valign=\"top\"><strong>Freios<\/strong><\/td>\n<\/tr>\n<tr>\n<td valign=\"top\">Dianteiros<\/td>\n<td colspan=\"5\" valign=\"top\">a disco ventilado<\/td>\n<\/tr>\n<tr>\n<td valign=\"top\">Di\u00e2metro<\/td>\n<td valign=\"top\">ND<\/td>\n<td valign=\"top\">282 mm<\/td>\n<td valign=\"top\">279 mm<\/td>\n<td valign=\"top\">274 mm<\/td>\n<td valign=\"top\">280 mm<\/td>\n<\/tr>\n<tr>\n<td valign=\"top\">Traseiros<\/td>\n<td colspan=\"5\" valign=\"top\">a disco<\/td>\n<\/tr>\n<tr>\n<td valign=\"top\">Di\u00e2metro<\/td>\n<td valign=\"top\">ND<\/td>\n<td valign=\"top\">260 mm<\/td>\n<td valign=\"top\">292 mm<\/td>\n<td valign=\"top\">259 mm<\/td>\n<td valign=\"top\">272 mm<\/td>\n<\/tr>\n<tr>\n<td valign=\"top\">Antitravamento (ABS)<\/td>\n<td valign=\"top\">sim<\/td>\n<td valign=\"top\"><\/td>\n<td valign=\"top\"><\/td>\n<td valign=\"top\"><\/td>\n<td valign=\"top\"><\/td>\n<\/tr>\n<tr>\n<td colspan=\"6\" valign=\"top\"><strong>Dire\u00e7\u00e3o<\/strong><\/td>\n<\/tr>\n<tr>\n<td valign=\"top\">Sistema<\/td>\n<td colspan=\"5\" valign=\"top\">pinh\u00e3o e cremalheira<\/td>\n<\/tr>\n<tr>\n<td valign=\"top\">Assist\u00eancia<\/td>\n<td colspan=\"5\" valign=\"top\">el\u00e9trica<\/td>\n<\/tr>\n<tr>\n<td valign=\"top\">Di\u00e2metro de giro<\/td>\n<td valign=\"top\">ND<\/td>\n<td valign=\"top\">11,2 m<\/td>\n<td valign=\"top\">10,6 m<\/td>\n<td valign=\"top\">10,8 m<\/td>\n<td valign=\"top\">11,1 m<\/td>\n<\/tr>\n<tr>\n<td colspan=\"6\" valign=\"top\"><strong>Suspens\u00e3o<\/strong><\/td>\n<\/tr>\n<tr>\n<td valign=\"top\">Dianteira<\/td>\n<td colspan=\"5\" valign=\"top\">independente, McPherson<\/td>\n<\/tr>\n<tr>\n<td valign=\"top\">Traseira<\/td>\n<td colspan=\"2\" valign=\"top\">independente, multibra\u00e7o<\/td>\n<td colspan=\"2\" valign=\"top\">eixo de tor\u00e7\u00e3o<\/td>\n<td valign=\"top\">ind. multibra\u00e7o<\/td>\n<\/tr>\n<tr>\n<td valign=\"top\">Elemento el\u00e1stico<\/td>\n<td colspan=\"5\" valign=\"top\">mola helicoidal<\/td>\n<\/tr>\n<tr>\n<td valign=\"top\">Estabilizador(es)<\/td>\n<td colspan=\"5\" valign=\"top\">dianteiro e traseiro<\/td>\n<\/tr>\n<tr>\n<td colspan=\"6\" valign=\"top\"><strong>Rodas<\/strong><\/td>\n<\/tr>\n<tr>\n<td valign=\"top\">Dimens\u00f5es<\/td>\n<td colspan=\"2\" valign=\"top\">7 x 17 pol<\/td>\n<td valign=\"top\">17 pol<\/td>\n<td valign=\"top\">6 x 16 pol<\/td>\n<td valign=\"top\">7 x 17 pol<\/td>\n<\/tr>\n<tr>\n<td valign=\"top\">Pneus<\/td>\n<td valign=\"top\">215\/50 R 17 W<\/td>\n<td valign=\"top\">215\/50 R 17 V<\/td>\n<td valign=\"top\">205\/50 R 17 V<\/td>\n<td valign=\"top\">205\/55 R 16 V<\/td>\n<td valign=\"top\">225\/45 R 17 W<\/td>\n<\/tr>\n<tr>\n<td colspan=\"6\" valign=\"top\"><strong>Dimens\u00f5es<\/strong><\/td>\n<\/tr>\n<tr>\n<td valign=\"top\">Comprimento<\/td>\n<td valign=\"top\">4,534 m<\/td>\n<td valign=\"top\">4,637 m<\/td>\n<td valign=\"top\">4,625 m<\/td>\n<td valign=\"top\">4,62 m<\/td>\n<td valign=\"top\">4,659 m<\/td>\n<\/tr>\n<tr>\n<td valign=\"top\">Largura<\/td>\n<td valign=\"top\">1,823 m<\/td>\n<td valign=\"top\">1,798 m<\/td>\n<td valign=\"top\">1,761 m<\/td>\n<td valign=\"top\">1,775 m<\/td>\n<td valign=\"top\">1,778 m<\/td>\n<\/tr>\n<tr>\n<td valign=\"top\">Altura<\/td>\n<td valign=\"top\">1,469 m<\/td>\n<td valign=\"top\">1,433 m<\/td>\n<td valign=\"top\">1,50 m<\/td>\n<td valign=\"top\">1,475 m<\/td>\n<td valign=\"top\">1,473 m<\/td>\n<\/tr>\n<tr>\n<td valign=\"top\">Entre-eixos<\/td>\n<td valign=\"top\">2,648 m<\/td>\n<td colspan=\"3\" valign=\"top\">2,70 m<\/td>\n<td valign=\"top\">2,651 m<\/td>\n<\/tr>\n<tr>\n<td valign=\"top\">Bitola dianteira<\/td>\n<td valign=\"top\">1,53 m<\/td>\n<td valign=\"top\">1,543 m<\/td>\n<td valign=\"top\">ND<\/td>\n<td valign=\"top\">1,519 m<\/td>\n<td valign=\"top\">1,535 m<\/td>\n<\/tr>\n<tr>\n<td valign=\"top\">Bitola traseira<\/td>\n<td valign=\"top\">1,53 m<\/td>\n<td valign=\"top\">1,557 m<\/td>\n<td valign=\"top\">ND<\/td>\n<td valign=\"top\">1,521 m<\/td>\n<td valign=\"top\">1,538 m<\/td>\n<\/tr>\n<tr>\n<td valign=\"top\">Coeficiente aerodin\u00e2mico (Cx)<\/td>\n<td valign=\"top\">0,296<\/td>\n<td valign=\"top\">ND<\/td>\n<td valign=\"top\">0,30<\/td>\n<td valign=\"top\"><\/td>\n<td valign=\"top\">0,294<\/td>\n<\/tr>\n<tr>\n<td colspan=\"6\" valign=\"top\"><strong>Capacidades e peso<\/strong><\/td>\n<\/tr>\n<tr>\n<td valign=\"top\">Tanque de combust\u00edvel<\/td>\n<td valign=\"top\">55 l<\/td>\n<td valign=\"top\">56 l<\/td>\n<td valign=\"top\">52 l<\/td>\n<td valign=\"top\">60 l<\/td>\n<td valign=\"top\">55 l<\/td>\n<\/tr>\n<tr>\n<td valign=\"top\">Compartimento de bagagem<\/td>\n<td valign=\"top\">421 l<\/td>\n<td valign=\"top\">519 l<\/td>\n<td valign=\"top\">503 l<\/td>\n<td valign=\"top\">470 l<\/td>\n<td valign=\"top\">510 l<\/td>\n<\/tr>\n<tr>\n<td valign=\"top\">Peso em ordem de marcha<\/td>\n<td valign=\"top\">1.414 kg<\/td>\n<td valign=\"top\">1.291 kg<\/td>\n<td valign=\"top\">1.337 kg<\/td>\n<td valign=\"top\">1.290 kg<\/td>\n<td valign=\"top\">1.298 kg<\/td>\n<\/tr>\n<tr>\n<td valign=\"top\">Peso-pot\u00eancia\n(gas.\/\u00e1lc.)<\/td>\n<td valign=\"top\">8,1\/7,9\nkg\/cv<\/td>\n<td valign=\"top\">8,6\/8,3\nkg\/cv<\/td>\n<td valign=\"top\">9,6\u00a0kg\/cv<\/td>\n<td valign=\"top\">9,0\/8,4\nkg\/cv<\/td>\n<td valign=\"top\">8,7 kg\/cv<\/td>\n<\/tr>\n<tr>\n<td colspan=\"6\" valign=\"top\"><strong>Garantia<\/strong><\/td>\n<\/tr>\n<tr>\n<td valign=\"top\">Prazo<\/td>\n<td colspan=\"5\" valign=\"top\">3 anos sem limite de quilometragem<\/td>\n<\/tr>\n<tr>\n<td colspan=\"6\" valign=\"top\"><strong>Carros avaliados<\/strong><\/td>\n<\/tr>\n<tr>\n<td valign=\"top\">Ano-modelo<\/td>\n<td valign=\"top\">2017<\/td>\n<td valign=\"top\"><\/td>\n<td valign=\"top\"><\/td>\n<td valign=\"top\">2015<\/td>\n<td valign=\"top\">2017<\/td>\n<\/tr>\n<tr>\n<td valign=\"top\">Pneus<\/td>\n<td valign=\"top\">Michelin Primacy 3<\/td>\n<td valign=\"top\">Bridgestone Turanza ER33<\/td>\n<td valign=\"top\">Continental Conti Premium Contact 2E<\/td>\n<td valign=\"top\">Bridgestone Turanza ER300<\/td>\n<td valign=\"top\">Dunlop Sport Maxx<\/td>\n<\/tr>\n<tr>\n<td valign=\"top\">Quilometragem inicial<\/td>\n<td valign=\"top\">8.000 km<\/td>\n<td valign=\"top\">4.000 km<\/td>\n<td valign=\"top\">5.000 km<\/td>\n<td valign=\"top\">16.500 km<\/td>\n<td valign=\"top\">10.000 km<\/td>\n<\/tr>\n<tr>\n<td colspan=\"6\" valign=\"top\">Dados do fabricante; NA = n\u00e3o aplic\u00e1vel; ND = n\u00e3o dispon\u00edvel<\/td>\n<\/tr>\n<\/tbody>\n<\/table><\/div><\/div>\n<a href='https:\/\/autolivraria.com.br\/bc\/informe-se\/avaliacao\/comparativo-sedas-ford-focus-honda-civic-nissan-sentra-toyota-corolla-vw-jetta\/' class='small-button smallsilver'>Volta ao comparativo<\/a>\n<p>&nbsp;<\/p>\n","protected":false},"excerpt":{"rendered":"<p>&nbsp;<\/p>\n","protected":false},"author":6,"featured_media":0,"parent":0,"menu_order":0,"comment_status":"closed","ping_status":"closed","template":"","meta":{"_joinchat":[],"footnotes":""},"class_list":["post-79248","page","type-page","status-publish","hentry"],"amp_enabled":true,"_links":{"self":[{"href":"https:\/\/autolivraria.com.br\/bc\/wp-json\/wp\/v2\/pages\/79248","targetHints":{"allow":["GET"]}}],"collection":[{"href":"https:\/\/autolivraria.com.br\/bc\/wp-json\/wp\/v2\/pages"}],"about":[{"href":"https:\/\/autolivraria.com.br\/bc\/wp-json\/wp\/v2\/types\/page"}],"author":[{"embeddable":true,"href":"https:\/\/autolivraria.com.br\/bc\/wp-json\/wp\/v2\/users\/6"}],"replies":[{"embeddable":true,"href":"https:\/\/autolivraria.com.br\/bc\/wp-json\/wp\/v2\/comments?post=79248"}],"version-history":[{"count":0,"href":"https:\/\/autolivraria.com.br\/bc\/wp-json\/wp\/v2\/pages\/79248\/revisions"}],"wp:attachment":[{"href":"https:\/\/autolivraria.com.br\/bc\/wp-json\/wp\/v2\/media?parent=79248"}],"curies":[{"name":"wp","href":"https:\/\/api.w.org\/{rel}","templated":true}]}}