{"id":79315,"date":"2016-10-28T00:00:35","date_gmt":"2016-10-28T03:00:35","guid":{"rendered":"http:\/\/bestcars.uol.com.br\/bc\/?page_id=79315"},"modified":"2016-12-16T16:50:23","modified_gmt":"2016-12-16T19:50:23","slug":"19a-eleicao-dos-melhores-carros","status":"publish","type":"page","link":"https:\/\/autolivraria.com.br\/bc\/19a-eleicao-dos-melhores-carros\/","title":{"rendered":"19\u00aa. Elei\u00e7\u00e3o dos Melhores Carros: aguarde o resultado"},"content":{"rendered":"<p>[vc_row][vc_column width=&#8221;2\/3&#8243;][vc_column_text]<img fetchpriority=\"high\" decoding=\"async\" class=\"aligncenter size-full wp-image-79354\" src=\"https:\/\/autolivraria.com.br\/bc\/wp-content\/uploads\/2016\/10\/19a-Eleicao-dos-Melhores-Carros-selo.jpg\" alt=\"19a-Eleicao-dos-Melhores-Carros\" width=\"500\" height=\"509\" srcset=\"https:\/\/autolivraria.com.br\/bc\/wp-content\/uploads\/2016\/10\/19a-Eleicao-dos-Melhores-Carros-selo.jpg 500w, https:\/\/autolivraria.com.br\/bc\/wp-content\/uploads\/2016\/10\/19a-Eleicao-dos-Melhores-Carros-selo-340x346.jpg 340w, https:\/\/autolivraria.com.br\/bc\/wp-content\/uploads\/2016\/10\/19a-Eleicao-dos-Melhores-Carros-selo-413x420.jpg 413w, https:\/\/autolivraria.com.br\/bc\/wp-content\/uploads\/2016\/10\/19a-Eleicao-dos-Melhores-Carros-selo-222x226.jpg 222w\" sizes=\"(max-width: 500px) 100vw, 500px\" \/><\/p>\n<p>&nbsp;<\/p>\n<p>Quais s\u00e3o os autom\u00f3veis e utilit\u00e1rios mais desejados do mercado brasileiro em cada categoria? Qual \u00e9, afinal, o carro que os leitores do <strong>Best Cars<\/strong> aceleram em seus sonhos?<\/p>\n<p>Responder a essas quest\u00f5es \u00e9 a miss\u00e3o da <em>19\u00aa Elei\u00e7\u00e3o dos Melhores Carros<\/em>, mais uma edi\u00e7\u00e3o da mais tradicional e prestigiada vota\u00e7\u00e3o sobre autom\u00f3veis na internet brasileira, realizada desde 1998.<\/p>\n<p>S\u00e3o 24 categorias que abrangem os segmentos mais importantes do mercado atual e a exclusiva classe\u00a0<em>O Carro dos Meus Sonhos<\/em>, \u00a0na qual voc\u00ea escolhe qualquer modelo que estiver em produ\u00e7\u00e3o hoje. Afinal, para sonhar n\u00e3o h\u00e1 limites.<\/p>\n<p>A vota\u00e7\u00e3o foi encerrada em 16 de dezembro. Na edi\u00e7\u00e3o de 20 de janeiro saberemos quais os melhores carros na opini\u00e3o de quem mais conhece de autom\u00f3vel: os leitores do <strong>Best Cars<\/strong>. Aguarde![\/vc_column_text][vc_empty_space height=&#8221;15px&#8221;][td_block_ad_box spot_id=&#8221;custom_ad_1&#8243;][vc_empty_space height=&#8221;15px&#8221;][vc_column_text][\/vc_column_text][\/vc_column][vc_column width=&#8221;1\/3&#8243;][vc_widget_sidebar sidebar_id=&#8221;td-default&#8221;][\/vc_column][\/vc_row]<\/p>\n","protected":false},"excerpt":{"rendered":"<p>[vc_row][vc_column width=&#8221;2\/3&#8243;][vc_column_text] &nbsp; Quais s\u00e3o os autom\u00f3veis e utilit\u00e1rios mais desejados do mercado brasileiro em cada categoria? Qual \u00e9, afinal, o carro que os leitores do Best Cars aceleram em seus sonhos? Responder a essas quest\u00f5es \u00e9 a miss\u00e3o da 19\u00aa Elei\u00e7\u00e3o dos Melhores Carros, mais uma edi\u00e7\u00e3o da mais tradicional e prestigiada vota\u00e7\u00e3o sobre<\/p>\n","protected":false},"author":6,"featured_media":0,"parent":0,"menu_order":0,"comment_status":"closed","ping_status":"closed","template":"","meta":{"_joinchat":[],"footnotes":""},"class_list":["post-79315","page","type-page","status-publish","hentry"],"amp_enabled":true,"_links":{"self":[{"href":"https:\/\/autolivraria.com.br\/bc\/wp-json\/wp\/v2\/pages\/79315","targetHints":{"allow":["GET"]}}],"collection":[{"href":"https:\/\/autolivraria.com.br\/bc\/wp-json\/wp\/v2\/pages"}],"about":[{"href":"https:\/\/autolivraria.com.br\/bc\/wp-json\/wp\/v2\/types\/page"}],"author":[{"embeddable":true,"href":"https:\/\/autolivraria.com.br\/bc\/wp-json\/wp\/v2\/users\/6"}],"replies":[{"embeddable":true,"href":"https:\/\/autolivraria.com.br\/bc\/wp-json\/wp\/v2\/comments?post=79315"}],"version-history":[{"count":0,"href":"https:\/\/autolivraria.com.br\/bc\/wp-json\/wp\/v2\/pages\/79315\/revisions"}],"wp:attachment":[{"href":"https:\/\/autolivraria.com.br\/bc\/wp-json\/wp\/v2\/media?parent=79315"}],"curies":[{"name":"wp","href":"https:\/\/api.w.org\/{rel}","templated":true}]}}