{"id":81939,"date":"2017-01-20T13:39:51","date_gmt":"2017-01-20T16:39:51","guid":{"rendered":"http:\/\/bestcars.uol.com.br\/bc\/?page_id=81939"},"modified":"2017-01-20T13:39:51","modified_gmt":"2017-01-20T16:39:51","slug":"19a-eleicao-dos-melhores-carros-os-vencedores","status":"publish","type":"page","link":"https:\/\/autolivraria.com.br\/bc\/19a-eleicao-dos-melhores-carros-os-vencedores\/","title":{"rendered":"19\u00aa. Elei\u00e7\u00e3o dos Melhores Carros: conhe\u00e7a os vencedores"},"content":{"rendered":"<p>[vc_row][vc_column width=&#8221;2\/3&#8243;][vc_column_text]<img fetchpriority=\"high\" decoding=\"async\" class=\"aligncenter size-full wp-image-79354\" src=\"https:\/\/autolivraria.com.br\/bc\/wp-content\/uploads\/2016\/10\/19a-Eleicao-dos-Melhores-Carros-selo.jpg\" alt=\"19a-Eleicao-dos-Melhores-Carros\" width=\"500\" height=\"509\" srcset=\"https:\/\/autolivraria.com.br\/bc\/wp-content\/uploads\/2016\/10\/19a-Eleicao-dos-Melhores-Carros-selo.jpg 500w, https:\/\/autolivraria.com.br\/bc\/wp-content\/uploads\/2016\/10\/19a-Eleicao-dos-Melhores-Carros-selo-340x346.jpg 340w, https:\/\/autolivraria.com.br\/bc\/wp-content\/uploads\/2016\/10\/19a-Eleicao-dos-Melhores-Carros-selo-413x420.jpg 413w, https:\/\/autolivraria.com.br\/bc\/wp-content\/uploads\/2016\/10\/19a-Eleicao-dos-Melhores-Carros-selo-222x226.jpg 222w\" sizes=\"(max-width: 500px) 100vw, 500px\" \/><\/p>\n<p>&nbsp;<\/p>\n<p>Depois de 56 dias de vota\u00e7\u00e3o, em que 21.533 leitores enviaram seus votos, chegou o momento de conhecer os escolhidos como melhores carros\u00a0do\u00a0mercado brasileiro. \u00c9 a <em>Elei\u00e7\u00e3o dos Melhores Carros<\/em>, j\u00e1 em sua d\u00e9cima nona edi\u00e7\u00e3o, que marcou mais um anivers\u00e1rio do <strong>Best Cars<\/strong>.<\/p>\n<p>Ao lado de\u00a024 categorias que abrangem os segmentos mais importantes do mercado atual, a vota\u00e7\u00e3o traz\u00a0a exclusiva categoria <em>O Carro dos Meus Sonhos<\/em>, \u00a0na qual voc\u00ea escolhe qualquer modelo que estiver em produ\u00e7\u00e3o hoje. Afinal, para sonhar n\u00e3o h\u00e1 limites.<\/p>\n<p>Confira o v\u00eddeo com os vencedores e, logo a seguir, os resultados detalhados de cada categoria.<\/p>\n<p>[\/vc_column_text][vc_raw_html]JTNDaWZyYW1lJTIwd2lkdGglM0QlMjI2OTYlMjIlMjBoZWlnaHQlM0QlMjIzNjAlMjIlMjBzcmMlM0QlMjJodHRwcyUzQSUyRiUyRnd3dy55b3V0dWJlLmNvbSUyRmVtYmVkJTJGaGc2Smd2UkNQRFklM0ZyZWwlM0QwJTI2YW1wJTNCc2hvd2luZm8lM0QwJTIyJTIwZnJhbWVib3JkZXIlM0QlMjIxJTIyJTIwYWxsb3dmdWxsc2NyZWVuJTNFJTNDJTJGaWZyYW1lJTNF[\/vc_raw_html][vc_empty_space height=&#8221;15px&#8221;][td_block_3 custom_title=&#8221;Os vencedores&#8221; header_color=&#8221;#ab0000&#8243; category_id=&#8221;4247&#8243; limit=&#8221;6&#8243;][vc_column_text]<div class='code-block code-block-7' style='margin: 28px auto; text-align: center; display: block; clear: both;'>\n<br>\n<div align=\"center\">\n<a target=\"_blank\" href=\"https:\/\/bestcars.com.br\/bc\/\">\n<img decoding=\"async\" data-src=\"https:\/\/bestcars.com.br\/bc\/wp-content\/uploads\/2021\/07\/Auto-Livraria-450x300-quadros.jpg\" alt=\"Auto Livraria\" src=\"data:image\/svg+xml;base64,PHN2ZyB3aWR0aD0iMSIgaGVpZ2h0PSIxIiB4bWxucz0iaHR0cDovL3d3dy53My5vcmcvMjAwMC9zdmciPjwvc3ZnPg==\" class=\"lazyload\"><\/a>\n<\/div>\n<br><\/div>\n[\/vc_column_text][td_block_3 custom_title=&#8221;&#8221; category_id=&#8221;4247&#8243; limit=&#8221;6&#8243; offset=&#8221;6&#8243;][vc_column_text][\/vc_column_text][td_block_3 custom_title=&#8221;&#8221; category_id=&#8221;4247&#8243; limit=&#8221;&#8221; offset=&#8221;12&#8243;][\/vc_column][vc_column width=&#8221;1\/3&#8243;][vc_widget_sidebar sidebar_id=&#8221;td-default&#8221;][\/vc_column][\/vc_row]<\/p>\n","protected":false},"excerpt":{"rendered":"<p>[vc_row][vc_column width=&#8221;2\/3&#8243;][vc_column_text] &nbsp; Depois de 56 dias de vota\u00e7\u00e3o, em que 21.533 leitores enviaram seus votos, chegou o momento de conhecer os escolhidos como melhores carros\u00a0do\u00a0mercado brasileiro. \u00c9 a Elei\u00e7\u00e3o dos Melhores Carros, j\u00e1 em sua d\u00e9cima nona edi\u00e7\u00e3o, que marcou mais um anivers\u00e1rio do Best Cars. Ao lado de\u00a024 categorias que abrangem os segmentos<\/p>\n","protected":false},"author":6,"featured_media":0,"parent":0,"menu_order":0,"comment_status":"closed","ping_status":"closed","template":"","meta":{"_joinchat":[],"footnotes":""},"class_list":["post-81939","page","type-page","status-publish","hentry"],"amp_enabled":true,"_links":{"self":[{"href":"https:\/\/autolivraria.com.br\/bc\/wp-json\/wp\/v2\/pages\/81939","targetHints":{"allow":["GET"]}}],"collection":[{"href":"https:\/\/autolivraria.com.br\/bc\/wp-json\/wp\/v2\/pages"}],"about":[{"href":"https:\/\/autolivraria.com.br\/bc\/wp-json\/wp\/v2\/types\/page"}],"author":[{"embeddable":true,"href":"https:\/\/autolivraria.com.br\/bc\/wp-json\/wp\/v2\/users\/6"}],"replies":[{"embeddable":true,"href":"https:\/\/autolivraria.com.br\/bc\/wp-json\/wp\/v2\/comments?post=81939"}],"version-history":[{"count":0,"href":"https:\/\/autolivraria.com.br\/bc\/wp-json\/wp\/v2\/pages\/81939\/revisions"}],"wp:attachment":[{"href":"https:\/\/autolivraria.com.br\/bc\/wp-json\/wp\/v2\/media?parent=81939"}],"curies":[{"name":"wp","href":"https:\/\/api.w.org\/{rel}","templated":true}]}}