{"id":85170,"date":"2017-05-05T00:00:31","date_gmt":"2017-05-05T03:00:31","guid":{"rendered":"http:\/\/bestcars.uol.com.br\/bc\/?page_id=85170"},"modified":"2019-01-25T13:32:28","modified_gmt":"2019-01-25T16:32:28","slug":"comparativo-suvs-chevrolet-tracker-honda-hr-v-jeep-renegade-nissan-kicks-renault-captur","status":"publish","type":"page","link":"https:\/\/autolivraria.com.br\/bc\/comparativo-suvs-chevrolet-tracker-honda-hr-v-jeep-renegade-nissan-kicks-renault-captur\/","title":{"rendered":"Cinco SUVs em confronto: defina suas prioridades"},"content":{"rendered":"<div class='one_third'>\n\t\t\t\t\t<figure id=\"attachment_85327\" aria-describedby=\"caption-attachment-85327\" style=\"width: 340px\" class=\"wp-caption aligncenter\"><a href=\"https:\/\/autolivraria.com.br\/bc\/wp-content\/uploads\/2017\/05\/Chevrolet-Tracker-LTZ-05.jpg\" rel=\"attachment wp-att-85327\"><img fetchpriority=\"high\" decoding=\"async\" class=\"size-medium wp-image-85327\" src=\"https:\/\/autolivraria.com.br\/bc\/wp-content\/uploads\/2017\/05\/Chevrolet-Tracker-LTZ-05-340x227.jpg\" alt=\"Tracker\" width=\"340\" height=\"227\" srcset=\"https:\/\/autolivraria.com.br\/bc\/wp-content\/uploads\/2017\/05\/Chevrolet-Tracker-LTZ-05-340x227.jpg 340w, https:\/\/autolivraria.com.br\/bc\/wp-content\/uploads\/2017\/05\/Chevrolet-Tracker-LTZ-05-696x464.jpg 696w, https:\/\/autolivraria.com.br\/bc\/wp-content\/uploads\/2017\/05\/Chevrolet-Tracker-LTZ-05-630x420.jpg 630w, https:\/\/autolivraria.com.br\/bc\/wp-content\/uploads\/2017\/05\/Chevrolet-Tracker-LTZ-05-222x148.jpg 222w, https:\/\/autolivraria.com.br\/bc\/wp-content\/uploads\/2017\/05\/Chevrolet-Tracker-LTZ-05.jpg 1280w\" sizes=\"(max-width: 340px) 100vw, 340px\" \/><\/a><figcaption id=\"caption-attachment-85327\" class=\"wp-caption-text\">Tracker<\/figcaption><\/figure>\n\t\t\t\t<\/div>\n<div class='one_third'>\n\t\t\t\t\t<figure id=\"attachment_85329\" aria-describedby=\"caption-attachment-85329\" style=\"width: 340px\" class=\"wp-caption aligncenter\"><a href=\"https:\/\/autolivraria.com.br\/bc\/wp-content\/uploads\/2017\/05\/Honda-HR-V-EXL-05a.jpg\" rel=\"attachment wp-att-85329\"><img decoding=\"async\" class=\"size-medium wp-image-85329 lazyload\" data-src=\"https:\/\/autolivraria.com.br\/bc\/wp-content\/uploads\/2017\/05\/Honda-HR-V-EXL-05a-340x227.jpg\" alt=\"HR-V\" width=\"340\" height=\"227\" data-srcset=\"https:\/\/autolivraria.com.br\/bc\/wp-content\/uploads\/2017\/05\/Honda-HR-V-EXL-05a-340x227.jpg 340w, https:\/\/autolivraria.com.br\/bc\/wp-content\/uploads\/2017\/05\/Honda-HR-V-EXL-05a-696x464.jpg 696w, https:\/\/autolivraria.com.br\/bc\/wp-content\/uploads\/2017\/05\/Honda-HR-V-EXL-05a-630x420.jpg 630w, https:\/\/autolivraria.com.br\/bc\/wp-content\/uploads\/2017\/05\/Honda-HR-V-EXL-05a-222x148.jpg 222w, https:\/\/autolivraria.com.br\/bc\/wp-content\/uploads\/2017\/05\/Honda-HR-V-EXL-05a.jpg 1280w\" data-sizes=\"(max-width: 340px) 100vw, 340px\" src=\"data:image\/svg+xml;base64,PHN2ZyB3aWR0aD0iMSIgaGVpZ2h0PSIxIiB4bWxucz0iaHR0cDovL3d3dy53My5vcmcvMjAwMC9zdmciPjwvc3ZnPg==\" style=\"--smush-placeholder-width: 340px; --smush-placeholder-aspect-ratio: 340\/227;\" \/><\/a><figcaption id=\"caption-attachment-85329\" class=\"wp-caption-text\">HR-V<\/figcaption><\/figure>\n\t\t\t\t<\/div>\n<div class='one_third last'>\n\t\t\t\t\t<figure id=\"attachment_85330\" aria-describedby=\"caption-attachment-85330\" style=\"width: 340px\" class=\"wp-caption aligncenter\"><a href=\"https:\/\/autolivraria.com.br\/bc\/wp-content\/uploads\/2017\/05\/Jeep-Renegade-Limited-05.jpg\" rel=\"attachment wp-att-85330\"><img decoding=\"async\" class=\"size-medium wp-image-85330 lazyload\" data-src=\"https:\/\/autolivraria.com.br\/bc\/wp-content\/uploads\/2017\/05\/Jeep-Renegade-Limited-05-340x227.jpg\" alt=\"Renegade\" width=\"340\" height=\"227\" data-srcset=\"https:\/\/autolivraria.com.br\/bc\/wp-content\/uploads\/2017\/05\/Jeep-Renegade-Limited-05-340x227.jpg 340w, https:\/\/autolivraria.com.br\/bc\/wp-content\/uploads\/2017\/05\/Jeep-Renegade-Limited-05-696x464.jpg 696w, https:\/\/autolivraria.com.br\/bc\/wp-content\/uploads\/2017\/05\/Jeep-Renegade-Limited-05-630x420.jpg 630w, https:\/\/autolivraria.com.br\/bc\/wp-content\/uploads\/2017\/05\/Jeep-Renegade-Limited-05-222x148.jpg 222w, https:\/\/autolivraria.com.br\/bc\/wp-content\/uploads\/2017\/05\/Jeep-Renegade-Limited-05.jpg 1280w\" data-sizes=\"(max-width: 340px) 100vw, 340px\" src=\"data:image\/svg+xml;base64,PHN2ZyB3aWR0aD0iMSIgaGVpZ2h0PSIxIiB4bWxucz0iaHR0cDovL3d3dy53My5vcmcvMjAwMC9zdmciPjwvc3ZnPg==\" style=\"--smush-placeholder-width: 340px; --smush-placeholder-aspect-ratio: 340\/227;\" \/><\/a><figcaption id=\"caption-attachment-85330\" class=\"wp-caption-text\">Renegade<\/figcaption><\/figure>\n\t\t\t\t<\/div><div class='clear'><\/div>\n<div class='one_half'>\n\t\t\t\t\t<figure id=\"attachment_85331\" aria-describedby=\"caption-attachment-85331\" style=\"width: 340px\" class=\"wp-caption aligncenter\"><a href=\"https:\/\/autolivraria.com.br\/bc\/wp-content\/uploads\/2017\/05\/Nissan-Kicks-SL-05.jpg\" rel=\"attachment wp-att-85331\"><img decoding=\"async\" class=\"size-medium wp-image-85331 lazyload\" data-src=\"https:\/\/autolivraria.com.br\/bc\/wp-content\/uploads\/2017\/05\/Nissan-Kicks-SL-05-340x227.jpg\" alt=\"Kicks\" width=\"340\" height=\"227\" data-srcset=\"https:\/\/autolivraria.com.br\/bc\/wp-content\/uploads\/2017\/05\/Nissan-Kicks-SL-05-340x227.jpg 340w, https:\/\/autolivraria.com.br\/bc\/wp-content\/uploads\/2017\/05\/Nissan-Kicks-SL-05-696x464.jpg 696w, https:\/\/autolivraria.com.br\/bc\/wp-content\/uploads\/2017\/05\/Nissan-Kicks-SL-05-630x420.jpg 630w, https:\/\/autolivraria.com.br\/bc\/wp-content\/uploads\/2017\/05\/Nissan-Kicks-SL-05-222x148.jpg 222w, https:\/\/autolivraria.com.br\/bc\/wp-content\/uploads\/2017\/05\/Nissan-Kicks-SL-05.jpg 1280w\" data-sizes=\"(max-width: 340px) 100vw, 340px\" src=\"data:image\/svg+xml;base64,PHN2ZyB3aWR0aD0iMSIgaGVpZ2h0PSIxIiB4bWxucz0iaHR0cDovL3d3dy53My5vcmcvMjAwMC9zdmciPjwvc3ZnPg==\" style=\"--smush-placeholder-width: 340px; --smush-placeholder-aspect-ratio: 340\/227;\" \/><\/a><figcaption id=\"caption-attachment-85331\" class=\"wp-caption-text\">Kicks<\/figcaption><\/figure>\n\t\t\t\t<\/div>\n<div class='one_half last'>\n\t\t\t\t\t<figure id=\"attachment_85332\" aria-describedby=\"caption-attachment-85332\" style=\"width: 340px\" class=\"wp-caption aligncenter\"><a href=\"https:\/\/autolivraria.com.br\/bc\/wp-content\/uploads\/2017\/05\/Renault-Captur-Intense-05.jpg\" rel=\"attachment wp-att-85332\"><img decoding=\"async\" class=\"size-medium wp-image-85332 lazyload\" data-src=\"https:\/\/autolivraria.com.br\/bc\/wp-content\/uploads\/2017\/05\/Renault-Captur-Intense-05-340x227.jpg\" alt=\"Captur\" width=\"340\" height=\"227\" data-srcset=\"https:\/\/autolivraria.com.br\/bc\/wp-content\/uploads\/2017\/05\/Renault-Captur-Intense-05-340x227.jpg 340w, https:\/\/autolivraria.com.br\/bc\/wp-content\/uploads\/2017\/05\/Renault-Captur-Intense-05-696x464.jpg 696w, https:\/\/autolivraria.com.br\/bc\/wp-content\/uploads\/2017\/05\/Renault-Captur-Intense-05-630x420.jpg 630w, https:\/\/autolivraria.com.br\/bc\/wp-content\/uploads\/2017\/05\/Renault-Captur-Intense-05-222x148.jpg 222w, https:\/\/autolivraria.com.br\/bc\/wp-content\/uploads\/2017\/05\/Renault-Captur-Intense-05.jpg 1280w\" data-sizes=\"(max-width: 340px) 100vw, 340px\" src=\"data:image\/svg+xml;base64,PHN2ZyB3aWR0aD0iMSIgaGVpZ2h0PSIxIiB4bWxucz0iaHR0cDovL3d3dy53My5vcmcvMjAwMC9zdmciPjwvc3ZnPg==\" style=\"--smush-placeholder-width: 340px; --smush-placeholder-aspect-ratio: 340\/227;\" \/><\/a><figcaption id=\"caption-attachment-85332\" class=\"wp-caption-text\">Captur<\/figcaption><\/figure>\n\t\t\t\t<\/div><div class='clear'><\/div>\n<p>&nbsp;<\/p>\n<div class='code-block code-block-9' style='margin: 8px auto; text-align: center; display: block; clear: both;'>\n<script async src=\"https:\/\/pagead2.googlesyndication.com\/pagead\/js\/adsbygoogle.js\"><\/script>\n<!-- AL-quadrado -->\n<ins class=\"adsbygoogle\"\n     style=\"display:block\"\n     data-ad-client=\"ca-pub-1914799802606213\"\n     data-ad-slot=\"5683066082\"\n     data-ad-format=\"auto\"\n     data-full-width-responsive=\"true\"><\/ins>\n<script>\n     (adsbygoogle = window.adsbygoogle || []).push({});\n<\/script><\/div>\n\n<p>&nbsp;<\/p>\n<div class='et-box et-shadow'>\n\t\t\t\t\t<div class='et-box-content'><h2>Ficha t\u00e9cnica<\/h2>\n<table id=\"table61\" border=\"0\" width=\"100%\" cellspacing=\"0\" cellpadding=\"3\">\n<tbody>\n<tr>\n<td style=\"width: 25%;\" valign=\"top\"><\/td>\n<td style=\"width: 15%;\" valign=\"top\"><strong>Tracker<\/strong><\/td>\n<td style=\"width: 15%;\" valign=\"top\"><strong>HR-V<\/strong><\/td>\n<td style=\"width: 15%;\" valign=\"top\"><strong>Renegade<\/strong><\/td>\n<td style=\"width: 15%;\" valign=\"top\"><strong>Kicks<\/strong><\/td>\n<td style=\"width: 15%;\" valign=\"top\"><strong>Captur<\/strong><\/td>\n<\/tr>\n<tr>\n<td colspan=\"6\" valign=\"top\"><strong>Motor<\/strong><\/td>\n<\/tr>\n<tr>\n<td valign=\"top\">Posi\u00e7\u00e3o<\/td>\n<td colspan=\"5\" valign=\"top\">transversal<\/td>\n<\/tr>\n<tr>\n<td valign=\"top\">Cilindros<\/td>\n<td colspan=\"5\" valign=\"top\">4 em linha<\/td>\n<\/tr>\n<tr>\n<td valign=\"top\">Material do bloco\/ cabe\u00e7ote<\/td>\n<td colspan=\"2\" valign=\"top\">alum\u00ednio<\/td>\n<td valign=\"top\">ferro fundido\/ alum\u00ednio<\/td>\n<td valign=\"top\">alum\u00ednio<\/td>\n<td valign=\"top\">ferro fundido\/ alum\u00ednio<\/td>\n<\/tr>\n<tr>\n<td valign=\"top\">Comando de v\u00e1lvulas<\/td>\n<td valign=\"top\">duplo no cabe\u00e7ote<\/td>\n<td colspan=\"2\" valign=\"top\">no cabe\u00e7ote<\/td>\n<td colspan=\"2\" valign=\"top\">duplo no cabe\u00e7ote<\/td>\n<\/tr>\n<tr>\n<td valign=\"top\">V\u00e1lvulas por cilindro<\/td>\n<td valign=\"top\">4, varia\u00e7\u00e3o de tempo<\/td>\n<td valign=\"top\">4, var. tempo e levant.<\/td>\n<td colspan=\"3\" valign=\"top\">4, varia\u00e7\u00e3o de tempo<\/td>\n<\/tr>\n<tr>\n<td valign=\"top\">Di\u00e2metro e curso<\/td>\n<td valign=\"top\">74 x 81,3 mm<\/td>\n<td valign=\"top\">81 x 87,3 mm<\/td>\n<td valign=\"top\">80,5 x 85,8 mm<\/td>\n<td valign=\"top\">78 x 83,6 mm<\/td>\n<td valign=\"top\">82,7 x 93 mm<\/td>\n<\/tr>\n<tr>\n<td valign=\"top\">Cilindrada<\/td>\n<td valign=\"top\">1.399 cm\u00b3<\/td>\n<td valign=\"top\">1.799 cm\u00b3<\/td>\n<td valign=\"top\">1.747 cm\u00b3<\/td>\n<td valign=\"top\">1.598 cm\u00b3<\/td>\n<td valign=\"top\">1.998 cm\u00b3<\/td>\n<\/tr>\n<tr>\n<td valign=\"top\">Taxa de compress\u00e3o<\/td>\n<td valign=\"top\">10:1<\/td>\n<td valign=\"top\">11,9:1<\/td>\n<td valign=\"top\">12,5:1<\/td>\n<td valign=\"top\">10,7:1<\/td>\n<td valign=\"top\">11,2:1<\/td>\n<\/tr>\n<tr>\n<td valign=\"top\">Alimenta\u00e7\u00e3o<\/td>\n<td valign=\"top\">inje\u00e7\u00e3o direta, turbo, resfriador de ar<\/td>\n<td colspan=\"4\" valign=\"top\">inje\u00e7\u00e3o multiponto sequencial<\/td>\n<\/tr>\n<tr>\n<td valign=\"top\">Pot\u00eancia m\u00e1xima (gas.\/\u00e1lc.)<\/td>\n<td valign=\"top\">150 cv a 5.600 rpm\/153 cv a 5.200 rpm<\/td>\n<td valign=\"top\">140 cv a 6.500 rpm\/ 139 cv a 6.300\u00a0rpm<\/td>\n<td valign=\"top\">135\/139 cv a 5.750 rpm<\/td>\n<td valign=\"top\">114 cv a 5.600 rpm<\/td>\n<td valign=\"top\">143\/148 cv a 5.750 rpm<\/td>\n<\/tr>\n<tr>\n<td valign=\"top\">Torque m\u00e1ximo (gas.\/\u00e1lc.)<\/td>\n<td valign=\"top\">24,0 m.kgf a 2.100 rpm\/24,5 m.kgf a 2.000 rpm<\/td>\n<td valign=\"top\">17,3 m.kgf a 4.800 rpm\/ 17,4 m.kgf a\u00a05.000 rpm<\/td>\n<td valign=\"top\">18,7\/19,3 m.kgf a 3.750 rpm<\/td>\n<td valign=\"top\">15,5 m.kgf a 4.000 rpm<\/td>\n<td valign=\"top\">20,2\/20,9 m.kgf a 4.000 rpm<\/td>\n<\/tr>\n<tr>\n<td valign=\"top\">Pot\u00eancia espec\u00edfica (gas.\/\u00e1lc.)<\/td>\n<td valign=\"top\">110,0\/112,2 cv\/l<\/td>\n<td valign=\"top\">77,8\/77,3 cv\/l<\/td>\n<td valign=\"top\">77,3\/79,6 cv\/l<\/td>\n<td valign=\"top\">71,3 cv\/l<\/td>\n<td valign=\"top\">71,6\/74,1 cv\/l<\/td>\n<\/tr>\n<tr>\n<td style=\"width: 25%;\" valign=\"top\"><\/td>\n<td style=\"width: 15%;\" valign=\"top\"><strong>Tracker<\/strong><\/td>\n<td style=\"width: 15%;\" valign=\"top\"><strong>HR-V<\/strong><\/td>\n<td style=\"width: 15%;\" valign=\"top\"><strong>Renegade<\/strong><\/td>\n<td style=\"width: 15%;\" valign=\"top\"><strong>Kicks<\/strong><\/td>\n<td style=\"width: 15%;\" valign=\"top\"><strong>Captur<\/strong><\/td>\n<\/tr>\n<tr>\n<td colspan=\"6\" valign=\"top\"><strong>Transmiss\u00e3o<\/strong><\/td>\n<\/tr>\n<tr>\n<td valign=\"top\">Tipo de caixa e marchas<\/td>\n<td valign=\"top\">autom\u00e1tica, 6<\/td>\n<td valign=\"top\">autom\u00e1tica de varia\u00e7\u00e3o cont\u00ednua*<\/td>\n<td valign=\"top\">autom\u00e1tica, 6<\/td>\n<td valign=\"top\">autom\u00e1tica de varia\u00e7\u00e3o cont\u00ednua<\/td>\n<td valign=\"top\">autom\u00e1tica, 4<\/td>\n<\/tr>\n<tr>\n<td colspan=\"6\" valign=\"top\" width=\"100%\">Rela\u00e7\u00e3o e velocidade por 1.000 rpm<\/td>\n<\/tr>\n<tr>\n<td valign=\"top\">1\u00aa.<\/td>\n<td valign=\"top\">4,58 \/ 8 km\/h<\/td>\n<td rowspan=\"6\" valign=\"top\">varia\u00e7\u00e3o entre 2,53 e 0,41 \/ varia\u00e7\u00e3o entre\u00a09 e 57 km\/h<\/td>\n<td valign=\"top\">4,46 \/ 7 km\/h<\/td>\n<td rowspan=\"6\" valign=\"top\">varia\u00e7\u00e3o entre 4,01 e 0,46 \/ varia\u00e7\u00e3o entre 8 e 69 km\/h<\/td>\n<td valign=\"top\">3,51 \/ 11 km\/h<\/td>\n<\/tr>\n<tr>\n<td valign=\"top\">2\u00aa.<\/td>\n<td valign=\"top\">2,96 \/ 13 km\/h<\/td>\n<td valign=\"top\">2,51 \/ 13 km\/h<\/td>\n<td valign=\"top\">1,93 \/ 19 km\/h<\/td>\n<\/tr>\n<tr>\n<td valign=\"top\">3\u00aa.<\/td>\n<td valign=\"top\">1,91 \/ 19 km\/h<\/td>\n<td valign=\"top\">1,56 \/ 21 km\/h<\/td>\n<td valign=\"top\">1,29 \/ 29 km\/h<\/td>\n<\/tr>\n<tr>\n<td valign=\"top\">4\u00aa.<\/td>\n<td valign=\"top\">1,45 \/ 26 km\/h<\/td>\n<td valign=\"top\">1,14 \/ 28 km\/h<\/td>\n<td valign=\"top\">0,92 \/ 41 km\/h<\/td>\n<\/tr>\n<tr>\n<td valign=\"top\">5\u00aa.<\/td>\n<td valign=\"top\">1,00 \/ 37 km\/h<\/td>\n<td valign=\"top\">0,85 \/ 38 km\/h<\/td>\n<td valign=\"top\">NA<\/td>\n<\/tr>\n<tr>\n<td valign=\"top\">6\u00aa.<\/td>\n<td valign=\"top\">0,75 \/ 49 km\/h<\/td>\n<td valign=\"top\">0,67 \/ 48 km\/h<\/td>\n<td valign=\"top\">NA<\/td>\n<\/tr>\n<tr>\n<td valign=\"top\">Rela\u00e7\u00e3o de diferencial<\/td>\n<td valign=\"top\">3,53<\/td>\n<td valign=\"top\">5,44<\/td>\n<td valign=\"top\">4,10<\/td>\n<td valign=\"top\">3,92<\/td>\n<td valign=\"top\">3,48<\/td>\n<\/tr>\n<tr>\n<td valign=\"top\">Regime a 120 km\/h**<\/td>\n<td valign=\"top\">2.450 rpm<\/td>\n<td valign=\"top\">2.100 rpm<\/td>\n<td valign=\"top\">2.500 rpm<\/td>\n<td valign=\"top\">1.750 rpm<\/td>\n<td valign=\"top\">2.950 rpm<\/td>\n<\/tr>\n<tr>\n<td valign=\"top\">Regime \u00e0 vel. m\u00e1x. informada<\/td>\n<td valign=\"top\">5.350 rpm (5\u00aa.)<\/td>\n<td valign=\"top\">ND<\/td>\n<td valign=\"top\">4.700\/4.800 rpm (5\u00aa.)<\/td>\n<td valign=\"top\">2.550 rpm<\/td>\n<td valign=\"top\">6.000\/6.200 rpm (3\u00aa.)<\/td>\n<\/tr>\n<tr>\n<td valign=\"top\">Tra\u00e7\u00e3o<\/td>\n<td colspan=\"5\" valign=\"top\">dianteira<\/td>\n<\/tr>\n<tr>\n<td colspan=\"6\" valign=\"top\">*com simula\u00e7\u00e3o de 7 marchas; **na \u00faltima marcha ou rela\u00e7\u00e3o mais longa poss\u00edvel<\/td>\n<\/tr>\n<tr>\n<td style=\"width: 25%;\" valign=\"top\"><\/td>\n<td style=\"width: 15%;\" valign=\"top\"><strong>Tracker<\/strong><\/td>\n<td style=\"width: 15%;\" valign=\"top\"><strong>HR-V<\/strong><\/td>\n<td style=\"width: 15%;\" valign=\"top\"><strong>Renegade<\/strong><\/td>\n<td style=\"width: 15%;\" valign=\"top\"><strong>Kicks<\/strong><\/td>\n<td style=\"width: 15%;\" valign=\"top\"><strong>Captur<\/strong><\/td>\n<\/tr>\n<tr>\n<td colspan=\"6\" valign=\"top\"><strong>Freios<\/strong><\/td>\n<\/tr>\n<tr>\n<td valign=\"top\">Dianteiros<\/td>\n<td colspan=\"5\" valign=\"top\">a disco ventilado<\/td>\n<\/tr>\n<tr>\n<td valign=\"top\">Di\u00e2metro<\/td>\n<td valign=\"top\">300 mm<\/td>\n<td valign=\"top\">ND<\/td>\n<td valign=\"top\">305 mm<\/td>\n<td valign=\"top\">ND<\/td>\n<td valign=\"top\">280 km<\/td>\n<\/tr>\n<tr>\n<td valign=\"top\">Traseiros<\/td>\n<td valign=\"top\">a tambor<\/td>\n<td colspan=\"2\" valign=\"top\">a disco<\/td>\n<td valign=\"top\">a tambor<\/td>\n<td valign=\"top\"><\/td>\n<\/tr>\n<tr>\n<td valign=\"top\">Di\u00e2metro<\/td>\n<td valign=\"top\">230 mm<\/td>\n<td valign=\"top\">ND<\/td>\n<td valign=\"top\">278 mm<\/td>\n<td valign=\"top\">ND<\/td>\n<td valign=\"top\">229 mm<\/td>\n<\/tr>\n<tr>\n<td valign=\"top\">Antitravamento (ABS)<\/td>\n<td valign=\"top\">sim<\/td>\n<td valign=\"top\"><\/td>\n<td valign=\"top\"><\/td>\n<td valign=\"top\"><\/td>\n<td valign=\"top\"><\/td>\n<\/tr>\n<tr>\n<td style=\"width: 25%;\" valign=\"top\"><\/td>\n<td style=\"width: 15%;\" valign=\"top\"><strong>Tracker<\/strong><\/td>\n<td style=\"width: 15%;\" valign=\"top\"><strong>HR-V<\/strong><\/td>\n<td style=\"width: 15%;\" valign=\"top\"><strong>Renegade<\/strong><\/td>\n<td style=\"width: 15%;\" valign=\"top\"><strong>Kicks<\/strong><\/td>\n<td style=\"width: 15%;\" valign=\"top\"><strong>Captur<\/strong><\/td>\n<\/tr>\n<tr>\n<td colspan=\"6\" valign=\"top\"><strong>Dire\u00e7\u00e3o<\/strong><\/td>\n<\/tr>\n<tr>\n<td valign=\"top\">Sistema<\/td>\n<td colspan=\"5\" valign=\"top\">pinh\u00e3o e cremalheira<\/td>\n<\/tr>\n<tr>\n<td valign=\"top\">Assist\u00eancia<\/td>\n<td colspan=\"4\" valign=\"top\">el\u00e9trica<\/td>\n<td valign=\"top\">eletro-hidr\u00e1ulica<\/td>\n<\/tr>\n<tr>\n<td valign=\"top\">Di\u00e2metro de giro<\/td>\n<td valign=\"top\">11,2 m<\/td>\n<td valign=\"top\">11,4 m<\/td>\n<td valign=\"top\">10,8 m<\/td>\n<td valign=\"top\">10,2 m<\/td>\n<td valign=\"top\">10,7 m<\/td>\n<\/tr>\n<tr>\n<td style=\"width: 25%;\" valign=\"top\"><\/td>\n<td style=\"width: 15%;\" valign=\"top\"><strong>Tracker<\/strong><\/td>\n<td style=\"width: 15%;\" valign=\"top\"><strong>HR-V<\/strong><\/td>\n<td style=\"width: 15%;\" valign=\"top\"><strong>Renegade<\/strong><\/td>\n<td style=\"width: 15%;\" valign=\"top\"><strong>Kicks<\/strong><\/td>\n<td style=\"width: 15%;\" valign=\"top\"><strong>Captur<\/strong><\/td>\n<\/tr>\n<tr>\n<td colspan=\"6\" valign=\"top\"><strong>Suspens\u00e3o<\/strong><\/td>\n<\/tr>\n<tr>\n<td valign=\"top\">Dianteira<\/td>\n<td colspan=\"5\" valign=\"top\">independente, McPherson<\/td>\n<\/tr>\n<tr>\n<td valign=\"top\">Traseira<\/td>\n<td colspan=\"2\" valign=\"top\">eixo de tor\u00e7\u00e3o<\/td>\n<td valign=\"top\">ind., McPherson<\/td>\n<td colspan=\"2\" valign=\"top\">eixo de tor\u00e7\u00e3o<\/td>\n<\/tr>\n<tr>\n<td valign=\"top\">Elemento el\u00e1stico<\/td>\n<td colspan=\"5\" valign=\"top\">mola helicoidal<\/td>\n<\/tr>\n<tr>\n<td valign=\"top\">Estabilizador(es)<\/td>\n<td valign=\"top\">dianteiro<\/td>\n<td colspan=\"2\" valign=\"top\">dianteiro e traseiro<\/td>\n<td valign=\"top\">dianteiro<\/td>\n<td valign=\"top\">diant.\/tras.<\/td>\n<\/tr>\n<tr>\n<td style=\"width: 25%;\" valign=\"top\"><\/td>\n<td style=\"width: 15%;\" valign=\"top\"><strong>Tracker<\/strong><\/td>\n<td style=\"width: 15%;\" valign=\"top\"><strong>HR-V<\/strong><\/td>\n<td style=\"width: 15%;\" valign=\"top\"><strong>Renegade<\/strong><\/td>\n<td style=\"width: 15%;\" valign=\"top\"><strong>Kicks<\/strong><\/td>\n<td style=\"width: 15%;\" valign=\"top\"><strong>Captur<\/strong><\/td>\n<\/tr>\n<tr>\n<td colspan=\"6\" valign=\"top\"><strong>Rodas<\/strong><\/td>\n<\/tr>\n<tr>\n<td valign=\"top\">Dimens\u00f5es<\/td>\n<td valign=\"top\">7 x 18 pol<\/td>\n<td valign=\"top\">7 x 17 pol<\/td>\n<td valign=\"top\">18 pol<\/td>\n<td valign=\"top\">17 pol<\/td>\n<td valign=\"top\"><\/td>\n<\/tr>\n<tr>\n<td valign=\"top\">Pneus<\/td>\n<td valign=\"top\">215\/55 R 18 H<\/td>\n<td valign=\"top\">215\/55 R 17 V<\/td>\n<td valign=\"top\">225\/55 R 18 V<\/td>\n<td valign=\"top\">205\/55 R 17 V<\/td>\n<td valign=\"top\">215\/60 R 17 H<\/td>\n<\/tr>\n<tr>\n<td style=\"width: 25%;\" valign=\"top\"><\/td>\n<td style=\"width: 15%;\" valign=\"top\"><strong>Tracker<\/strong><\/td>\n<td style=\"width: 15%;\" valign=\"top\"><strong>HR-V<\/strong><\/td>\n<td style=\"width: 15%;\" valign=\"top\"><strong>Renegade<\/strong><\/td>\n<td style=\"width: 15%;\" valign=\"top\"><strong>Kicks<\/strong><\/td>\n<td style=\"width: 15%;\" valign=\"top\"><strong>Captur<\/strong><\/td>\n<\/tr>\n<tr>\n<td colspan=\"6\" valign=\"top\"><strong>Dimens\u00f5es<\/strong><\/td>\n<\/tr>\n<tr>\n<td valign=\"top\">Comprimento<\/td>\n<td valign=\"top\">4,258 m<\/td>\n<td valign=\"top\">4,294 m<\/td>\n<td valign=\"top\">4,232 m<\/td>\n<td valign=\"top\">4,295 m<\/td>\n<td valign=\"top\">4,329 m<\/td>\n<\/tr>\n<tr>\n<td valign=\"top\">Largura<\/td>\n<td valign=\"top\">1,776 m<\/td>\n<td valign=\"top\">1,772 m<\/td>\n<td valign=\"top\">1,798 m<\/td>\n<td valign=\"top\">1,76 m<\/td>\n<td valign=\"top\">1,813 m<\/td>\n<\/tr>\n<tr>\n<td valign=\"top\">Altura<\/td>\n<td valign=\"top\">1,678 m<\/td>\n<td valign=\"top\">1,586 m<\/td>\n<td valign=\"top\">1,705 m<\/td>\n<td valign=\"top\">1,59 m<\/td>\n<td valign=\"top\">1,619 m<\/td>\n<\/tr>\n<tr>\n<td valign=\"top\">Entre-eixos<\/td>\n<td valign=\"top\">2,555 m<\/td>\n<td valign=\"top\">2,61 m<\/td>\n<td valign=\"top\">2,57 m<\/td>\n<td valign=\"top\">2,61 m<\/td>\n<td valign=\"top\">2,673 m<\/td>\n<\/tr>\n<tr>\n<td valign=\"top\">Bitola dianteira<\/td>\n<td valign=\"top\">1,54 m<\/td>\n<td valign=\"top\">1,53 m<\/td>\n<td valign=\"top\">1,55 m<\/td>\n<td valign=\"top\">1,52 m<\/td>\n<td valign=\"top\">ND<\/td>\n<\/tr>\n<tr>\n<td valign=\"top\">Bitola traseira<\/td>\n<td valign=\"top\">1,54 m<\/td>\n<td valign=\"top\">1,54 m<\/td>\n<td valign=\"top\">1,552 m<\/td>\n<td valign=\"top\">1,535 m<\/td>\n<td valign=\"top\">ND<\/td>\n<\/tr>\n<tr>\n<td valign=\"top\">Coeficiente aerodin\u00e2mico (Cx)<\/td>\n<td valign=\"top\">ND<\/td>\n<td valign=\"top\">ND<\/td>\n<td valign=\"top\">0,36<\/td>\n<td valign=\"top\">0,345<\/td>\n<td valign=\"top\">ND<\/td>\n<\/tr>\n<tr>\n<td style=\"width: 25%;\" valign=\"top\"><\/td>\n<td style=\"width: 15%;\" valign=\"top\"><strong>Tracker<\/strong><\/td>\n<td style=\"width: 15%;\" valign=\"top\"><strong>HR-V<\/strong><\/td>\n<td style=\"width: 15%;\" valign=\"top\"><strong>Renegade<\/strong><\/td>\n<td style=\"width: 15%;\" valign=\"top\"><strong>Kicks<\/strong><\/td>\n<td style=\"width: 15%;\" valign=\"top\"><strong>Captur<\/strong><\/td>\n<\/tr>\n<tr>\n<td colspan=\"6\" valign=\"top\"><strong>Capacidades e peso<\/strong><\/td>\n<\/tr>\n<tr>\n<td valign=\"top\">Tanque de combust\u00edvel<\/td>\n<td valign=\"top\">53 l<\/td>\n<td valign=\"top\">51 l<\/td>\n<td valign=\"top\">60 l<\/td>\n<td valign=\"top\">41 l<\/td>\n<td valign=\"top\">50 l<\/td>\n<\/tr>\n<tr>\n<td valign=\"top\">Compart. bagagem<\/td>\n<td valign=\"top\">306 l<\/td>\n<td valign=\"top\">431 l<\/td>\n<td valign=\"top\">260 l<\/td>\n<td valign=\"top\">432 l<\/td>\n<td valign=\"top\">437 l<\/td>\n<\/tr>\n<tr>\n<td valign=\"top\">Peso em ordem de marcha<\/td>\n<td valign=\"top\">1.413 kg<\/td>\n<td valign=\"top\">1.276 kg<\/td>\n<td valign=\"top\">1.469 kg<\/td>\n<td valign=\"top\">1.142 kg<\/td>\n<td valign=\"top\">1.352 kg<\/td>\n<\/tr>\n<tr>\n<td valign=\"top\">Rela\u00e7\u00e3o peso-pot\u00eancia (gas.\/\u00e1lc.)<\/td>\n<td valign=\"top\">9,4\/9,2 kg\/cv<\/td>\n<td valign=\"top\">9,1\/9,2 kg\/cv<\/td>\n<td valign=\"top\">10,9\/10,6 kg\/cv<\/td>\n<td valign=\"top\">10,0 kg\/cv<\/td>\n<td valign=\"top\">9,5\/9,1 kg\/cv<\/td>\n<\/tr>\n<tr>\n<td style=\"width: 25%;\" valign=\"top\"><\/td>\n<td style=\"width: 15%;\" valign=\"top\"><strong>Tracker<\/strong><\/td>\n<td style=\"width: 15%;\" valign=\"top\"><strong>HR-V<\/strong><\/td>\n<td style=\"width: 15%;\" valign=\"top\"><strong>Renegade<\/strong><\/td>\n<td style=\"width: 15%;\" valign=\"top\"><strong>Kicks<\/strong><\/td>\n<td style=\"width: 15%;\" valign=\"top\"><strong>Captur<\/strong><\/td>\n<\/tr>\n<tr>\n<td colspan=\"6\" valign=\"top\"><strong>Garantia<\/strong><\/td>\n<\/tr>\n<tr>\n<td valign=\"top\">Prazo<\/td>\n<td colspan=\"4\" valign=\"top\">3 anos sem limite de quilometragem<\/td>\n<td valign=\"top\">3 anos ou 100 mil km<\/td>\n<\/tr>\n<tr>\n<td style=\"width: 25%;\" valign=\"top\"><\/td>\n<td style=\"width: 15%;\" valign=\"top\"><strong>Tracker<\/strong><\/td>\n<td style=\"width: 15%;\" valign=\"top\"><strong>HR-V<\/strong><\/td>\n<td style=\"width: 15%;\" valign=\"top\"><strong>Renegade<\/strong><\/td>\n<td style=\"width: 15%;\" valign=\"top\"><strong>Kicks<\/strong><\/td>\n<td style=\"width: 15%;\" valign=\"top\"><strong>Captur<\/strong><\/td>\n<\/tr>\n<tr>\n<td colspan=\"6\" valign=\"top\"><strong>Carros avaliados<\/strong><\/td>\n<\/tr>\n<tr>\n<td valign=\"top\">Ano-modelo<\/td>\n<td valign=\"top\">2017<\/td>\n<td valign=\"top\"><\/td>\n<td valign=\"top\"><\/td>\n<td valign=\"top\"><\/td>\n<td valign=\"top\"><\/td>\n<\/tr>\n<tr>\n<td valign=\"top\">Pneus<\/td>\n<td valign=\"top\">Continental Conti Pro Contact<\/td>\n<td valign=\"top\">Michelin Primacy 3<\/td>\n<td valign=\"top\">Pirelli Scorpion Verde<\/td>\n<td valign=\"top\">Continental Conti Power Contact<\/td>\n<td valign=\"top\">Continental Conti Cross Contact<\/td>\n<\/tr>\n<tr>\n<td valign=\"top\">Quilometragem inicial<\/td>\n<td valign=\"top\">5.000 km<\/td>\n<td valign=\"top\">ND<\/td>\n<td valign=\"top\">1.000 km<\/td>\n<td valign=\"top\">6.000 km<\/td>\n<td valign=\"top\">2.000 km<\/td>\n<\/tr>\n<tr>\n<td colspan=\"6\" valign=\"top\">Dados dos fabricantes; ND = n\u00e3o dispon\u00edvel<\/td>\n<\/tr>\n<\/tbody>\n<\/table><\/div><\/div>\n<a href='https:\/\/autolivraria.com.br\/bc\/informe-se\/avaliacao\/comparativo-suvs-chevrolet-tracker-honda-hr-v-jeep-renegade-nissan-kicks-renault-captur\/' class='small-button smallsilver'>Volta ao comparativo<\/a>\n\n<p>&nbsp;<\/p>\n","protected":false},"excerpt":{"rendered":"<p>&nbsp; &nbsp; &nbsp;<\/p>\n","protected":false},"author":6,"featured_media":0,"parent":0,"menu_order":0,"comment_status":"closed","ping_status":"closed","template":"","meta":{"_joinchat":[],"footnotes":""},"class_list":["post-85170","page","type-page","status-publish","hentry"],"amp_enabled":true,"_links":{"self":[{"href":"https:\/\/autolivraria.com.br\/bc\/wp-json\/wp\/v2\/pages\/85170","targetHints":{"allow":["GET"]}}],"collection":[{"href":"https:\/\/autolivraria.com.br\/bc\/wp-json\/wp\/v2\/pages"}],"about":[{"href":"https:\/\/autolivraria.com.br\/bc\/wp-json\/wp\/v2\/types\/page"}],"author":[{"embeddable":true,"href":"https:\/\/autolivraria.com.br\/bc\/wp-json\/wp\/v2\/users\/6"}],"replies":[{"embeddable":true,"href":"https:\/\/autolivraria.com.br\/bc\/wp-json\/wp\/v2\/comments?post=85170"}],"version-history":[{"count":0,"href":"https:\/\/autolivraria.com.br\/bc\/wp-json\/wp\/v2\/pages\/85170\/revisions"}],"wp:attachment":[{"href":"https:\/\/autolivraria.com.br\/bc\/wp-json\/wp\/v2\/media?parent=85170"}],"curies":[{"name":"wp","href":"https:\/\/api.w.org\/{rel}","templated":true}]}}