{"id":89986,"date":"2017-10-26T16:53:45","date_gmt":"2017-10-26T19:53:45","guid":{"rendered":"http:\/\/bestcars.uol.com.br\/bc\/?page_id=89986"},"modified":"2017-10-27T13:16:47","modified_gmt":"2017-10-27T16:16:47","slug":"20a-eleicao-dos-melhores-carros-como-funciona","status":"publish","type":"page","link":"https:\/\/autolivraria.com.br\/bc\/20a-eleicao-dos-melhores-carros-como-funciona\/","title":{"rendered":"20\u00aa. Elei\u00e7\u00e3o dos Melhores Carros: como funciona"},"content":{"rendered":"<h2>Defini\u00e7\u00e3o<\/h2>\n<p>\u2022\u00a0A 20<em>\u00aa Elei\u00e7\u00e3o dos Melhores Carros<\/em> do <strong>Best Cars<\/strong> \u00e9 um concurso de car\u00e1ter cultural, com o fim de proporcionar aos participantes a escolha dos melhores autom\u00f3veis em 25 categorias.<\/p>\n<p>\u2022\u00a0A participa\u00e7\u00e3o nesta elei\u00e7\u00e3o \u00e9 aberta a qualquer pessoa com acesso \u00e0 internet, no Brasil ou no exterior, e n\u00e3o requer a aquisi\u00e7\u00e3o ou compromisso de aquisi\u00e7\u00e3o de qualquer produto ou servi\u00e7o. Constitui-se, portanto, em evento totalmente gratuito.<\/p>\n<p>&nbsp;<\/p>\n<h2>Datas<\/h2>\n<p>\u2022\u00a0A elei\u00e7\u00e3o realiza-se em \u00fanico turno, de 27 de outubro a 15 de\u00a0dezembro de 2017.<\/p>\n<p>\u2022\u00a0O <strong>Best Cars<\/strong> divulgar\u00e1 na edi\u00e7\u00e3o de 19 de janeiro de 2018 o resultado final da elei\u00e7\u00e3o.<\/p>\n<p><strong>\u00a0<\/strong><\/p>\n<h2>Votos<\/h2>\n<p><strong>\u2022\u00a0<\/strong>Ser\u00e3o considerados apenas os formul\u00e1rios com todos os campos de identifica\u00e7\u00e3o e de vota\u00e7\u00e3o preenchidos de forma v\u00e1lida.<\/p>\n<p>\u2022\u00a0Ser\u00e1 considerado apenas um voto de cada leitor, identificado por nome e endere\u00e7o de e-mail. No caso de recebimento de dois ou mais votos do mesmo nome e\/ou endere\u00e7o de e-mail, ser\u00e1 considerado apenas o primeiro.<\/p>\n<p>\u2022\u00a0Na categoria <em>O Carro dos Meus Sonhos<\/em>, de escolha livre, o leitor deve selecionar marca e modelo, sem uma vers\u00e3o espec\u00edfica. Ser\u00e3o desprezadas as vers\u00f5es.<\/p>\n<p>\u2022\u00a0Na mesma categoria, na hip\u00f3tese de ser mencionado apenas o fabricante, o voto ser\u00e1 computado para o modelo da marca que obtiver maior vota\u00e7\u00e3o.<\/p>\n<p><strong>\u00a0<\/strong><\/p>\n<div class='code-block code-block-7' style='margin: 28px auto; text-align: center; display: block; clear: both;'>\n<br>\n<div align=\"center\">\n<a target=\"_blank\" href=\"https:\/\/bestcars.com.br\/bc\/\">\n<img decoding=\"async\" data-src=\"https:\/\/bestcars.com.br\/bc\/wp-content\/uploads\/2021\/07\/Auto-Livraria-450x300-quadros.jpg\" alt=\"Auto Livraria\" src=\"data:image\/svg+xml;base64,PHN2ZyB3aWR0aD0iMSIgaGVpZ2h0PSIxIiB4bWxucz0iaHR0cDovL3d3dy53My5vcmcvMjAwMC9zdmciPjwvc3ZnPg==\" class=\"lazyload\"><\/a>\n<\/div>\n<br><\/div>\n\n<p>&nbsp;<\/p>\n<h2>Categorias<\/h2>\n<p>\u2022\u00a0A <em>20\u00aa\u00a0Elei\u00e7\u00e3o dos Melhores Carros<\/em> traz 25 categorias de classifica\u00e7\u00e3o dos ve\u00edculos:<\/p>\n<div class='one_half'>\n\t\t\t\t\t<p>\u2022\u00a0Hatch Pequeno &#8211; Classe 1<\/p>\n<p>\u2022\u00a0Hatch Pequeno &#8211; Classe 2<\/p>\n<p>\u2022\u00a0Hatch Pequeno &#8211; Classe 3<\/p>\n<p>\u2022\u00a0Sed\u00e3 Pequeno &#8211; Classe 1<\/p>\n<p>\u2022\u00a0Sed\u00e3 Pequeno &#8211; Classe 2<\/p>\n<p>\u2022\u00a0Hatch M\u00e9dio<\/p>\n<p>\u2022\u00a0Hatch M\u00e9dio de Luxo<\/p>\n<p>\u2022\u00a0Sed\u00e3 M\u00e9dio<\/p>\n<p>\u2022\u00a0Sed\u00e3 M\u00e9dio de Luxo<\/p>\n<p>\u2022\u00a0Sed\u00e3 Grande<\/p>\n<p>\u2022\u00a0Sed\u00e3 Grande de Luxo<\/p>\n<p>\u2022\u00a0Sed\u00e3 de Alto Luxo<\/p>\n<p>\u2022\u00a0Utilit\u00e1rio Esporte Compacto &#8211; Classe 1<\/p>\n\t\t\t\t<\/div>\n<div class='one_half last'>\n\t\t\t\t\t<p>\u2022\u00a0Utilit\u00e1rio Esporte Compacto &#8211; Classe 2<\/p>\n<p>\u2022\u00a0Utilit\u00e1rio Esporte M\u00e9dio &#8211; Classe 1<\/p>\n<p>\u2022\u00a0Utilit\u00e1rio Esporte M\u00e9dio &#8211; Classe 2<\/p>\n<p>\u2022\u00a0Utilit\u00e1rio Esporte Grande &#8211; Classe 1<\/p>\n<p>\u2022\u00a0Utilit\u00e1rio Esporte Grande &#8211; Classe 2<\/p>\n<p>\u2022\u00a0Picape Pequena<\/p>\n<p>\u2022\u00a0Picape M\u00e9dia\/Grande<\/p>\n<p>\u2022\u00a0Minivan Compacta<\/p>\n<p>\u2022 Carro Esporte &#8211; Classe 1<\/p>\n<p>\u2022\u00a0Carro Esporte &#8211; Classe 2<\/p>\n<p>\u2022\u00a0Carro Esporte &#8211; Classe 3<\/p>\n<p>\u2022\u00a0O Carro dos Meus Sonhos<\/p>\n\t\t\t\t<\/div><div class='clear'><\/div>\n<p>\u2022\u00a0Concorrem nas categorias <em>Hatch Pequeno &#8211; Classe 1, Classe 2 e Classe 3; Sed\u00e3 Pequeno &#8211; Classe 1 e Classe 2; Hatch M\u00e9dio; Hatch M\u00e9dio de Luxo; Sed\u00e3 M\u00e9dio; Sed\u00e3 M\u00e9dio de Luxo; Sed\u00e3 Grande, Sed\u00e3 Grande de Luxo; Sed\u00e3 de Alto Luxo; Utilit\u00e1rio Esporte Compacto &#8211; Classe 1 e Classe 2; Utilit\u00e1rio Esporte M\u00e9dio &#8211; Classe 1 e Classe 2; Utilit\u00e1rio Esporte Grande &#8211; Classe 1 e Classe 2; Picape Pequena; Picape M\u00e9dia\/Grande; Minivan Compacta;<\/em> e <em>Carro Esporte &#8211; Classe 1, Classe 2 e Classe 3<\/em> os modelos nacionais e importados atualmente em produ\u00e7\u00e3o, mesmo que em escala reduzida, dispon\u00edveis no mercado brasileiro em 26 de outubro\u00a0de 2017.<\/p>\n<p>\u2022\u00a0No caso de modelos importados, consideram-se apenas aqueles trazidos por representa\u00e7\u00e3o oficial do fabricante.<\/p>\n<p>\u2022\u00a0Os modelos foram selecionados e enquadrados pelo <strong>Best Cars<\/strong> considerando-se crit\u00e9rios de porte, configura\u00e7\u00e3o de carroceria, faixa de pre\u00e7o, motoriza\u00e7\u00e3o, acabamento e posicionamento no mercado. O peso de cada fator no enquadramento dos modelos varia conforme a categoria.<\/p>\n<p>\u2022\u00a0Concorrem na categoria <em>O Carro dos Meus Sonhos<\/em> os autom\u00f3veis e utilit\u00e1rios nacionais e estrangeiros em produ\u00e7\u00e3o em 26 de outubro de 2017, mesmo que em escala reduzida, dispon\u00edveis ou n\u00e3o no mercado brasileiro.<\/p>\n<div class='one_half'>\n\t\t\t\t\t<a href='https:\/\/autolivraria.com.br\/bc\/escreva-nos\/' class='small-button smallsilver'>Mais d\u00favidas? Pergunte<\/a>\n\t\t\t\t<\/div>\n<div class='one_half last'>\n\t\t\t\t\t<a href='https:\/\/autolivraria.com.br\/bc\/20a-eleicao-dos-melhores-carros\/' class='small-button smallsilver'>Voltar para a Elei\u00e7\u00e3o<\/a>\n\t\t\t\t<\/div><div class='clear'><\/div>\n<p>&nbsp;<\/p>\n<p>&nbsp;<\/p>\n","protected":false},"excerpt":{"rendered":"<p>Defini\u00e7\u00e3o \u2022\u00a0A 20\u00aa Elei\u00e7\u00e3o dos Melhores Carros do Best Cars \u00e9 um concurso de car\u00e1ter cultural, com o fim de proporcionar aos participantes a escolha dos melhores autom\u00f3veis em 25 categorias. \u2022\u00a0A participa\u00e7\u00e3o nesta elei\u00e7\u00e3o \u00e9 aberta a qualquer pessoa com acesso \u00e0 internet, no Brasil ou no exterior, e n\u00e3o requer a aquisi\u00e7\u00e3o ou<\/p>\n","protected":false},"author":6,"featured_media":0,"parent":0,"menu_order":0,"comment_status":"closed","ping_status":"closed","template":"","meta":{"_joinchat":[],"footnotes":""},"class_list":["post-89986","page","type-page","status-publish","hentry"],"amp_enabled":true,"_links":{"self":[{"href":"https:\/\/autolivraria.com.br\/bc\/wp-json\/wp\/v2\/pages\/89986","targetHints":{"allow":["GET"]}}],"collection":[{"href":"https:\/\/autolivraria.com.br\/bc\/wp-json\/wp\/v2\/pages"}],"about":[{"href":"https:\/\/autolivraria.com.br\/bc\/wp-json\/wp\/v2\/types\/page"}],"author":[{"embeddable":true,"href":"https:\/\/autolivraria.com.br\/bc\/wp-json\/wp\/v2\/users\/6"}],"replies":[{"embeddable":true,"href":"https:\/\/autolivraria.com.br\/bc\/wp-json\/wp\/v2\/comments?post=89986"}],"version-history":[{"count":0,"href":"https:\/\/autolivraria.com.br\/bc\/wp-json\/wp\/v2\/pages\/89986\/revisions"}],"wp:attachment":[{"href":"https:\/\/autolivraria.com.br\/bc\/wp-json\/wp\/v2\/media?parent=89986"}],"curies":[{"name":"wp","href":"https:\/\/api.w.org\/{rel}","templated":true}]}}