{"id":89989,"date":"2017-12-15T00:00:55","date_gmt":"2017-12-15T03:00:55","guid":{"rendered":"http:\/\/bestcars.uol.com.br\/bc\/?page_id=89989"},"modified":"2017-12-15T16:19:54","modified_gmt":"2017-12-15T19:19:54","slug":"20a-eleicao-dos-melhores-carros","status":"publish","type":"page","link":"https:\/\/autolivraria.com.br\/bc\/20a-eleicao-dos-melhores-carros\/","title":{"rendered":"20\u00aa. Elei\u00e7\u00e3o dos Melhores Carros"},"content":{"rendered":"<p>[vc_row][vc_column width=&#8221;2\/3&#8243;][vc_column_text]<img fetchpriority=\"high\" decoding=\"async\" class=\"aligncenter size-full wp-image-90007\" src=\"https:\/\/autolivraria.com.br\/bc\/wp-content\/uploads\/2017\/10\/20a-Eleicao-dos-Melhores-Carros-selo-696.jpg\" alt=\"20a-Eleicao-dos-Melhores-Carros-selo-696\" width=\"500\" height=\"500\" srcset=\"https:\/\/autolivraria.com.br\/bc\/wp-content\/uploads\/2017\/10\/20a-Eleicao-dos-Melhores-Carros-selo-696.jpg 696w, https:\/\/autolivraria.com.br\/bc\/wp-content\/uploads\/2017\/10\/20a-Eleicao-dos-Melhores-Carros-selo-696-222x222.jpg 222w, https:\/\/autolivraria.com.br\/bc\/wp-content\/uploads\/2017\/10\/20a-Eleicao-dos-Melhores-Carros-selo-696-340x340.jpg 340w, https:\/\/autolivraria.com.br\/bc\/wp-content\/uploads\/2017\/10\/20a-Eleicao-dos-Melhores-Carros-selo-696-420x420.jpg 420w\" sizes=\"(max-width: 500px) 100vw, 500px\" \/><\/p>\n<p>&nbsp;<\/p>\n\n<p>Quais s\u00e3o os autom\u00f3veis e utilit\u00e1rios mais desejados do mercado brasileiro em cada categoria? Qual \u00e9, afinal, o carro que os leitores do <strong>Best Cars<\/strong> aceleram em seus sonhos?<\/p>\n<p>Responder a essas quest\u00f5es \u00e9 a miss\u00e3o da <em>20\u00aa Elei\u00e7\u00e3o dos Melhores Carros<\/em>, mais uma edi\u00e7\u00e3o da mais tradicional e prestigiada vota\u00e7\u00e3o sobre autom\u00f3veis na internet brasileira, realizada desde 1998.<\/p>\n<p>S\u00e3o 24 categorias que abrangem os segmentos mais importantes do mercado atual e a exclusiva classe\u00a0<em>O Carro dos Meus Sonhos<\/em>, \u00a0na qual voc\u00ea escolhe qualquer modelo que estiver em produ\u00e7\u00e3o hoje. Afinal, para sonhar n\u00e3o h\u00e1 limites.<\/p>\n<p>A vota\u00e7\u00e3o est\u00e1 encerrada. Na edi\u00e7\u00e3o de 19 de janeiro de 2018 saberemos quais os melhores carros na opini\u00e3o de quem mais conhece de autom\u00f3vel: os leitores do <strong>Best Cars<\/strong>. N\u00e3o perca!<\/p>\n<ul>\n<li><a href=\"https:\/\/autolivraria.com.br\/bc\/20a-eleicao-dos-melhores-carros-como-funciona\">Tire suas d\u00favidas<\/a><\/li>\n<\/ul>\n<p>[\/vc_column_text][vc_empty_space height=&#8221;15px&#8221;][vc_column_text]<div class='code-block code-block-7' style='margin: 28px auto; text-align: center; display: block; clear: both;'>\n<br>\n<div align=\"center\">\n<a target=\"_blank\" href=\"https:\/\/bestcars.com.br\/bc\/\">\n<img decoding=\"async\" data-src=\"https:\/\/bestcars.com.br\/bc\/wp-content\/uploads\/2021\/07\/Auto-Livraria-450x300-quadros.jpg\" alt=\"Auto Livraria\" src=\"data:image\/svg+xml;base64,PHN2ZyB3aWR0aD0iMSIgaGVpZ2h0PSIxIiB4bWxucz0iaHR0cDovL3d3dy53My5vcmcvMjAwMC9zdmciPjwvc3ZnPg==\" class=\"lazyload\"><\/a>\n<\/div>\n<br><\/div>\n[\/vc_column_text][vc_empty_space height=&#8221;15px&#8221;][\/vc_column][vc_column width=&#8221;1\/3&#8243;][vc_widget_sidebar sidebar_id=&#8221;td-default&#8221;][\/vc_column][\/vc_row]<\/p>\n","protected":false},"excerpt":{"rendered":"<p>[vc_row][vc_column width=&#8221;2\/3&#8243;][vc_column_text] &nbsp; Quais s\u00e3o os autom\u00f3veis e utilit\u00e1rios mais desejados do mercado brasileiro em cada categoria? Qual \u00e9, afinal, o carro que os leitores do Best Cars aceleram em seus sonhos? Responder a essas quest\u00f5es \u00e9 a miss\u00e3o da 20\u00aa Elei\u00e7\u00e3o dos Melhores Carros, mais uma edi\u00e7\u00e3o da mais tradicional e prestigiada vota\u00e7\u00e3o sobre<\/p>\n","protected":false},"author":6,"featured_media":0,"parent":0,"menu_order":0,"comment_status":"open","ping_status":"closed","template":"","meta":{"_joinchat":[],"footnotes":""},"class_list":["post-89989","page","type-page","status-publish","hentry"],"amp_enabled":true,"_links":{"self":[{"href":"https:\/\/autolivraria.com.br\/bc\/wp-json\/wp\/v2\/pages\/89989","targetHints":{"allow":["GET"]}}],"collection":[{"href":"https:\/\/autolivraria.com.br\/bc\/wp-json\/wp\/v2\/pages"}],"about":[{"href":"https:\/\/autolivraria.com.br\/bc\/wp-json\/wp\/v2\/types\/page"}],"author":[{"embeddable":true,"href":"https:\/\/autolivraria.com.br\/bc\/wp-json\/wp\/v2\/users\/6"}],"replies":[{"embeddable":true,"href":"https:\/\/autolivraria.com.br\/bc\/wp-json\/wp\/v2\/comments?post=89989"}],"version-history":[{"count":0,"href":"https:\/\/autolivraria.com.br\/bc\/wp-json\/wp\/v2\/pages\/89989\/revisions"}],"wp:attachment":[{"href":"https:\/\/autolivraria.com.br\/bc\/wp-json\/wp\/v2\/media?parent=89989"}],"curies":[{"name":"wp","href":"https:\/\/api.w.org\/{rel}","templated":true}]}}