{"id":92354,"date":"2018-03-13T10:21:12","date_gmt":"2018-03-13T13:21:12","guid":{"rendered":"http:\/\/bestcars.uol.com.br\/bc\/?page_id=92354"},"modified":"2018-03-14T09:25:45","modified_gmt":"2018-03-14T12:25:45","slug":"teste-comparativo-suv-chevrolet-equinox-jeep-compass-kia-sportage-peugeot-3008-ficha-tecnica","status":"publish","type":"page","link":"https:\/\/autolivraria.com.br\/bc\/teste-comparativo-suv-chevrolet-equinox-jeep-compass-kia-sportage-peugeot-3008-ficha-tecnica\/","title":{"rendered":"Equinox, Compass, Sportage e 3008: SUVs de R$ 150 mil"},"content":{"rendered":"<div id='gallery-1' class='gallery galleryid-92354 gallery-columns-2 gallery-size-medium'><figure class='gallery-item'>\n\t\t\t<div class='gallery-icon landscape'>\n\t\t\t\t<a href='https:\/\/autolivraria.com.br\/bc\/wp-content\/uploads\/2018\/03\/Chevrolet-Equinox-Premier-04.jpg'><img fetchpriority=\"high\" decoding=\"async\" width=\"340\" height=\"227\" src=\"https:\/\/autolivraria.com.br\/bc\/wp-content\/uploads\/2018\/03\/Chevrolet-Equinox-Premier-04-340x227.jpg\" class=\"attachment-medium size-medium\" alt=\"\" aria-describedby=\"gallery-1-93415\" \/><\/a>\n\t\t\t<\/div>\n\t\t\t\t<figcaption class='wp-caption-text gallery-caption' id='gallery-1-93415'>\n\t\t\t\tEquinox\n\t\t\t\t<\/figcaption><\/figure><figure class='gallery-item'>\n\t\t\t<div class='gallery-icon landscape'>\n\t\t\t\t<a href='https:\/\/autolivraria.com.br\/bc\/wp-content\/uploads\/2018\/03\/Jeep-Compass-Limited-04.jpg'><img decoding=\"async\" width=\"340\" height=\"227\" data-src=\"https:\/\/autolivraria.com.br\/bc\/wp-content\/uploads\/2018\/03\/Jeep-Compass-Limited-04-340x227.jpg\" class=\"attachment-medium size-medium lazyload\" alt=\"\" aria-describedby=\"gallery-1-93414\" src=\"data:image\/svg+xml;base64,PHN2ZyB3aWR0aD0iMSIgaGVpZ2h0PSIxIiB4bWxucz0iaHR0cDovL3d3dy53My5vcmcvMjAwMC9zdmciPjwvc3ZnPg==\" style=\"--smush-placeholder-width: 340px; --smush-placeholder-aspect-ratio: 340\/227;\" \/><\/a>\n\t\t\t<\/div>\n\t\t\t\t<figcaption class='wp-caption-text gallery-caption' id='gallery-1-93414'>\n\t\t\t\tCompass\n\t\t\t\t<\/figcaption><\/figure><figure class='gallery-item'>\n\t\t\t<div class='gallery-icon landscape'>\n\t\t\t\t<a href='https:\/\/autolivraria.com.br\/bc\/wp-content\/uploads\/2018\/03\/Kia-Sportage-EX-04.jpg'><img decoding=\"async\" width=\"340\" height=\"227\" data-src=\"https:\/\/autolivraria.com.br\/bc\/wp-content\/uploads\/2018\/03\/Kia-Sportage-EX-04-340x227.jpg\" class=\"attachment-medium size-medium lazyload\" alt=\"\" aria-describedby=\"gallery-1-93411\" src=\"data:image\/svg+xml;base64,PHN2ZyB3aWR0aD0iMSIgaGVpZ2h0PSIxIiB4bWxucz0iaHR0cDovL3d3dy53My5vcmcvMjAwMC9zdmciPjwvc3ZnPg==\" style=\"--smush-placeholder-width: 340px; --smush-placeholder-aspect-ratio: 340\/227;\" \/><\/a>\n\t\t\t<\/div>\n\t\t\t\t<figcaption class='wp-caption-text gallery-caption' id='gallery-1-93411'>\n\t\t\t\tSportage\n\t\t\t\t<\/figcaption><\/figure><figure class='gallery-item'>\n\t\t\t<div class='gallery-icon landscape'>\n\t\t\t\t<a href='https:\/\/autolivraria.com.br\/bc\/wp-content\/uploads\/2018\/03\/Peugeot-3008-Griffe-04.jpg'><img decoding=\"async\" width=\"340\" height=\"227\" data-src=\"https:\/\/autolivraria.com.br\/bc\/wp-content\/uploads\/2018\/03\/Peugeot-3008-Griffe-04-340x227.jpg\" class=\"attachment-medium size-medium lazyload\" alt=\"\" aria-describedby=\"gallery-1-93412\" src=\"data:image\/svg+xml;base64,PHN2ZyB3aWR0aD0iMSIgaGVpZ2h0PSIxIiB4bWxucz0iaHR0cDovL3d3dy53My5vcmcvMjAwMC9zdmciPjwvc3ZnPg==\" style=\"--smush-placeholder-width: 340px; --smush-placeholder-aspect-ratio: 340\/227;\" \/><\/a>\n\t\t\t<\/div>\n\t\t\t\t<figcaption class='wp-caption-text gallery-caption' id='gallery-1-93412'>\n\t\t\t\t3008\n\t\t\t\t<\/figcaption><\/figure>\n\t\t<\/div>\n\n<p>&nbsp;<\/p>\n<div class='code-block code-block-7' style='margin: 28px auto; text-align: center; display: block; clear: both;'>\n<br>\n<div align=\"center\">\n<a target=\"_blank\" href=\"https:\/\/bestcars.com.br\/bc\/\">\n<img decoding=\"async\" data-src=\"https:\/\/bestcars.com.br\/bc\/wp-content\/uploads\/2021\/07\/Auto-Livraria-450x300-quadros.jpg\" alt=\"Auto Livraria\" src=\"data:image\/svg+xml;base64,PHN2ZyB3aWR0aD0iMSIgaGVpZ2h0PSIxIiB4bWxucz0iaHR0cDovL3d3dy53My5vcmcvMjAwMC9zdmciPjwvc3ZnPg==\" class=\"lazyload\"><\/a>\n<\/div>\n<br><\/div>\n\n<p>&nbsp;<\/p>\n<div class='et-box et-shadow'>\n\t\t\t\t\t<div class='et-box-content'><h2>Ficha t\u00e9cnica<\/h2>\n<table id=\"table61\" border=\"0\" width=\"100%\" cellspacing=\"0\" cellpadding=\"3\">\n<tbody>\n<tr>\n<td valign=\"top\"><strong>Motor<\/strong><\/td>\n<td valign=\"top\"><strong>Equinox<\/strong><\/td>\n<td valign=\"top\"><strong>Compass<\/strong><\/td>\n<td valign=\"top\"><strong>Sportage<\/strong><\/td>\n<td valign=\"top\"><strong>3008<\/strong><\/td>\n<\/tr>\n<tr>\n<td valign=\"top\">Posi\u00e7\u00e3o<\/td>\n<td valign=\"top\">transversal<\/td>\n<td valign=\"top\">transversal<\/td>\n<td valign=\"top\">transversal<\/td>\n<td valign=\"top\">transversal<\/td>\n<\/tr>\n<tr>\n<td valign=\"top\">Cilindros<\/td>\n<td valign=\"top\">4 em linha<\/td>\n<td valign=\"top\">4 em linha<\/td>\n<td valign=\"top\">4 em linha<\/td>\n<td valign=\"top\">4 em linha<\/td>\n<\/tr>\n<tr>\n<td valign=\"top\">Material do bloco\/ cabe\u00e7ote<\/td>\n<td valign=\"top\">alum\u00ednio<\/td>\n<td valign=\"top\">alum\u00ednio<\/td>\n<td valign=\"top\">alum\u00ednio<\/td>\n<td valign=\"top\">alum\u00ednio<\/td>\n<\/tr>\n<tr>\n<td valign=\"top\">Comando de v\u00e1lvulas<\/td>\n<td valign=\"top\">duplo no cabe\u00e7ote<\/td>\n<td valign=\"top\">duplo no cabe\u00e7ote<\/td>\n<td valign=\"top\">duplo no cabe\u00e7ote<\/td>\n<td valign=\"top\">duplo no cabe\u00e7ote<\/td>\n<\/tr>\n<tr>\n<td valign=\"top\">V\u00e1lvulas por cilindro<\/td>\n<td valign=\"top\">4, varia\u00e7\u00e3o de tempo<\/td>\n<td valign=\"top\">4, varia\u00e7\u00e3o de tempo<\/td>\n<td valign=\"top\">4, varia\u00e7\u00e3o de tempo<\/td>\n<td valign=\"top\">4, varia\u00e7\u00e3o de tempo<\/td>\n<\/tr>\n<tr>\n<td valign=\"top\">Di\u00e2metro e curso<\/td>\n<td valign=\"top\">86 x 86 mm<\/td>\n<td valign=\"top\">88 x 82 mm<\/td>\n<td valign=\"top\">81 x 97 mm<\/td>\n<td valign=\"top\">77 x 85,8 mm<\/td>\n<\/tr>\n<tr>\n<td valign=\"top\">Cilindrada<\/td>\n<td valign=\"top\">1.998 cm\u00b3<\/td>\n<td valign=\"top\">1.995 cm\u00b3<\/td>\n<td valign=\"top\">1.999 cm\u00b3<\/td>\n<td valign=\"top\">1.598 cm\u00b3<\/td>\n<\/tr>\n<tr>\n<td valign=\"top\">Taxa de compress\u00e3o<\/td>\n<td valign=\"top\">9,5:1<\/td>\n<td valign=\"top\">11,8:1<\/td>\n<td valign=\"top\">12:1<\/td>\n<td valign=\"top\">11:1<\/td>\n<\/tr>\n<tr>\n<td valign=\"top\">Alimenta\u00e7\u00e3o<\/td>\n<td valign=\"top\">inje\u00e7\u00e3o direta, turbo, resfriador de ar<\/td>\n<td valign=\"top\">inje\u00e7\u00e3o multiponto sequencial<\/td>\n<td valign=\"top\">inje\u00e7\u00e3o multiponto sequencial<\/td>\n<td valign=\"top\">inje\u00e7\u00e3o direta, turbo, resfriador de ar<\/td>\n<\/tr>\n<tr>\n<td valign=\"top\">Pot\u00eancia m\u00e1xima (gas.)<\/td>\n<td valign=\"top\">262 cv a 5.500 rpm<\/td>\n<td valign=\"top\">159 cv a 6.200 rpm<\/td>\n<td valign=\"top\">156 cv a 6.200 rpm<\/td>\n<td valign=\"top\">165 cv a 6.000 rpm<\/td>\n<\/tr>\n<tr>\n<td valign=\"top\">Pot\u00eancia m\u00e1xima (\u00e1lc.)<\/td>\n<td valign=\"top\">NA<\/td>\n<td valign=\"top\">166 cv a 6.200 rpm<\/td>\n<td valign=\"top\">167 cv a 6.200 rpm<\/td>\n<td valign=\"top\">NA<\/td>\n<\/tr>\n<tr>\n<td valign=\"top\">Torque m\u00e1ximo (gas.)<\/td>\n<td valign=\"top\">37,0 m.kgf de 2.500 a 4.500 rpm<\/td>\n<td valign=\"top\">19,9 m.kgf a 4.000 rpm<\/td>\n<td valign=\"top\">18,8 m.kgf a 4.700 rpm<\/td>\n<td valign=\"top\">24,5 m.kgf a 1.400 rpm<\/td>\n<\/tr>\n<tr>\n<td valign=\"top\">Torque m\u00e1ximo (\u00e1lc.)<\/td>\n<td valign=\"top\">NA<\/td>\n<td valign=\"top\">20,5 m.kgf a 4.000 rpm<\/td>\n<td valign=\"top\">20,2 m.kgf a 4.700 rpm<\/td>\n<td valign=\"top\">NA<\/td>\n<\/tr>\n<tr>\n<td valign=\"top\">Pot\u00eancia espec\u00edfica<\/td>\n<td valign=\"top\">131,1 cv\/l (gas.)<\/td>\n<td valign=\"top\">79,7 cv\/l (gas.)\/83,2 cv\/l (\u00e1lc.)<\/td>\n<td valign=\"top\">78,0 cv\/l (gas.)\/83,5 cv\/l (\u00e1lc.)<\/td>\n<td valign=\"top\">103,3 cv\/l (gas.)<\/td>\n<\/tr>\n<tr>\n<td valign=\"top\"><strong>Transmiss\u00e3o<\/strong><\/td>\n<td valign=\"top\"><strong>Equinox<\/strong><\/td>\n<td valign=\"top\"><strong>Compass<\/strong><\/td>\n<td valign=\"top\"><strong>Sportage<\/strong><\/td>\n<td valign=\"top\"><strong>3008<\/strong><\/td>\n<\/tr>\n<tr>\n<td valign=\"top\">Tipo de caixa e marchas<\/td>\n<td valign=\"top\">autom\u00e1tica, 9<\/td>\n<td valign=\"top\">autom\u00e1tica, 6<\/td>\n<td valign=\"top\">autom\u00e1tica, 6<\/td>\n<td valign=\"top\">autom\u00e1tica, 6<\/td>\n<\/tr>\n<tr>\n<td colspan=\"5\" valign=\"top\" width=\"100%\">Rela\u00e7\u00e3o e velocidade por 1.000 rpm (em km\/h)<\/td>\n<\/tr>\n<tr>\n<td valign=\"top\">1\u00aa.<\/td>\n<td valign=\"top\">4,69 \/ 9<\/td>\n<td valign=\"top\">4,46 \/ 7<\/td>\n<td valign=\"top\">4,40 \/ 8<\/td>\n<td valign=\"top\">4,04\u00a0\/ 9<\/td>\n<\/tr>\n<tr>\n<td valign=\"top\">2\u00aa.<\/td>\n<td valign=\"top\">3,31 \/ 12<\/td>\n<td valign=\"top\">2,51 \/ 12<\/td>\n<td valign=\"top\">2,73 \/ 13<\/td>\n<td valign=\"top\">2,37\u00a0\/ 16<\/td>\n<\/tr>\n<tr>\n<td valign=\"top\">3\u00aa.<\/td>\n<td valign=\"top\">3,01 \/ 14<\/td>\n<td valign=\"top\">1,56 \/ 19<\/td>\n<td valign=\"top\">1,83 \/ 20<\/td>\n<td valign=\"top\">1,56\u00a0\/ 24<\/td>\n<\/tr>\n<tr>\n<td valign=\"top\">4\u00aa.<\/td>\n<td valign=\"top\">2,45 \/ 17<\/td>\n<td valign=\"top\">1,14 \/ 27<\/td>\n<td valign=\"top\">1,39 \/ 26<\/td>\n<td valign=\"top\">1,16\u00a0\/ 32<\/td>\n<\/tr>\n<tr>\n<td valign=\"top\">5\u00aa.<\/td>\n<td valign=\"top\">1,92 \/ 22<\/td>\n<td valign=\"top\">0,85 \/ 36<\/td>\n<td valign=\"top\">1,00 \/ 36<\/td>\n<td valign=\"top\">0,85\u00a0\/ 43<\/td>\n<\/tr>\n<tr>\n<td valign=\"top\">6\u00aa.<\/td>\n<td valign=\"top\">1,45 \/ 29<\/td>\n<td valign=\"top\">0,67 \/ 45<\/td>\n<td valign=\"top\">0,77 \/ 47<\/td>\n<td valign=\"top\">0,67\u00a0\/ 55<\/td>\n<\/tr>\n<tr>\n<td valign=\"top\">7\u00aa.<\/td>\n<td valign=\"top\">1,00 \/ 43<\/td>\n<td valign=\"top\">NA<\/td>\n<td valign=\"top\">NA<\/td>\n<td valign=\"top\">NA<\/td>\n<\/tr>\n<tr>\n<td valign=\"top\">8\u00aa.<\/td>\n<td valign=\"top\">0,75 \/ 57<\/td>\n<td valign=\"top\">NA<\/td>\n<td valign=\"top\">NA<\/td>\n<td valign=\"top\">NA<\/td>\n<\/tr>\n<tr>\n<td valign=\"top\">9\u00aa.<\/td>\n<td valign=\"top\">0,62 \/ 69<\/td>\n<td valign=\"top\">NA<\/td>\n<td valign=\"top\">NA<\/td>\n<td valign=\"top\">NA<\/td>\n<\/tr>\n<tr>\n<td valign=\"top\">Rela\u00e7\u00e3o de diferencial<\/td>\n<td valign=\"top\">3,17<\/td>\n<td valign=\"top\">4,32<\/td>\n<td valign=\"top\">3,65<\/td>\n<td valign=\"top\">3,68<\/td>\n<\/tr>\n<tr>\n<td valign=\"top\">Regime a 120 km\/h<\/td>\n<td valign=\"top\">1.750 rpm (9\u00aa.)<\/td>\n<td valign=\"top\">2.650 rpm (6\u00aa.)<\/td>\n<td valign=\"top\">2.550 rpm (6\u00aa.)<\/td>\n<td valign=\"top\">2.200 rpm (6\u00aa.)<\/td>\n<\/tr>\n<tr>\n<td valign=\"top\">Regime \u00e0 vel. m\u00e1xima informada (gas.\/\u00e1lc.)<\/td>\n<td valign=\"top\">4.900 rpm (7\u00aa.)<\/td>\n<td valign=\"top\">5.300\/5.400 rpm (5\u00aa.)<\/td>\n<td valign=\"top\">ND\/5.000 rpm (5\u00aa.)<\/td>\n<td valign=\"top\">4.750 rpm (5\u00aa.)<\/td>\n<\/tr>\n<tr>\n<td valign=\"top\">Tra\u00e7\u00e3o<\/td>\n<td valign=\"top\">integral sob demanda<\/td>\n<td valign=\"top\">dianteira<\/td>\n<td valign=\"top\">dianteira<\/td>\n<td valign=\"top\">dianteira<\/td>\n<\/tr>\n<tr>\n<td valign=\"top\"><strong>Freios<\/strong><\/td>\n<td valign=\"top\"><strong>Equinox<\/strong><\/td>\n<td valign=\"top\"><strong>Compass<\/strong><\/td>\n<td valign=\"top\"><strong>Sportage<\/strong><\/td>\n<td valign=\"top\"><strong>3008<\/strong><\/td>\n<\/tr>\n<tr>\n<td valign=\"top\">Dianteiros<\/td>\n<td valign=\"top\">a disco ventilado<\/td>\n<td valign=\"top\">a disco ventilado<\/td>\n<td valign=\"top\">a disco ventilado<\/td>\n<td valign=\"top\">a disco ventilado<\/td>\n<\/tr>\n<tr>\n<td valign=\"top\">Traseiros<\/td>\n<td valign=\"top\">a disco<\/td>\n<td valign=\"top\">a disco<\/td>\n<td valign=\"top\">a disco<\/td>\n<td valign=\"top\">a disco<\/td>\n<\/tr>\n<tr>\n<td valign=\"top\">Antitravamento (ABS)<\/td>\n<td valign=\"top\">sim<\/td>\n<td valign=\"top\">sim<\/td>\n<td valign=\"top\">sim<\/td>\n<td valign=\"top\">sim<\/td>\n<\/tr>\n<tr>\n<td valign=\"top\"><strong>Dire\u00e7\u00e3o<\/strong><\/td>\n<td valign=\"top\"><strong>Equinox<\/strong><\/td>\n<td valign=\"top\"><strong>Compass<\/strong><\/td>\n<td valign=\"top\"><strong>Sportage<\/strong><\/td>\n<td valign=\"top\"><strong>3008<\/strong><\/td>\n<\/tr>\n<tr>\n<td valign=\"top\">Sistema<\/td>\n<td valign=\"top\">pinh\u00e3o e cremalheira<\/td>\n<td valign=\"top\">pinh\u00e3o e cremalheira<\/td>\n<td valign=\"top\">pinh\u00e3o e cremalheira<\/td>\n<td valign=\"top\">pinh\u00e3o e cremalheira<\/td>\n<\/tr>\n<tr>\n<td valign=\"top\">Assist\u00eancia<\/td>\n<td valign=\"top\">el\u00e9trica<\/td>\n<td valign=\"top\">el\u00e9trica<\/td>\n<td valign=\"top\">el\u00e9trica<\/td>\n<td valign=\"top\">el\u00e9trica<\/td>\n<\/tr>\n<tr>\n<td valign=\"top\">Di\u00e2metro de giro<\/td>\n<td valign=\"top\">11,4 m<\/td>\n<td valign=\"top\">11,3 m<\/td>\n<td valign=\"top\">10,6 m<\/td>\n<td valign=\"top\">10,7 m<\/td>\n<\/tr>\n<tr>\n<td valign=\"top\"><strong>Suspens\u00e3o<\/strong><\/td>\n<td valign=\"top\"><strong>Equinox<\/strong><\/td>\n<td valign=\"top\"><strong>Compass<\/strong><\/td>\n<td valign=\"top\"><strong>Sportage<\/strong><\/td>\n<td valign=\"top\"><strong>3008<\/strong><\/td>\n<\/tr>\n<tr>\n<td valign=\"top\">Dianteira<\/td>\n<td valign=\"top\">indep. McPherson<\/td>\n<td valign=\"top\">indep. McPherson<\/td>\n<td valign=\"top\">indep.\u00a0 McPherson<\/td>\n<td valign=\"top\">indep.\u00a0 McPherson<\/td>\n<\/tr>\n<tr>\n<td valign=\"top\">Traseira<\/td>\n<td valign=\"top\">indep. multibra\u00e7o<\/td>\n<td valign=\"top\">indep. McPherson<\/td>\n<td valign=\"top\">indep. multibra\u00e7o<\/td>\n<td valign=\"top\">eixo de tor\u00e7\u00e3o<\/td>\n<\/tr>\n<tr>\n<td valign=\"top\">Elemento el\u00e1stico<\/td>\n<td valign=\"top\">mola helicoidal<\/td>\n<td valign=\"top\">mola helicoidal<\/td>\n<td valign=\"top\">mola helicoidal<\/td>\n<td valign=\"top\">mola helicoidal<\/td>\n<\/tr>\n<tr>\n<td valign=\"top\">Estabilizador(es)<\/td>\n<td valign=\"top\">dianteiro<\/td>\n<td valign=\"top\">dianteiro e traseiro<\/td>\n<td valign=\"top\">dianteiro e traseiro<\/td>\n<td valign=\"top\">dianteiro<\/td>\n<\/tr>\n<tr>\n<td valign=\"top\"><strong>Rodas<\/strong><\/td>\n<td valign=\"top\"><strong>Equinox<\/strong><\/td>\n<td valign=\"top\"><strong>Compass<\/strong><\/td>\n<td valign=\"top\"><strong>Sportage<\/strong><\/td>\n<td valign=\"top\"><strong>3008<\/strong><\/td>\n<\/tr>\n<tr>\n<td valign=\"top\">Dimens\u00f5es<\/td>\n<td valign=\"top\">7,5 x 19 pol<\/td>\n<td valign=\"top\">19 pol<\/td>\n<td valign=\"top\">7,5 x 19 pol<\/td>\n<td valign=\"top\">7,5 x 19 pol<\/td>\n<\/tr>\n<tr>\n<td valign=\"top\">Pneus<\/td>\n<td valign=\"top\">235\/50 R 19<\/td>\n<td valign=\"top\">235\/45 R 19 H<\/td>\n<td valign=\"top\">245\/45 R 19 H<\/td>\n<td valign=\"top\">235\/50 R 19 V<\/td>\n<\/tr>\n<tr>\n<td valign=\"top\"><strong>Dimens\u00f5es<\/strong><\/td>\n<td valign=\"top\"><strong>Equinox<\/strong><\/td>\n<td valign=\"top\"><strong>Compass<\/strong><\/td>\n<td valign=\"top\"><strong>Sportage<\/strong><\/td>\n<td valign=\"top\"><strong>3008<\/strong><\/td>\n<\/tr>\n<tr>\n<td valign=\"top\">Comprimento<\/td>\n<td valign=\"top\">4,652 m<\/td>\n<td valign=\"top\">4,416 m<\/td>\n<td valign=\"top\">4,48 m<\/td>\n<td valign=\"top\">4,447 m<\/td>\n<\/tr>\n<tr>\n<td valign=\"top\">Largura<\/td>\n<td valign=\"top\">1,843 m<\/td>\n<td valign=\"top\">1,819 m<\/td>\n<td valign=\"top\">1,855 m<\/td>\n<td valign=\"top\">1,841 m<\/td>\n<\/tr>\n<tr>\n<td valign=\"top\">Altura<\/td>\n<td valign=\"top\">1,695 m<\/td>\n<td valign=\"top\">1,638 m<\/td>\n<td valign=\"top\">1,665 m<\/td>\n<td valign=\"top\">1,625 m<\/td>\n<\/tr>\n<tr>\n<td valign=\"top\">Entre-eixos<\/td>\n<td valign=\"top\">2,725 m<\/td>\n<td valign=\"top\">2,636 m<\/td>\n<td valign=\"top\">2,67 m<\/td>\n<td valign=\"top\">2,675 m<\/td>\n<\/tr>\n<tr>\n<td valign=\"top\">Bitola dianteira<\/td>\n<td valign=\"top\">1,58 m<\/td>\n<td valign=\"top\">1,553 m<\/td>\n<td valign=\"top\">1,612 m<\/td>\n<td valign=\"top\">1,593 m<\/td>\n<\/tr>\n<tr>\n<td valign=\"top\">Bitola traseira<\/td>\n<td valign=\"top\">1,58 m<\/td>\n<td valign=\"top\">1,551 m<\/td>\n<td valign=\"top\">1,625 m<\/td>\n<td valign=\"top\">1,601 m<\/td>\n<\/tr>\n<tr>\n<td valign=\"top\">Coef. aerodin\u00e2mico (Cx)<\/td>\n<td valign=\"top\">0,336<\/td>\n<td valign=\"top\">0,35<\/td>\n<td valign=\"top\">0,35<\/td>\n<td valign=\"top\">ND<\/td>\n<\/tr>\n<tr>\n<td valign=\"top\"><strong>Capacidades e peso<\/strong><\/td>\n<td valign=\"top\"><strong>Equinox<\/strong><\/td>\n<td valign=\"top\"><strong>Compass<\/strong><\/td>\n<td valign=\"top\"><strong>Sportage<\/strong><\/td>\n<td valign=\"top\"><strong>3008<\/strong><\/td>\n<\/tr>\n<tr>\n<td valign=\"top\">Tanque de combust\u00edvel<\/td>\n<td valign=\"top\">59 l<\/td>\n<td valign=\"top\">60 l<\/td>\n<td valign=\"top\">62 l<\/td>\n<td valign=\"top\">53 l<\/td>\n<\/tr>\n<tr>\n<td valign=\"top\">Compart. bagagem<\/td>\n<td valign=\"top\">468 l<\/td>\n<td valign=\"top\">410 l<\/td>\n<td valign=\"top\">868 l*<\/td>\n<td valign=\"top\">520 l<\/td>\n<\/tr>\n<tr>\n<td valign=\"top\">Peso em ordem de marcha<\/td>\n<td valign=\"top\">1.693 kg<\/td>\n<td valign=\"top\">1.546 kg<\/td>\n<td valign=\"top\">1.710 kg<\/td>\n<td valign=\"top\">1.375 kg**<\/td>\n<\/tr>\n<tr>\n<td valign=\"top\">Rela\u00e7\u00e3o peso-pot\u00eancia<\/td>\n<td valign=\"top\">6,5 kg\/cv (gas.)<\/td>\n<td valign=\"top\">9,7 kg\/cv (gas.)\/ 9,3 kg\/cv (\u00e1lc.)<\/td>\n<td valign=\"top\">11,0 kg\/cv (gas.)\/ 10,2 kg\/cv (\u00e1lc.)<\/td>\n<td valign=\"top\">8,3 kg\/cv (gas.)<\/td>\n<\/tr>\n<tr>\n<td valign=\"top\"><strong>Garantia<\/strong><\/td>\n<td valign=\"top\"><strong>Equinox<\/strong><\/td>\n<td valign=\"top\"><strong>Compass<\/strong><\/td>\n<td valign=\"top\"><strong>Sportage<\/strong><\/td>\n<td valign=\"top\"><strong>3008<\/strong><\/td>\n<\/tr>\n<tr>\n<td valign=\"top\">Prazo<\/td>\n<td valign=\"top\">3 anos sem limite de km<\/td>\n<td valign=\"top\">3 anos sem limite de km<\/td>\n<td valign=\"top\">5 anos ou 100.000 km<\/td>\n<td valign=\"top\">3 anos sem limite de km<\/td>\n<\/tr>\n<tr>\n<td valign=\"top\"><strong>Carros avaliados<\/strong><\/td>\n<td valign=\"top\"><strong>Equinox<\/strong><\/td>\n<td valign=\"top\"><strong>Compass<\/strong><\/td>\n<td valign=\"top\"><strong>Sportage<\/strong><\/td>\n<td valign=\"top\"><strong>3008<\/strong><\/td>\n<\/tr>\n<tr>\n<td valign=\"top\">Ano-modelo<\/td>\n<td valign=\"top\">2018<\/td>\n<td valign=\"top\">2018<\/td>\n<td valign=\"top\">2017<\/td>\n<td valign=\"top\">2017<\/td>\n<\/tr>\n<tr>\n<td valign=\"top\">Pneus<\/td>\n<td valign=\"top\">Hankook Ventus S1 Noble<\/td>\n<td valign=\"top\">Pirelli Scorpion Verde<\/td>\n<td valign=\"top\">Hankook Kinergy GT<\/td>\n<td valign=\"top\">Conti Sport Contact 5<\/td>\n<\/tr>\n<tr>\n<td valign=\"top\">Quilometragem inicial<\/td>\n<td valign=\"top\">4.000 km<\/td>\n<td valign=\"top\">2.000 km<\/td>\n<td valign=\"top\">8.000 km<\/td>\n<td valign=\"top\">4.000 km<\/td>\n<\/tr>\n<tr>\n<td colspan=\"5\" valign=\"top\">Dados do fabricante; NA = n\u00e3o aplic\u00e1vel; ND = n\u00e3o dispon\u00edvel; *at\u00e9 o teto; *dado oficial no Brasil de\u00a01.567 kg<\/td>\n<\/tr>\n<\/tbody>\n<\/table><\/div><\/div>\n<a href='https:\/\/autolivraria.com.br\/bc\/informe-se\/avaliacao\/teste-comparativo-suv-chevrolet-equinox-jeep-compass-kia-sportage-peugeot-300-2018\/' class='small-button smallsilver'>Volta ao comparativo<\/a>\n<p>&nbsp;<\/p>\n","protected":false},"excerpt":{"rendered":"<p>&nbsp; &nbsp; &nbsp;<\/p>\n","protected":false},"author":6,"featured_media":0,"parent":0,"menu_order":0,"comment_status":"closed","ping_status":"closed","template":"","meta":{"_joinchat":[],"footnotes":""},"class_list":["post-92354","page","type-page","status-publish","hentry"],"amp_enabled":true,"_links":{"self":[{"href":"https:\/\/autolivraria.com.br\/bc\/wp-json\/wp\/v2\/pages\/92354","targetHints":{"allow":["GET"]}}],"collection":[{"href":"https:\/\/autolivraria.com.br\/bc\/wp-json\/wp\/v2\/pages"}],"about":[{"href":"https:\/\/autolivraria.com.br\/bc\/wp-json\/wp\/v2\/types\/page"}],"author":[{"embeddable":true,"href":"https:\/\/autolivraria.com.br\/bc\/wp-json\/wp\/v2\/users\/6"}],"replies":[{"embeddable":true,"href":"https:\/\/autolivraria.com.br\/bc\/wp-json\/wp\/v2\/comments?post=92354"}],"version-history":[{"count":0,"href":"https:\/\/autolivraria.com.br\/bc\/wp-json\/wp\/v2\/pages\/92354\/revisions"}],"wp:attachment":[{"href":"https:\/\/autolivraria.com.br\/bc\/wp-json\/wp\/v2\/media?parent=92354"}],"curies":[{"name":"wp","href":"https:\/\/api.w.org\/{rel}","templated":true}]}}